{"id":242411,"date":"2023-09-24T14:40:14","date_gmt":"2023-09-24T14:40:14","guid":{"rendered":"https:\/\/shop.devepu.apollo.wpspace.me\/?page_id=242411"},"modified":"2023-09-24T14:54:42","modified_gmt":"2023-09-24T14:54:42","slug":"lymph-modelling","status":"publish","type":"page","link":"https:\/\/shapeline.at\/en\/programme\/bodyforming\/lymph-modelling\/","title":{"rendered":"Lymph modelling"},"content":{"rendered":"<div data-elementor-type=\"wp-page\" data-elementor-id=\"242411\" class=\"elementor elementor-242411\" data-elementor-post-type=\"page\">\n\t\t\t\t<div class=\"wd-negative-gap elementor-element elementor-element-0f9b587 e-flex e-con-boxed e-con e-parent\" data-id=\"0f9b587\" data-element_type=\"container\" data-e-type=\"container\">\n\t\t\t\t\t<div class=\"e-con-inner\">\n\t\t\t\t<div class=\"elementor-element elementor-element-6ebdbec wd-width-100 elementor-widget elementor-widget-wd_title\" data-id=\"6ebdbec\" data-element_type=\"widget\" data-e-type=\"widget\" data-widget_type=\"wd_title.default\">\n\t\t\t\t<div class=\"elementor-widget-container\">\n\t\t\t\t\t\t\t<div class=\"title-wrapper wd-set-mb reset-last-child wd-title-color-default wd-title-style-default wd-title-size-default text-center\">\n\n\t\t\t\t\t\t\t\t\t\t\t<div class=\"title-subtitle subtitle-color-default subtitle-style-default wd-fontsize-xs\">\n\t\t\t\t\tAgainst lymph congestion - for slim and light legs\t\t\t\t<\/div>\n\t\t\t\n\t\t\t<div class=\"liner-continer\">\n\t\t\t\t<h4 class=\"woodmart-title-container title wd-fontsize-l\">LYMPH-MODELAGE<\/h4> \n\t\t\t\t\t\t\t<\/div>\n\n\t\t\t\t\t<\/div>\n\t\t\t\t\t\t<\/div>\n\t\t\t\t<\/div>\n\t\t\t\t<div class=\"elementor-element elementor-element-e9bb632 elementor-widget elementor-widget-wd_image_or_svg\" data-id=\"e9bb632\" data-element_type=\"widget\" data-e-type=\"widget\" data-widget_type=\"wd_image_or_svg.default\">\n\t\t\t\t<div class=\"elementor-widget-container\">\n\t\t\t\t\t\n\t\t<div class=\"wd-image text-left\">\n\t\t\t\t\t\t\t\t<img loading=\"lazy\" decoding=\"async\" width=\"2152\" height=\"1061\" src=\"https:\/\/shapeline.at\/wp-content\/uploads\/2023\/09\/Lymph-Modelage.png\" class=\"attachment-full size-full\" alt=\"Lymph modelling\" srcset=\"https:\/\/shapeline.at\/wp-content\/uploads\/2023\/09\/Lymph-Modelage.png 2152w, https:\/\/shapeline.at\/wp-content\/uploads\/2023\/09\/Lymph-Modelage-400x197.png 400w, https:\/\/shapeline.at\/wp-content\/uploads\/2023\/09\/Lymph-Modelage-1300x641.png 1300w, https:\/\/shapeline.at\/wp-content\/uploads\/2023\/09\/Lymph-Modelage-768x379.png 768w, https:\/\/shapeline.at\/wp-content\/uploads\/2023\/09\/Lymph-Modelage-1536x757.png 1536w, https:\/\/shapeline.at\/wp-content\/uploads\/2023\/09\/Lymph-Modelage-2048x1010.png 2048w, https:\/\/shapeline.at\/wp-content\/uploads\/2023\/09\/Lymph-Modelage-860x424.png 860w, https:\/\/shapeline.at\/wp-content\/uploads\/2023\/09\/Lymph-Modelage-430x212.png 430w, https:\/\/shapeline.at\/wp-content\/uploads\/2023\/09\/Lymph-Modelage-700x345.png 700w, https:\/\/shapeline.at\/wp-content\/uploads\/2023\/09\/Lymph-Modelage-150x74.png 150w\" sizes=\"auto, (max-width: 2152px) 100vw, 2152px\" \/>\t\t\t\t\t<\/div>\n\n\t\t\t\t\t\t<\/div>\n\t\t\t\t<\/div>\n\t\t<div class=\"wd-negative-gap elementor-element elementor-element-6165178 e-flex e-con-boxed e-con e-child\" data-id=\"6165178\" data-element_type=\"container\" data-e-type=\"container\">\n\t\t\t\t\t<div class=\"e-con-inner\">\n\t\t<div class=\"wd-negative-gap elementor-element elementor-element-078b385 e-flex e-con-boxed e-con e-child\" data-id=\"078b385\" data-element_type=\"container\" data-e-type=\"container\">\n\t\t\t\t\t<div class=\"e-con-inner\">\n\t\t\t\t<div class=\"elementor-element elementor-element-7f31c92 wd-width-100 elementor-widget elementor-widget-wd_title\" data-id=\"7f31c92\" data-element_type=\"widget\" data-e-type=\"widget\" data-widget_type=\"wd_title.default\">\n\t\t\t\t<div class=\"elementor-widget-container\">\n\t\t\t\t\t\t\t<div class=\"title-wrapper wd-set-mb reset-last-child wd-title-color-default wd-title-style-default wd-title-size-default text-center\">\n\n\t\t\t\n\t\t\t<div class=\"liner-continer\">\n\t\t\t\t<h4 class=\"woodmart-title-container title wd-fontsize-l\">How does lymph modelling work?<\/h4> \n\t\t\t\t\t\t\t<\/div>\n\n\t\t\t\t\t<\/div>\n\t\t\t\t\t\t<\/div>\n\t\t\t\t<\/div>\n\t\t\t\t<div class=\"elementor-element elementor-element-29f5189 elementor-widget elementor-widget-wd_text_block\" data-id=\"29f5189\" data-element_type=\"widget\" data-e-type=\"widget\" data-widget_type=\"wd_text_block.default\">\n\t\t\t\t<div class=\"elementor-widget-container\">\n\t\t\t\t\t\t\t<div class=\"wd-text-block reset-last-child text-left\">\n\t\t\t\n\t\t\t<p style=\"text-align: center;\">Lymph does not flow by itself.<br \/>Instead, they must be driven by the muscle pump.<br \/>However, if the connective tissue is slack, a large part of the pressure is lost<br \/>The muscle pump is not working properly and too little lymph flows to remove body waste products.<\/p><p style=\"text-align: center;\">The Shape-Line figure experts have found the perfect solution with pneumatic lymphatic modelling:<br \/>These compressions with pressure and sliding shafts<br \/>ensure slim legs.<\/p>\n\t\t\t\t\t<\/div>\n\t\t\t\t\t\t<\/div>\n\t\t\t\t<\/div>\n\t\t\t\t<div class=\"elementor-element elementor-element-ffd1026 elementor-align-center elementor-icon-list--layout-traditional elementor-list-item-link-full_width elementor-widget elementor-widget-icon-list\" data-id=\"ffd1026\" data-element_type=\"widget\" data-e-type=\"widget\" data-widget_type=\"icon-list.default\">\n\t\t\t\t<div class=\"elementor-widget-container\">\n\t\t\t\t\t\t\t<ul class=\"elementor-icon-list-items\">\n\t\t\t\t\t\t\t<li class=\"elementor-icon-list-item\">\n\t\t\t\t\t\t\t\t\t\t\t<span class=\"elementor-icon-list-icon\">\n\t\t\t\t\t\t\t<i aria-hidden=\"true\" class=\"fas fa-check\"><\/i>\t\t\t\t\t\t<\/span>\n\t\t\t\t\t\t\t\t\t\t<span class=\"elementor-icon-list-text\">Swelling dissolves<\/span>\n\t\t\t\t\t\t\t\t\t<\/li>\n\t\t\t\t\t\t\t\t<li class=\"elementor-icon-list-item\">\n\t\t\t\t\t\t\t\t\t\t\t<span class=\"elementor-icon-list-icon\">\n\t\t\t\t\t\t\t<i aria-hidden=\"true\" class=\"fas fa-check\"><\/i>\t\t\t\t\t\t<\/span>\n\t\t\t\t\t\t\t\t\t\t<span class=\"elementor-icon-list-text\">Leg circumference decreases<\/span>\n\t\t\t\t\t\t\t\t\t<\/li>\n\t\t\t\t\t\t\t\t<li class=\"elementor-icon-list-item\">\n\t\t\t\t\t\t\t\t\t\t\t<span class=\"elementor-icon-list-icon\">\n\t\t\t\t\t\t\t<i aria-hidden=\"true\" class=\"fas fa-check\"><\/i>\t\t\t\t\t\t<\/span>\n\t\t\t\t\t\t\t\t\t\t<span class=\"elementor-icon-list-text\">Cellulite on legs is reduced<\/span>\n\t\t\t\t\t\t\t\t\t<\/li>\n\t\t\t\t\t\t<\/ul>\n\t\t\t\t\t\t<\/div>\n\t\t\t\t<\/div>\n\t\t\t\t\t<\/div>\n\t\t\t\t<\/div>\n\t\t<div class=\"wd-negative-gap elementor-element elementor-element-5088c5d e-flex e-con-boxed e-con e-child\" data-id=\"5088c5d\" data-element_type=\"container\" data-e-type=\"container\">\n\t\t\t\t\t<div class=\"e-con-inner\">\n\t\t\t\t<div class=\"elementor-element elementor-element-d843dcb wd-width-100 elementor-widget elementor-widget-wd_title\" data-id=\"d843dcb\" data-element_type=\"widget\" data-e-type=\"widget\" data-widget_type=\"wd_title.default\">\n\t\t\t\t<div class=\"elementor-widget-container\">\n\t\t\t\t\t\t\t<div class=\"title-wrapper wd-set-mb reset-last-child wd-title-color-default wd-title-style-default wd-title-size-default text-center\">\n\n\t\t\t\n\t\t\t<div class=\"liner-continer\">\n\t\t\t\t<h4 class=\"woodmart-title-container title wd-fontsize-l\">What can you do about it?<\/h4> \n\t\t\t\t\t\t\t<\/div>\n\n\t\t\t\t\t<\/div>\n\t\t\t\t\t\t<\/div>\n\t\t\t\t<\/div>\n\t\t\t\t<div class=\"elementor-element elementor-element-58e82da elementor-widget elementor-widget-wd_text_block\" data-id=\"58e82da\" data-element_type=\"widget\" data-e-type=\"widget\" data-widget_type=\"wd_text_block.default\">\n\t\t\t\t<div class=\"elementor-widget-container\">\n\t\t\t\t\t\t\t<div class=\"wd-text-block reset-last-child text-left\">\n\t\t\t\n\t\t\t<p style=\"text-align: center;\">Intermittent compression for leg modelling<br \/>addresses precisely this problem.<br \/>During the treatment period of 40 minutes<br \/>approx. 3 tablespoons of lymph are activated and then<br \/>excreted via the bladder and kidneys.<br \/>Even after the first treatment, swelling in the ankles and knees is noticeably reduced and the circumference of the legs is minimised.<br \/>is visibly reduced.<\/p><p style=\"text-align: center;\">To support the effect of lymph modelling<br \/>it is recommended that the legs, ankles and feet<br \/>daily with <a href=\"https:\/\/shapeline.at\/en\/product\/wildflower-aroma-oil\/\">Wildflower oil with herbal extracts<\/a> to spoil you.<\/p>\n\t\t\t\t\t<\/div>\n\t\t\t\t\t\t<\/div>\n\t\t\t\t<\/div>\n\t\t\t\t\t<\/div>\n\t\t\t\t<\/div>\n\t\t\t\t\t<\/div>\n\t\t\t\t<\/div>\n\t\t\t\t<div class=\"elementor-element elementor-element-27df452 elementor-widget-divider--view-line elementor-widget elementor-widget-divider\" data-id=\"27df452\" data-element_type=\"widget\" data-e-type=\"widget\" data-widget_type=\"divider.default\">\n\t\t\t\t<div class=\"elementor-widget-container\">\n\t\t\t\t\t\t\t<div class=\"elementor-divider\">\n\t\t\t<span class=\"elementor-divider-separator\">\n\t\t\t\t\t\t<\/span>\n\t\t<\/div>\n\t\t\t\t\t\t<\/div>\n\t\t\t\t<\/div>\n\t\t\t\t\t<\/div>\n\t\t\t\t<\/div>\n\t\t<div class=\"elementor-element elementor-element-b3d4692 e-con-full e-flex e-con e-parent\" data-id=\"b3d4692\" data-element_type=\"container\" data-e-type=\"container\">\n\t\t<div class=\"wd-negative-gap elementor-element elementor-element-03335de e-flex e-con-boxed e-con e-child\" data-id=\"03335de\" data-element_type=\"container\" data-e-type=\"container\">\n\t\t\t\t\t<div class=\"e-con-inner\">\n\t\t<div class=\"wd-negative-gap elementor-element elementor-element-ae18c8d e-flex e-con-boxed e-con e-child\" data-id=\"ae18c8d\" data-element_type=\"container\" data-e-type=\"container\">\n\t\t\t\t\t<div class=\"e-con-inner\">\n\t\t\t\t<div class=\"elementor-element elementor-element-c4fd216 wd-width-100 elementor-widget elementor-widget-wd_title\" data-id=\"c4fd216\" data-element_type=\"widget\" data-e-type=\"widget\" data-widget_type=\"wd_title.default\">\n\t\t\t\t<div class=\"elementor-widget-container\">\n\t\t\t\t\t\t\t<div class=\"title-wrapper wd-set-mb reset-last-child wd-title-color-default wd-title-style-default wd-title-size-default text-center\">\n\n\t\t\t\n\t\t\t<div class=\"liner-continer\">\n\t\t\t\t<h4 class=\"woodmart-title-container title wd-fontsize-l\">Expert tip from our figure experts<\/h4> \n\t\t\t\t\t\t\t<\/div>\n\n\t\t\t\t\t<\/div>\n\t\t\t\t\t\t<\/div>\n\t\t\t\t<\/div>\n\t\t\t\t<div class=\"elementor-element elementor-element-a34a21f elementor-widget elementor-widget-wd_text_block\" data-id=\"a34a21f\" data-element_type=\"widget\" data-e-type=\"widget\" data-widget_type=\"wd_text_block.default\">\n\t\t\t\t<div class=\"elementor-widget-container\">\n\t\t\t\t\t\t\t<div class=\"wd-text-block reset-last-child text-left\">\n\t\t\t\n\t\t\t<p style=\"text-align: center;\">If you have vein problems and varicose veins or severe water retention, you can achieve increased and accelerated improvements if you <a href=\"https:\/\/shapeline.at\/en\/programme\/bodyforming\/ice-crystal-wrap\/\">Ice crystal wrap<\/a> with lymphatic drainage - i.e. place the client with the bandages in the leg cuffs.<\/p>\n\t\t\t\t\t<\/div>\n\t\t\t\t\t\t<\/div>\n\t\t\t\t<\/div>\n\t\t\t\t\t<\/div>\n\t\t\t\t<\/div>\n\t\t\t\t\t<\/div>\n\t\t\t\t<\/div>\n\t\t\t\t<\/div>\n\t\t<div class=\"wd-negative-gap elementor-element elementor-element-4eb0306 e-flex e-con-boxed e-con e-parent\" data-id=\"4eb0306\" data-element_type=\"container\" data-e-type=\"container\">\n\t\t\t\t\t<div class=\"e-con-inner\">\n\t\t\t\t<div class=\"elementor-element elementor-element-f78c982 elementor-widget elementor-widget-wd_marquee\" data-id=\"f78c982\" data-element_type=\"widget\" data-e-type=\"widget\" data-widget_type=\"wd_marquee.default\">\n\t\t\t\t<div class=\"elementor-widget-container\">\n\t\t\t\t\t\t\t<div class=\"wd-marquee\">\n\t\t\t<div class=\"wd-marquee-content\">\n\t\t\t\t\t\t\t<span class=\"wd-marquee-item\">\n\t\t\t\t<i class=\"wd-icon far fa-grin-hearts\"><\/i>\n\t\t\t\t\t\t\t\t\tTest now!\t\t\t\t\n\t\t\t\t\t\t\t<\/span>\n\t\t\t\t\t\t<\/div>\n\t\t\t<div class=\"wd-marquee-content\">\n\t\t\t\t\t\t\t<span class=\"wd-marquee-item\">\n\t\t\t\t<i class=\"wd-icon far fa-grin-hearts\"><\/i>\n\t\t\t\t\t\t\t\t\tTest now!\t\t\t\t\n\t\t\t\t\t\t\t<\/span>\n\t\t\t\t\t\t<\/div>\n\t\t<\/div>\n\t\t\t\t\t\t<\/div>\n\t\t\t\t<\/div>\n\t\t\t\t<div class=\"elementor-element elementor-element-42806e2 elementor-widget elementor-widget-wd_text_block\" data-id=\"42806e2\" data-element_type=\"widget\" data-e-type=\"widget\" data-widget_type=\"wd_text_block.default\">\n\t\t\t\t<div class=\"elementor-widget-container\">\n\t\t\t\t\t\t\t<div class=\"wd-text-block reset-last-child text-left\">\n\t\t\t\n\t\t\t<p style=\"text-align: center;\">Arrange a test appointment right now in one of our <a id=\"studio-ihrer-wahl-bodyshapen-inline\" href=\"https:\/\/shapeline.at\/en\/studios\/\">Studio of your choice<\/a><br \/>You will receive a free figure type analysis!<br \/>We will advise you individually and are happy to create a tailor-made body shaping programme on request.<\/p>\n\t\t\t\t\t<\/div>\n\t\t\t\t\t\t<\/div>\n\t\t\t\t<\/div>\n\t\t\t\t\t<\/div>\n\t\t\t\t<\/div>\n\t\t<div class=\"wd-negative-gap elementor-element elementor-element-80c08e9 e-flex e-con-boxed e-con e-parent\" data-id=\"80c08e9\" data-element_type=\"container\" data-e-type=\"container\">\n\t\t\t\t\t<div class=\"e-con-inner\">\n\t\t\t\t<div class=\"elementor-element elementor-element-4815f6a elementor-widget elementor-widget-wd_social_buttons\" data-id=\"4815f6a\" data-element_type=\"widget\" data-e-type=\"widget\" data-widget_type=\"wd_social_buttons.default\">\n\t\t\t\t<div class=\"elementor-widget-container\">\n\t\t\t\t\t\t\t\t<div\n\t\t\t\t\t\tclass=\"wd-social-icons wd-style-colored wd-size-default social-share wd-shape-circle color-scheme-dark text-center\">\n\t\t\t\t\n\t\t\t\t\n\t\t\t\t\t\t\t\t\t<a rel=\"noopener noreferrer nofollow\" href=\"https:\/\/www.facebook.com\/sharer\/sharer.php?u=https:\/\/shapeline.at\/en\/programme\/bodyforming\/lymph-modelling\/\" target=\"_blank\" class=\"wd-social-icon social-facebook\" aria-label=\"Facebook social link\">\n\t\t\t\t\t\t<span class=\"wd-icon\"><\/span>\n\t\t\t\t\t\t\t\t\t\t\t<\/a>\n\t\t\t\t\n\t\t\t\t\n\t\t\t\t\n\t\t\t\t\t\t\t\t\t<a rel=\"noopener noreferrer nofollow\" href=\"mailto:?subject=Check%20this%20https:\/\/shapeline.at\/en\/programme\/bodyforming\/lymph-modelling\/\" target=\"_blank\" class=\"wd-social-icon social-email\" aria-label=\"Email social link\">\n\t\t\t\t\t\t<span class=\"wd-icon\"><\/span>\n\t\t\t\t\t\t\t\t\t\t\t<\/a>\n\t\t\t\t\n\t\t\t\t\n\t\t\t\t\n\t\t\t\t\n\t\t\t\t\n\t\t\t\t\n\t\t\t\t\n\t\t\t\t\n\t\t\t\t\n\t\t\t\t\n\t\t\t\t\n\t\t\t\t\n\t\t\t\t\n\t\t\t\t\n\t\t\t\t\n\t\t\t\t\t\t\t\t\t<a rel=\"noopener noreferrer nofollow\" href=\"https:\/\/api.whatsapp.com\/send?text=https%3A%2F%2Fshapeline.at%2Fen%2Fprogramme%2Fbodyforming%2Flymph-modelling%2F\" target=\"_blank\" class=\"wd-hide-md wd-social-icon social-whatsapp\" aria-label=\"WhatsApp social link\">\n\t\t\t\t\t\t<span class=\"wd-icon\"><\/span>\n\t\t\t\t\t\t\t\t\t\t\t<\/a>\n\n\t\t\t\t\t<a rel=\"noopener noreferrer nofollow\" href=\"whatsapp:\/\/send?text=http:\/\/https%3A%2F%2Fshapeline.at%2Fen%2Fprogramme%2Fbodyforming%2Flymph-modelling%2F\" target=\"_blank\" class=\"wd-hide-lg wd-social-icon social-whatsapp\" aria-label=\"WhatsApp social link\">\n\t\t\t\t\t\t<span class=\"wd-icon\"><\/span>\n\t\t\t\t\t\t\t\t\t\t\t<\/a>\n\t\t\t\t\n\t\t\t\t\n\t\t\t\t\n\t\t\t\t\n\t\t\t\t\n\t\t\t\t\n\t\t\t\t\t\t\t\t\t<a rel=\"noopener noreferrer nofollow\" href=\"https:\/\/telegram.me\/share\/url?url=https:\/\/shapeline.at\/en\/programme\/bodyforming\/lymph-modelling\/\" target=\"_blank\" class=\"wd-social-icon social-tg\" aria-label=\"Telegram social link\">\n\t\t\t\t\t\t<span class=\"wd-icon\"><\/span>\n\t\t\t\t\t\t\t\t\t\t\t<\/a>\n\t\t\t\t\n\t\t\t\t\n\t\t\t<\/div>\n\n\t\t\t\t\t\t<\/div>\n\t\t\t\t<\/div>\n\t\t\t\t\t<\/div>\n\t\t\t\t<\/div>\n\t\t\t\t<\/div>","protected":false},"excerpt":{"rendered":"<p>Gegen Lymphstau &#8211; f\u00fcr schlanke und leichte Beine LYMPH-MODELAGE Wie funktioniert Lymph-Modelage? Lymphe flie\u00dfen nicht von selbst.Sie m\u00fcssen vielmehr durch<\/p>","protected":false},"author":1,"featured_media":0,"parent":241928,"menu_order":0,"comment_status":"closed","ping_status":"closed","template":"","meta":{"footnotes":""},"class_list":["post-242411","page","type-page","status-publish","hentry"],"_links":{"self":[{"href":"https:\/\/shapeline.at\/en\/wp-json\/wp\/v2\/pages\/242411","targetHints":{"allow":["GET"]}}],"collection":[{"href":"https:\/\/shapeline.at\/en\/wp-json\/wp\/v2\/pages"}],"about":[{"href":"https:\/\/shapeline.at\/en\/wp-json\/wp\/v2\/types\/page"}],"author":[{"embeddable":true,"href":"https:\/\/shapeline.at\/en\/wp-json\/wp\/v2\/users\/1"}],"replies":[{"embeddable":true,"href":"https:\/\/shapeline.at\/en\/wp-json\/wp\/v2\/comments?post=242411"}],"version-history":[{"count":13,"href":"https:\/\/shapeline.at\/en\/wp-json\/wp\/v2\/pages\/242411\/revisions"}],"predecessor-version":[{"id":242425,"href":"https:\/\/shapeline.at\/en\/wp-json\/wp\/v2\/pages\/242411\/revisions\/242425"}],"up":[{"embeddable":true,"href":"https:\/\/shapeline.at\/en\/wp-json\/wp\/v2\/pages\/241928"}],"wp:attachment":[{"href":"https:\/\/shapeline.at\/en\/wp-json\/wp\/v2\/media?parent=242411"}],"curies":[{"name":"wp","href":"https:\/\/api.w.org\/{rel}","templated":true}]}}