{"id":242465,"date":"2023-09-24T18:14:48","date_gmt":"2023-09-24T18:14:48","guid":{"rendered":"https:\/\/shop.devepu.apollo.wpspace.me\/?page_id=242465"},"modified":"2023-09-24T18:28:23","modified_gmt":"2023-09-24T18:28:23","slug":"collagen-lifting","status":"publish","type":"page","link":"https:\/\/shapeline.at\/en\/programme\/bodyforming\/collagen-lifting\/","title":{"rendered":"Collagen lifting"},"content":{"rendered":"<div data-elementor-type=\"wp-page\" data-elementor-id=\"242465\" class=\"elementor elementor-242465\" data-elementor-post-type=\"page\">\n\t\t\t\t<div class=\"wd-negative-gap elementor-element elementor-element-0f9b587 e-flex e-con-boxed e-con e-parent\" data-id=\"0f9b587\" data-element_type=\"container\" data-e-type=\"container\">\n\t\t\t\t\t<div class=\"e-con-inner\">\n\t\t\t\t<div class=\"elementor-element elementor-element-6ebdbec wd-width-100 elementor-widget elementor-widget-wd_title\" data-id=\"6ebdbec\" data-element_type=\"widget\" data-e-type=\"widget\" data-widget_type=\"wd_title.default\">\n\t\t\t\t<div class=\"elementor-widget-container\">\n\t\t\t\t\t\t\t<div class=\"title-wrapper wd-set-mb reset-last-child wd-title-color-default wd-title-style-default wd-title-size-default text-center\">\n\n\t\t\t\t\t\t\t\t\t\t\t<div class=\"title-subtitle subtitle-color-default subtitle-style-default wd-fontsize-xs\">\n\t\t\t\t\tTightens excess skin rolls and lifts the stomach and thighs\t\t\t\t<\/div>\n\t\t\t\n\t\t\t<div class=\"liner-continer\">\n\t\t\t\t<h4 class=\"woodmart-title-container title wd-fontsize-l\">COLLAGEN LIFTING<\/h4> \n\t\t\t\t\t\t\t<\/div>\n\n\t\t\t\t\t\t\t<div class=\"title-after_title reset-last-child wd-fontsize-xs\">\n\t\t\t\t\t<p>Collagen, the most abundant protein in the body, is the most important factor in maintaining smooth tissue and firm skin.<br \/>However, every 10 years the collagen content decreases by approx. 7 %, the muscle mass decreases and with it the daily calorie consumption.<br \/>Little by little, wrinkles, sagging dimples and lumps of fat form on the stomach, buttocks and thighs<\/p>\t\t\t\t<\/div>\n\t\t\t\t\t<\/div>\n\t\t\t\t\t\t<\/div>\n\t\t\t\t<\/div>\n\t\t<div class=\"wd-negative-gap elementor-element elementor-element-6165178 e-flex e-con-boxed e-con e-child\" data-id=\"6165178\" data-element_type=\"container\" data-e-type=\"container\">\n\t\t\t\t\t<div class=\"e-con-inner\">\n\t\t<div class=\"wd-negative-gap elementor-element elementor-element-078b385 e-flex e-con-boxed e-con e-child\" data-id=\"078b385\" data-element_type=\"container\" data-e-type=\"container\">\n\t\t\t\t\t<div class=\"e-con-inner\">\n\t\t\t\t<div class=\"elementor-element elementor-element-661e215 elementor-widget elementor-widget-wd_image_or_svg\" data-id=\"661e215\" data-element_type=\"widget\" data-e-type=\"widget\" data-widget_type=\"wd_image_or_svg.default\">\n\t\t\t\t<div class=\"elementor-widget-container\">\n\t\t\t\t\t\n\t\t<div class=\"wd-image text-left\">\n\t\t\t\t\t\t\t\t<img loading=\"lazy\" decoding=\"async\" width=\"1536\" height=\"1115\" src=\"https:\/\/shapeline.at\/wp-content\/uploads\/2023\/09\/shapeline-lifting-studie-abnehmen-1536x1115-1.jpg?wsr\" class=\"attachment-full size-full\" alt=\"\" srcset=\"https:\/\/shapeline.at\/wp-content\/uploads\/2023\/09\/shapeline-lifting-studie-abnehmen-1536x1115-1.jpg 1536w, https:\/\/shapeline.at\/wp-content\/uploads\/2023\/09\/shapeline-lifting-studie-abnehmen-1536x1115-1-400x290.jpg 400w, https:\/\/shapeline.at\/wp-content\/uploads\/2023\/09\/shapeline-lifting-studie-abnehmen-1536x1115-1-1102x800.jpg 1102w, https:\/\/shapeline.at\/wp-content\/uploads\/2023\/09\/shapeline-lifting-studie-abnehmen-1536x1115-1-768x558.jpg 768w, https:\/\/shapeline.at\/wp-content\/uploads\/2023\/09\/shapeline-lifting-studie-abnehmen-1536x1115-1-860x624.jpg 860w, https:\/\/shapeline.at\/wp-content\/uploads\/2023\/09\/shapeline-lifting-studie-abnehmen-1536x1115-1-430x312.jpg 430w, https:\/\/shapeline.at\/wp-content\/uploads\/2023\/09\/shapeline-lifting-studie-abnehmen-1536x1115-1-700x508.jpg 700w, https:\/\/shapeline.at\/wp-content\/uploads\/2023\/09\/shapeline-lifting-studie-abnehmen-1536x1115-1-150x109.jpg 150w\" sizes=\"auto, (max-width: 1536px) 100vw, 1536px\" \/>\t\t\t\t\t<\/div>\n\n\t\t\t\t\t\t<\/div>\n\t\t\t\t<\/div>\n\t\t\t\t\t<\/div>\n\t\t\t\t<\/div>\n\t\t<div class=\"wd-negative-gap elementor-element elementor-element-5088c5d e-flex e-con-boxed e-con e-child\" data-id=\"5088c5d\" data-element_type=\"container\" data-e-type=\"container\">\n\t\t\t\t\t<div class=\"e-con-inner\">\n\t\t\t\t<div class=\"elementor-element elementor-element-d843dcb wd-width-100 elementor-widget elementor-widget-wd_title\" data-id=\"d843dcb\" data-element_type=\"widget\" data-e-type=\"widget\" data-widget_type=\"wd_title.default\">\n\t\t\t\t<div class=\"elementor-widget-container\">\n\t\t\t\t\t\t\t<div class=\"title-wrapper wd-set-mb reset-last-child wd-title-color-default wd-title-style-default wd-title-size-default text-center\">\n\n\t\t\t\n\t\t\t<div class=\"liner-continer\">\n\t\t\t\t<h4 class=\"woodmart-title-container title wd-fontsize-l\">The revolutionary collagen lifting treatment contains the rare collagen type II   <\/h4> \n\t\t\t\t\t\t\t<\/div>\n\n\t\t\t\t\t<\/div>\n\t\t\t\t\t\t<\/div>\n\t\t\t\t<\/div>\n\t\t\t\t<div class=\"elementor-element elementor-element-58e82da elementor-widget elementor-widget-wd_text_block\" data-id=\"58e82da\" data-element_type=\"widget\" data-e-type=\"widget\" data-widget_type=\"wd_text_block.default\">\n\t\t\t\t<div class=\"elementor-widget-container\">\n\t\t\t\t\t\t\t<div class=\"wd-text-block reset-last-child text-left\">\n\t\t\t\n\t\t\t<p style=\"text-align: center;\">The body's own collagen production is stimulated deep into the tissue using compresses. Impressive skin tightening and tissue smoothing - with a lasting effect!<\/p>\n\t\t\t\t\t<\/div>\n\t\t\t\t\t\t<\/div>\n\t\t\t\t<\/div>\n\t\t\t\t<div class=\"elementor-element elementor-element-8b8167c wd-width-100 elementor-widget elementor-widget-wd_title\" data-id=\"8b8167c\" data-element_type=\"widget\" data-e-type=\"widget\" data-widget_type=\"wd_title.default\">\n\t\t\t\t<div class=\"elementor-widget-container\">\n\t\t\t\t\t\t\t<div class=\"title-wrapper wd-set-mb reset-last-child wd-title-color-default wd-title-style-default wd-title-size-default text-center\">\n\n\t\t\t\n\t\t\t<div class=\"liner-continer\">\n\t\t\t\t<h4 class=\"woodmart-title-container title wd-fontsize-l\">Resurrection glucosamides<br \/>\nfrom the Rose of Jericho<br \/>\nincrease the cell energy to 170%<\/h4> \n\t\t\t\t\t\t\t<\/div>\n\n\t\t\t\t\t<\/div>\n\t\t\t\t\t\t<\/div>\n\t\t\t\t<\/div>\n\t\t\t\t<div class=\"elementor-element elementor-element-b426049 elementor-widget elementor-widget-wd_text_block\" data-id=\"b426049\" data-element_type=\"widget\" data-e-type=\"widget\" data-widget_type=\"wd_text_block.default\">\n\t\t\t\t<div class=\"elementor-widget-container\">\n\t\t\t\t\t\t\t<div class=\"wd-text-block reset-last-child text-left\">\n\t\t\t\n\t\t\t<p style=\"text-align: center;\">This organic active ingredient from nature revitalises the connective tissue and frees it from waste products and fats.<\/p>\n\t\t\t\t\t<\/div>\n\t\t\t\t\t\t<\/div>\n\t\t\t\t<\/div>\n\t\t\t\t\t<\/div>\n\t\t\t\t<\/div>\n\t\t\t\t\t<\/div>\n\t\t\t\t<\/div>\n\t\t<div class=\"wd-negative-gap elementor-element elementor-element-a9d2a7e e-flex e-con-boxed e-con e-child\" data-id=\"a9d2a7e\" data-element_type=\"container\" data-e-type=\"container\">\n\t\t\t\t\t<div class=\"e-con-inner\">\n\t\t<div class=\"wd-negative-gap elementor-element elementor-element-6487c62 e-flex e-con-boxed e-con e-child\" data-id=\"6487c62\" data-element_type=\"container\" data-e-type=\"container\">\n\t\t\t\t\t<div class=\"e-con-inner\">\n\t\t\t\t<div class=\"elementor-element elementor-element-ea8a624 elementor-widget elementor-widget-wd_image_or_svg\" data-id=\"ea8a624\" data-element_type=\"widget\" data-e-type=\"widget\" data-widget_type=\"wd_image_or_svg.default\">\n\t\t\t\t<div class=\"elementor-widget-container\">\n\t\t\t\t\t\n\t\t<div class=\"wd-image text-left\">\n\t\t\t\t\t\t\t\t<img loading=\"lazy\" decoding=\"async\" width=\"600\" height=\"600\" src=\"https:\/\/shapeline.at\/wp-content\/uploads\/2023\/09\/Kollagen-Lifting-2.jpg?wsr\" class=\"attachment-full size-full\" alt=\"\" srcset=\"https:\/\/shapeline.at\/wp-content\/uploads\/2023\/09\/Kollagen-Lifting-2.jpg 600w, https:\/\/shapeline.at\/wp-content\/uploads\/2023\/09\/Kollagen-Lifting-2-300x300.jpg 300w, https:\/\/shapeline.at\/wp-content\/uploads\/2023\/09\/Kollagen-Lifting-2-150x150.jpg 150w, https:\/\/shapeline.at\/wp-content\/uploads\/2023\/09\/Kollagen-Lifting-2-430x430.jpg 430w\" sizes=\"auto, (max-width: 600px) 100vw, 600px\" \/>\t\t\t\t\t<\/div>\n\n\t\t\t\t\t\t<\/div>\n\t\t\t\t<\/div>\n\t\t\t\t\t<\/div>\n\t\t\t\t<\/div>\n\t\t<div class=\"wd-negative-gap elementor-element elementor-element-bc9d5a6 e-flex e-con-boxed e-con e-child\" data-id=\"bc9d5a6\" data-element_type=\"container\" data-e-type=\"container\">\n\t\t\t\t\t<div class=\"e-con-inner\">\n\t\t\t\t<div class=\"elementor-element elementor-element-b05427c wd-width-100 elementor-widget elementor-widget-wd_title\" data-id=\"b05427c\" data-element_type=\"widget\" data-e-type=\"widget\" data-widget_type=\"wd_title.default\">\n\t\t\t\t<div class=\"elementor-widget-container\">\n\t\t\t\t\t\t\t<div class=\"title-wrapper wd-set-mb reset-last-child wd-title-color-default wd-title-style-default wd-title-size-default text-center\">\n\n\t\t\t\n\t\t\t<div class=\"liner-continer\">\n\t\t\t\t<h4 class=\"woodmart-title-container title wd-fontsize-l\">Metabolic turbo for connective tissue<\/h4> \n\t\t\t\t\t\t\t<\/div>\n\n\t\t\t\t\t<\/div>\n\t\t\t\t\t\t<\/div>\n\t\t\t\t<\/div>\n\t\t\t\t<div class=\"elementor-element elementor-element-5e628aa elementor-widget elementor-widget-wd_text_block\" data-id=\"5e628aa\" data-element_type=\"widget\" data-e-type=\"widget\" data-widget_type=\"wd_text_block.default\">\n\t\t\t\t<div class=\"elementor-widget-container\">\n\t\t\t\t\t\t\t<div class=\"wd-text-block reset-last-child text-left\">\n\t\t\t\n\t\t\t<p style=\"text-align: center;\">Resurrection glucosamides plus the rare collagen TYPE II in the bandages fuel and regenerate the mitochondria. These are the cellular chambers that convert fats and sugars from food into cellular energy. Cellular energy, the fuel for all processes in the human body that keep it slim and healthy, is increased by 170% during collagen lifting!<br \/>The metabolic turbo for connective tissue tightens annoying rolls of fat and cleanses slagged connective tissue.<\/p>\n\t\t\t\t\t<\/div>\n\t\t\t\t\t\t<\/div>\n\t\t\t\t<\/div>\n\t\t\t\t<div class=\"elementor-element elementor-element-110557f wd-width-100 elementor-widget elementor-widget-wd_title\" data-id=\"110557f\" data-element_type=\"widget\" data-e-type=\"widget\" data-widget_type=\"wd_title.default\">\n\t\t\t\t<div class=\"elementor-widget-container\">\n\t\t\t\t\t\t\t<div class=\"title-wrapper wd-set-mb reset-last-child wd-title-color-default wd-title-style-default wd-title-size-default text-center\">\n\n\t\t\t\n\t\t\t<div class=\"liner-continer\">\n\t\t\t\t<h4 class=\"woodmart-title-container title wd-fontsize-l\">Stimulation of the body's own<br \/>\nCollagen synthesis<\/h4> \n\t\t\t\t\t\t\t<\/div>\n\n\t\t\t\t\t<\/div>\n\t\t\t\t\t\t<\/div>\n\t\t\t\t<\/div>\n\t\t\t\t<div class=\"elementor-element elementor-element-b8d117e elementor-widget elementor-widget-wd_text_block\" data-id=\"b8d117e\" data-element_type=\"widget\" data-e-type=\"widget\" data-widget_type=\"wd_text_block.default\">\n\t\t\t\t<div class=\"elementor-widget-container\">\n\t\t\t\t\t\t\t<div class=\"wd-text-block reset-last-child text-left\">\n\t\t\t\n\t\t\t<p style=\"text-align: center;\">The collagen lifting treatment is the first to succeed in boosting the body's own collagen production because the active ingredient concentrate penetrates to the fibroplasts and can actually have a systemic effect there. \"Diosgenin\" from the wild yam root also stimulates the production of the young hormone progesterone.<\/p>\n\t\t\t\t\t<\/div>\n\t\t\t\t\t\t<\/div>\n\t\t\t\t<\/div>\n\t\t\t\t\t<\/div>\n\t\t\t\t<\/div>\n\t\t\t\t\t<\/div>\n\t\t\t\t<\/div>\n\t\t<div class=\"wd-negative-gap elementor-element elementor-element-0b869be e-flex e-con-boxed e-con e-child\" data-id=\"0b869be\" data-element_type=\"container\" data-e-type=\"container\">\n\t\t\t\t\t<div class=\"e-con-inner\">\n\t\t<div class=\"wd-negative-gap elementor-element elementor-element-20a5ef2 e-flex e-con-boxed e-con e-child\" data-id=\"20a5ef2\" data-element_type=\"container\" data-e-type=\"container\">\n\t\t\t\t\t<div class=\"e-con-inner\">\n\t\t\t\t<div class=\"elementor-element elementor-element-6bcdfa8 elementor-widget elementor-widget-wd_image_or_svg\" data-id=\"6bcdfa8\" data-element_type=\"widget\" data-e-type=\"widget\" data-widget_type=\"wd_image_or_svg.default\">\n\t\t\t\t<div class=\"elementor-widget-container\">\n\t\t\t\t\t\n\t\t<div class=\"wd-image text-left\">\n\t\t\t\t\t\t\t\t<img loading=\"lazy\" decoding=\"async\" width=\"1024\" height=\"683\" src=\"https:\/\/shapeline.at\/wp-content\/uploads\/2023\/09\/Kollagen-Lifting-3.jpg?wsr\" class=\"attachment-full size-full\" alt=\"\" srcset=\"https:\/\/shapeline.at\/wp-content\/uploads\/2023\/09\/Kollagen-Lifting-3.jpg 1024w, https:\/\/shapeline.at\/wp-content\/uploads\/2023\/09\/Kollagen-Lifting-3-400x267.jpg 400w, https:\/\/shapeline.at\/wp-content\/uploads\/2023\/09\/Kollagen-Lifting-3-768x512.jpg 768w, https:\/\/shapeline.at\/wp-content\/uploads\/2023\/09\/Kollagen-Lifting-3-860x574.jpg 860w, https:\/\/shapeline.at\/wp-content\/uploads\/2023\/09\/Kollagen-Lifting-3-430x287.jpg 430w, https:\/\/shapeline.at\/wp-content\/uploads\/2023\/09\/Kollagen-Lifting-3-700x467.jpg 700w, https:\/\/shapeline.at\/wp-content\/uploads\/2023\/09\/Kollagen-Lifting-3-150x100.jpg 150w\" sizes=\"auto, (max-width: 1024px) 100vw, 1024px\" \/>\t\t\t\t\t<\/div>\n\n\t\t\t\t\t\t<\/div>\n\t\t\t\t<\/div>\n\t\t\t\t\t<\/div>\n\t\t\t\t<\/div>\n\t\t<div class=\"wd-negative-gap elementor-element elementor-element-1b830ea e-flex e-con-boxed e-con e-child\" data-id=\"1b830ea\" data-element_type=\"container\" data-e-type=\"container\">\n\t\t\t\t\t<div class=\"e-con-inner\">\n\t\t\t\t<div class=\"elementor-element elementor-element-0c3f370 wd-width-100 elementor-widget elementor-widget-wd_title\" data-id=\"0c3f370\" data-element_type=\"widget\" data-e-type=\"widget\" data-widget_type=\"wd_title.default\">\n\t\t\t\t<div class=\"elementor-widget-container\">\n\t\t\t\t\t\t\t<div class=\"title-wrapper wd-set-mb reset-last-child wd-title-color-default wd-title-style-default wd-title-size-default text-center\">\n\n\t\t\t\n\t\t\t<div class=\"liner-continer\">\n\t\t\t\t<h4 class=\"woodmart-title-container title wd-fontsize-l\">Tight while lying down<\/h4> \n\t\t\t\t\t\t\t<\/div>\n\n\t\t\t\t\t<\/div>\n\t\t\t\t\t\t<\/div>\n\t\t\t\t<\/div>\n\t\t\t\t<div class=\"elementor-element elementor-element-e4f2ffd elementor-widget elementor-widget-wd_text_block\" data-id=\"e4f2ffd\" data-element_type=\"widget\" data-e-type=\"widget\" data-widget_type=\"wd_text_block.default\">\n\t\t\t\t<div class=\"elementor-widget-container\">\n\t\t\t\t\t\t\t<div class=\"wd-text-block reset-last-child text-left\">\n\t\t\t\n\t\t\t<p style=\"text-align: center;\">The active ingredient collagen is the inner corset of the skin.<br \/>Applied externally as a cosmetic, it acts like a firming film.<br \/>The rope-like structure supports the connective tissue and gives it firmness, keeping the skin young, smooth and firm.<br \/>Collagen fibres of high strength are rebuilt and provide elasticity and suppleness.<br \/>Cotton bandages impregnated with the rare collagen type II are wrapped tightly around the sagging areas.<br \/>The molecules penetrate deep into the deepest layers of the skin and provide an immediate firming effect!<\/p>\n\t\t\t\t\t<\/div>\n\t\t\t\t\t\t<\/div>\n\t\t\t\t<\/div>\n\t\t\t\t\t<\/div>\n\t\t\t\t<\/div>\n\t\t\t\t\t<\/div>\n\t\t\t\t<\/div>\n\t\t\t\t<div class=\"elementor-element elementor-element-27df452 elementor-widget-divider--view-line elementor-widget elementor-widget-divider\" data-id=\"27df452\" data-element_type=\"widget\" data-e-type=\"widget\" data-widget_type=\"divider.default\">\n\t\t\t\t<div class=\"elementor-widget-container\">\n\t\t\t\t\t\t\t<div class=\"elementor-divider\">\n\t\t\t<span class=\"elementor-divider-separator\">\n\t\t\t\t\t\t<\/span>\n\t\t<\/div>\n\t\t\t\t\t\t<\/div>\n\t\t\t\t<\/div>\n\t\t\t\t\t<\/div>\n\t\t\t\t<\/div>\n\t\t<div class=\"elementor-element elementor-element-b3d4692 e-con-full e-flex e-con e-parent\" data-id=\"b3d4692\" data-element_type=\"container\" data-e-type=\"container\">\n\t\t<div class=\"wd-negative-gap elementor-element elementor-element-03335de e-flex e-con-boxed e-con e-child\" data-id=\"03335de\" data-element_type=\"container\" data-e-type=\"container\">\n\t\t\t\t\t<div class=\"e-con-inner\">\n\t\t<div class=\"wd-negative-gap elementor-element elementor-element-ae18c8d e-flex e-con-boxed e-con e-child\" data-id=\"ae18c8d\" data-element_type=\"container\" data-e-type=\"container\">\n\t\t\t\t\t<div class=\"e-con-inner\">\n\t\t\t\t<div class=\"elementor-element elementor-element-c4fd216 wd-width-100 elementor-widget elementor-widget-wd_title\" data-id=\"c4fd216\" data-element_type=\"widget\" data-e-type=\"widget\" data-widget_type=\"wd_title.default\">\n\t\t\t\t<div class=\"elementor-widget-container\">\n\t\t\t\t\t\t\t<div class=\"title-wrapper wd-set-mb reset-last-child wd-title-color-default wd-title-style-default wd-title-size-default text-center\">\n\n\t\t\t\n\t\t\t<div class=\"liner-continer\">\n\t\t\t\t<h4 class=\"woodmart-title-container title wd-fontsize-l\">Expert tip from our figure experts<\/h4> \n\t\t\t\t\t\t\t<\/div>\n\n\t\t\t\t\t<\/div>\n\t\t\t\t\t\t<\/div>\n\t\t\t\t<\/div>\n\t\t\t\t<div class=\"elementor-element elementor-element-a34a21f elementor-widget elementor-widget-wd_text_block\" data-id=\"a34a21f\" data-element_type=\"widget\" data-e-type=\"widget\" data-widget_type=\"wd_text_block.default\">\n\t\t\t\t<div class=\"elementor-widget-container\">\n\t\t\t\t\t\t\t<div class=\"wd-text-block reset-last-child text-left\">\n\t\t\t\n\t\t\t<p style=\"text-align: center;\"><strong>You also stimulate the body's own collagen synthesis:<\/strong><br \/><strong>10 DAY COLLAGEN CURE with <a href=\"https:\/\/shapeline.at\/en\/product\/diet-shake-nature\/\">Diet Nature Shake<\/a> and <\/strong><a href=\"https:\/\/shapeline.at\/en\/product\/diet-stickers\/\"><strong>Diet stickers<\/strong> <\/a><\/p>\n\t\t\t\t\t<\/div>\n\t\t\t\t\t\t<\/div>\n\t\t\t\t<\/div>\n\t\t\t\t\t<\/div>\n\t\t\t\t<\/div>\n\t\t\t\t\t<\/div>\n\t\t\t\t<\/div>\n\t\t\t\t<\/div>\n\t\t<div class=\"wd-negative-gap elementor-element elementor-element-4eb0306 e-flex e-con-boxed e-con e-parent\" data-id=\"4eb0306\" data-element_type=\"container\" data-e-type=\"container\">\n\t\t\t\t\t<div class=\"e-con-inner\">\n\t\t\t\t<div class=\"elementor-element elementor-element-f78c982 elementor-widget elementor-widget-wd_marquee\" data-id=\"f78c982\" data-element_type=\"widget\" data-e-type=\"widget\" data-widget_type=\"wd_marquee.default\">\n\t\t\t\t<div class=\"elementor-widget-container\">\n\t\t\t\t\t\t\t<div class=\"wd-marquee\">\n\t\t\t<div class=\"wd-marquee-content\">\n\t\t\t\t\t\t\t<span class=\"wd-marquee-item\">\n\t\t\t\t<i class=\"wd-icon far fa-grin-hearts\"><\/i>\n\t\t\t\t\t\t\t\t\tTest now!\t\t\t\t\n\t\t\t\t\t\t\t<\/span>\n\t\t\t\t\t\t<\/div>\n\t\t\t<div class=\"wd-marquee-content\">\n\t\t\t\t\t\t\t<span class=\"wd-marquee-item\">\n\t\t\t\t<i class=\"wd-icon far fa-grin-hearts\"><\/i>\n\t\t\t\t\t\t\t\t\tTest now!\t\t\t\t\n\t\t\t\t\t\t\t<\/span>\n\t\t\t\t\t\t<\/div>\n\t\t<\/div>\n\t\t\t\t\t\t<\/div>\n\t\t\t\t<\/div>\n\t\t\t\t<div class=\"elementor-element elementor-element-42806e2 elementor-widget elementor-widget-wd_text_block\" data-id=\"42806e2\" data-element_type=\"widget\" data-e-type=\"widget\" data-widget_type=\"wd_text_block.default\">\n\t\t\t\t<div class=\"elementor-widget-container\">\n\t\t\t\t\t\t\t<div class=\"wd-text-block reset-last-child text-left\">\n\t\t\t\n\t\t\t<p style=\"text-align: center;\">Arrange a test appointment right now in one of our <a id=\"studio-ihrer-wahl-bodyshapen-inline\" href=\"https:\/\/shapeline.at\/en\/studios\/\">Studio of your choice<\/a><br \/>You will receive a free figure type analysis!<br \/>We will advise you individually and are happy to create a tailor-made body shaping programme on request.<\/p>\n\t\t\t\t\t<\/div>\n\t\t\t\t\t\t<\/div>\n\t\t\t\t<\/div>\n\t\t\t\t\t<\/div>\n\t\t\t\t<\/div>\n\t\t<div class=\"wd-negative-gap elementor-element elementor-element-80c08e9 e-flex e-con-boxed e-con e-parent\" data-id=\"80c08e9\" data-element_type=\"container\" data-e-type=\"container\">\n\t\t\t\t\t<div class=\"e-con-inner\">\n\t\t\t\t<div class=\"elementor-element elementor-element-4815f6a elementor-widget elementor-widget-wd_social_buttons\" data-id=\"4815f6a\" data-element_type=\"widget\" data-e-type=\"widget\" data-widget_type=\"wd_social_buttons.default\">\n\t\t\t\t<div class=\"elementor-widget-container\">\n\t\t\t\t\t\t\t\t<div\n\t\t\t\t\t\tclass=\"wd-social-icons wd-style-colored wd-size-default social-share wd-shape-circle color-scheme-dark text-center\">\n\t\t\t\t\n\t\t\t\t\n\t\t\t\t\t\t\t\t\t<a rel=\"noopener noreferrer nofollow\" href=\"https:\/\/www.facebook.com\/sharer\/sharer.php?u=https:\/\/shapeline.at\/en\/programme\/bodyforming\/collagen-lifting\/\" target=\"_blank\" class=\"wd-social-icon social-facebook\" aria-label=\"Facebook social link\">\n\t\t\t\t\t\t<span class=\"wd-icon\"><\/span>\n\t\t\t\t\t\t\t\t\t\t\t<\/a>\n\t\t\t\t\n\t\t\t\t\n\t\t\t\t\n\t\t\t\t\t\t\t\t\t<a rel=\"noopener noreferrer nofollow\" href=\"mailto:?subject=Check%20this%20https:\/\/shapeline.at\/en\/programme\/bodyforming\/collagen-lifting\/\" target=\"_blank\" class=\"wd-social-icon social-email\" aria-label=\"Email social link\">\n\t\t\t\t\t\t<span class=\"wd-icon\"><\/span>\n\t\t\t\t\t\t\t\t\t\t\t<\/a>\n\t\t\t\t\n\t\t\t\t\n\t\t\t\t\n\t\t\t\t\n\t\t\t\t\n\t\t\t\t\n\t\t\t\t\n\t\t\t\t\n\t\t\t\t\n\t\t\t\t\n\t\t\t\t\n\t\t\t\t\n\t\t\t\t\n\t\t\t\t\n\t\t\t\t\n\t\t\t\t\t\t\t\t\t<a rel=\"noopener noreferrer nofollow\" href=\"https:\/\/api.whatsapp.com\/send?text=https%3A%2F%2Fshapeline.at%2Fen%2Fprogramme%2Fbodyforming%2Fcollagen-lifting%2F\" target=\"_blank\" class=\"wd-hide-md wd-social-icon social-whatsapp\" aria-label=\"WhatsApp social link\">\n\t\t\t\t\t\t<span class=\"wd-icon\"><\/span>\n\t\t\t\t\t\t\t\t\t\t\t<\/a>\n\n\t\t\t\t\t<a rel=\"noopener noreferrer nofollow\" href=\"whatsapp:\/\/send?text=http:\/\/https%3A%2F%2Fshapeline.at%2Fen%2Fprogramme%2Fbodyforming%2Fcollagen-lifting%2F\" target=\"_blank\" class=\"wd-hide-lg wd-social-icon social-whatsapp\" aria-label=\"WhatsApp social link\">\n\t\t\t\t\t\t<span class=\"wd-icon\"><\/span>\n\t\t\t\t\t\t\t\t\t\t\t<\/a>\n\t\t\t\t\n\t\t\t\t\n\t\t\t\t\n\t\t\t\t\n\t\t\t\t\n\t\t\t\t\n\t\t\t\t\t\t\t\t\t<a rel=\"noopener noreferrer nofollow\" href=\"https:\/\/telegram.me\/share\/url?url=https:\/\/shapeline.at\/en\/programme\/bodyforming\/collagen-lifting\/\" target=\"_blank\" class=\"wd-social-icon social-tg\" aria-label=\"Telegram social link\">\n\t\t\t\t\t\t<span class=\"wd-icon\"><\/span>\n\t\t\t\t\t\t\t\t\t\t\t<\/a>\n\t\t\t\t\n\t\t\t\t\n\t\t\t<\/div>\n\n\t\t\t\t\t\t<\/div>\n\t\t\t\t<\/div>\n\t\t\t\t\t<\/div>\n\t\t\t\t<\/div>\n\t\t\t\t<\/div>","protected":false},"excerpt":{"rendered":"<p>Strafft \u00fcberfl\u00fcssige Hautr\u00f6llchen und liftet Bauch &amp; Oberschenkel KOLLAGEN-LIFTING Kollagen, das h\u00e4ufigste Protein im K\u00f6rper, ist der wichtigste Faktor zum<\/p>","protected":false},"author":1,"featured_media":0,"parent":241928,"menu_order":0,"comment_status":"closed","ping_status":"closed","template":"","meta":{"footnotes":""},"class_list":["post-242465","page","type-page","status-publish","hentry"],"_links":{"self":[{"href":"https:\/\/shapeline.at\/en\/wp-json\/wp\/v2\/pages\/242465","targetHints":{"allow":["GET"]}}],"collection":[{"href":"https:\/\/shapeline.at\/en\/wp-json\/wp\/v2\/pages"}],"about":[{"href":"https:\/\/shapeline.at\/en\/wp-json\/wp\/v2\/types\/page"}],"author":[{"embeddable":true,"href":"https:\/\/shapeline.at\/en\/wp-json\/wp\/v2\/users\/1"}],"replies":[{"embeddable":true,"href":"https:\/\/shapeline.at\/en\/wp-json\/wp\/v2\/comments?post=242465"}],"version-history":[{"count":4,"href":"https:\/\/shapeline.at\/en\/wp-json\/wp\/v2\/pages\/242465\/revisions"}],"predecessor-version":[{"id":242472,"href":"https:\/\/shapeline.at\/en\/wp-json\/wp\/v2\/pages\/242465\/revisions\/242472"}],"up":[{"embeddable":true,"href":"https:\/\/shapeline.at\/en\/wp-json\/wp\/v2\/pages\/241928"}],"wp:attachment":[{"href":"https:\/\/shapeline.at\/en\/wp-json\/wp\/v2\/media?parent=242465"}],"curies":[{"name":"wp","href":"https:\/\/api.w.org\/{rel}","templated":true}]}}