{"id":16456,"date":"2023-07-27T06:48:27","date_gmt":"2023-07-27T06:48:27","guid":{"rendered":"https:\/\/shop.devepu.apollo.wpspace.me\/?post_type=product&#038;p=16456"},"modified":"2026-04-30T05:46:11","modified_gmt":"2026-04-30T04:46:11","slug":"decollete-lifting-duo","status":"publish","type":"product","link":"https:\/\/shapeline.at\/en\/product\/decollete-lifting-duo\/","title":{"rendered":"D\u00e9collet\u00e9 Lifting Duo"},"content":{"rendered":"<h3><strong>With immediate effect: D\u00e9collet\u00e9 Lifting Duo <\/strong><\/h3>\n<p><strong>Buste-Repair <\/strong><\/p>\n<p>with the glow effect<\/p>\n<h5><strong>Collagen peeling<\/strong><\/h5>\n<p>Free your skin from dull flakes with the delicately foaming collagen extracts. Thanks to the nano-enzymes, our scrub is particularly gentle. Treat your delicate d\u00e9collet\u00e9 skin to this daily pampering treatment. You will see and feel the skin rejuvenation after just a few days.<\/p>\n<h3><strong>Every day is a \"pamper day\" - for the sake of you and your appearance<\/strong><\/h3>\n<p>A smooth neck and firm d\u00e9collet\u00e9 look beautiful and timeless. As the thin skin in this area of the body has hardly any sebaceous glands, it is more susceptible to wrinkles and cell ageing. Too little moisturiser, sunlight and too little fluid can sometimes make these important areas of skin look older than they actually are. So transform your d\u00e9collet\u00e9 into a first-class eye-catcher! Pamper yourself, your neck and your d\u00e9collet\u00e9 - day after day!<\/p>\n<h3><strong>Ingredients<\/strong><\/h3>\n<h5><strong>Buste Repair<\/strong><\/h5>\n<p>contains the deep-acting ingredients <strong>Fig milk<\/strong>, <strong>Arnica<\/strong>, <strong>Mimosa<\/strong> and <strong>essential oils<\/strong>.<\/p>\n<h5><strong>Collagen peeling<\/strong><\/h5>\n<p>now<strong> NEW <\/strong>with the<strong> Nano effect<\/strong>Cellulose Acid, a novel nanocatalyser for collagen synthesis, accelerates your skin rejuvenation.<\/p>\n<h3><strong>Application<\/strong><\/h3>\n<h5><strong>Buste Repair<\/strong><\/h5>\n<p>Apply daily in the morning and evening to the neck and d\u00e9collet\u00e9 and massage in gently.<\/p>\n<h5><strong>Collagen peeling<\/strong><\/h5>\n<p>Once a week, lather a small amount in damp hands and massage gently into the skin. Leave on for 3-7 minutes and rinse off with plenty of water.<\/p>\n<p>&nbsp;<\/p>","protected":false},"excerpt":{"rendered":"<h3><strong>With immediate effect: D\u00e9collet\u00e9 Lifting Duo <\/strong><\/h3>\n<p><strong>Buste-Repair <\/strong><\/p>\n<p>with the glow effect<\/p>\n<h5><strong>Collagen peeling<\/strong><\/h5>\n<p>Free your skin from dull flakes with the delicately foaming collagen extracts. Thanks to the nano-enzymes, our scrub is particularly gentle. Treat your delicate d\u00e9collet\u00e9 skin to this daily pampering treatment. You will see and feel the skin rejuvenation after just a few days.<\/p>","protected":false},"featured_media":16714,"template":"","meta":[],"product_brand":[],"product_cat":[272],"product_tag":[],"class_list":{"0":"post-16456","1":"product","2":"type-product","3":"status-publish","4":"has-post-thumbnail","6":"product_cat-gesichtdekollete","8":"first","9":"onbackorder","10":"taxable","11":"shipping-taxable","12":"purchasable","13":"product-type-simple"},"_links":{"self":[{"href":"https:\/\/shapeline.at\/en\/wp-json\/wp\/v2\/product\/16456","targetHints":{"allow":["GET"]}}],"collection":[{"href":"https:\/\/shapeline.at\/en\/wp-json\/wp\/v2\/product"}],"about":[{"href":"https:\/\/shapeline.at\/en\/wp-json\/wp\/v2\/types\/product"}],"version-history":[{"count":10,"href":"https:\/\/shapeline.at\/en\/wp-json\/wp\/v2\/product\/16456\/revisions"}],"predecessor-version":[{"id":246715,"href":"https:\/\/shapeline.at\/en\/wp-json\/wp\/v2\/product\/16456\/revisions\/246715"}],"wp:featuredmedia":[{"embeddable":true,"href":"https:\/\/shapeline.at\/en\/wp-json\/wp\/v2\/media\/16714"}],"wp:attachment":[{"href":"https:\/\/shapeline.at\/en\/wp-json\/wp\/v2\/media?parent=16456"}],"wp:term":[{"taxonomy":"product_brand","embeddable":true,"href":"https:\/\/shapeline.at\/en\/wp-json\/wp\/v2\/product_brand?post=16456"},{"taxonomy":"product_cat","embeddable":true,"href":"https:\/\/shapeline.at\/en\/wp-json\/wp\/v2\/product_cat?post=16456"},{"taxonomy":"product_tag","embeddable":true,"href":"https:\/\/shapeline.at\/en\/wp-json\/wp\/v2\/product_tag?post=16456"}],"curies":[{"name":"wp","href":"https:\/\/api.w.org\/{rel}","templated":true}]}}