{"id":242184,"date":"2023-09-21T13:59:45","date_gmt":"2023-09-21T13:59:45","guid":{"rendered":"https:\/\/shop.devepu.apollo.wpspace.me\/product\/cello-gel-medium-1000ml\/"},"modified":"2024-01-13T07:54:12","modified_gmt":"2024-01-13T06:54:12","slug":"cello-gel-medium-1000ml","status":"publish","type":"product","link":"https:\/\/shapeline.at\/en\/product\/cello-gel-medium-1000ml\/","title":{"rendered":"Cello Gel medium &#8211; 1000ml"},"content":{"rendered":"<p>The intensive <strong>Cello Gel medium<\/strong> contains high-quality active plant ingredients and natural essential oils that stimulate the body's own fat cells and collagen fibres in the connective tissue. The so-called problem areas of the stomach, legs and bottom are thus brought back into shape.<\/p>\n<p>A convincing result of using the gel is the immediately visible cosmetic skin effect of the body wrap.<\/p>\n<h3><strong>Ingredients<\/strong><\/h3>\n<p>Selected active plant ingredients and natural oils form the basis of Cello Gel medium. All ingredients correspond to the current state of production and the fragrances contained are all of natural origin. The production of our gel regularly follows new scientific findings, which are continuously incorporated into our formulations.<\/p>\n<h3><strong>Application<\/strong><\/h3>\n<p>Apply the gel medium sparingly and evenly to the body. After the first phase, Cello Gel medium is an effective second component in the build-up system.<\/p>\n<ul>\n<li>PHASE 1 - Cello Gel soft<\/li>\n<li><strong>PHASE 2 - Cello Gel medium<\/strong><\/li>\n<li>PHASE 3 - Cello Gel strong<\/li>\n<li>AFTER-TREATMENT - Cello Cream Aloe Vera<\/li>\n<\/ul>\n<p>Simple, effective and convincing on the way to your feel-good figure - easy to use and ideal for you to use at home.<\/p>","protected":false},"excerpt":{"rendered":"<p>Das intensive Cello Gel medium enth\u00e4lt hochwertige Pflanzenwirkstoffe und nat\u00fcrliche \u00e4therische \u00d6le, die die k\u00f6rpereigenen Fettzellen und kollagenen Fasern im<\/p>","protected":false},"featured_media":242198,"template":"","meta":[],"product_brand":[],"product_cat":[103,298,299],"product_tag":[],"class_list":{"0":"post-242184","1":"product","2":"type-product","3":"status-publish","4":"has-post-thumbnail","6":"product_cat-aktuelle-angebote","7":"product_cat-b2b_fgs","8":"product_cat-kabinenprodukte","10":"first","11":"instock","12":"taxable","13":"shipping-taxable","14":"product-type-simple"},"_links":{"self":[{"href":"https:\/\/shapeline.at\/en\/wp-json\/wp\/v2\/product\/242184","targetHints":{"allow":["GET"]}}],"collection":[{"href":"https:\/\/shapeline.at\/en\/wp-json\/wp\/v2\/product"}],"about":[{"href":"https:\/\/shapeline.at\/en\/wp-json\/wp\/v2\/types\/product"}],"version-history":[{"count":4,"href":"https:\/\/shapeline.at\/en\/wp-json\/wp\/v2\/product\/242184\/revisions"}],"predecessor-version":[{"id":242605,"href":"https:\/\/shapeline.at\/en\/wp-json\/wp\/v2\/product\/242184\/revisions\/242605"}],"wp:featuredmedia":[{"embeddable":true,"href":"https:\/\/shapeline.at\/en\/wp-json\/wp\/v2\/media\/242198"}],"wp:attachment":[{"href":"https:\/\/shapeline.at\/en\/wp-json\/wp\/v2\/media?parent=242184"}],"wp:term":[{"taxonomy":"product_brand","embeddable":true,"href":"https:\/\/shapeline.at\/en\/wp-json\/wp\/v2\/product_brand?post=242184"},{"taxonomy":"product_cat","embeddable":true,"href":"https:\/\/shapeline.at\/en\/wp-json\/wp\/v2\/product_cat?post=242184"},{"taxonomy":"product_tag","embeddable":true,"href":"https:\/\/shapeline.at\/en\/wp-json\/wp\/v2\/product_tag?post=242184"}],"curies":[{"name":"wp","href":"https:\/\/api.w.org\/{rel}","templated":true}]}}