{"id":242186,"date":"2023-09-21T13:59:45","date_gmt":"2023-09-21T13:59:45","guid":{"rendered":"https:\/\/shop.devepu.apollo.wpspace.me\/product\/cello-gel-strong-1000ml\/"},"modified":"2024-01-13T07:54:22","modified_gmt":"2024-01-13T06:54:22","slug":"cello-gel-strong-1000ml","status":"publish","type":"product","link":"https:\/\/shapeline.at\/en\/product\/cello-gel-strong-1000ml\/","title":{"rendered":"Cello Gel strong &#8211; 1000ml"},"content":{"rendered":"<p>The intensive <strong>Cello Gel strong<\/strong> contains high-quality active plant ingredients and natural essential oils that stimulate the body's own fat cells and collagen fibres in the connective tissue. The so-called problem areas of the stomach, legs and bottom are thus brought back into shape.<\/p>\n<p>A convincing result of using the gel is the immediately visible cosmetic skin effect of the body wrap.<\/p>\n<h3><strong>Ingredients<\/strong><\/h3>\n<p>Selected active plant ingredients and natural oils form the basis of Cello Gel strong. All ingredients correspond to the current state of production and the fragrances contained are all of natural origin. The production of our gel regularly follows new scientific findings, which are continuously incorporated into our formulations.<\/p>\n<h3><strong>Application<\/strong><\/h3>\n<p>Apply the Gel strong sparingly and evenly to the body. After the second phase, Cello Gel strong is an effective third component in the build-up system.<\/p>\n<ul>\n<li>PHASE 1 - Cello Gel Soft<\/li>\n<li>PHASE 2 - Cello Gel Medium<\/li>\n<li><strong>PHASE 3 - Cello Gel Strong<\/strong><\/li>\n<li>AFTER-TREATMENT - Cello Cream Aloe Vera<\/li>\n<\/ul>\n<p>Simple, effective and convincing on the way to your feel-good figure - easy to use and ideal for you to use at home.<\/p>","protected":false},"excerpt":{"rendered":"<p>Das intensive Cello Gel strong enth\u00e4lt hochwertige Pflanzenwirkstoffe und nat\u00fcrliche \u00e4therische \u00d6le, die die k\u00f6rpereigenen Fettzellen und kollagenen Fasern im<\/p>","protected":false},"featured_media":242200,"template":"","meta":[],"product_brand":[],"product_cat":[103,298,299],"product_tag":[],"class_list":{"0":"post-242186","1":"product","2":"type-product","3":"status-publish","4":"has-post-thumbnail","6":"product_cat-aktuelle-angebote","7":"product_cat-b2b_fgs","8":"product_cat-kabinenprodukte","10":"first","11":"instock","12":"taxable","13":"shipping-taxable","14":"product-type-simple"},"_links":{"self":[{"href":"https:\/\/shapeline.at\/en\/wp-json\/wp\/v2\/product\/242186","targetHints":{"allow":["GET"]}}],"collection":[{"href":"https:\/\/shapeline.at\/en\/wp-json\/wp\/v2\/product"}],"about":[{"href":"https:\/\/shapeline.at\/en\/wp-json\/wp\/v2\/types\/product"}],"version-history":[{"count":2,"href":"https:\/\/shapeline.at\/en\/wp-json\/wp\/v2\/product\/242186\/revisions"}],"predecessor-version":[{"id":242601,"href":"https:\/\/shapeline.at\/en\/wp-json\/wp\/v2\/product\/242186\/revisions\/242601"}],"wp:featuredmedia":[{"embeddable":true,"href":"https:\/\/shapeline.at\/en\/wp-json\/wp\/v2\/media\/242200"}],"wp:attachment":[{"href":"https:\/\/shapeline.at\/en\/wp-json\/wp\/v2\/media?parent=242186"}],"wp:term":[{"taxonomy":"product_brand","embeddable":true,"href":"https:\/\/shapeline.at\/en\/wp-json\/wp\/v2\/product_brand?post=242186"},{"taxonomy":"product_cat","embeddable":true,"href":"https:\/\/shapeline.at\/en\/wp-json\/wp\/v2\/product_cat?post=242186"},{"taxonomy":"product_tag","embeddable":true,"href":"https:\/\/shapeline.at\/en\/wp-json\/wp\/v2\/product_tag?post=242186"}],"curies":[{"name":"wp","href":"https:\/\/api.w.org\/{rel}","templated":true}]}}