{"id":242188,"date":"2023-09-21T13:59:45","date_gmt":"2023-09-21T13:59:45","guid":{"rendered":"https:\/\/shop.devepu.apollo.wpspace.me\/product\/cello-gel-cool-slimming-1000ml\/"},"modified":"2024-01-13T07:54:22","modified_gmt":"2024-01-13T06:54:22","slug":"cello-gel-cool-slimming-1000ml","status":"publish","type":"product","link":"https:\/\/shapeline.at\/en\/product\/cello-gel-cool-slimming-1000ml\/","title":{"rendered":"Cello Gel cool slimming &#8211; 1000ml"},"content":{"rendered":"<p>Brand new at Shape-Line: the <strong>Cello Gel cool slimming<\/strong>\u00a0has been specially created for men and women who are sensitive to heat. It is also highly recommended for spider veins and slightly visible veins. The gel<\/p>\n<ul>\n<li>Promotes blood circulation<\/li>\n<\/ul>\n<ul>\n<li>Activates fat burning<\/li>\n<li>cools the skin and gives it a pleasant freshness<\/li>\n<\/ul>\n<h3><strong>Ingredients<\/strong><\/h3>\n<p>Ausgesuchte Pflanzenwirkstoffe und nat\u00fcrliche \u00d6le sind die Grundlage unseres Cool Gels. Wichtige Inhaltsstoffe des Gels sind <strong>Koffein<\/strong>, <strong>Alge Laminaria Ochroleuca<\/strong>, Extrakte aus: <strong>Guarana<\/strong>, <strong>Birke<\/strong>, <strong>Horsetail<\/strong>, <strong>Dandelion<\/strong>, <strong>Seetang<\/strong> and <strong>Menthol<\/strong>. Diese Inhaltsstoffe entsprechen dem aktuellen Stand der Produktion, die angenehmen Parfumstoffe sind allesamt nat\u00fcrlichen Ursprungs. Die Produktion unserer Creme folgt regelm\u00e4\u00dfigen neuen wissenschaftlichen Erkenntnissen, die laufend in unsere Rezepturen einflie\u00dfen.<\/p>\n<h3><strong>Application<\/strong><\/h3>\n<p>Trage das <strong>Cello Gel cool slimming<\/strong> gleichm\u00e4\u00dfig von unten nach oben auf, anschlie\u00dfend mit der Body Wrapping Folie straff einwickeln. Beim Wickeln versuche, die Figur passend zu formen und zu straffen.<\/p>\n<p>Die Einwirkzeit betr\u00e4gt 30 bis 45 Minuten.<\/p>\n<h3><strong>Figure expert tip<\/strong><\/h3>\n<p>Nach dem Entfernen der Folie trage die <strong>Cello Cream Aloe Vera<\/strong> gleichm\u00e4\u00dfig auf. Diese ist zur Nachbehandlung und Abschlusspflege vorgesehen. Mit ihren ausgesuchten Pflanzenstoffen beruhigt und pflegt die Creme deine Haut und spendet ihr ausreichend Feuchtigkeit.<\/p>","protected":false},"excerpt":{"rendered":"<p>Ganz neu bei Shape-Line: Das Cello Gel cool slimming\u00a0ist besonders f\u00fcr hitzeempfindliche Damen und Herren kreiert worden. Auch bei Besenreisern<\/p>","protected":false},"featured_media":242202,"template":"","meta":[],"product_brand":[],"product_cat":[103,298,299],"product_tag":[],"class_list":{"0":"post-242188","1":"product","2":"type-product","3":"status-publish","4":"has-post-thumbnail","6":"product_cat-aktuelle-angebote","7":"product_cat-b2b_fgs","8":"product_cat-kabinenprodukte","10":"first","11":"instock","12":"taxable","13":"shipping-taxable","14":"product-type-simple"},"_links":{"self":[{"href":"https:\/\/shapeline.at\/en\/wp-json\/wp\/v2\/product\/242188","targetHints":{"allow":["GET"]}}],"collection":[{"href":"https:\/\/shapeline.at\/en\/wp-json\/wp\/v2\/product"}],"about":[{"href":"https:\/\/shapeline.at\/en\/wp-json\/wp\/v2\/types\/product"}],"version-history":[{"count":3,"href":"https:\/\/shapeline.at\/en\/wp-json\/wp\/v2\/product\/242188\/revisions"}],"predecessor-version":[{"id":242592,"href":"https:\/\/shapeline.at\/en\/wp-json\/wp\/v2\/product\/242188\/revisions\/242592"}],"wp:featuredmedia":[{"embeddable":true,"href":"https:\/\/shapeline.at\/en\/wp-json\/wp\/v2\/media\/242202"}],"wp:attachment":[{"href":"https:\/\/shapeline.at\/en\/wp-json\/wp\/v2\/media?parent=242188"}],"wp:term":[{"taxonomy":"product_brand","embeddable":true,"href":"https:\/\/shapeline.at\/en\/wp-json\/wp\/v2\/product_brand?post=242188"},{"taxonomy":"product_cat","embeddable":true,"href":"https:\/\/shapeline.at\/en\/wp-json\/wp\/v2\/product_cat?post=242188"},{"taxonomy":"product_tag","embeddable":true,"href":"https:\/\/shapeline.at\/en\/wp-json\/wp\/v2\/product_tag?post=242188"}],"curies":[{"name":"wp","href":"https:\/\/api.w.org\/{rel}","templated":true}]}}