{"id":16719,"date":"2023-07-28T15:36:04","date_gmt":"2023-07-28T15:36:04","guid":{"rendered":"https:\/\/shop.devepu.apollo.wpspace.me\/?page_id=16719"},"modified":"2025-06-25T17:15:47","modified_gmt":"2025-06-25T16:15:47","slug":"impresszum","status":"publish","type":"page","link":"https:\/\/shapeline.at\/hu\/impresszum\/","title":{"rendered":"Impresszum"},"content":{"rendered":"<div data-elementor-type=\"wp-page\" data-elementor-id=\"16719\" class=\"elementor elementor-16719\" data-elementor-post-type=\"page\">\n\t\t\t\t\t\t<section class=\"wd-negative-gap elementor-section elementor-top-section elementor-element elementor-element-3a0c4cf2 elementor-section-boxed elementor-section-height-default elementor-section-height-default\" data-id=\"3a0c4cf2\" data-element_type=\"section\" data-e-type=\"section\">\n\t\t\t\t\t\t<div class=\"elementor-container elementor-column-gap-default\">\n\t\t\t\t\t<div class=\"elementor-column elementor-col-100 elementor-top-column elementor-element elementor-element-4926af8\" data-id=\"4926af8\" data-element_type=\"column\" data-e-type=\"column\">\n\t\t\t<div class=\"elementor-widget-wrap elementor-element-populated\">\n\t\t\t\t\t\t<div class=\"elementor-element elementor-element-4a7a12b color-scheme-inherit text-left elementor-widget elementor-widget-text-editor\" data-id=\"4a7a12b\" data-element_type=\"widget\" data-e-type=\"widget\" data-widget_type=\"text-editor.default\">\n\t\t\t\t<div class=\"elementor-widget-container\">\n\t\t\t\t\t\t\t\t\t<p><strong>The Shape-Line Group GmbH<\/strong><br \/>Brausewettergasse 8<br \/>1220 B\u00e9cs<br \/>Ausztria<\/p><p><b>T:<\/b>\u00a0 \u00a0\u00a0 <a class=\"_ps2id __mPS2id\" href=\"tel:+432236251910\" data-ps2id-offset=\"\">+43 2236 251 91-0<\/a><br \/><b>M:\u00a0 \u00a0 <\/b><a href=\"mailto:office@shapeline.at\">office@shapeline.at<\/a><br \/><b>W:<\/b>\u00a0 \u00a0 <a href=\"https:\/\/shapeline.at\/hu\/\">www.shapeline.at<\/a><\/p><p><b>Teljes c\u00e9gn\u00e9v<\/b><br \/><span data-olk-copy-source=\"MessageBody\">The Shape-Line Group GmbH<\/span><\/p><p><b>A v\u00e1llalat helye<\/b><br \/>Brausewettergasse 8<br \/>1220 B\u00e9cs<br \/>Ausztria<\/p><p><b>H\u00c9A-sz\u00e1m<br \/><\/b><b><\/b>ATU72527205<\/p><p><b>Jogi forma<\/b><b><br \/><\/b>Ltd.<\/p><p><b>C\u00e9gjegyz\u00e9ksz\u00e1m<\/b><b><br \/><\/b>FN 476854g<\/p><p><b>Kereskedelmi b\u00edr\u00f3s\u00e1g<\/b><b><br \/><\/b>Kereskedelmi b\u00edr\u00f3s\u00e1g B\u00e9cs<\/p><p><b>Vezet\u0151\/jog\u00e1sz szem\u00e9ly<\/b><b><br \/><\/b>Lukas Hamberger<\/p><p><b>Kamarai hovatartoz\u00e1s<\/b><b><br \/><\/b>B\u00e9csi Kereskedelmi Kamara<\/p><p><u><\/u><b>A t\u00e1rsas\u00e1g c\u00e9lja<\/b><b><br \/><\/b>Figurast\u00fadi\u00f3k \u00fczemeltet\u00e9se \u00e9s kozmetikai term\u00e9kek nagykereskedelme a Shape-Line dep\u00f3 partnerei sz\u00e1m\u00e1ra.<\/p><p><span data-olk-copy-source=\"MessageBody\">The Shape-Line Group GmbH<\/span> beh\u00e4lt sich alle Urheberrechte an den Inhalten dieser Seite vor und \u00fcbernimmt keinerlei Haftung, Garantie oder Verantwortung f\u00fcr die Richtigkeit, Vollst\u00e4ndigkeit und Aktualit\u00e4t der Inhalte. Unerlaubtes Kopieren oder Verwenden von Inhalten dieser Website ist untersagt und bedarf der ausdr\u00fccklichen Genehmigung.<\/p><p><br \/><span data-olk-copy-source=\"MessageBody\">The Shape-Line Group GmbH<\/span> \u00fcbernimmt auch keine Haftung, Garantie oder Verantwortung f\u00fcr Inhalte auf von dieser Seite aus verlinkten Seiten. Aktualisierungen, \u00c4nderungen und Tippfehler vorbehalten.<\/p>\t\t\t\t\t\t\t\t<\/div>\n\t\t\t\t<\/div>\n\t\t\t\t\t<\/div>\n\t\t<\/div>\n\t\t\t\t\t<\/div>\n\t\t<\/section>\n\t\t\t\t<\/div>","protected":false},"excerpt":{"rendered":"<p>The Shape-Line Group GmbHBrausewettergasse 81220 Wien\u00d6sterreich T:\u00a0 \u00a0\u00a0 +43 2236 251 91-0M:\u00a0 \u00a0 office@shapeline.atW:\u00a0 \u00a0 www.shapeline.at Vollst\u00e4ndiger FirmennameThe Shape-Line Group<\/p>","protected":false},"author":1,"featured_media":0,"parent":0,"menu_order":0,"comment_status":"closed","ping_status":"closed","template":"","meta":{"footnotes":""},"class_list":["post-16719","page","type-page","status-publish","hentry"],"_links":{"self":[{"href":"https:\/\/shapeline.at\/hu\/wp-json\/wp\/v2\/pages\/16719","targetHints":{"allow":["GET"]}}],"collection":[{"href":"https:\/\/shapeline.at\/hu\/wp-json\/wp\/v2\/pages"}],"about":[{"href":"https:\/\/shapeline.at\/hu\/wp-json\/wp\/v2\/types\/page"}],"author":[{"embeddable":true,"href":"https:\/\/shapeline.at\/hu\/wp-json\/wp\/v2\/users\/1"}],"replies":[{"embeddable":true,"href":"https:\/\/shapeline.at\/hu\/wp-json\/wp\/v2\/comments?post=16719"}],"version-history":[{"count":44,"href":"https:\/\/shapeline.at\/hu\/wp-json\/wp\/v2\/pages\/16719\/revisions"}],"predecessor-version":[{"id":262549,"href":"https:\/\/shapeline.at\/hu\/wp-json\/wp\/v2\/pages\/16719\/revisions\/262549"}],"wp:attachment":[{"href":"https:\/\/shapeline.at\/hu\/wp-json\/wp\/v2\/media?parent=16719"}],"curies":[{"name":"wp","href":"https:\/\/api.w.org\/{rel}","templated":true}]}}