{"id":16720,"date":"2023-07-28T15:36:04","date_gmt":"2023-07-28T15:36:04","guid":{"rendered":"https:\/\/shop.devepu.apollo.wpspace.me\/?page_id=16720"},"modified":"2024-03-20T09:14:43","modified_gmt":"2024-03-20T08:14:43","slug":"shipping__delivery","status":"publish","type":"page","link":"https:\/\/shapeline.at\/hu\/shipping__delivery\/","title":{"rendered":"Sz\u00e1ll\u00edt\u00e1s \u00e9s k\u00e9zbes\u00edt\u00e9s"},"content":{"rendered":"<div data-elementor-type=\"wp-page\" data-elementor-id=\"16720\" class=\"elementor elementor-16720\" data-elementor-post-type=\"page\">\n\t\t\t\t\t\t<section class=\"wd-negative-gap elementor-section elementor-top-section elementor-element elementor-element-50364bfc elementor-section-boxed elementor-section-height-default elementor-section-height-default\" data-id=\"50364bfc\" data-element_type=\"section\" data-e-type=\"section\">\n\t\t\t\t\t\t<div class=\"elementor-container elementor-column-gap-default\">\n\t\t\t\t\t<div class=\"elementor-column elementor-col-50 elementor-top-column elementor-element elementor-element-68ccf38\" data-id=\"68ccf38\" data-element_type=\"column\" data-e-type=\"column\">\n\t\t\t<div class=\"elementor-widget-wrap elementor-element-populated\">\n\t\t\t\t\t\t<div class=\"elementor-element elementor-element-14c3043 elementor-widget elementor-widget-wd_image_or_svg\" data-id=\"14c3043\" data-element_type=\"widget\" data-e-type=\"widget\" data-widget_type=\"wd_image_or_svg.default\">\n\t\t\t\t<div class=\"elementor-widget-container\">\n\t\t\t\t\t\n\t\t<div class=\"wd-image text-center\">\n\t\t\t\t\t\t\t\t<img loading=\"lazy\" decoding=\"async\" width=\"2560\" height=\"1709\" src=\"https:\/\/shapeline.at\/wp-content\/uploads\/2023\/08\/iStock-612008590-scaled.jpg?wsr\" class=\"attachment-full size-full\" alt=\"\" srcset=\"https:\/\/shapeline.at\/wp-content\/uploads\/2023\/08\/iStock-612008590-scaled.jpg 2560w, https:\/\/shapeline.at\/wp-content\/uploads\/2023\/08\/iStock-612008590-400x267.jpg 400w, https:\/\/shapeline.at\/wp-content\/uploads\/2023\/08\/iStock-612008590-1199x800.jpg 1199w, https:\/\/shapeline.at\/wp-content\/uploads\/2023\/08\/iStock-612008590-768x513.jpg 768w, https:\/\/shapeline.at\/wp-content\/uploads\/2023\/08\/iStock-612008590-1536x1025.jpg 1536w, https:\/\/shapeline.at\/wp-content\/uploads\/2023\/08\/iStock-612008590-2048x1367.jpg 2048w, https:\/\/shapeline.at\/wp-content\/uploads\/2023\/08\/iStock-612008590-860x574.jpg 860w, https:\/\/shapeline.at\/wp-content\/uploads\/2023\/08\/iStock-612008590-430x287.jpg 430w, https:\/\/shapeline.at\/wp-content\/uploads\/2023\/08\/iStock-612008590-700x467.jpg 700w, https:\/\/shapeline.at\/wp-content\/uploads\/2023\/08\/iStock-612008590-150x100.jpg 150w\" sizes=\"auto, (max-width: 2560px) 100vw, 2560px\" \/>\t\t\t\t\t<\/div>\n\n\t\t\t\t\t\t<\/div>\n\t\t\t\t<\/div>\n\t\t\t\t\t<\/div>\n\t\t<\/div>\n\t\t\t\t<div class=\"elementor-column elementor-col-50 elementor-top-column elementor-element elementor-element-1fa6e6d5\" data-id=\"1fa6e6d5\" data-element_type=\"column\" data-e-type=\"column\">\n\t\t\t<div class=\"elementor-widget-wrap elementor-element-populated\">\n\t\t\t\t\t\t<div class=\"elementor-element elementor-element-20ebdefb color-scheme-inherit text-left elementor-widget elementor-widget-text-editor\" data-id=\"20ebdefb\" data-element_type=\"widget\" data-e-type=\"widget\" data-widget_type=\"text-editor.default\">\n\t\t\t\t<div class=\"elementor-widget-container\">\n\t\t\t\t\t\t\t\t\t<h3><strong>\u00c1rak, sz\u00e1ll\u00edt\u00e1si k\u00f6lts\u00e9gek \u00e9s sz\u00e1ll\u00edt\u00e1si inform\u00e1ci\u00f3k<\/strong><\/h3>\n<p>A term\u00e9koldalakon felt\u00fcntetett \u00e1rak tartalmazz\u00e1k az \u00c1FA-t \u00e9s egy\u00e9b \u00e1r\u00f6sszetev\u0151ket.<\/p>\n<p><strong>Az Eur\u00f3pai Uni\u00f3n bel\u00fcl \u00e9s Sv\u00e1jcba is sz\u00e1ll\u00edtunk.<\/strong><\/p>\n<p>A felt\u00fcntetett \u00e1rakon fel\u00fcl a sz\u00e1ll\u00edt\u00e1s\u00e9rt \u00e1tal\u00e1nyd\u00edjat sz\u00e1m\u00edtunk fel.<br>A sz\u00e1ll\u00edt\u00e1si k\u00f6lts\u00e9gekr\u0151l a kos\u00e1rrendszerben \u00e9s a rendel\u00e9s oldal\u00e1n egy\u00e9rtelm\u0171en t\u00e1j\u00e9koztatjuk \u00d6nt.<\/p>\n<p><strong>Sz\u00e1ll\u00edt\u00e1si k\u00f6lts\u00e9g Ausztria: 4,50 \u20ac<br><\/strong>Sz\u00e1ll\u00edt\u00e1si k\u00f6lts\u00e9g EU: 6,50 \u20ac<br>Sz\u00e1ll\u00edt\u00e1si k\u00f6lts\u00e9g Sv\u00e1jc: \u20ac 19,50<\/p>\n<p><strong>49,00 \u20ac rendel\u00e9si \u00e9rt\u00e9kt\u0151l ingyenesen sz\u00e1ll\u00edtunk Ausztri\u00e1ban.<br><\/strong>79,00 \u20ac rendel\u00e9si \u00e9rt\u00e9kt\u0151l az Eur\u00f3pai Uni\u00f3n bel\u00fcl ingyenesen sz\u00e1ll\u00edtunk.<br>99,00 \u20ac \u00e9rt\u00e9k\u0171 rendel\u00e9s eset\u00e9n ingyenesen sz\u00e1ll\u00edtunk Sv\u00e1jcba.<\/p>\n<p>Az ut\u00e1nv\u00e9tes fizet\u00e9s eset\u00e9n 4,- \u20ac p\u00f3td\u00edjat kell fizetni, amelyet a k\u00e9zbes\u00edt\u0151 a helysz\u00ednen sz\u00e1mol fel.<br>A digit\u00e1lis tartalmak (e-k\u00f6nyvek, szoftverek stb.) eset\u00e9ben nincs sz\u00e1ll\u00edt\u00e1si k\u00f6lts\u00e9g.<\/p>\t\t\t\t\t\t\t\t<\/div>\n\t\t\t\t<\/div>\n\t\t\t\t\t<\/div>\n\t\t<\/div>\n\t\t\t\t\t<\/div>\n\t\t<\/section>\n\t\t\t\t<\/div>","protected":false},"excerpt":{"rendered":"<p>\u00c1rak, sz\u00e1ll\u00edt\u00e1si k\u00f6lts\u00e9gek \u00e9s sz\u00e1ll\u00edt\u00e1si inform\u00e1ci\u00f3k A term\u00e9koldalakon felt\u00fcntetett \u00e1rak tartalmazz\u00e1k az \u00c1FA-t \u00e9s egy\u00e9b \u00e1r\u00f6sszetev\u0151ket. Sz\u00e1ll\u00edtunk a k\u00f6vetkez\u0151 orsz\u00e1gon bel\u00fcl<\/p>","protected":false},"author":1,"featured_media":0,"parent":0,"menu_order":0,"comment_status":"closed","ping_status":"closed","template":"","meta":{"footnotes":""},"class_list":["post-16720","page","type-page","status-publish","hentry"],"_links":{"self":[{"href":"https:\/\/shapeline.at\/hu\/wp-json\/wp\/v2\/pages\/16720","targetHints":{"allow":["GET"]}}],"collection":[{"href":"https:\/\/shapeline.at\/hu\/wp-json\/wp\/v2\/pages"}],"about":[{"href":"https:\/\/shapeline.at\/hu\/wp-json\/wp\/v2\/types\/page"}],"author":[{"embeddable":true,"href":"https:\/\/shapeline.at\/hu\/wp-json\/wp\/v2\/users\/1"}],"replies":[{"embeddable":true,"href":"https:\/\/shapeline.at\/hu\/wp-json\/wp\/v2\/comments?post=16720"}],"version-history":[{"count":47,"href":"https:\/\/shapeline.at\/hu\/wp-json\/wp\/v2\/pages\/16720\/revisions"}],"predecessor-version":[{"id":259205,"href":"https:\/\/shapeline.at\/hu\/wp-json\/wp\/v2\/pages\/16720\/revisions\/259205"}],"wp:attachment":[{"href":"https:\/\/shapeline.at\/hu\/wp-json\/wp\/v2\/media?parent=16720"}],"curies":[{"name":"wp","href":"https:\/\/api.w.org\/{rel}","templated":true}]}}