{"id":16724,"date":"2023-07-28T15:36:04","date_gmt":"2023-07-28T15:36:04","guid":{"rendered":"https:\/\/shop.devepu.apollo.wpspace.me\/?page_id=16724"},"modified":"2023-12-31T11:42:27","modified_gmt":"2023-12-31T11:42:27","slug":"fizetesi-modok","status":"publish","type":"page","link":"https:\/\/shapeline.at\/hu\/fizetesi-modok\/","title":{"rendered":"Fizet\u00e9si m\u00f3dok"},"content":{"rendered":"\t\t<div data-elementor-type=\"wp-page\" data-elementor-id=\"16724\" class=\"elementor elementor-16724\" data-elementor-post-type=\"page\">\n\t\t\t\t\t\t<section class=\"wd-negative-gap elementor-section elementor-top-section elementor-element elementor-element-41e0ace3 elementor-section-boxed elementor-section-height-default elementor-section-height-default\" data-id=\"41e0ace3\" data-element_type=\"section\" data-e-type=\"section\">\n\t\t\t\t\t\t<div class=\"elementor-container elementor-column-gap-default\">\n\t\t\t\t\t<div class=\"elementor-column elementor-col-100 elementor-top-column elementor-element elementor-element-562131fa\" data-id=\"562131fa\" data-element_type=\"column\" data-e-type=\"column\">\n\t\t\t<div class=\"elementor-widget-wrap elementor-element-populated\">\n\t\t\t\t\t\t<div class=\"elementor-element elementor-element-5cab101a color-scheme-inherit text-left elementor-widget elementor-widget-text-editor\" data-id=\"5cab101a\" data-element_type=\"widget\" data-e-type=\"widget\" data-widget_type=\"text-editor.default\">\n\t\t\t\t<div class=\"elementor-widget-container\">\n\t\t\t\t\t\t\t\t\t<p><strong>Zahlungsarten<\/strong><\/p><p>Wir bieten Dir folgende Zahlungsarten an. Suche einfach die f\u00fcr Dich optimale Zahlart aus. Die Versandkosten sind teilweise abh\u00e4ngig von der gew\u00e4hlten Zahlungsart. Die in den jeweiligen Angeboten angef\u00fchrten Preise stellen Endpreise dar. Sie beinhalten alle Preisbestandteile einschlie\u00dflich etwaig anfallender Steuern wie Mehrwertsteuer. Nur bei grenz\u00fcberschreitender Lieferung k\u00f6nnen im Einzelfall weitere Steuern (z.B. im Falle eines innergemeinschaftlichen Erwerbs) und\/oder Abgaben (z.B. Z\u00f6lle) von Dir zu zahlen sein, jedoch nicht an den Verk\u00e4ufer, sondern an die dort zust\u00e4ndigen Zoll- bzw. Steuerbeh\u00f6rden. Die anfallenden Liefer- und Versandkosten sind nicht im Kaufpreis enthalten, sie sind \u00fcber die Seite \u201eVersandkosten\u201c aufrufbar, werden im Laufe des Bestellvorganges gesondert ausgewiesen und sind von Dir zus\u00e4tzlich zu tragen.<\/p><p><em><strong>Nachnahme<\/strong><\/em><\/p><p>Bitte halte den Rechnungsbetrag bereit, der Zusteller kassiert bei Lieferung in bar. Es fallen zus\u00e4tzlich [4,- EUR Nachnahmegeb\u00fchren] an, die direkt an den Paketzusteller zu entrichten sind.<\/p><p><em><strong>Kreditkarte<\/strong><\/em><\/p><p>Zahle ganz einfach per Kreditkarte.<\/p><p><em><strong>PayPal<\/strong><\/em><\/p><p>Noch schneller und sicherer bezahlen mit Deinem PayPal-Konto.<\/p><p><em><strong>Vorkasse<\/strong><\/em><\/p><p>Bitte \u00fcberweise den Gesamtbetrag Deiner Bestellung auf unser Konto:<\/p><p>Kontoinhaber: Shape-Line Figurstudio GmbH<br \/>Kreditinstitut: Sparkasse Nieder\u00f6sterreich<br \/>IBAN: AT08 2025 6000 0063 7652<br \/>BIC\/SWIFT: SPSPAT21XXX<\/p><p><em><strong>Barzahlung<\/strong><\/em><\/p><p>Bestelle online und holen Deine Bestellung bei uns in unserer <a href=\"https:\/\/shapeline.at\/kontakt\/\">Zentrale<\/a> ab:<\/p><p><em><strong>Apple Pay<\/strong><\/em><\/p><p>Zahle sicher und schnell mit Apple Pay. Nur in Verbindung mit Apple Endger\u00e4ten m\u00f6glich.<\/p><p><em><strong>Klarna\/Sofort\u00fcberweisung<\/strong><\/em><\/p><p>Mit Klarna kannst Du Deine Bestellungen ganz einfach per Sofort\u00fcberweisung, Lastschrift oder Kreditkarte sofort bezahlen. Auch sp\u00e4ter bezahlen ist m\u00f6glich, Du hast 30 Tage Zeit, Deine Rechnung zu begleichen. Per 1-Klick m\u00f6glich.<\/p><p><em><strong>EPS<\/strong><\/em><\/p><p>Zahle sicher und schnell mit EPS, dem \u00f6sterreichischen Online-Bezahlverfahren.<\/p><p><em><strong>Giropay<\/strong><\/em><\/p><p>Zahle sicher und schnell mit Giropay, dem Online-Bezahlverfahren Deiner Sparkasse und der deutschen Banken.<\/p>\t\t\t\t\t\t\t\t<\/div>\n\t\t\t\t<\/div>\n\t\t\t\t\t<\/div>\n\t\t<\/div>\n\t\t\t\t\t<\/div>\n\t\t<\/section>\n\t\t\t\t<\/div>\n\t\t","protected":false},"excerpt":{"rendered":"<p>Fizet\u00e9si m\u00f3dok A k\u00f6vetkez\u0151 fizet\u00e9si m\u00f3dokat k\u00edn\u00e1ljuk. Egyszer\u0171en v\u00e1lassza ki az \u00d6nnek legmegfelel\u0151bb fizet\u00e9si m\u00f3dot. A sz\u00e1ll\u00edt\u00e1si k\u00f6lts\u00e9gek r\u00e9szben a k\u00f6vetkez\u0151kt\u0151l f\u00fcggnek<\/p>","protected":false},"author":1,"featured_media":0,"parent":0,"menu_order":0,"comment_status":"closed","ping_status":"closed","template":"","meta":{"footnotes":""},"class_list":["post-16724","page","type-page","status-publish","hentry"],"_links":{"self":[{"href":"https:\/\/shapeline.at\/hu\/wp-json\/wp\/v2\/pages\/16724","targetHints":{"allow":["GET"]}}],"collection":[{"href":"https:\/\/shapeline.at\/hu\/wp-json\/wp\/v2\/pages"}],"about":[{"href":"https:\/\/shapeline.at\/hu\/wp-json\/wp\/v2\/types\/page"}],"author":[{"embeddable":true,"href":"https:\/\/shapeline.at\/hu\/wp-json\/wp\/v2\/users\/1"}],"replies":[{"embeddable":true,"href":"https:\/\/shapeline.at\/hu\/wp-json\/wp\/v2\/comments?post=16724"}],"version-history":[{"count":8,"href":"https:\/\/shapeline.at\/hu\/wp-json\/wp\/v2\/pages\/16724\/revisions"}],"predecessor-version":[{"id":243895,"href":"https:\/\/shapeline.at\/hu\/wp-json\/wp\/v2\/pages\/16724\/revisions\/243895"}],"wp:attachment":[{"href":"https:\/\/shapeline.at\/hu\/wp-json\/wp\/v2\/media?parent=16724"}],"curies":[{"name":"wp","href":"https:\/\/api.w.org\/{rel}","templated":true}]}}