{"id":241928,"date":"2023-09-13T19:52:45","date_gmt":"2023-09-13T19:52:45","guid":{"rendered":"https:\/\/shop.devepu.apollo.wpspace.me\/?page_id=241928"},"modified":"2024-01-11T10:04:56","modified_gmt":"2024-01-11T09:04:56","slug":"bodyforming","status":"publish","type":"page","link":"https:\/\/shapeline.at\/hu\/program\/bodyforming\/","title":{"rendered":"Testform\u00e1l\u00e1s"},"content":{"rendered":"<div data-elementor-type=\"wp-page\" data-elementor-id=\"241928\" class=\"elementor elementor-241928\" data-elementor-post-type=\"page\">\n\t\t\t\t<div class=\"wd-negative-gap elementor-element elementor-element-0f9b587 e-flex e-con-boxed e-con e-parent\" data-id=\"0f9b587\" data-element_type=\"container\" data-e-type=\"container\">\n\t\t\t\t\t<div class=\"e-con-inner\">\n\t\t\t\t<div class=\"elementor-element elementor-element-6ebdbec wd-width-100 elementor-widget elementor-widget-wd_title\" data-id=\"6ebdbec\" data-element_type=\"widget\" data-e-type=\"widget\" data-widget_type=\"wd_title.default\">\n\t\t\t\t<div class=\"elementor-widget-container\">\n\t\t\t\t\t\t\t<div class=\"title-wrapper wd-set-mb reset-last-child wd-title-color-default wd-title-style-default wd-title-size-default text-center\">\n\n\t\t\t\n\t\t\t<div class=\"liner-continer\">\n\t\t\t\t<h4 class=\"woodmart-title-container title wd-fontsize-l\">Becsomagolva, modellezve, egyszer\u0171en gy\u00f6ny\u00f6r\u0171...<\/h4> \n\t\t\t\t\t\t\t<\/div>\n\n\t\t\t\t\t<\/div>\n\t\t\t\t\t\t<\/div>\n\t\t\t\t<\/div>\n\t\t\t\t<div class=\"elementor-element elementor-element-1a915ec elementor-widget elementor-widget-wd_text_block\" data-id=\"1a915ec\" data-element_type=\"widget\" data-e-type=\"widget\" data-widget_type=\"wd_text_block.default\">\n\t\t\t\t<div class=\"elementor-widget-container\">\n\t\t\t\t\t\t\t<div class=\"wd-text-block reset-last-child text-left\">\n\t\t\t\n\t\t\t<p style=\"text-align: center;\">Ak\u00e1r\u00a0<a href=\"https:\/\/shapeline.at\/hu\/program\/abra-tipusok\/#melone\">lapos has<\/a>,\u00a0<a href=\"https:\/\/shapeline.at\/hu\/program\/abra-tipusok\/#apfel\">karcs\u00fa l\u00e1bak<\/a><em>,\u00a0<\/em><a href=\"https:\/\/shapeline.at\/hu\/program\/abra-tipusok\/#stick\">keskeny cs\u00edp\u0151<\/a>\u00a0vagy\u00a0<a href=\"https:\/\/shapeline.at\/hu\/program\/abra-tipusok\/#birne\">sima combok<\/a>A Shape-Line testform\u00e1l\u00f3 kezel\u00e9seivel b\u00e1rmi lehets\u00e9ges.<br \/>A Shape-Line alakszak\u00e9rt\u0151je az \u00d6n alakelemz\u00e9se \u00e9s szem\u00e9lyes k\u00edv\u00e1ns\u00e1gai alapj\u00e1n aj\u00e1nlja az \u00d6n szem\u00e9lyre szabott, szem\u00e9lyre szabott sz\u00e9p\u00edt\u0151szer\u00e9t.<\/p><p style=\"text-align: center;\"><em><a href=\"https:\/\/shapeline.at\/hu\/program\/mezolizis-kezeles\/\"><strong>\u00d6sszehasonl\u00edthatatlanul hat\u00e9kony: MESOLYSE, a csodafegyver a sima nyak\u00e9rt \u00e9s a feszes dekolt\u00e1zs\u00e9rt.<\/strong><\/a><\/em><\/p><p style=\"text-align: center;\"><a href=\"https:\/\/shapeline.at\/hu\/program\/bodyforming\/#testpreis\"><strong>Mert a saj\u00e1t b\u0151r\u00f6d\u00f6n kell megtapasztalnod...<br \/>Tegye meg az els\u0151 l\u00e9p\u00e9st most, \u00e9s k\u00e9rjen id\u0151pontot kedvenc st\u00fadi\u00f3j\u00e1ban.<\/strong><\/a><\/p>\n\t\t\t\t\t<\/div>\n\t\t\t\t\t\t<\/div>\n\t\t\t\t<\/div>\n\t\t\t\t\t<\/div>\n\t\t\t\t<\/div>\n\t\t<div class=\"wd-negative-gap elementor-element elementor-element-86fb499 e-flex e-con-boxed e-con e-parent\" data-id=\"86fb499\" data-element_type=\"container\" data-e-type=\"container\">\n\t\t\t\t\t<div class=\"e-con-inner\">\n\t\t\t\t<div class=\"elementor-element elementor-element-0bff9eb wd-width-100 elementor-widget elementor-widget-wd_title\" data-id=\"0bff9eb\" data-element_type=\"widget\" data-e-type=\"widget\" data-widget_type=\"wd_title.default\">\n\t\t\t\t<div class=\"elementor-widget-container\">\n\t\t\t\t\t\t\t<div class=\"title-wrapper wd-set-mb reset-last-child wd-title-color-default wd-title-style-default wd-title-size-default text-center\">\n\n\t\t\t\t\t\t\t\t\t\t\t<div class=\"title-subtitle subtitle-color-default subtitle-style-default wd-fontsize-xs\">\n\t\t\t\t\tFeszes\u00edt\u0151, sim\u00edt\u00f3, modellez\u0151, m\u00e9regtelen\u00edt\u0151 \u00e9s m\u00e9g sok m\u00e1s.\t\t\t\t<\/div>\n\t\t\t\n\t\t\t<div class=\"liner-continer\">\n\t\t\t\t<h4 class=\"woodmart-title-container title wd-fontsize-l\">Testre szabott testkezel\u00e9seink<\/h4> \n\t\t\t\t\t\t\t<\/div>\n\n\t\t\t\t\t<\/div>\n\t\t\t\t\t\t<\/div>\n\t\t\t\t<\/div>\n\t\t\t\t<div class=\"elementor-element elementor-element-536efa4 elementor-widget elementor-widget-wd_text_block\" data-id=\"536efa4\" data-element_type=\"widget\" data-e-type=\"widget\" data-widget_type=\"wd_text_block.default\">\n\t\t\t\t<div class=\"elementor-widget-container\">\n\t\t\t\t\t\t\t<div class=\"wd-text-block reset-last-child text-left\">\n\t\t\t\n\t\t\t<p style=\"text-align: center;\">A t\u00edpusnak megfelel\u0151 testkezel\u00e9sekkel minden lehets\u00e9ges.<br \/>Alak\u00edtsa alakj\u00e1t \u00e9s fogyjon!<\/p>\n\t\t\t\t\t<\/div>\n\t\t\t\t\t\t<\/div>\n\t\t\t\t<\/div>\n\t\t\t\t\t<\/div>\n\t\t\t\t<\/div>\n\t\t<div class=\"wd-negative-gap elementor-element elementor-element-4eb0306 e-flex e-con-boxed e-con e-parent\" data-id=\"4eb0306\" data-element_type=\"container\" data-e-type=\"container\">\n\t\t\t\t\t<div class=\"e-con-inner\">\n\t\t\t\t<div class=\"elementor-element elementor-element-fd79751 elementor-widget elementor-widget-heading\" data-id=\"fd79751\" data-element_type=\"widget\" data-e-type=\"widget\" data-widget_type=\"heading.default\">\n\t\t\t\t<div class=\"elementor-widget-container\">\n\t\t\t\t\t<h2 class=\"elementor-heading-title elementor-size-default\">Tesztelj most!<\/h2>\t\t\t\t<\/div>\n\t\t\t\t<\/div>\n\t\t\t\t<div class=\"elementor-element elementor-element-42806e2 elementor-widget elementor-widget-wd_text_block\" data-id=\"42806e2\" data-element_type=\"widget\" data-e-type=\"widget\" data-widget_type=\"wd_text_block.default\">\n\t\t\t\t<div class=\"elementor-widget-container\">\n\t\t\t\t\t\t\t<div class=\"wd-text-block reset-last-child text-left\">\n\t\t\t\n\t\t\t<p style=\"text-align: center;\">Szervezzen id\u0151pontot egy tesztel\u00e9sre most azonnal az egyik <a id=\"studio-ihrer-wahl-bodyshapen-inline\" href=\"https:\/\/shapeline.at\/hu\/studiok\/\">Az \u00d6n \u00e1ltal v\u00e1lasztott st\u00fadi\u00f3<\/a><br \/>Ingyenes alakelemz\u00e9st kap!<br \/>Egy\u00e9nileg adunk \u00d6nnek tan\u00e1csot, \u00e9s k\u00e9r\u00e9sre sz\u00edvesen \u00f6ssze\u00e1ll\u00edtunk egy szem\u00e9lyre szabott testform\u00e1l\u00f3 programot.<\/p>\n\t\t\t\t\t<\/div>\n\t\t\t\t\t\t<\/div>\n\t\t\t\t<\/div>\n\t\t\t\t\t<\/div>\n\t\t\t\t<\/div>\n\t\t<div class=\"wd-negative-gap elementor-element elementor-element-ca23796 e-flex e-con-boxed e-con e-child\" data-id=\"ca23796\" data-element_type=\"container\" data-e-type=\"container\">\n\t\t\t\t\t<div class=\"e-con-inner\">\n\t\t<div class=\"wd-negative-gap elementor-element elementor-element-8169b39 e-flex e-con-boxed e-con e-child\" data-id=\"8169b39\" data-element_type=\"container\" data-e-type=\"container\">\n\t\t\t\t\t<div class=\"e-con-inner\">\n\t\t\t\t<div class=\"elementor-element elementor-element-0224faf wd-width-100 elementor-widget elementor-widget-wd_title\" data-id=\"0224faf\" data-element_type=\"widget\" data-e-type=\"widget\" data-widget_type=\"wd_title.default\">\n\t\t\t\t<div class=\"elementor-widget-container\">\n\t\t\t\t\t\t\t<div class=\"title-wrapper wd-set-mb reset-last-child wd-title-color-default wd-title-style-default wd-title-size-default text-center\">\n\n\t\t\t\t\t\t\t\t\t\t\t<div class=\"title-subtitle subtitle-color-default subtitle-style-default wd-fontsize-xs\">\n\t\t\t\t\t\u00c1bra korrekci\u00f3, fenntarthat\u00f3 \u00e9s \u00e1lland\u00f3\t\t\t\t<\/div>\n\t\t\t\n\t\t\t<div class=\"liner-continer\">\n\t\t\t\t<h4 class=\"woodmart-title-container title wd-fontsize-l\">Emel\u0151k, tekercsek \u00e9s olvaszt\u00f3szalagok<\/h4> \n\t\t\t\t\t\t\t<\/div>\n\n\t\t\t\t\t\t\t<div class=\"title-after_title reset-last-child wd-fontsize-xs\">\n\t\t\t\t\t<p>Hat\u00e9kony int\u00e9zked\u00e9sek a has \u00e9s a cs\u00edp\u0151 nem k\u00edv\u00e1nt zs\u00edrlerak\u00f3d\u00e1sai ellen<br \/>vagy a fen\u00e9k megereszkedett ter\u00fcletei ellen, <br \/>Combok \u00e9s felkarok.<br \/>Az \u00d6n alkatt\u00edpus\u00e1ra szabott, a<br \/>A Shape-Line szak\u00e9rt\u0151 sz\u00e1mos f\u0171t\u00e9si lehet\u0151s\u00e9get k\u00edn\u00e1l,<br \/>szil\u00e1rd\u00edt\u00e1s vagy h\u0171t\u00e9s<br \/>csomagol\u00e1s \u00e9s az olvaszt\u00f3szalagok \u00faj\u00edt\u00e1sa,<br \/>amelyek \u00f3r\u00e1nk\u00e9nt ak\u00e1r 1000 kcal-t is el\u00e9getnek.\u00a0\u00a0<\/p>\t\t\t\t<\/div>\n\t\t\t\t\t<\/div>\n\t\t\t\t\t\t<\/div>\n\t\t\t\t<\/div>\n\t\t\t\t\t<\/div>\n\t\t\t\t<\/div>\n\t\t<div class=\"wd-negative-gap elementor-element elementor-element-b9d77ff e-flex e-con-boxed e-con e-child\" data-id=\"b9d77ff\" data-element_type=\"container\" data-e-type=\"container\">\n\t\t\t\t\t<div class=\"e-con-inner\">\n\t\t\t\t<div class=\"elementor-element elementor-element-368cdbf elementor-widget elementor-widget-wd_image_or_svg\" data-id=\"368cdbf\" data-element_type=\"widget\" data-e-type=\"widget\" data-widget_type=\"wd_image_or_svg.default\">\n\t\t\t\t<div class=\"elementor-widget-container\">\n\t\t\t\t\t\n\t\t<div class=\"wd-image text-left\">\n\t\t\t\t\t\t\t\t<img loading=\"lazy\" decoding=\"async\" width=\"731\" height=\"1024\" src=\"https:\/\/shapeline.at\/wp-content\/uploads\/2023\/09\/Shapeline-Slim-Booster-1.jpg?wsr\" class=\"attachment-full size-full\" alt=\"\" srcset=\"https:\/\/shapeline.at\/wp-content\/uploads\/2023\/09\/Shapeline-Slim-Booster-1.jpg 731w, https:\/\/shapeline.at\/wp-content\/uploads\/2023\/09\/Shapeline-Slim-Booster-1-214x300.jpg 214w, https:\/\/shapeline.at\/wp-content\/uploads\/2023\/09\/Shapeline-Slim-Booster-1-571x800.jpg 571w, https:\/\/shapeline.at\/wp-content\/uploads\/2023\/09\/Shapeline-Slim-Booster-1-430x602.jpg 430w, https:\/\/shapeline.at\/wp-content\/uploads\/2023\/09\/Shapeline-Slim-Booster-1-700x981.jpg 700w, https:\/\/shapeline.at\/wp-content\/uploads\/2023\/09\/Shapeline-Slim-Booster-1-150x210.jpg 150w\" sizes=\"auto, (max-width: 731px) 100vw, 731px\" \/>\t\t\t\t\t<\/div>\n\n\t\t\t\t\t\t<\/div>\n\t\t\t\t<\/div>\n\t\t\t\t\t<\/div>\n\t\t\t\t<\/div>\n\t\t<div class=\"wd-negative-gap elementor-element elementor-element-7465f18 e-flex e-con-boxed e-con e-child\" data-id=\"7465f18\" data-element_type=\"container\" data-e-type=\"container\">\n\t\t\t\t\t<div class=\"e-con-inner\">\n\t\t\t\t<div class=\"elementor-element elementor-element-3662b43 wd-width-100 elementor-widget elementor-widget-wd_title\" data-id=\"3662b43\" data-element_type=\"widget\" data-e-type=\"widget\" data-widget_type=\"wd_title.default\">\n\t\t\t\t<div class=\"elementor-widget-container\">\n\t\t\t\t\t\t\t<div class=\"title-wrapper wd-set-mb reset-last-child wd-title-color-default wd-title-style-default wd-title-size-default text-center\">\n\n\t\t\t\t\t\t\t\t\t\t\t<div class=\"title-subtitle subtitle-color-default subtitle-style-default wd-fontsize-xs\">\n\t\t\t\t\tZs\u00edrsejtek olvaszt\u00e1sa vagy fagyaszt\u00e1sa t\u0171pontos pontoss\u00e1ggal\t\t\t\t<\/div>\n\t\t\t\n\t\t\t<div class=\"liner-continer\">\n\t\t\t\t<h4 class=\"woodmart-title-container title wd-fontsize-l\">Lipo-Fagyaszt\u00f3 \u00e9s <br \/>\nSlim-Booster<\/h4> \n\t\t\t\t\t\t\t<\/div>\n\n\t\t\t\t\t<\/div>\n\t\t\t\t\t\t<\/div>\n\t\t\t\t<\/div>\n\t\t\t\t<div class=\"elementor-element elementor-element-8a39c25 elementor-widget elementor-widget-wd_text_block\" data-id=\"8a39c25\" data-element_type=\"widget\" data-e-type=\"widget\" data-widget_type=\"wd_text_block.default\">\n\t\t\t\t<div class=\"elementor-widget-container\">\n\t\t\t\t\t\t\t<div class=\"wd-text-block reset-last-child text-left\">\n\t\t\t\n\t\t\t<p><a href=\"https:\/\/shapeline.at\/hu\/lipo-fagyaszto\/\"><strong>LIPO-FREEZER<\/strong>\u00a0<\/a>Hidegkezel\u00e9s a tart\u00f3s zs\u00edr\u00e9get\u00e9s\u00e9rt. A zs\u00edrsejtek z\u00f3n\u00e1nk\u00e9nt \u00e1talakulnak. Az inert feh\u00e9r zs\u00edrsz\u00f6vet nem pusztul el, hanem 0,6 \u00b0C-on akt\u00edv barna zs\u00edrsz\u00f6vett\u00e9 alakul \u00e1t. Ez a friss barna zs\u00edr nagy \u00e9get\u0151er\u0151t gener\u00e1l, amely megolvasztja a feh\u00e9r rakt\u00e1roz\u00f3 zs\u00edrt.<\/p>\n\t\t\t\t\t<\/div>\n\t\t\t\t\t\t<\/div>\n\t\t\t\t<\/div>\n\t\t\t\t<div class=\"elementor-element elementor-element-37225f2 elementor-widget elementor-widget-wd_text_block\" data-id=\"37225f2\" data-element_type=\"widget\" data-e-type=\"widget\" data-widget_type=\"wd_text_block.default\">\n\t\t\t\t<div class=\"elementor-widget-container\">\n\t\t\t\t\t\t\t<div class=\"wd-text-block reset-last-child text-left\">\n\t\t\t\n\t\t\t<p><a href=\"https:\/\/shapeline.at\/hu\/karcsu-erosito\/\"><strong>SLIM-BOOSTER<\/strong><\/a> a var\u00e1zssz\u00f3, amely helyben elt\u00fcnteti a zs\u00edrp\u00e1rn\u00e1kat. Az er\u0151sen f\u00e9nyt\u00f6r\u0151, f\u00f3kusz\u00e1lt f\u00e9ny (nanotechnol\u00f3gia) seg\u00edts\u00e9g\u00e9vel a zs\u00edrsejtek sz\u00f3 szerint megolvadnak. A f\u00f3kusz\u00e1lt, bees\u0151 f\u00e9nyrezonancia c\u00e9lja a felpuffadt zs\u00edrsejtek m\u00e9ret\u00e9nek cs\u00f6kkent\u00e9se.\u00a0<\/p>\n\t\t\t\t\t<\/div>\n\t\t\t\t\t\t<\/div>\n\t\t\t\t<\/div>\n\t\t\t\t\t<\/div>\n\t\t\t\t<\/div>\n\t\t\t\t\t<\/div>\n\t\t\t\t<\/div>\n\t\t<div class=\"wd-negative-gap elementor-element elementor-element-dcd66c9 e-flex e-con-boxed e-con e-child\" data-id=\"dcd66c9\" data-element_type=\"container\" data-e-type=\"container\">\n\t\t\t\t\t<div class=\"e-con-inner\">\n\t\t<div class=\"wd-negative-gap elementor-element elementor-element-26d8d90 e-flex e-con-boxed e-con e-child\" data-id=\"26d8d90\" data-element_type=\"container\" data-e-type=\"container\">\n\t\t\t\t\t<div class=\"e-con-inner\">\n\t\t\t\t<div class=\"elementor-element elementor-element-fa239d5 elementor-widget elementor-widget-wd_image_or_svg\" data-id=\"fa239d5\" data-element_type=\"widget\" data-e-type=\"widget\" data-widget_type=\"wd_image_or_svg.default\">\n\t\t\t\t<div class=\"elementor-widget-container\">\n\t\t\t\t\t\n\t\t<div class=\"wd-image text-left\">\n\t\t\t\t\t\t\t\t<img loading=\"lazy\" decoding=\"async\" width=\"688\" height=\"1024\" src=\"https:\/\/shapeline.at\/wp-content\/uploads\/2023\/09\/Shapeline-Wickel.jpg?wsr\" class=\"attachment-full size-full\" alt=\"\" srcset=\"https:\/\/shapeline.at\/wp-content\/uploads\/2023\/09\/Shapeline-Wickel.jpg 688w, https:\/\/shapeline.at\/wp-content\/uploads\/2023\/09\/Shapeline-Wickel-202x300.jpg 202w, https:\/\/shapeline.at\/wp-content\/uploads\/2023\/09\/Shapeline-Wickel-538x800.jpg 538w, https:\/\/shapeline.at\/wp-content\/uploads\/2023\/09\/Shapeline-Wickel-430x640.jpg 430w, https:\/\/shapeline.at\/wp-content\/uploads\/2023\/09\/Shapeline-Wickel-150x223.jpg 150w\" sizes=\"auto, (max-width: 688px) 100vw, 688px\" \/>\t\t\t\t\t<\/div>\n\n\t\t\t\t\t\t<\/div>\n\t\t\t\t<\/div>\n\t\t\t\t\t<\/div>\n\t\t\t\t<\/div>\n\t\t<div class=\"wd-negative-gap elementor-element elementor-element-55b7d9b e-flex e-con-boxed e-con e-child\" data-id=\"55b7d9b\" data-element_type=\"container\" data-e-type=\"container\">\n\t\t\t\t\t<div class=\"e-con-inner\">\n\t\t\t\t<div class=\"elementor-element elementor-element-041038f wd-width-100 elementor-widget elementor-widget-wd_title\" data-id=\"041038f\" data-element_type=\"widget\" data-e-type=\"widget\" data-widget_type=\"wd_title.default\">\n\t\t\t\t<div class=\"elementor-widget-container\">\n\t\t\t\t\t\t\t<div class=\"title-wrapper wd-set-mb reset-last-child wd-title-color-default wd-title-style-default wd-title-size-default text-center\">\n\n\t\t\t\t\t\t\t\t\t\t\t<div class=\"title-subtitle subtitle-color-default subtitle-style-default wd-fontsize-xs\">\n\t\t\t\t\tA probl\u00e9m\u00e1s ter\u00fcletek c\u00e9lzott modellez\u00e9se\t\t\t\t<\/div>\n\t\t\t\n\t\t\t<div class=\"liner-continer\">\n\t\t\t\t<h4 class=\"woodmart-title-container title wd-fontsize-l\">Modellez\u00e9s<\/h4> \n\t\t\t\t\t\t\t<\/div>\n\n\t\t\t\t\t\t\t<div class=\"title-after_title reset-last-child wd-fontsize-xs\">\n\t\t\t\t\t<p>Modellez\u00e9s stimul\u00e1l\u00f3 sikl\u00f3hull\u00e1mokkal<br \/>vagy c\u00e9lzott nyom\u00e1shull\u00e1mok<br \/>Az \u00d6n k\u00edv\u00e1ns\u00e1gait\u00f3l f\u00fcgg\u0151en haszn\u00e1lhat\u00f3k hascs\u00f6kkent\u00e9sre, cellulit elleni kezel\u00e9sre vagy<br \/>A duzzadt l\u00e1bak kezel\u00e9se<br \/>haszn\u00e1lhat\u00f3.<\/p>\t\t\t\t<\/div>\n\t\t\t\t\t<\/div>\n\t\t\t\t\t\t<\/div>\n\t\t\t\t<\/div>\n\t\t\t\t<div class=\"elementor-element elementor-element-eb02789 elementor-icon-list--layout-traditional elementor-list-item-link-full_width elementor-widget elementor-widget-icon-list\" data-id=\"eb02789\" data-element_type=\"widget\" data-e-type=\"widget\" data-widget_type=\"icon-list.default\">\n\t\t\t\t<div class=\"elementor-widget-container\">\n\t\t\t\t\t\t\t<ul class=\"elementor-icon-list-items\">\n\t\t\t\t\t\t\t<li class=\"elementor-icon-list-item\">\n\t\t\t\t\t\t\t\t\t\t\t<span class=\"elementor-icon-list-icon\">\n\t\t\t\t\t\t\t<i aria-hidden=\"true\" class=\"fas fa-dice-d20\"><\/i>\t\t\t\t\t\t<\/span>\n\t\t\t\t\t\t\t\t\t\t<span class=\"elementor-icon-list-text\"><b>Cellu-Massz\u00e1zs:<\/b><br>Tart\u00f3san kisim\u00edtja a cellulit g\u00f6dr\u00f6csk\u00e9ket<\/span>\n\t\t\t\t\t\t\t\t\t<\/li>\n\t\t\t\t\t\t\t\t<li class=\"elementor-icon-list-item\">\n\t\t\t\t\t\t\t\t\t\t\t<span class=\"elementor-icon-list-icon\">\n\t\t\t\t\t\t\t<i aria-hidden=\"true\" class=\"fas fa-dice-d20\"><\/i>\t\t\t\t\t\t<\/span>\n\t\t\t\t\t\t\t\t\t\t<span class=\"elementor-icon-list-text\"><b>Limfamodellez\u00e9s:<\/b><br>Enyh\u00edti a t\u00e9rd \u00e9s a boka duzzanat\u00e1t<\/span>\n\t\t\t\t\t\t\t\t\t<\/li>\n\t\t\t\t\t\t\t\t<li class=\"elementor-icon-list-item\">\n\t\t\t\t\t\t\t\t\t\t\t<span class=\"elementor-icon-list-icon\">\n\t\t\t\t\t\t\t<i aria-hidden=\"true\" class=\"fas fa-dice-d20\"><\/i>\t\t\t\t\t\t<\/span>\n\t\t\t\t\t\t\t\t\t\t<span class=\"elementor-icon-list-text\"><b>Hasi modellez\u00e9s:<\/b><br>Belly-Way program azonnali hat\u00e1llyal<\/span>\n\t\t\t\t\t\t\t\t\t<\/li>\n\t\t\t\t\t\t<\/ul>\n\t\t\t\t\t\t<\/div>\n\t\t\t\t<\/div>\n\t\t\t\t\t<\/div>\n\t\t\t\t<\/div>\n\t\t<div class=\"wd-negative-gap elementor-element elementor-element-390349b e-flex e-con-boxed e-con e-child\" data-id=\"390349b\" data-element_type=\"container\" data-e-type=\"container\">\n\t\t\t\t\t<div class=\"e-con-inner\">\n\t\t\t\t<div class=\"elementor-element elementor-element-a0afe42 elementor-widget elementor-widget-wd_image_or_svg\" data-id=\"a0afe42\" data-element_type=\"widget\" data-e-type=\"widget\" data-widget_type=\"wd_image_or_svg.default\">\n\t\t\t\t<div class=\"elementor-widget-container\">\n\t\t\t\t\t\n\t\t<div class=\"wd-image text-left\">\n\t\t\t\t\t\t\t\t<img loading=\"lazy\" decoding=\"async\" width=\"621\" height=\"1024\" src=\"https:\/\/shapeline.at\/wp-content\/uploads\/2023\/09\/Shapeline-Problemzonen.jpg?wsr\" class=\"attachment-full size-full\" alt=\"\" srcset=\"https:\/\/shapeline.at\/wp-content\/uploads\/2023\/09\/Shapeline-Problemzonen.jpg 621w, https:\/\/shapeline.at\/wp-content\/uploads\/2023\/09\/Shapeline-Problemzonen-182x300.jpg 182w, https:\/\/shapeline.at\/wp-content\/uploads\/2023\/09\/Shapeline-Problemzonen-485x800.jpg 485w, https:\/\/shapeline.at\/wp-content\/uploads\/2023\/09\/Shapeline-Problemzonen-430x709.jpg 430w, https:\/\/shapeline.at\/wp-content\/uploads\/2023\/09\/Shapeline-Problemzonen-150x247.jpg 150w\" sizes=\"auto, (max-width: 621px) 100vw, 621px\" \/>\t\t\t\t\t<\/div>\n\n\t\t\t\t\t\t<\/div>\n\t\t\t\t<\/div>\n\t\t\t\t\t<\/div>\n\t\t\t\t<\/div>\n\t\t\t\t\t<\/div>\n\t\t\t\t<\/div>\n\t\t\t\t<\/div>","protected":false},"excerpt":{"rendered":"<p>Becsomagolva, modellezve, egyszer\u0171en gy\u00f6ny\u00f6r\u0171... Ak\u00e1r lapos hasat, karcs\u00fa l\u00e1bakat, keskeny cs\u00edp\u0151t vagy sima combokat szeretne: a Shape-Line testform\u00e1l\u00f3 kezel\u00e9seivel b\u00e1rmi lehets\u00e9ges.<\/p>","protected":false},"author":1,"featured_media":0,"parent":241937,"menu_order":0,"comment_status":"closed","ping_status":"closed","template":"","meta":{"footnotes":""},"class_list":["post-241928","page","type-page","status-publish","hentry"],"_links":{"self":[{"href":"https:\/\/shapeline.at\/hu\/wp-json\/wp\/v2\/pages\/241928","targetHints":{"allow":["GET"]}}],"collection":[{"href":"https:\/\/shapeline.at\/hu\/wp-json\/wp\/v2\/pages"}],"about":[{"href":"https:\/\/shapeline.at\/hu\/wp-json\/wp\/v2\/types\/page"}],"author":[{"embeddable":true,"href":"https:\/\/shapeline.at\/hu\/wp-json\/wp\/v2\/users\/1"}],"replies":[{"embeddable":true,"href":"https:\/\/shapeline.at\/hu\/wp-json\/wp\/v2\/comments?post=241928"}],"version-history":[{"count":51,"href":"https:\/\/shapeline.at\/hu\/wp-json\/wp\/v2\/pages\/241928\/revisions"}],"predecessor-version":[{"id":246580,"href":"https:\/\/shapeline.at\/hu\/wp-json\/wp\/v2\/pages\/241928\/revisions\/246580"}],"up":[{"embeddable":true,"href":"https:\/\/shapeline.at\/hu\/wp-json\/wp\/v2\/pages\/241937"}],"wp:attachment":[{"href":"https:\/\/shapeline.at\/hu\/wp-json\/wp\/v2\/media?parent=241928"}],"curies":[{"name":"wp","href":"https:\/\/api.w.org\/{rel}","templated":true}]}}