{"id":242107,"date":"2023-09-16T16:19:36","date_gmt":"2023-09-16T16:19:36","guid":{"rendered":"https:\/\/shop.devepu.apollo.wpspace.me\/?page_id=242107"},"modified":"2024-03-01T18:25:32","modified_gmt":"2024-03-01T17:25:32","slug":"wrapshape","status":"publish","type":"page","link":"https:\/\/shapeline.at\/hu\/program\/wrapshape\/","title":{"rendered":"Wrap&amp;Shape"},"content":{"rendered":"<div data-elementor-type=\"wp-page\" data-elementor-id=\"242107\" class=\"elementor elementor-242107\" data-elementor-post-type=\"page\">\n\t\t\t\t<div class=\"wd-negative-gap elementor-element elementor-element-0f9b587 e-flex e-con-boxed e-con e-parent\" data-id=\"0f9b587\" data-element_type=\"container\" data-e-type=\"container\">\n\t\t\t\t\t<div class=\"e-con-inner\">\n\t\t\t\t<div class=\"elementor-element elementor-element-6ebdbec wd-width-100 elementor-widget elementor-widget-wd_title\" data-id=\"6ebdbec\" data-element_type=\"widget\" data-e-type=\"widget\" data-widget_type=\"wd_title.default\">\n\t\t\t\t<div class=\"elementor-widget-container\">\n\t\t\t\t\t\t\t<div class=\"title-wrapper wd-set-mb reset-last-child wd-title-color-default wd-title-style-default wd-title-size-default text-center\">\n\n\t\t\t\t\t\t\t\t\t\t\t<div class=\"title-subtitle subtitle-color-default subtitle-style-default wd-fontsize-xs\">\n\t\t\t\t\tEgy\u00fctt verhetetlenek<br \/>\n\t\t\t\t<\/div>\n\t\t\t\n\t\t\t<div class=\"liner-continer\">\n\t\t\t\t<h4 class=\"woodmart-title-container title wd-fontsize-l\">Csomagol\u00e1s \u00e9s alak\u00edt\u00e1s<\/h4> \n\t\t\t\t\t\t\t<\/div>\n\n\t\t\t\t\t\t\t<div class=\"title-after_title reset-last-child wd-fontsize-xs\">\n\t\t\t\t\t<p>1 ruham\u00e9rettel kevesebb mind\u00f6ssze 2 h\u00e9t alatt<\/p>\t\t\t\t<\/div>\n\t\t\t\t\t<\/div>\n\t\t\t\t\t\t<\/div>\n\t\t\t\t<\/div>\n\t\t<div class=\"wd-negative-gap elementor-element elementor-element-0f0db49 e-flex e-con-boxed e-con e-child\" data-id=\"0f0db49\" data-element_type=\"container\" data-e-type=\"container\">\n\t\t\t\t\t<div class=\"e-con-inner\">\n\t\t<div class=\"elementor-element elementor-element-d9f8f19 e-con-full e-flex e-con e-child\" data-id=\"d9f8f19\" data-element_type=\"container\" data-e-type=\"container\">\n\t\t\t\t<div class=\"elementor-element elementor-element-3a17c4d wd-width-100 elementor-widget elementor-widget-wd_title\" data-id=\"3a17c4d\" data-element_type=\"widget\" data-e-type=\"widget\" data-widget_type=\"wd_title.default\">\n\t\t\t\t<div class=\"elementor-widget-container\">\n\t\t\t\t\t\t\t<div class=\"title-wrapper wd-set-mb reset-last-child wd-title-color-default wd-title-style-default wd-title-size-default text-center\">\n\n\t\t\t\t\t\t\t\t\t\t\t<div class=\"title-subtitle subtitle-color-default subtitle-style-default wd-fontsize-xs\">\n\t\t\t\t\t60 perc testform\u00e1l\u00e1s SLIM ruh\u00e1ban a maxim\u00e1lis karcs\u00fas\u00edt\u00f3 hat\u00e1s \u00e9rdek\u00e9ben\t\t\t\t<\/div>\n\t\t\t\n\t\t\t<div class=\"liner-continer\">\n\t\t\t\t<h4 class=\"woodmart-title-container title wd-fontsize-l\">Wrap&amp;Shape<\/h4> \n\t\t\t\t\t\t\t<\/div>\n\n\t\t\t\t\t\t\t<div class=\"title-after_title reset-last-child wd-fontsize-xs\">\n\t\t\t\t\t<p>Ez zs\u00edr\u00e9get\u00e9st eredm\u00e9nyez, ami b\u00e1rmilyen edz\u00e9st\u00edpust<br \/>mert a 60 perces WRAP&amp;SHAPE alatt<br \/>a t\u00e1p\u00e9rt\u00e9kek 6-szoros\u00e1ra \u00e9gnek.<br \/>Cs\u00f6kkentse a k\u00f6rm\u00e9retet \u00e9s fogyjon - maxim\u00e1lis karcs\u00fas\u00edt\u00f3 eredm\u00e9nyek rekordid\u0151 alatt!<\/p>\t\t\t\t<\/div>\n\t\t\t\t\t<\/div>\n\t\t\t\t\t\t<\/div>\n\t\t\t\t<\/div>\n\t\t\t\t<div class=\"elementor-element elementor-element-62491a9 wd-width-100 elementor-widget elementor-widget-wd_title\" data-id=\"62491a9\" data-element_type=\"widget\" data-e-type=\"widget\" data-widget_type=\"wd_title.default\">\n\t\t\t\t<div class=\"elementor-widget-container\">\n\t\t\t\t\t\t\t<div class=\"title-wrapper wd-set-mb reset-last-child wd-title-color-default wd-title-style-default wd-title-size-default text-center\">\n\n\t\t\t\n\t\t\t<div class=\"liner-continer\">\n\t\t\t\t<h4 class=\"woodmart-title-container title wd-fontsize-l\">Orsz\u00e1gos vizsg\u00e1latunk bizony\u00edtotta a szenz\u00e1ci\u00f3s hat\u00e1st!<\/h4> \n\t\t\t\t\t\t\t<\/div>\n\n\t\t\t\t\t<\/div>\n\t\t\t\t\t\t<\/div>\n\t\t\t\t<\/div>\n\t\t\t\t<\/div>\n\t\t<div class=\"elementor-element elementor-element-5c96e70 e-con-full e-flex e-con e-child\" data-id=\"5c96e70\" data-element_type=\"container\" data-e-type=\"container\">\n\t\t\t\t<div class=\"elementor-element elementor-element-7989341 elementor-widget elementor-widget-wd_image_or_svg\" data-id=\"7989341\" data-element_type=\"widget\" data-e-type=\"widget\" data-widget_type=\"wd_image_or_svg.default\">\n\t\t\t\t<div class=\"elementor-widget-container\">\n\t\t\t\t\t\n\t\t<div class=\"wd-image text-left\">\n\t\t\t\t\t\t\t\t<img loading=\"lazy\" decoding=\"async\" width=\"827\" height=\"1024\" src=\"https:\/\/shapeline.at\/wp-content\/uploads\/2023\/09\/Shapeline-WrapShape-4.jpg?wsr\" class=\"attachment-full size-full\" alt=\"\" srcset=\"https:\/\/shapeline.at\/wp-content\/uploads\/2023\/09\/Shapeline-WrapShape-4.jpg 827w, https:\/\/shapeline.at\/wp-content\/uploads\/2023\/09\/Shapeline-WrapShape-4-242x300.jpg 242w, https:\/\/shapeline.at\/wp-content\/uploads\/2023\/09\/Shapeline-WrapShape-4-646x800.jpg 646w, https:\/\/shapeline.at\/wp-content\/uploads\/2023\/09\/Shapeline-WrapShape-4-768x951.jpg 768w, https:\/\/shapeline.at\/wp-content\/uploads\/2023\/09\/Shapeline-WrapShape-4-430x532.jpg 430w, https:\/\/shapeline.at\/wp-content\/uploads\/2023\/09\/Shapeline-WrapShape-4-700x867.jpg 700w, https:\/\/shapeline.at\/wp-content\/uploads\/2023\/09\/Shapeline-WrapShape-4-150x186.jpg 150w, https:\/\/shapeline.at\/wp-content\/uploads\/2023\/09\/Shapeline-WrapShape-4-110x136.jpg 110w, https:\/\/shapeline.at\/wp-content\/uploads\/2023\/09\/Shapeline-WrapShape-4-239x296.jpg 239w\" sizes=\"auto, (max-width: 827px) 100vw, 827px\" \/>\t\t\t\t\t<\/div>\n\n\t\t\t\t\t\t<\/div>\n\t\t\t\t<\/div>\n\t\t\t\t<\/div>\n\t\t\t\t\t<\/div>\n\t\t\t\t<\/div>\n\t\t\t\t\t<\/div>\n\t\t\t\t<\/div>\n\t\t<div class=\"wd-negative-gap elementor-element elementor-element-9a67c73 e-flex e-con-boxed e-con e-parent\" data-id=\"9a67c73\" data-element_type=\"container\" data-e-type=\"container\">\n\t\t\t\t\t<div class=\"e-con-inner\">\n\t\t\t\t<div class=\"elementor-element elementor-element-d6de61f wd-width-100 elementor-widget elementor-widget-wd_title\" data-id=\"d6de61f\" data-element_type=\"widget\" data-e-type=\"widget\" data-widget_type=\"wd_title.default\">\n\t\t\t\t<div class=\"elementor-widget-container\">\n\t\t\t\t\t\t\t<div class=\"title-wrapper wd-set-mb reset-last-child wd-title-color-default wd-title-style-default wd-title-size-default text-center\">\n\n\t\t\t\n\t\t\t<div class=\"liner-continer\">\n\t\t\t\t<h4 class=\"woodmart-title-container title wd-fontsize-l\">\u00cdgy n\u00e9z ki a Wrap&amp;Shape folyamat:<\/h4> \n\t\t\t\t\t\t\t<\/div>\n\n\t\t\t\t\t<\/div>\n\t\t\t\t\t\t<\/div>\n\t\t\t\t<\/div>\n\t\t\t\t\t<\/div>\n\t\t\t\t<\/div>\n\t\t<div class=\"wd-negative-gap elementor-element elementor-element-4eb0306 e-flex e-con-boxed e-con e-parent\" data-id=\"4eb0306\" data-element_type=\"container\" data-e-type=\"container\">\n\t\t\t\t\t<div class=\"e-con-inner\">\n\t\t\t\t<div class=\"elementor-element elementor-element-daf55ff wd-width-100 elementor-widget elementor-widget-wd_title\" data-id=\"daf55ff\" data-element_type=\"widget\" data-e-type=\"widget\" data-widget_type=\"wd_title.default\">\n\t\t\t\t<div class=\"elementor-widget-container\">\n\t\t\t\t\t\t\t<div class=\"title-wrapper wd-set-mb reset-last-child wd-title-color-default wd-title-style-default wd-title-size-default text-center\">\n\n\t\t\t\n\t\t\t<div class=\"liner-continer\">\n\t\t\t\t<h4 class=\"woodmart-title-container title wd-fontsize-l\">Tesztelj most!<\/h4> \n\t\t\t\t\t\t\t<\/div>\n\n\t\t\t\t\t<\/div>\n\t\t\t\t\t\t<\/div>\n\t\t\t\t<\/div>\n\t\t\t\t<div class=\"elementor-element elementor-element-42806e2 elementor-widget elementor-widget-wd_text_block\" data-id=\"42806e2\" data-element_type=\"widget\" data-e-type=\"widget\" data-widget_type=\"wd_text_block.default\">\n\t\t\t\t<div class=\"elementor-widget-container\">\n\t\t\t\t\t\t\t<div class=\"wd-text-block reset-last-child text-left\">\n\t\t\t\n\t\t\t<p style=\"text-align: center;\">Szervezzen id\u0151pontot egy tesztel\u00e9sre most azonnal az egyik <a id=\"studio-ihrer-wahl-bodyshapen-inline\" href=\"https:\/\/shapeline.at\/hu\/studiok\/\">Az \u00d6n \u00e1ltal v\u00e1lasztott st\u00fadi\u00f3<\/a><br \/>Ingyenes alakelemz\u00e9st kap!<br \/>Egy\u00e9nileg adunk \u00d6nnek tan\u00e1csot, \u00e9s k\u00e9r\u00e9sre sz\u00edvesen \u00f6ssze\u00e1ll\u00edtunk egy szem\u00e9lyre szabott testform\u00e1l\u00f3 programot.<\/p>\n\t\t\t\t\t<\/div>\n\t\t\t\t\t\t<\/div>\n\t\t\t\t<\/div>\n\t\t\t\t\t<\/div>\n\t\t\t\t<\/div>\n\t\t<div class=\"wd-negative-gap elementor-element elementor-element-7ea8049 e-flex e-con-boxed e-con e-parent\" data-id=\"7ea8049\" data-element_type=\"container\" data-e-type=\"container\">\n\t\t\t\t\t<div class=\"e-con-inner\">\n\t\t\t\t\t<\/div>\n\t\t\t\t<\/div>\n\t\t<div class=\"wd-negative-gap elementor-element elementor-element-eec70f9 e-flex e-con-boxed e-con e-parent\" data-id=\"eec70f9\" data-element_type=\"container\" data-e-type=\"container\">\n\t\t\t\t\t<div class=\"e-con-inner\">\n\t\t\t\t<div class=\"elementor-element elementor-element-7ac9472 elementor-widget elementor-widget-wd_testimonials\" data-id=\"7ac9472\" data-element_type=\"widget\" data-e-type=\"widget\" data-widget_type=\"wd_testimonials.default\">\n\t\t\t\t<div class=\"elementor-widget-container\">\n\t\t\t\t\t\t\t<div class=\"testimonials testimon-style-standard  color-scheme- testimon-with-rating testimon-align-center\" id=\"carousel-5432\">\n\t\t\t\n\t\t\t<div class=\"wd-grid-g\" style=\"--wd-col-lg:1;--wd-col-md:1;--wd-col-sm:1;--wd-gap-lg:30px;--wd-gap-sm:10px;\" >\n\t\t\t\t\n\t\t\t\t\t\t\t\t\t\n<div class=\"testimonial wd-col\">\n\t<div class=\"testimonial-inner\">\n\t\t\n\t\t<div class=\"testimonial-content\">\n\t\t\t<div class=\"testimonial-rating\">\n\t\t\t\t<span class=\"star-rating\">\n\t\t\t\t\t<span style=\"width:100%\"><\/span>\n\t\t\t\t<\/span>\n\t\t\t<\/div>\n\n\t\t\t<p><b>Helysz\u00edni jelent\u00e9s:<\/b> \"R\u00e9szt vettem a Wrap&amp;Shape k\u00eds\u00e9rletben, \u00e9s nagyon \u00f6r\u00fcl\u00f6k neki. Nagyon \u00e9lveztem a k\u00e9t hetes BodyShapinget a Fatburn wrap-el a SLIM ruh\u00e1mban. A b\u0151r\u00f6m tet\u0151t\u0151l talpig bizsergett. A st\u00fadi\u00f3ban elmondt\u00e1k, hogy ez n\u00f6veli a kal\u00f3riafelhaszn\u00e1l\u00e1st, \u00e9s hogy ez a hat\u00e1s a kezel\u00e9s ut\u00e1n m\u00e9g n\u00e9h\u00e1ny \u00f3r\u00e1n \u00e1t tart. Ahogy a testem felmelegedett a bebugyol\u00e1lt ter\u00fcleteken, eleinte kicsit f\u00e1ztam, de maga a form\u00e1z\u00e1s k\u00f6zbeni ritmikus mozdulatok hat\u00e1s\u00e1ra hamar kellemesen felmelegedtem. A b\u0151r\u00f6m m\u00e1r az els\u0151 Wrap&amp;Shape kezel\u00e9s ut\u00e1n is j\u00f3l \u00e1t volt l\u00e1tva v\u00e9rrel \u00e9s sima volt. A bizserget\u0151 \u00e9rz\u00e9s \u00e9s a melegs\u00e9g val\u00f3ban t\u00f6bb \u00f3r\u00e1val a kezel\u00e9s ut\u00e1n is megmaradt. Mi izgat engem a legjobban? A testem l\u00e1that\u00f3an megv\u00e1ltozott mind\u00f6ssze k\u00e9t h\u00e9t alatt! Siker\u00fclt cs\u00f6kkenteni a k\u00f6rfogatomat \u00e9s fogyni. A b\u0151r\u00f6m sima, az \u00e1llapotom javult, \u00e9s a nadr\u00e1gom is remeg. A Shape-Line-nak k\u00f6sz\u00f6nhet\u0151en - \u00e9hez\u00e9s \u00e9s edz\u00e9s n\u00e9lk\u00fcl. Kitartok mellette!\"<\/p>\n\t\t\t<footer>\n\t\t\t\tKathi B.\n\t\t\t\t\t\t\t<\/footer>\n\t\t<\/div>\n\t<\/div>\n<\/div>\t\t\t\t\n\t\t\t\t\t\t\t<\/div>\n\t\t\t\t\t<\/div>\n\t\t\t\t\t\t<\/div>\n\t\t\t\t<\/div>\n\t\t\t\t<div class=\"elementor-element elementor-element-61b5f80 elementor-widget elementor-widget-wd_social_buttons\" data-id=\"61b5f80\" data-element_type=\"widget\" data-e-type=\"widget\" data-widget_type=\"wd_social_buttons.default\">\n\t\t\t\t<div class=\"elementor-widget-container\">\n\t\t\t\t\t\t\t\t<div\n\t\t\t\t\t\tclass=\"wd-social-icons wd-style-colored wd-size-default social-share wd-shape-circle color-scheme-dark text-center\">\n\t\t\t\t\n\t\t\t\t\n\t\t\t\t\t\t\t\t\t<a rel=\"noopener noreferrer nofollow\" href=\"https:\/\/www.facebook.com\/sharer\/sharer.php?u=https:\/\/shapeline.at\/hu\/program\/wrapshape\/\" target=\"_blank\" class=\"wd-social-icon social-facebook\" aria-label=\"Facebook social link\">\n\t\t\t\t\t\t<span class=\"wd-icon\"><\/span>\n\t\t\t\t\t\t\t\t\t\t\t<\/a>\n\t\t\t\t\n\t\t\t\t\n\t\t\t\t\n\t\t\t\t\t\t\t\t\t<a rel=\"noopener noreferrer nofollow\" href=\"mailto:?subject=Check%20this%20https:\/\/shapeline.at\/hu\/program\/wrapshape\/\" target=\"_blank\" class=\"wd-social-icon social-email\" aria-label=\"Email social link\">\n\t\t\t\t\t\t<span class=\"wd-icon\"><\/span>\n\t\t\t\t\t\t\t\t\t\t\t<\/a>\n\t\t\t\t\n\t\t\t\t\n\t\t\t\t\n\t\t\t\t\n\t\t\t\t\n\t\t\t\t\n\t\t\t\t\n\t\t\t\t\n\t\t\t\t\n\t\t\t\t\n\t\t\t\t\n\t\t\t\t\n\t\t\t\t\n\t\t\t\t\n\t\t\t\t\n\t\t\t\t\t\t\t\t\t<a rel=\"noopener noreferrer nofollow\" href=\"https:\/\/api.whatsapp.com\/send?text=https%3A%2F%2Fshapeline.at%2Fhu%2Fprogram%2Fwrapshape%2F\" target=\"_blank\" class=\"wd-hide-md wd-social-icon social-whatsapp\" aria-label=\"WhatsApp social link\">\n\t\t\t\t\t\t<span class=\"wd-icon\"><\/span>\n\t\t\t\t\t\t\t\t\t\t\t<\/a>\n\n\t\t\t\t\t<a rel=\"noopener noreferrer nofollow\" href=\"whatsapp:\/\/send?text=http:\/\/https%3A%2F%2Fshapeline.at%2Fhu%2Fprogram%2Fwrapshape%2F\" target=\"_blank\" class=\"wd-hide-lg wd-social-icon social-whatsapp\" aria-label=\"WhatsApp social link\">\n\t\t\t\t\t\t<span class=\"wd-icon\"><\/span>\n\t\t\t\t\t\t\t\t\t\t\t<\/a>\n\t\t\t\t\n\t\t\t\t\n\t\t\t\t\n\t\t\t\t\n\t\t\t\t\n\t\t\t\t\n\t\t\t\t\t\t\t\t\t<a rel=\"noopener noreferrer nofollow\" href=\"https:\/\/telegram.me\/share\/url?url=https:\/\/shapeline.at\/hu\/program\/wrapshape\/\" target=\"_blank\" class=\"wd-social-icon social-tg\" aria-label=\"Telegram social link\">\n\t\t\t\t\t\t<span class=\"wd-icon\"><\/span>\n\t\t\t\t\t\t\t\t\t\t\t<\/a>\n\t\t\t\t\n\t\t\t\t\n\t\t\t<\/div>\n\n\t\t\t\t\t\t<\/div>\n\t\t\t\t<\/div>\n\t\t\t\t\t<\/div>\n\t\t\t\t<\/div>\n\t\t\t\t<\/div>","protected":false},"excerpt":{"rendered":"<p>Egy\u00fctt verhetetlen Wrap and Shape 1 ruham\u00e9rettel kevesebb mind\u00f6ssze 2 h\u00e9t alatt 60 perc testform\u00e1l\u00e1s a SLIM \u00f6lt\u00f6nyben a maxim\u00e1lis karcs\u00fas\u00e1g \u00e9rdek\u00e9ben<\/p>","protected":false},"author":1,"featured_media":0,"parent":241937,"menu_order":0,"comment_status":"closed","ping_status":"closed","template":"","meta":{"footnotes":""},"class_list":["post-242107","page","type-page","status-publish","hentry"],"_links":{"self":[{"href":"https:\/\/shapeline.at\/hu\/wp-json\/wp\/v2\/pages\/242107","targetHints":{"allow":["GET"]}}],"collection":[{"href":"https:\/\/shapeline.at\/hu\/wp-json\/wp\/v2\/pages"}],"about":[{"href":"https:\/\/shapeline.at\/hu\/wp-json\/wp\/v2\/types\/page"}],"author":[{"embeddable":true,"href":"https:\/\/shapeline.at\/hu\/wp-json\/wp\/v2\/users\/1"}],"replies":[{"embeddable":true,"href":"https:\/\/shapeline.at\/hu\/wp-json\/wp\/v2\/comments?post=242107"}],"version-history":[{"count":19,"href":"https:\/\/shapeline.at\/hu\/wp-json\/wp\/v2\/pages\/242107\/revisions"}],"predecessor-version":[{"id":259142,"href":"https:\/\/shapeline.at\/hu\/wp-json\/wp\/v2\/pages\/242107\/revisions\/259142"}],"up":[{"embeddable":true,"href":"https:\/\/shapeline.at\/hu\/wp-json\/wp\/v2\/pages\/241937"}],"wp:attachment":[{"href":"https:\/\/shapeline.at\/hu\/wp-json\/wp\/v2\/media?parent=242107"}],"curies":[{"name":"wp","href":"https:\/\/api.w.org\/{rel}","templated":true}]}}