{"id":242121,"date":"2023-09-16T20:08:21","date_gmt":"2023-09-16T20:08:21","guid":{"rendered":"https:\/\/shop.devepu.apollo.wpspace.me\/?page_id=242121"},"modified":"2024-04-23T22:04:57","modified_gmt":"2024-04-23T21:04:57","slug":"kollagen-karhajlatok","status":"publish","type":"page","link":"https:\/\/shapeline.at\/hu\/program\/kollagen-karhajlatok\/","title":{"rendered":"Kollag\u00e9n karfodrok"},"content":{"rendered":"<div data-elementor-type=\"wp-page\" data-elementor-id=\"242121\" class=\"elementor elementor-242121\" data-elementor-post-type=\"page\">\n\t\t\t\t<div class=\"wd-negative-gap elementor-element elementor-element-0f9b587 e-flex e-con-boxed e-con e-parent\" data-id=\"0f9b587\" data-element_type=\"container\" data-e-type=\"container\">\n\t\t\t\t\t<div class=\"e-con-inner\">\n\t\t\t\t<div class=\"elementor-element elementor-element-6ebdbec wd-width-100 elementor-widget elementor-widget-wd_title\" data-id=\"6ebdbec\" data-element_type=\"widget\" data-e-type=\"widget\" data-widget_type=\"wd_title.default\">\n\t\t\t\t<div class=\"elementor-widget-container\">\n\t\t\t\t\t\t\t<div class=\"title-wrapper wd-set-mb reset-last-child wd-title-color-default wd-title-style-default wd-title-size-default text-center\">\n\n\t\t\t\t\t\t\t\t\t\t\t<div class=\"title-subtitle subtitle-color-default subtitle-style-default wd-fontsize-xs\">\n\t\t\t\t\t<br \/>\n\t\t\t\t<\/div>\n\t\t\t\n\t\t\t<div class=\"liner-continer\">\n\t\t\t\t<h4 class=\"woodmart-title-container title wd-fontsize-l\">V\u00e9gre szil\u00e1rd felkarok<\/h4> \n\t\t\t\t\t\t\t<\/div>\n\n\t\t\t\t\t<\/div>\n\t\t\t\t\t\t<\/div>\n\t\t\t\t<\/div>\n\t\t\t\t<div class=\"elementor-element elementor-element-5e5cc0f elementor-widget elementor-widget-wd_image_or_svg\" data-id=\"5e5cc0f\" data-element_type=\"widget\" data-e-type=\"widget\" data-widget_type=\"wd_image_or_svg.default\">\n\t\t\t\t<div class=\"elementor-widget-container\">\n\t\t\t\t\t\n\t\t<div class=\"wd-image text-center\">\n\t\t\t\t\t\t\t\t<img loading=\"lazy\" decoding=\"async\" width=\"940\" height=\"520\" src=\"https:\/\/shapeline.at\/wp-content\/uploads\/2023\/09\/collagen-curls-940-x-588-1-e1694895033649.png?wsr\" class=\"attachment-full size-full\" alt=\"Kollag\u00e9n karhajlatok a petyh\u00fcdt felkarok ellen\" srcset=\"https:\/\/shapeline.at\/wp-content\/uploads\/2023\/09\/collagen-curls-940-x-588-1-e1694895033649.png 940w, https:\/\/shapeline.at\/wp-content\/uploads\/2023\/09\/collagen-curls-940-x-588-1-e1694895033649-400x221.png 400w, https:\/\/shapeline.at\/wp-content\/uploads\/2023\/09\/collagen-curls-940-x-588-1-e1694895033649-768x425.png 768w, https:\/\/shapeline.at\/wp-content\/uploads\/2023\/09\/collagen-curls-940-x-588-1-e1694895033649-860x476.png 860w, https:\/\/shapeline.at\/wp-content\/uploads\/2023\/09\/collagen-curls-940-x-588-1-e1694895033649-430x238.png 430w, https:\/\/shapeline.at\/wp-content\/uploads\/2023\/09\/collagen-curls-940-x-588-1-e1694895033649-700x387.png 700w, https:\/\/shapeline.at\/wp-content\/uploads\/2023\/09\/collagen-curls-940-x-588-1-e1694895033649-150x83.png 150w\" sizes=\"auto, (max-width: 940px) 100vw, 940px\" \/>\t\t\t\t\t<\/div>\n\n\t\t\t\t\t\t<\/div>\n\t\t\t\t<\/div>\n\t\t\t\t<div class=\"elementor-element elementor-element-9e7a0c9 wd-width-100 elementor-widget elementor-widget-wd_title\" data-id=\"9e7a0c9\" data-element_type=\"widget\" data-e-type=\"widget\" data-widget_type=\"wd_title.default\">\n\t\t\t\t<div class=\"elementor-widget-container\">\n\t\t\t\t\t\t\t<div class=\"title-wrapper wd-set-mb reset-last-child wd-title-color-default wd-title-style-default wd-title-size-default text-center\">\n\n\t\t\t\n\t\t\t<div class=\"liner-continer\">\n\t\t\t\t<h4 class=\"woodmart-title-container title wd-fontsize-l\">A KOLLAG\u00c9N KARHAJLATOK AZONNAL FESZES\u00cdTENEK!<\/h4> \n\t\t\t\t\t\t\t<\/div>\n\n\t\t\t\t\t\t\t<div class=\"title-after_title reset-last-child wd-fontsize-xs\">\n\t\t\t\t\t<p>A felkarod petyh\u00fcdt<br \/>\u00e9s s\u00e1nt\u00edt, \u00e9s azt akarod, hogy<br \/>v\u00e9gre t\u00f3nusos felkarok? <br \/>Akkor a legjobb helyen j\u00e1rsz! Kollag\u00e9n feszes\u00edt\u0151 f\u00fcrt\u00f6k + edz\u00e9s<br \/>c\u00e9lzott meghat\u00e1roz\u00e1s<br \/>\u00e9s a felkarok fesz\u00fcl\u00e9se!<\/p>\t\t\t\t<\/div>\n\t\t\t\t\t<\/div>\n\t\t\t\t\t\t<\/div>\n\t\t\t\t<\/div>\n\t\t\t\t\t<\/div>\n\t\t\t\t<\/div>\n\t\t<div class=\"wd-negative-gap elementor-element elementor-element-9a67c73 e-flex e-con-boxed e-con e-parent\" data-id=\"9a67c73\" data-element_type=\"container\" data-e-type=\"container\">\n\t\t\t\t\t<div class=\"e-con-inner\">\n\t\t\t\t<div class=\"elementor-element elementor-element-d6de61f wd-width-100 elementor-widget elementor-widget-wd_title\" data-id=\"d6de61f\" data-element_type=\"widget\" data-e-type=\"widget\" data-widget_type=\"wd_title.default\">\n\t\t\t\t<div class=\"elementor-widget-container\">\n\t\t\t\t\t\t\t<div class=\"title-wrapper wd-set-mb reset-last-child wd-title-color-default wd-title-style-default wd-title-size-default text-center\">\n\n\t\t\t\n\t\t\t<div class=\"liner-continer\">\n\t\t\t\t<h4 class=\"woodmart-title-container title wd-fontsize-l\">Mi\u00e9rt \u00e9s hogyan m\u0171k\u00f6dnek a kollag\u00e9nes karhajl\u00edt\u00f3k?<\/h4> \n\t\t\t\t\t\t\t<\/div>\n\n\t\t\t\t\t<\/div>\n\t\t\t\t\t\t<\/div>\n\t\t\t\t<\/div>\n\t\t\t\t\t<\/div>\n\t\t\t\t<\/div>\n\t\t<div class=\"wd-negative-gap elementor-element elementor-element-4eb0306 e-flex e-con-boxed e-con e-parent\" data-id=\"4eb0306\" data-element_type=\"container\" data-e-type=\"container\">\n\t\t\t\t\t<div class=\"e-con-inner\">\n\t\t\t\t<div class=\"elementor-element elementor-element-f78c982 elementor-widget elementor-widget-wd_marquee\" data-id=\"f78c982\" data-element_type=\"widget\" data-e-type=\"widget\" data-widget_type=\"wd_marquee.default\">\n\t\t\t\t<div class=\"elementor-widget-container\">\n\t\t\t\t\t\t\t<div class=\"wd-marquee\">\n\t\t\t<div class=\"wd-marquee-content\">\n\t\t\t\t\t\t\t<span class=\"wd-marquee-item\">\n\t\t\t\t<i class=\"wd-icon far fa-grin-hearts\"><\/i>\n\t\t\t\t\t\t\t\t\tTesztelj most!\t\t\t\t\n\t\t\t\t\t\t\t<\/span>\n\t\t\t\t\t\t<\/div>\n\t\t\t<div class=\"wd-marquee-content\">\n\t\t\t\t\t\t\t<span class=\"wd-marquee-item\">\n\t\t\t\t<i class=\"wd-icon far fa-grin-hearts\"><\/i>\n\t\t\t\t\t\t\t\t\tTesztelj most!\t\t\t\t\n\t\t\t\t\t\t\t<\/span>\n\t\t\t\t\t\t<\/div>\n\t\t<\/div>\n\t\t\t\t\t\t<\/div>\n\t\t\t\t<\/div>\n\t\t\t\t<div class=\"elementor-element elementor-element-42806e2 elementor-widget elementor-widget-wd_text_block\" data-id=\"42806e2\" data-element_type=\"widget\" data-e-type=\"widget\" data-widget_type=\"wd_text_block.default\">\n\t\t\t\t<div class=\"elementor-widget-container\">\n\t\t\t\t\t\t\t<div class=\"wd-text-block reset-last-child text-left\">\n\t\t\t\n\t\t\t<p style=\"text-align: center;\">Szervezzen id\u0151pontot egy tesztel\u00e9sre most azonnal az egyik <a id=\"studio-ihrer-wahl-bodyshapen-inline\" href=\"https:\/\/shapeline.at\/hu\/studiok\/\">Az \u00d6n \u00e1ltal v\u00e1lasztott st\u00fadi\u00f3<\/a><br \/>Ingyenes alakelemz\u00e9st kap!<br \/>Egy\u00e9nileg adunk \u00d6nnek tan\u00e1csot, \u00e9s k\u00e9r\u00e9sre sz\u00edvesen \u00f6ssze\u00e1ll\u00edtunk egy szem\u00e9lyre szabott testform\u00e1l\u00f3 programot.<\/p>\n\t\t\t\t\t<\/div>\n\t\t\t\t\t\t<\/div>\n\t\t\t\t<\/div>\n\t\t\t\t\t<\/div>\n\t\t\t\t<\/div>\n\t\t<div class=\"wd-negative-gap elementor-element elementor-element-9837bc4 e-flex e-con-boxed e-con e-parent\" data-id=\"9837bc4\" data-element_type=\"container\" data-e-type=\"container\">\n\t\t\t\t\t<div class=\"e-con-inner\">\n\t\t\t\t<div class=\"elementor-element elementor-element-6335d2b wd-width-100 elementor-widget elementor-widget-wd_title\" data-id=\"6335d2b\" data-element_type=\"widget\" data-e-type=\"widget\" data-widget_type=\"wd_title.default\">\n\t\t\t\t<div class=\"elementor-widget-container\">\n\t\t\t\t\t\t\t<div class=\"title-wrapper wd-set-mb reset-last-child wd-title-color-default wd-title-style-default wd-title-size-default text-center\">\n\n\t\t\t\n\t\t\t<div class=\"liner-continer\">\n\t\t\t\t<h4 class=\"woodmart-title-container title wd-fontsize-l\">MEG\u00c1LL\u00cdTANI A PETYH\u00dcDT FELKAROKAT<\/h4> \n\t\t\t\t\t\t\t<\/div>\n\n\t\t\t\t\t\t\t<div class=\"title-after_title reset-last-child wd-fontsize-xs\">\n\t\t\t\t\t<p>A petyh\u00fcdt felkarok (integet\u0151 karok), amelyek minden mozdulatn\u00e1l \"ugr\u00e1lnak\", bosszant\u00f3ak...<br \/>k\u00fcl\u00f6n\u00f6sen most, amikor az ujjatlan fels\u0151k ir\u00e1nti v\u00e1gy ism\u00e9t n\u00f6vekszik.<\/p><p><strong>Kollag\u00e9n kar f\u00fcrt\u00f6k<\/strong> - a jerik\u00f3i r\u00f3zs\u00e1b\u00f3l sz\u00e1rmaz\u00f3 gl\u00fckoaszamidokkal keverve -<br \/>tavaly ny\u00e1r \u00f3ta nagy sikert arattak a st\u00fadi\u00f3nkban.<\/p><p>A kollag\u00e9n f\u00fcrt\u00f6k a BodyShaping sor\u00e1n t\u00e9nylegesen lehet\u0151v\u00e9 teszik ezt,<br \/>a petyh\u00fcdt felkarok gyors \u00e9s c\u00e9lzott kezel\u00e9s\u00e9hez.<\/p>\t\t\t\t<\/div>\n\t\t\t\t\t<\/div>\n\t\t\t\t\t\t<\/div>\n\t\t\t\t<\/div>\n\t\t\t\t<div class=\"elementor-element elementor-element-a89b9a7 wd-width-100 elementor-widget elementor-widget-wd_title\" data-id=\"a89b9a7\" data-element_type=\"widget\" data-e-type=\"widget\" data-widget_type=\"wd_title.default\">\n\t\t\t\t<div class=\"elementor-widget-container\">\n\t\t\t\t\t\t\t<div class=\"title-wrapper wd-set-mb reset-last-child wd-title-color-default wd-title-style-default wd-title-size-default text-center\">\n\n\t\t\t\n\t\t\t<div class=\"liner-continer\">\n\t\t\t\t<h4 class=\"woodmart-title-container title wd-fontsize-l\">HOGYAN ALAKULNAK KI A FERDE KAROK?<\/h4> \n\t\t\t\t\t\t\t<\/div>\n\n\t\t\t\t\t\t\t<div class=\"title-after_title reset-last-child wd-fontsize-xs\">\n\t\t\t\t\t<p>A felkaron a b\u0151r alatti kollag\u00e9n \u00e9s a rostkapcsolat<br \/>b\u0151r \u00e9s izom<br \/>nem egy kamr\u00e1ban vannak elhelyezve,<br \/>de csak hosszanti ir\u00e1nyban fuzion\u00e1ltak.<br \/>Ez k\u00f6nnyen \u00e9s nagyon gyakran vezet zs\u00edrlerak\u00f3d\u00e1sokhoz \u00e9s laza sz\u00f6vetekhez.<br \/>A cs\u00f6kken\u0151 sejtenergia <span>szint\u00e9n nagy szerepet j\u00e1tszik abban, hogy mi\u00e9rt h\u00edzunk el.<br \/><\/span>Amikor felemelj\u00fck a karunkat, a gravit\u00e1ci\u00f3s er\u0151 hozz\u00e1ad\u00f3dik ehhez, \u00e9s a<br \/>a felesleges b\u0151r l\u00f3g \u00e9s hull\u00e1mzik.<\/p>\t\t\t\t<\/div>\n\t\t\t\t\t<\/div>\n\t\t\t\t\t\t<\/div>\n\t\t\t\t<\/div>\n\t\t\t\t\t<\/div>\n\t\t\t\t<\/div>\n\t\t\t\t<\/div>","protected":false},"excerpt":{"rendered":"<p>V\u00e9gre feszes fels\u0151 karok COLLAGEN ARM CURLS TIGHTEN IMMEDIATELY! A felkarod petyh\u00fcdt \u00e9s petyh\u00fcdt, \u00e9s szeretn\u00e9l v\u00e9gre feszes felkarokat? Akkor \u00d6n<\/p>","protected":false},"author":1,"featured_media":0,"parent":241937,"menu_order":0,"comment_status":"closed","ping_status":"closed","template":"","meta":{"footnotes":""},"class_list":["post-242121","page","type-page","status-publish","hentry"],"_links":{"self":[{"href":"https:\/\/shapeline.at\/hu\/wp-json\/wp\/v2\/pages\/242121","targetHints":{"allow":["GET"]}}],"collection":[{"href":"https:\/\/shapeline.at\/hu\/wp-json\/wp\/v2\/pages"}],"about":[{"href":"https:\/\/shapeline.at\/hu\/wp-json\/wp\/v2\/types\/page"}],"author":[{"embeddable":true,"href":"https:\/\/shapeline.at\/hu\/wp-json\/wp\/v2\/users\/1"}],"replies":[{"embeddable":true,"href":"https:\/\/shapeline.at\/hu\/wp-json\/wp\/v2\/comments?post=242121"}],"version-history":[{"count":22,"href":"https:\/\/shapeline.at\/hu\/wp-json\/wp\/v2\/pages\/242121\/revisions"}],"predecessor-version":[{"id":259555,"href":"https:\/\/shapeline.at\/hu\/wp-json\/wp\/v2\/pages\/242121\/revisions\/259555"}],"up":[{"embeddable":true,"href":"https:\/\/shapeline.at\/hu\/wp-json\/wp\/v2\/pages\/241937"}],"wp:attachment":[{"href":"https:\/\/shapeline.at\/hu\/wp-json\/wp\/v2\/media?parent=242121"}],"curies":[{"name":"wp","href":"https:\/\/api.w.org\/{rel}","templated":true}]}}