{"id":242152,"date":"2023-09-17T09:07:05","date_gmt":"2023-09-17T09:07:05","guid":{"rendered":"https:\/\/shop.devepu.apollo.wpspace.me\/?page_id=242152"},"modified":"2023-10-31T15:39:28","modified_gmt":"2023-10-31T15:39:28","slug":"anti-cellulit-turbo","status":"publish","type":"page","link":"https:\/\/shapeline.at\/hu\/program\/bodyforming\/anti-cellulit-turbo\/","title":{"rendered":"Anti-Cellulit Turbo"},"content":{"rendered":"<div data-elementor-type=\"wp-page\" data-elementor-id=\"242152\" class=\"elementor elementor-242152\" data-elementor-post-type=\"page\">\n\t\t\t\t<div class=\"wd-negative-gap elementor-element elementor-element-0f9b587 e-flex e-con-boxed e-con e-parent\" data-id=\"0f9b587\" data-element_type=\"container\" data-e-type=\"container\">\n\t\t\t\t\t<div class=\"e-con-inner\">\n\t\t\t\t<div class=\"elementor-element elementor-element-6ebdbec wd-width-100 elementor-widget elementor-widget-wd_title\" data-id=\"6ebdbec\" data-element_type=\"widget\" data-e-type=\"widget\" data-widget_type=\"wd_title.default\">\n\t\t\t\t<div class=\"elementor-widget-container\">\n\t\t\t\t\t\t\t<div class=\"title-wrapper wd-set-mb reset-last-child wd-title-color-default wd-title-style-default wd-title-size-default text-center\">\n\n\t\t\t\n\t\t\t<div class=\"liner-continer\">\n\t\t\t\t<h4 class=\"woodmart-title-container title wd-fontsize-l\">Ha az \u00e9let narancsot ad neked, gyere a Shape-Line-hoz, \u00e9s mi barackot var\u00e1zsolunk bel\u0151le.<\/h4> \n\t\t\t\t\t\t\t<\/div>\n\n\t\t\t\t\t<\/div>\n\t\t\t\t\t\t<\/div>\n\t\t\t\t<\/div>\n\t\t\t\t<div class=\"elementor-element elementor-element-02b1e47 elementor-widget elementor-widget-wd_image_or_svg\" data-id=\"02b1e47\" data-element_type=\"widget\" data-e-type=\"widget\" data-widget_type=\"wd_image_or_svg.default\">\n\t\t\t\t<div class=\"elementor-widget-container\">\n\t\t\t\t\t\n\t\t<div class=\"wd-image text-left\">\n\t\t\t\t\t\t\t\t<img loading=\"lazy\" decoding=\"async\" width=\"1200\" height=\"429\" src=\"https:\/\/shapeline.at\/wp-content\/uploads\/2023\/09\/cellulite-animation.gif?wsr\" class=\"attachment-full size-full\" alt=\"Shape-Line Anti-Cellulit Turbo Anim\u00e1ci\u00f3\" \/>\t\t\t\t\t<\/div>\n\n\t\t\t\t\t\t<\/div>\n\t\t\t\t<\/div>\n\t\t\t\t<div class=\"elementor-element elementor-element-1a915ec elementor-widget elementor-widget-wd_text_block\" data-id=\"1a915ec\" data-element_type=\"widget\" data-e-type=\"widget\" data-widget_type=\"wd_text_block.default\">\n\t\t\t\t<div class=\"elementor-widget-container\">\n\t\t\t\t\t\t\t<div class=\"wd-text-block reset-last-child text-left\">\n\t\t\t\n\t\t\t<p style=\"text-align: center;\">A gyenge k\u00f6t\u0151sz\u00f6vet \u00e9s a cellulitisz gyakran genetikai eredet\u0171.<br \/>vagy a t\u00fal kev\u00e9s testmozg\u00e1s \u00e9s a helytelen t\u00e1pl\u00e1lkoz\u00e1s eredm\u00e9nye.<br \/>A megnagyobbodott zs\u00edrsejtek \u00f6sszeragadnak, majd elt\u00f6m\u00edtik a k\u00f6t\u0151sz\u00f6vetet.<br \/>Ez\u00e1ltal a cellulit g\u00f6dr\u00f6csk\u00e9k egyre jobban l\u00e1that\u00f3v\u00e1 v\u00e1lnak.<br \/>A n\u0151k t\u00f6bb mint 90%-je szenved cs\u00fanya g\u00f6dr\u00f6csk\u00e9kt\u0151l a fenek\u00e9n, combj\u00e1n \u00e9s has\u00e1n.<\/p><p style=\"text-align: center;\">Eddig alig volt m\u00f3d arra, hogy val\u00f3ban megszabaduljunk a makacs hull\u00e1mokt\u00f3l.<\/p><p style=\"text-align: center;\">Egy \u00faj hat\u00f3anyaggal v\u00e9gzett vizsg\u00e1lat most szenz\u00e1ci\u00f3s sikert mutatott.<\/p><p style=\"text-align: center;\">Shape-Line sz\u00e9ps\u00e9gszak\u00e9rt\u0151ink a dolgok m\u00e9ly\u00e9re hatoltak, \u00e9s kifejlesztett\u00e9k a<br \/>egy <strong>forradalmi anti-cellulit ter\u00e1pia<\/strong> kifejlesztett.<\/p>\n\t\t\t\t\t<\/div>\n\t\t\t\t\t\t<\/div>\n\t\t\t\t<\/div>\n\t\t\t\t\t<\/div>\n\t\t\t\t<\/div>\n\t\t<div class=\"wd-negative-gap elementor-element elementor-element-ca23796 e-flex e-con-boxed e-con e-child\" data-id=\"ca23796\" data-element_type=\"container\" data-e-type=\"container\">\n\t\t\t\t\t<div class=\"e-con-inner\">\n\t\t<div class=\"wd-negative-gap elementor-element elementor-element-b9d77ff e-flex e-con-boxed e-con e-child\" data-id=\"b9d77ff\" data-element_type=\"container\" data-e-type=\"container\">\n\t\t\t\t\t<div class=\"e-con-inner\">\n\t\t\t\t<div class=\"elementor-element elementor-element-368cdbf elementor-widget elementor-widget-wd_image_or_svg\" data-id=\"368cdbf\" data-element_type=\"widget\" data-e-type=\"widget\" data-widget_type=\"wd_image_or_svg.default\">\n\t\t\t\t<div class=\"elementor-widget-container\">\n\t\t\t\t\t\n\t\t<div class=\"wd-image text-left\">\n\t\t\t\t\t\t\t\t<img loading=\"lazy\" decoding=\"async\" width=\"589\" height=\"700\" src=\"https:\/\/shapeline.at\/wp-content\/uploads\/2023\/09\/anti-cellulite-wickel-algen-peptid-wickel.gif?wsr\" class=\"attachment-full size-full\" alt=\"\" \/>\t\t\t\t\t<\/div>\n\n\t\t\t\t\t\t<\/div>\n\t\t\t\t<\/div>\n\t\t\t\t\t<\/div>\n\t\t\t\t<\/div>\n\t\t<div class=\"wd-negative-gap elementor-element elementor-element-7465f18 e-flex e-con-boxed e-con e-child\" data-id=\"7465f18\" data-element_type=\"container\" data-e-type=\"container\">\n\t\t\t\t\t<div class=\"e-con-inner\">\n\t\t\t\t<div class=\"elementor-element elementor-element-3662b43 wd-width-100 elementor-widget elementor-widget-wd_title\" data-id=\"3662b43\" data-element_type=\"widget\" data-e-type=\"widget\" data-widget_type=\"wd_title.default\">\n\t\t\t\t<div class=\"elementor-widget-container\">\n\t\t\t\t\t\t\t<div class=\"title-wrapper wd-set-mb reset-last-child wd-title-color-default wd-title-style-default wd-title-size-default text-center\">\n\n\t\t\t\n\t\t\t<div class=\"liner-continer\">\n\t\t\t\t<h4 class=\"woodmart-title-container title wd-fontsize-l\">\u00daJ: CELLULIT STOP<\/h4> \n\t\t\t\t\t\t\t<\/div>\n\n\t\t\t\t\t\t\t<div class=\"title-after_title reset-last-child wd-fontsize-xs\">\n\t\t\t\t\t<p>A cellulit elleni kutat\u00e1s leg\u00fajabb felfedez\u00e9se a hexapeptidek,<br \/>amelyek m\u00e9lyen behatolnak a sz\u00f6vetekbe, \u00e9s cs\u00f6kkentik a b\u0151r alatti horpad\u00e1sokat.<br \/>\u00e9s egyes esetekben teljesen elpuszt\u00edtj\u00e1k \u0151ket.<\/p><p>Az alak szak\u00e9rt\u0151ink<br \/>Az \u00faj alg\u00e1s peptidcsomagol\u00e1sban kombin\u00e1lt meg\u00e1llap\u00edt\u00e1sok:<\/p><p>Az innovat\u00edv wrap k\u00f6t\u00e9sek ritka alg\u00e1kat, hexapeptideket tartalmaznak.<br \/>\u00e9s koffein kivonatok, amelyek azonnal behatolnak az elt\u00f6m\u0151d\u00f6tt sz\u00f6veti r\u00e9tegekbe.<br \/>\u00e9s m\u00e1ris megkezdheti a cellulitcs\u00f6kkent\u0151 folyamatot.<\/p><p>A k\u00f6t\u0151sz\u00f6vet jav\u00edt\u00e1sa \u00e9s er\u0151s\u00edt\u00e9se<br \/>m\u00e9g az ultrahangk\u00e9peken is vil\u00e1goss\u00e1 v\u00e1lik.<\/p>\t\t\t\t<\/div>\n\t\t\t\t\t<\/div>\n\t\t\t\t\t\t<\/div>\n\t\t\t\t<\/div>\n\t\t\t\t<div class=\"elementor-element elementor-element-9597e5d elementor-widget elementor-widget-wd_infobox\" data-id=\"9597e5d\" data-element_type=\"widget\" data-e-type=\"widget\" data-widget_type=\"wd_infobox.default\">\n\t\t\t\t<div class=\"elementor-widget-container\">\n\t\t\t\t\t\t\t<div class=\"info-box-wrapper\">\n\t\t\t<div class=\"wd-info-box text-center box-icon-align-top box-style-base color-scheme- with-btn box-btn-static\">\n\t\t\t\t\t\t\t\t\t<div class=\"box-icon-wrapper  box-with-text text-size-default box-icon-simple\">\n\t\t\t\t\t\t<div class=\"info-box-icon\">\n\t\t\t\t\t\t\t\t\t\t\t\t\t\t\tCellulit stop\t\t\t\t\t\t\t\t\t\t\t\t\t<\/div>\n\t\t\t\t\t<\/div>\n\t\t\t\t\n\t\t\t\t<div class=\"info-box-content\">\n\t\t\t\t\t\t\t\t\t\t\t\n\t\t\t\t\t\t<div class=\"info-box-subtitle subtitle-color-default subtitle-style-default wd-fontsize-xs\" data-elementor-setting-key=\"subtitle\">\n\t\t\t\t\t\t\tA puding pr\u00f3b\u00e1ja az ev\u00e9sben rejlik\t\t\t\t\t\t<\/div>\n\t\t\t\t\t\n\t\t\t\t\t\t\t\t\t\t\t<h4\t\t\t\t\t\tclass=\"info-box-title title box-title-style-default wd-fontsize-m\" data-elementor-setting-key=\"title\">\n\t\t\t\t\t\t\t\tTesztelj most!\t\t\t\t\t\t<\/h4>\n\t\t\t\t\t\n\t\t\t\t\t<div class=\"info-box-inner reset-last-child\"data-elementor-setting-key=\"content\"><p>- A megl\u00e9v\u0151 cellulitisz cs\u00f6kkent\u00e9se<br \/>- Egy \u00faj fejleszt\u00e9s blok\u00e1dja<br \/>- Sim\u00edt\u00f3, feszes\u00edt\u0151 \u00e9s \u00e1pol\u00f3 hat\u00e1s\u00fa a b\u0151rszerkezetre<\/p>\n<\/div>\n\n\t\t\t\t\t\t\t\t\t\t\t<div class=\"info-btn-wrapper\">\n\t\t\t\t\t\t\t\t\t<div class=\"wd-button-wrapper text-center\" >\n\t\t\t<a class=\"btn btn-style-default btn-shape-rectangle btn-size-default btn-color-alt btn-icon-pos-right\"  href=\"#\">\n\t\t\t\t<span class=\"wd-btn-text\" data-elementor-setting-key=\"text\">\n\t\t\t\t\tFoglalja le az 1. kezel\u00e9st teszt\u00e1ron\t\t\t\t<\/span>\n\n\t\t\t\t\t\t\t<\/a>\n\t\t<\/div>\n\t\t\t\t\t\t\t\t<\/div>\n\t\t\t\t\t\t\t\t\t<\/div>\n\n\t\t\t\t\t\t\t<\/div>\n\t\t<\/div>\n\t\t\t\t\t\t<\/div>\n\t\t\t\t<\/div>\n\t\t\t\t\t<\/div>\n\t\t\t\t<\/div>\n\t\t\t\t\t<\/div>\n\t\t\t\t<\/div>\n\t\t<div class=\"wd-negative-gap elementor-element elementor-element-4da8607 e-flex e-con-boxed e-con e-parent\" data-id=\"4da8607\" data-element_type=\"container\" data-e-type=\"container\">\n\t\t\t\t\t<div class=\"e-con-inner\">\n\t\t\t\t<div class=\"elementor-element elementor-element-bf87f6d elementor-widget elementor-widget-wd_infobox\" data-id=\"bf87f6d\" data-element_type=\"widget\" data-e-type=\"widget\" data-widget_type=\"wd_infobox.default\">\n\t\t\t\t<div class=\"elementor-widget-container\">\n\t\t\t\t\t\t\t<div class=\"info-box-wrapper\">\n\t\t\t<div class=\"wd-info-box text-center box-icon-align-top box-style-base color-scheme-\">\n\t\t\t\t\t\t\t\t\t<div class=\"box-icon-wrapper  box-with-text text-size-default box-icon-simple\">\n\t\t\t\t\t\t<div class=\"info-box-icon\">\n\t\t\t\t\t\t\t\t\t\t\t\t\t\t\tAz anti-cellulit ter\u00e1pia\t\t\t\t\t\t\t\t\t\t\t\t\t<\/div>\n\t\t\t\t\t<\/div>\n\t\t\t\t\n\t\t\t\t<div class=\"info-box-content\">\n\t\t\t\t\t\n\t\t\t\t\t\t\t\t\t\t\t<h4\t\t\t\t\t\tclass=\"info-box-title title box-title-style-default wd-fontsize-m\" data-elementor-setting-key=\"title\">\n\t\t\t\t\t\t\t\tAz alg\u00e1s peptid pakol\u00e1ssal a Cellu massz\u00e1zsban:\t\t\t\t\t\t<\/h4>\n\t\t\t\t\t\n\t\t\t\t\t<div class=\"info-box-inner reset-last-child\"data-elementor-setting-key=\"content\"><p>Az azonnali hat\u00e1s\u00fa kombin\u00e1lt kezel\u00e9s!<br \/>A kezel\u00e9sek egyed\u00fcl\u00e1ll\u00f3 kombin\u00e1ci\u00f3ja seg\u00edt cs\u00f6kkenteni m\u00e9g a makacs narancsb\u0151rt is.<br \/>\u00e9s azonnali optikai sim\u00edt\u00f3 hat\u00e1st biztos\u00edt.<br \/>A cs\u00edp\u0151, a has \u00e9s a combok l\u00e1that\u00f3an egyenletesebb b\u0151r\u00e9\u00e9rt.<\/p>\n<\/div>\n\n\t\t\t\t\t\t\t\t\t<\/div>\n\n\t\t\t\t\t\t\t\t\t<a href=\"#\" class=\"wd-info-box-link wd-fill\" aria-label=\"Infobox link\"><\/a>\n\t\t\t\t\t\t\t<\/div>\n\t\t<\/div>\n\t\t\t\t\t\t<\/div>\n\t\t\t\t<\/div>\n\t\t<div class=\"wd-negative-gap elementor-element elementor-element-f187013 e-flex e-con-boxed e-con e-child\" data-id=\"f187013\" data-element_type=\"container\" data-e-type=\"container\">\n\t\t\t\t\t<div class=\"e-con-inner\">\n\t\t\t\t<div class=\"elementor-element elementor-element-7d4b738 elementor-widget elementor-widget-wd_infobox\" data-id=\"7d4b738\" data-element_type=\"widget\" data-e-type=\"widget\" data-widget_type=\"wd_infobox.default\">\n\t\t\t\t<div class=\"elementor-widget-container\">\n\t\t\t\t\t\t\t<div class=\"info-box-wrapper\">\n\t\t\t<div class=\"wd-info-box text-center box-icon-align-top box-style-base color-scheme-\">\n\t\t\t\t\t\t\t\t\t<div class=\"box-icon-wrapper  box-with-icon box-icon-simple\">\n\t\t\t\t\t\t<div class=\"info-box-icon\">\n\t\t\t\t\t\t\t\t\t\t\t\t\t\t\t<img loading=\"lazy\" decoding=\"async\" width=\"800\" height=\"800\" src=\"https:\/\/shapeline.at\/wp-content\/uploads\/2023\/09\/anti-cellulite-therapy-800x800.jpg?wsr\" class=\"attachment-large size-large\" alt=\"\" srcset=\"https:\/\/shapeline.at\/wp-content\/uploads\/2023\/09\/anti-cellulite-therapy-800x800.jpg 800w, https:\/\/shapeline.at\/wp-content\/uploads\/2023\/09\/anti-cellulite-therapy-300x300.jpg 300w, https:\/\/shapeline.at\/wp-content\/uploads\/2023\/09\/anti-cellulite-therapy-150x150.jpg 150w, https:\/\/shapeline.at\/wp-content\/uploads\/2023\/09\/anti-cellulite-therapy-768x768.jpg 768w, https:\/\/shapeline.at\/wp-content\/uploads\/2023\/09\/anti-cellulite-therapy-860x860.jpg 860w, https:\/\/shapeline.at\/wp-content\/uploads\/2023\/09\/anti-cellulite-therapy-430x430.jpg 430w, https:\/\/shapeline.at\/wp-content\/uploads\/2023\/09\/anti-cellulite-therapy-700x700.jpg 700w, https:\/\/shapeline.at\/wp-content\/uploads\/2023\/09\/anti-cellulite-therapy.jpg 1200w\" sizes=\"auto, (max-width: 800px) 100vw, 800px\" \/>\t\t\t\t\t\t\t\t\t\t\t\t\t<\/div>\n\t\t\t\t\t<\/div>\n\t\t\t\t\n\t\t\t\t<div class=\"info-box-content\">\n\t\t\t\t\t\n\t\t\t\t\t\t\t\t\t\t\t<h4\t\t\t\t\t\tclass=\"info-box-title title box-title-style-default wd-fontsize-m\" data-elementor-setting-key=\"title\">\n\t\t\t\t\t\t\t\t1. ALGEN PEPTID WICKEL mint cellulit gyilkos\t\t\t\t\t\t<\/h4>\n\t\t\t\t\t\n\t\t\t\t\t<div class=\"info-box-inner reset-last-child\"data-elementor-setting-key=\"content\"><p>A k\u00f6t\u00e9sek a high-tech hat\u00f3anyagokkal k\u00e9sz\u00fclnek.<br \/>\u00e9s szorosan a probl\u00e9m\u00e1s ter\u00fcletek k\u00f6r\u00e9 tekerj\u00fck.<br \/>Ezut\u00e1n b\u00fajjon bele egy termoakt\u00edv f\u00f3lianadr\u00e1gba.<br \/>Csak ezut\u00e1n ker\u00fcl r\u00e1 a CELLU MASS\u00c1ZS ruh\u00e1ja.<\/p>\n<\/div>\n\n\t\t\t\t\t\t\t\t\t<\/div>\n\n\t\t\t\t\t\t\t\t\t<a href=\"#\" class=\"wd-info-box-link wd-fill\" aria-label=\"Infobox link\"><\/a>\n\t\t\t\t\t\t\t<\/div>\n\t\t<\/div>\n\t\t\t\t\t\t<\/div>\n\t\t\t\t<\/div>\n\t\t\t\t<div class=\"elementor-element elementor-element-9ae0d57 elementor-widget elementor-widget-wd_infobox\" data-id=\"9ae0d57\" data-element_type=\"widget\" data-e-type=\"widget\" data-widget_type=\"wd_infobox.default\">\n\t\t\t\t<div class=\"elementor-widget-container\">\n\t\t\t\t\t\t\t<div class=\"info-box-wrapper\">\n\t\t\t<div class=\"wd-info-box text-center box-icon-align-top box-style-base color-scheme-\">\n\t\t\t\t\t\t\t\t\t<div class=\"box-icon-wrapper  box-with-icon box-icon-simple\">\n\t\t\t\t\t\t<div class=\"info-box-icon\">\n\t\t\t\t\t\t\t\t\t\t\t\t\t\t\t<img loading=\"lazy\" decoding=\"async\" width=\"800\" height=\"800\" src=\"https:\/\/shapeline.at\/wp-content\/uploads\/2023\/09\/anti-cellulite-therapy2-800x800.jpg?wsr\" class=\"attachment-large size-large\" alt=\"\" srcset=\"https:\/\/shapeline.at\/wp-content\/uploads\/2023\/09\/anti-cellulite-therapy2-800x800.jpg 800w, https:\/\/shapeline.at\/wp-content\/uploads\/2023\/09\/anti-cellulite-therapy2-300x300.jpg 300w, https:\/\/shapeline.at\/wp-content\/uploads\/2023\/09\/anti-cellulite-therapy2-150x150.jpg 150w, https:\/\/shapeline.at\/wp-content\/uploads\/2023\/09\/anti-cellulite-therapy2-768x768.jpg 768w, https:\/\/shapeline.at\/wp-content\/uploads\/2023\/09\/anti-cellulite-therapy2-860x860.jpg 860w, https:\/\/shapeline.at\/wp-content\/uploads\/2023\/09\/anti-cellulite-therapy2-430x430.jpg 430w, https:\/\/shapeline.at\/wp-content\/uploads\/2023\/09\/anti-cellulite-therapy2-700x700.jpg 700w, https:\/\/shapeline.at\/wp-content\/uploads\/2023\/09\/anti-cellulite-therapy2.jpg 1200w\" sizes=\"auto, (max-width: 800px) 100vw, 800px\" \/>\t\t\t\t\t\t\t\t\t\t\t\t\t<\/div>\n\t\t\t\t\t<\/div>\n\t\t\t\t\n\t\t\t\t<div class=\"info-box-content\">\n\t\t\t\t\t\n\t\t\t\t\t\t\t\t\t\t\t<h4\t\t\t\t\t\tclass=\"info-box-title title box-title-style-default wd-fontsize-m\" data-elementor-setting-key=\"title\">\n\t\t\t\t\t\t\t\t2 CELLU MASSAGE kisim\u00edtja a cellulit g\u00f6dr\u00f6csk\u00e9ket\t\t\t\t\t\t<\/h4>\n\t\t\t\t\t\n\t\t\t\t\t<div class=\"info-box-inner reset-last-child\"data-elementor-setting-key=\"content\"><p>Szel\u00edd, egyre er\u0151sebben sikl\u00f3 hull\u00e1mok<br \/>aktiv\u00e1lja a nyirok\u00e1raml\u00e1st, \u00e9s massz\u00edrozza a feneket \u00e9s a l\u00e1bakat.<br \/>Az eredm\u00e9ny: a sz\u00f6veti salakanyagok \u00e9s az \u00f6sszen\u00f6v\u00e9sek fellazulnak.<br \/>\u00e9s a h\u00fagyh\u00f3lyagon \u00e9s a ves\u00e9ken kereszt\u00fcl \u00fcr\u00fcl ki.<\/p>\n<\/div>\n\n\t\t\t\t\t\t\t\t\t<\/div>\n\n\t\t\t\t\t\t\t\t\t<a href=\"#\" class=\"wd-info-box-link wd-fill\" aria-label=\"Infobox link\"><\/a>\n\t\t\t\t\t\t\t<\/div>\n\t\t<\/div>\n\t\t\t\t\t\t<\/div>\n\t\t\t\t<\/div>\n\t\t\t\t\t<\/div>\n\t\t\t\t<\/div>\n\t\t<div class=\"elementor-element elementor-element-a3dc79e e-con-full e-flex e-con e-child\" data-id=\"a3dc79e\" data-element_type=\"container\" data-e-type=\"container\">\n\t\t\t\t<\/div>\n\t\t\t\t\t<\/div>\n\t\t\t\t<\/div>\n\t\t<div class=\"wd-negative-gap elementor-element elementor-element-4eb0306 e-flex e-con-boxed e-con e-parent\" data-id=\"4eb0306\" data-element_type=\"container\" data-e-type=\"container\">\n\t\t\t\t\t<div class=\"e-con-inner\">\n\t\t\t\t<div class=\"elementor-element elementor-element-f78c982 elementor-widget elementor-widget-wd_marquee\" data-id=\"f78c982\" data-element_type=\"widget\" data-e-type=\"widget\" data-widget_type=\"wd_marquee.default\">\n\t\t\t\t<div class=\"elementor-widget-container\">\n\t\t\t\t\t\t\t<div class=\"wd-marquee\">\n\t\t\t<div class=\"wd-marquee-content\">\n\t\t\t\t\t\t\t<span class=\"wd-marquee-item\">\n\t\t\t\t<i class=\"wd-icon far fa-grin-hearts\"><\/i>\n\t\t\t\t\t\t\t\t\tTesztelj most!\t\t\t\t\n\t\t\t\t\t\t\t<\/span>\n\t\t\t\t\t\t<\/div>\n\t\t\t<div class=\"wd-marquee-content\">\n\t\t\t\t\t\t\t<span class=\"wd-marquee-item\">\n\t\t\t\t<i class=\"wd-icon far fa-grin-hearts\"><\/i>\n\t\t\t\t\t\t\t\t\tTesztelj most!\t\t\t\t\n\t\t\t\t\t\t\t<\/span>\n\t\t\t\t\t\t<\/div>\n\t\t<\/div>\n\t\t\t\t\t\t<\/div>\n\t\t\t\t<\/div>\n\t\t\t\t<div class=\"elementor-element elementor-element-42806e2 elementor-widget elementor-widget-wd_text_block\" data-id=\"42806e2\" data-element_type=\"widget\" data-e-type=\"widget\" data-widget_type=\"wd_text_block.default\">\n\t\t\t\t<div class=\"elementor-widget-container\">\n\t\t\t\t\t\t\t<div class=\"wd-text-block reset-last-child text-left\">\n\t\t\t\n\t\t\t<p style=\"text-align: center;\">Szervezzen id\u0151pontot egy tesztel\u00e9sre most azonnal az egyik <a id=\"studio-ihrer-wahl-bodyshapen-inline\" href=\"https:\/\/shapeline.at\/hu\/studiok\/\">Az \u00d6n \u00e1ltal v\u00e1lasztott st\u00fadi\u00f3<\/a><br \/>Ingyenes alakelemz\u00e9st kap!<br \/>Egy\u00e9nileg adunk \u00d6nnek tan\u00e1csot, \u00e9s k\u00e9r\u00e9sre sz\u00edvesen \u00f6ssze\u00e1ll\u00edtunk egy szem\u00e9lyre szabott testform\u00e1l\u00f3 programot.<\/p>\n\t\t\t\t\t<\/div>\n\t\t\t\t\t\t<\/div>\n\t\t\t\t<\/div>\n\t\t\t\t\t<\/div>\n\t\t\t\t<\/div>\n\t\t<div class=\"wd-negative-gap elementor-element elementor-element-80c08e9 e-flex e-con-boxed e-con e-parent\" data-id=\"80c08e9\" data-element_type=\"container\" data-e-type=\"container\">\n\t\t\t\t\t<div class=\"e-con-inner\">\n\t\t\t\t<div class=\"elementor-element elementor-element-4815f6a elementor-widget elementor-widget-wd_social_buttons\" data-id=\"4815f6a\" data-element_type=\"widget\" data-e-type=\"widget\" data-widget_type=\"wd_social_buttons.default\">\n\t\t\t\t<div class=\"elementor-widget-container\">\n\t\t\t\t\t\t\t\t<div\n\t\t\t\t\t\tclass=\"wd-social-icons wd-style-colored wd-size-default social-share wd-shape-circle color-scheme-dark text-center\">\n\t\t\t\t\n\t\t\t\t\n\t\t\t\t\t\t\t\t\t<a rel=\"noopener noreferrer nofollow\" href=\"https:\/\/www.facebook.com\/sharer\/sharer.php?u=https:\/\/shapeline.at\/hu\/program\/bodyforming\/anti-cellulit-turbo\/\" target=\"_blank\" class=\"wd-social-icon social-facebook\" aria-label=\"Facebook social link\">\n\t\t\t\t\t\t<span class=\"wd-icon\"><\/span>\n\t\t\t\t\t\t\t\t\t\t\t<\/a>\n\t\t\t\t\n\t\t\t\t\n\t\t\t\t\n\t\t\t\t\t\t\t\t\t<a rel=\"noopener noreferrer nofollow\" href=\"mailto:?subject=Check%20this%20https:\/\/shapeline.at\/hu\/program\/bodyforming\/anti-cellulit-turbo\/\" target=\"_blank\" class=\"wd-social-icon social-email\" aria-label=\"Email social link\">\n\t\t\t\t\t\t<span class=\"wd-icon\"><\/span>\n\t\t\t\t\t\t\t\t\t\t\t<\/a>\n\t\t\t\t\n\t\t\t\t\n\t\t\t\t\n\t\t\t\t\n\t\t\t\t\n\t\t\t\t\n\t\t\t\t\n\t\t\t\t\n\t\t\t\t\n\t\t\t\t\n\t\t\t\t\n\t\t\t\t\n\t\t\t\t\n\t\t\t\t\n\t\t\t\t\n\t\t\t\t\t\t\t\t\t<a rel=\"noopener noreferrer nofollow\" href=\"https:\/\/api.whatsapp.com\/send?text=https%3A%2F%2Fshapeline.at%2Fhu%2Fprogram%2Fbodyforming%2Fanti-cellulit-turbo%2F\" target=\"_blank\" class=\"wd-hide-md wd-social-icon social-whatsapp\" aria-label=\"WhatsApp social link\">\n\t\t\t\t\t\t<span class=\"wd-icon\"><\/span>\n\t\t\t\t\t\t\t\t\t\t\t<\/a>\n\n\t\t\t\t\t<a rel=\"noopener noreferrer nofollow\" href=\"whatsapp:\/\/send?text=http:\/\/https%3A%2F%2Fshapeline.at%2Fhu%2Fprogram%2Fbodyforming%2Fanti-cellulit-turbo%2F\" target=\"_blank\" class=\"wd-hide-lg wd-social-icon social-whatsapp\" aria-label=\"WhatsApp social link\">\n\t\t\t\t\t\t<span class=\"wd-icon\"><\/span>\n\t\t\t\t\t\t\t\t\t\t\t<\/a>\n\t\t\t\t\n\t\t\t\t\n\t\t\t\t\n\t\t\t\t\n\t\t\t\t\n\t\t\t\t\n\t\t\t\t\t\t\t\t\t<a rel=\"noopener noreferrer nofollow\" href=\"https:\/\/telegram.me\/share\/url?url=https:\/\/shapeline.at\/hu\/program\/bodyforming\/anti-cellulit-turbo\/\" target=\"_blank\" class=\"wd-social-icon social-tg\" aria-label=\"Telegram social link\">\n\t\t\t\t\t\t<span class=\"wd-icon\"><\/span>\n\t\t\t\t\t\t\t\t\t\t\t<\/a>\n\t\t\t\t\n\t\t\t\t\n\t\t\t<\/div>\n\n\t\t\t\t\t\t<\/div>\n\t\t\t\t<\/div>\n\t\t\t\t\t<\/div>\n\t\t\t\t<\/div>\n\t\t\t\t<\/div>","protected":false},"excerpt":{"rendered":"<p>Ha az \u00e9let narancsot ad, akkor gyere a Shape-Line-hoz, \u00e9s mi barackot var\u00e1zsolunk bel\u0151le.<\/p>","protected":false},"author":1,"featured_media":0,"parent":241928,"menu_order":0,"comment_status":"closed","ping_status":"closed","template":"","meta":{"footnotes":""},"class_list":["post-242152","page","type-page","status-publish","hentry"],"_links":{"self":[{"href":"https:\/\/shapeline.at\/hu\/wp-json\/wp\/v2\/pages\/242152","targetHints":{"allow":["GET"]}}],"collection":[{"href":"https:\/\/shapeline.at\/hu\/wp-json\/wp\/v2\/pages"}],"about":[{"href":"https:\/\/shapeline.at\/hu\/wp-json\/wp\/v2\/types\/page"}],"author":[{"embeddable":true,"href":"https:\/\/shapeline.at\/hu\/wp-json\/wp\/v2\/users\/1"}],"replies":[{"embeddable":true,"href":"https:\/\/shapeline.at\/hu\/wp-json\/wp\/v2\/comments?post=242152"}],"version-history":[{"count":31,"href":"https:\/\/shapeline.at\/hu\/wp-json\/wp\/v2\/pages\/242152\/revisions"}],"predecessor-version":[{"id":243111,"href":"https:\/\/shapeline.at\/hu\/wp-json\/wp\/v2\/pages\/242152\/revisions\/243111"}],"up":[{"embeddable":true,"href":"https:\/\/shapeline.at\/hu\/wp-json\/wp\/v2\/pages\/241928"}],"wp:attachment":[{"href":"https:\/\/shapeline.at\/hu\/wp-json\/wp\/v2\/media?parent=242152"}],"curies":[{"name":"wp","href":"https:\/\/api.w.org\/{rel}","templated":true}]}}