{"id":242305,"date":"2023-09-23T13:16:42","date_gmt":"2023-09-23T13:16:42","guid":{"rendered":"https:\/\/shop.devepu.apollo.wpspace.me\/?page_id=242305"},"modified":"2023-09-23T13:36:17","modified_gmt":"2023-09-23T13:36:17","slug":"arany-papaya-wrap","status":"publish","type":"page","link":"https:\/\/shapeline.at\/hu\/program\/bodyforming\/arany-papaya-wrap\/","title":{"rendered":"Arany papaya Wrap"},"content":{"rendered":"<div data-elementor-type=\"wp-page\" data-elementor-id=\"242305\" class=\"elementor elementor-242305\" data-elementor-post-type=\"page\">\n\t\t\t\t<div class=\"wd-negative-gap elementor-element elementor-element-0f9b587 e-flex e-con-boxed e-con e-parent\" data-id=\"0f9b587\" data-element_type=\"container\" data-e-type=\"container\">\n\t\t\t\t\t<div class=\"e-con-inner\">\n\t\t\t\t<div class=\"elementor-element elementor-element-6ebdbec wd-width-100 elementor-widget elementor-widget-wd_title\" data-id=\"6ebdbec\" data-element_type=\"widget\" data-e-type=\"widget\" data-widget_type=\"wd_title.default\">\n\t\t\t\t<div class=\"elementor-widget-container\">\n\t\t\t\t\t\t\t<div class=\"title-wrapper wd-set-mb reset-last-child wd-title-color-default wd-title-style-default wd-title-size-default text-center\">\n\n\t\t\t\t\t\t\t\t\t\t\t<div class=\"title-subtitle subtitle-color-default subtitle-style-default wd-fontsize-xs\">\n\t\t\t\t\tExtr\u00e9m zs\u00edr\u00e9get\u00e9s a test saj\u00e1t infrav\u00f6r\u00f6s energi\u00e1j\u00e1val\t\t\t\t<\/div>\n\t\t\t\n\t\t\t<div class=\"liner-continer\">\n\t\t\t\t<h4 class=\"woodmart-title-container title wd-fontsize-l\">ARANY PAPAYA WRAP<\/h4> \n\t\t\t\t\t\t\t<\/div>\n\n\t\t\t\t\t<\/div>\n\t\t\t\t\t\t<\/div>\n\t\t\t\t<\/div>\n\t\t\t\t<div class=\"elementor-element elementor-element-02b1e47 elementor-widget elementor-widget-wd_image_or_svg\" data-id=\"02b1e47\" data-element_type=\"widget\" data-e-type=\"widget\" data-widget_type=\"wd_image_or_svg.default\">\n\t\t\t\t<div class=\"elementor-widget-container\">\n\t\t\t\t\t\n\t\t<div class=\"wd-image text-left\">\n\t\t\t\t\t\t\t\t<img loading=\"lazy\" decoding=\"async\" width=\"1100\" height=\"918\" src=\"https:\/\/shapeline.at\/wp-content\/uploads\/2023\/09\/papaya-wrap.gif?wsr\" class=\"attachment-full size-full\" alt=\"\" \/>\t\t\t\t\t<\/div>\n\n\t\t\t\t\t\t<\/div>\n\t\t\t\t<\/div>\n\t\t\t\t<div class=\"elementor-element elementor-element-6fb8fd9 wd-width-100 elementor-widget elementor-widget-wd_title\" data-id=\"6fb8fd9\" data-element_type=\"widget\" data-e-type=\"widget\" data-widget_type=\"wd_title.default\">\n\t\t\t\t<div class=\"elementor-widget-container\">\n\t\t\t\t\t\t\t<div class=\"title-wrapper wd-set-mb reset-last-child wd-title-color-default wd-title-style-default wd-title-size-default text-center\">\n\n\t\t\t\n\t\t\t<div class=\"liner-continer\">\n\t\t\t\t<h4 class=\"woodmart-title-container title wd-fontsize-l\">A Shape-Line \u00faj sz\u00e9ps\u00e9gipari forradalmat hoz<br \/>\naz USA-b\u00f3l Ausztri\u00e1ba!<\/h4> \n\t\t\t\t\t\t\t<\/div>\n\n\t\t\t\t\t<\/div>\n\t\t\t\t\t\t<\/div>\n\t\t\t\t<\/div>\n\t\t\t\t<div class=\"elementor-element elementor-element-3a56b80 wd-width-100 elementor-widget elementor-widget-wd_title\" data-id=\"3a56b80\" data-element_type=\"widget\" data-e-type=\"widget\" data-widget_type=\"wd_title.default\">\n\t\t\t\t<div class=\"elementor-widget-container\">\n\t\t\t\t\t\t\t<div class=\"title-wrapper wd-set-mb reset-last-child wd-title-color-default wd-title-style-default wd-title-size-default text-center\">\n\n\t\t\t\n\t\t\t<div class=\"liner-continer\">\n\t\t\t\t<h4 class=\"woodmart-title-container title wd-fontsize-l\">Fogy\u00e1s a test saj\u00e1t infrav\u00f6r\u00f6s energi\u00e1j\u00e1val<\/h4> \n\t\t\t\t\t\t\t<\/div>\n\n\t\t\t\t\t\t\t<div class=\"title-after_title reset-last-child wd-fontsize-xs\">\n\t\t\t\t\t<p>A Golden Papaya Wrap a hagyom\u00e1nyos testtekercsel\u0151 kezel\u00e9sek innovat\u00edv tov\u00e1bbfejleszt\u00e9se.<br \/>A teljesen \u00faj - eddig ismeretlen - hat\u00e1sfokoz\u00f3knak k\u00f6sz\u00f6nhet\u0151en,<br \/>a sz\u00f3 szoros \u00e9rtelm\u00e9ben m\u00e9g jobban felosztja \u00e9s cs\u00f6kkenti a dudorod\u00f3 b\u0151r alatti zs\u00edrsejteket.<\/p>\t\t\t\t<\/div>\n\t\t\t\t\t<\/div>\n\t\t\t\t\t\t<\/div>\n\t\t\t\t<\/div>\n\t\t\t\t<div class=\"elementor-element elementor-element-d37e4b1 wd-width-100 elementor-widget elementor-widget-wd_title\" data-id=\"d37e4b1\" data-element_type=\"widget\" data-e-type=\"widget\" data-widget_type=\"wd_title.default\">\n\t\t\t\t<div class=\"elementor-widget-container\">\n\t\t\t\t\t\t\t<div class=\"title-wrapper wd-set-mb reset-last-child wd-title-color-default wd-title-style-default wd-title-size-default text-center\">\n\n\t\t\t\n\t\t\t<div class=\"liner-continer\">\n\t\t\t\t<h4 class=\"woodmart-title-container title wd-fontsize-l\">Mi \u00e1ll m\u00f6g\u00f6tte?<\/h4> \n\t\t\t\t\t\t\t<\/div>\n\n\t\t\t\t\t\t\t<div class=\"title-after_title reset-last-child wd-fontsize-xs\">\n\t\t\t\t\t<p>Cukorn\u00e1df\u00f3li\u00e1ba csomagolva, enzimek, papaya \u00e9s ALA koncentr\u00e1tumok felmelegednek<br \/>a zs\u00edrp\u00e1rn\u00e1kat massz\u00edvan.<br \/>A keletkez\u0151 infrav\u00f6r\u00f6s energi\u00e1t egy aranyh\u00e9j elnyeli.<br \/>az \u0171rtechnol\u00f3gi\u00e1ban t\u00fckr\u00f6z\u0151dik.<br \/>Ez megdupl\u00e1zza a hagyom\u00e1nyos zs\u00edrcs\u00f6kkent\u0151 hat\u00e1s\u00e1t.<br \/>Testtekercsel\u00e9s a tart\u00f3s p\u00e1rolg\u00e1s r\u00e9v\u00e9n.<\/p>\t\t\t\t<\/div>\n\t\t\t\t\t<\/div>\n\t\t\t\t\t\t<\/div>\n\t\t\t\t<\/div>\n\t\t\t\t<div class=\"elementor-element elementor-element-e8e4853 wd-width-100 elementor-widget elementor-widget-wd_title\" data-id=\"e8e4853\" data-element_type=\"widget\" data-e-type=\"widget\" data-widget_type=\"wd_title.default\">\n\t\t\t\t<div class=\"elementor-widget-container\">\n\t\t\t\t\t\t\t<div class=\"title-wrapper wd-set-mb reset-last-child wd-title-color-default wd-title-style-default wd-title-size-default text-center\">\n\n\t\t\t\n\t\t\t<div class=\"liner-continer\">\n\t\t\t\t<h4 class=\"woodmart-title-container title wd-fontsize-l\">ARANY PAPAYA WRAP<br \/>\n\u00e9s annak nyugati sikert\u00e9nyez\u0151i<\/h4> \n\t\t\t\t\t\t\t<\/div>\n\n\t\t\t\t\t<\/div>\n\t\t\t\t\t\t<\/div>\n\t\t\t\t<\/div>\n\t\t\t\t<div class=\"elementor-element elementor-element-27df452 elementor-widget-divider--view-line elementor-widget elementor-widget-divider\" data-id=\"27df452\" data-element_type=\"widget\" data-e-type=\"widget\" data-widget_type=\"divider.default\">\n\t\t\t\t<div class=\"elementor-widget-container\">\n\t\t\t\t\t\t\t<div class=\"elementor-divider\">\n\t\t\t<span class=\"elementor-divider-separator\">\n\t\t\t\t\t\t<\/span>\n\t\t<\/div>\n\t\t\t\t\t\t<\/div>\n\t\t\t\t<\/div>\n\t\t\t\t\t<\/div>\n\t\t\t\t<\/div>\n\t\t<div class=\"wd-negative-gap elementor-element elementor-element-b3d4692 e-flex e-con-boxed e-con e-parent\" data-id=\"b3d4692\" data-element_type=\"container\" data-e-type=\"container\">\n\t\t\t\t\t<div class=\"e-con-inner\">\n\t\t<div class=\"wd-negative-gap elementor-element elementor-element-03335de e-flex e-con-boxed e-con e-child\" data-id=\"03335de\" data-element_type=\"container\" data-e-type=\"container\">\n\t\t\t\t\t<div class=\"e-con-inner\">\n\t\t\t\t<div class=\"elementor-element elementor-element-f631035 wd-width-100 elementor-widget elementor-widget-wd_title\" data-id=\"f631035\" data-element_type=\"widget\" data-e-type=\"widget\" data-widget_type=\"wd_title.default\">\n\t\t\t\t<div class=\"elementor-widget-container\">\n\t\t\t\t\t\t\t<div class=\"title-wrapper wd-set-mb reset-last-child wd-title-color-default wd-title-style-default wd-title-size-default text-center\">\n\n\t\t\t\n\t\t\t<div class=\"liner-continer\">\n\t\t\t\t<h4 class=\"woodmart-title-container title wd-fontsize-l\">High-tech enzim g\u00e9l<\/h4> \n\t\t\t\t\t\t\t<\/div>\n\n\t\t\t\t\t<\/div>\n\t\t\t\t\t\t<\/div>\n\t\t\t\t<\/div>\n\t\t\t\t<div class=\"elementor-element elementor-element-a6f8b8a elementor-widget elementor-widget-wd_image_or_svg\" data-id=\"a6f8b8a\" data-element_type=\"widget\" data-e-type=\"widget\" data-widget_type=\"wd_image_or_svg.default\">\n\t\t\t\t<div class=\"elementor-widget-container\">\n\t\t\t\t\t\n\t\t<div class=\"wd-image text-left\">\n\t\t\t\t\t\t\t\t<img loading=\"lazy\" decoding=\"async\" width=\"1772\" height=\"1183\" src=\"https:\/\/shapeline.at\/wp-content\/uploads\/2023\/09\/Shapeline_golden-papaya-Zuckerrohr-Wrap-enzym-wickel.jpg?wsr\" class=\"attachment-full size-full\" alt=\"\" srcset=\"https:\/\/shapeline.at\/wp-content\/uploads\/2023\/09\/Shapeline_golden-papaya-Zuckerrohr-Wrap-enzym-wickel.jpg 1772w, https:\/\/shapeline.at\/wp-content\/uploads\/2023\/09\/Shapeline_golden-papaya-Zuckerrohr-Wrap-enzym-wickel-400x267.jpg 400w, https:\/\/shapeline.at\/wp-content\/uploads\/2023\/09\/Shapeline_golden-papaya-Zuckerrohr-Wrap-enzym-wickel-1198x800.jpg 1198w, https:\/\/shapeline.at\/wp-content\/uploads\/2023\/09\/Shapeline_golden-papaya-Zuckerrohr-Wrap-enzym-wickel-768x513.jpg 768w, https:\/\/shapeline.at\/wp-content\/uploads\/2023\/09\/Shapeline_golden-papaya-Zuckerrohr-Wrap-enzym-wickel-1536x1025.jpg 1536w, https:\/\/shapeline.at\/wp-content\/uploads\/2023\/09\/Shapeline_golden-papaya-Zuckerrohr-Wrap-enzym-wickel-860x574.jpg 860w, https:\/\/shapeline.at\/wp-content\/uploads\/2023\/09\/Shapeline_golden-papaya-Zuckerrohr-Wrap-enzym-wickel-430x287.jpg 430w, https:\/\/shapeline.at\/wp-content\/uploads\/2023\/09\/Shapeline_golden-papaya-Zuckerrohr-Wrap-enzym-wickel-700x467.jpg 700w, https:\/\/shapeline.at\/wp-content\/uploads\/2023\/09\/Shapeline_golden-papaya-Zuckerrohr-Wrap-enzym-wickel-150x100.jpg 150w\" sizes=\"auto, (max-width: 1772px) 100vw, 1772px\" \/>\t\t\t\t\t<\/div>\n\n\t\t\t\t\t\t<\/div>\n\t\t\t\t<\/div>\n\t\t\t\t<div class=\"elementor-element elementor-element-89e527c elementor-widget elementor-widget-wd_text_block\" data-id=\"89e527c\" data-element_type=\"widget\" data-e-type=\"widget\" data-widget_type=\"wd_text_block.default\">\n\t\t\t\t<div class=\"elementor-widget-container\">\n\t\t\t\t\t\t\t<div class=\"wd-text-block reset-last-child text-left\">\n\t\t\t\n\t\t\t<p style=\"text-align: center;\">Az els\u0151 l\u00e9p\u00e9s a kiv\u00e1l\u00f3 min\u0151s\u00e9g\u0171 enzimg\u00e9l alkalmaz\u00e1sa az eg\u00e9sz testen. A kiv\u00e1l\u00f3 min\u0151s\u00e9g\u0171 hat\u00f3anyagok m\u00e9lyen behatolnak:<\/p>\n\t\t\t\t\t<\/div>\n\t\t\t\t\t\t<\/div>\n\t\t\t\t<\/div>\n\t\t\t\t<div class=\"elementor-element elementor-element-a1472aa elementor-icon-list--layout-traditional elementor-list-item-link-full_width elementor-widget elementor-widget-icon-list\" data-id=\"a1472aa\" data-element_type=\"widget\" data-e-type=\"widget\" data-widget_type=\"icon-list.default\">\n\t\t\t\t<div class=\"elementor-widget-container\">\n\t\t\t\t\t\t\t<ul class=\"elementor-icon-list-items\">\n\t\t\t\t\t\t\t<li class=\"elementor-icon-list-item\">\n\t\t\t\t\t\t\t\t\t\t\t<span class=\"elementor-icon-list-icon\">\n\t\t\t\t\t\t\t<i aria-hidden=\"true\" class=\"fas fa-check\"><\/i>\t\t\t\t\t\t<\/span>\n\t\t\t\t\t\t\t\t\t\t<span class=\"elementor-icon-list-text\">A papaya jodidok cs\u00f6kkentik a b\u0151r alatti zs\u00edrlerak\u00f3d\u00e1sokat<\/span>\n\t\t\t\t\t\t\t\t\t<\/li>\n\t\t\t\t\t\t\t\t<li class=\"elementor-icon-list-item\">\n\t\t\t\t\t\t\t\t\t\t\t<span class=\"elementor-icon-list-icon\">\n\t\t\t\t\t\t\t<i aria-hidden=\"true\" class=\"fas fa-check\"><\/i>\t\t\t\t\t\t<\/span>\n\t\t\t\t\t\t\t\t\t\t<span class=\"elementor-icon-list-text\">Alfa-liponsav (ALA) - feszes\u00edti a b\u0151r megjelen\u00e9s\u00e9t.<\/span>\n\t\t\t\t\t\t\t\t\t<\/li>\n\t\t\t\t\t\t\t\t<li class=\"elementor-icon-list-item\">\n\t\t\t\t\t\t\t\t\t\t\t<span class=\"elementor-icon-list-icon\">\n\t\t\t\t\t\t\t<i aria-hidden=\"true\" class=\"fas fa-check\"><\/i>\t\t\t\t\t\t<\/span>\n\t\t\t\t\t\t\t\t\t\t<span class=\"elementor-icon-list-text\">C-palmit\u00e1t \u00e9s E-vitamin: lebontja a felpuffadt zs\u00edrsejteket.<\/span>\n\t\t\t\t\t\t\t\t\t<\/li>\n\t\t\t\t\t\t\t\t<li class=\"elementor-icon-list-item\">\n\t\t\t\t\t\t\t\t\t\t\t<span class=\"elementor-icon-list-icon\">\n\t\t\t\t\t\t\t<i aria-hidden=\"true\" class=\"fas fa-check\"><\/i>\t\t\t\t\t\t<\/span>\n\t\t\t\t\t\t\t\t\t\t<span class=\"elementor-icon-list-text\">K\u00fcl\u00f6nf\u00e9le n\u00f6v\u00e9nyi enzimek okoznak m\u00e9ly sz\u00f6veti felmeleged\u00e9st<\/span>\n\t\t\t\t\t\t\t\t\t<\/li>\n\t\t\t\t\t\t<\/ul>\n\t\t\t\t\t\t<\/div>\n\t\t\t\t<\/div>\n\t\t\t\t\t<\/div>\n\t\t\t\t<\/div>\n\t\t<div class=\"wd-negative-gap elementor-element elementor-element-ae18c8d e-flex e-con-boxed e-con e-child\" data-id=\"ae18c8d\" data-element_type=\"container\" data-e-type=\"container\">\n\t\t\t\t\t<div class=\"e-con-inner\">\n\t\t\t\t<div class=\"elementor-element elementor-element-c4fd216 wd-width-100 elementor-widget elementor-widget-wd_title\" data-id=\"c4fd216\" data-element_type=\"widget\" data-e-type=\"widget\" data-widget_type=\"wd_title.default\">\n\t\t\t\t<div class=\"elementor-widget-container\">\n\t\t\t\t\t\t\t<div class=\"title-wrapper wd-set-mb reset-last-child wd-title-color-default wd-title-style-default wd-title-size-default text-center\">\n\n\t\t\t\n\t\t\t<div class=\"liner-continer\">\n\t\t\t\t<h4 class=\"woodmart-title-container title wd-fontsize-l\">Cukorn\u00e1dba csomagolva<\/h4> \n\t\t\t\t\t\t\t<\/div>\n\n\t\t\t\t\t<\/div>\n\t\t\t\t\t\t<\/div>\n\t\t\t\t<\/div>\n\t\t\t\t<div class=\"elementor-element elementor-element-31a584b elementor-widget elementor-widget-wd_image_or_svg\" data-id=\"31a584b\" data-element_type=\"widget\" data-e-type=\"widget\" data-widget_type=\"wd_image_or_svg.default\">\n\t\t\t\t<div class=\"elementor-widget-container\">\n\t\t\t\t\t\n\t\t<div class=\"wd-image text-left\">\n\t\t\t\t\t\t\t\t<img loading=\"lazy\" decoding=\"async\" width=\"1772\" height=\"1183\" src=\"https:\/\/shapeline.at\/wp-content\/uploads\/2023\/09\/Shapeline_goldenpapaya-Zuckerrohr-Wrap1WEB.jpg?wsr\" class=\"attachment-full size-full\" alt=\"\" srcset=\"https:\/\/shapeline.at\/wp-content\/uploads\/2023\/09\/Shapeline_goldenpapaya-Zuckerrohr-Wrap1WEB.jpg 1772w, https:\/\/shapeline.at\/wp-content\/uploads\/2023\/09\/Shapeline_goldenpapaya-Zuckerrohr-Wrap1WEB-400x267.jpg 400w, https:\/\/shapeline.at\/wp-content\/uploads\/2023\/09\/Shapeline_goldenpapaya-Zuckerrohr-Wrap1WEB-1198x800.jpg 1198w, https:\/\/shapeline.at\/wp-content\/uploads\/2023\/09\/Shapeline_goldenpapaya-Zuckerrohr-Wrap1WEB-768x513.jpg 768w, https:\/\/shapeline.at\/wp-content\/uploads\/2023\/09\/Shapeline_goldenpapaya-Zuckerrohr-Wrap1WEB-1536x1025.jpg 1536w, https:\/\/shapeline.at\/wp-content\/uploads\/2023\/09\/Shapeline_goldenpapaya-Zuckerrohr-Wrap1WEB-860x574.jpg 860w, https:\/\/shapeline.at\/wp-content\/uploads\/2023\/09\/Shapeline_goldenpapaya-Zuckerrohr-Wrap1WEB-430x287.jpg 430w, https:\/\/shapeline.at\/wp-content\/uploads\/2023\/09\/Shapeline_goldenpapaya-Zuckerrohr-Wrap1WEB-700x467.jpg 700w, https:\/\/shapeline.at\/wp-content\/uploads\/2023\/09\/Shapeline_goldenpapaya-Zuckerrohr-Wrap1WEB-150x100.jpg 150w\" sizes=\"auto, (max-width: 1772px) 100vw, 1772px\" \/>\t\t\t\t\t<\/div>\n\n\t\t\t\t\t\t<\/div>\n\t\t\t\t<\/div>\n\t\t\t\t<div class=\"elementor-element elementor-element-259fd7a elementor-widget elementor-widget-wd_text_block\" data-id=\"259fd7a\" data-element_type=\"widget\" data-e-type=\"widget\" data-widget_type=\"wd_text_block.default\">\n\t\t\t\t<div class=\"elementor-widget-container\">\n\t\t\t\t\t\t\t<div class=\"wd-text-block reset-last-child text-left\">\n\t\t\t\n\t\t\t<p style=\"text-align: center;\">A m\u00e1sodik l\u00e9p\u00e9sben cukorn\u00e1df\u00f3li\u00e1ba csomagolj\u00e1k \u0151ket.<\/p>\n\t\t\t\t\t<\/div>\n\t\t\t\t\t\t<\/div>\n\t\t\t\t<\/div>\n\t\t\t\t<div class=\"elementor-element elementor-element-a34a21f elementor-widget elementor-widget-wd_text_block\" data-id=\"a34a21f\" data-element_type=\"widget\" data-e-type=\"widget\" data-widget_type=\"wd_text_block.default\">\n\t\t\t\t<div class=\"elementor-widget-container\">\n\t\t\t\t\t\t\t<div class=\"wd-text-block reset-last-child text-left\">\n\t\t\t\n\t\t\t<p style=\"text-align: center;\">A szoros csomagol\u00e1s alatt l\u00e9v\u0151 hat\u00f3anyagoknak k\u00f6sz\u00f6nhet\u0151en<br \/>a b\u0151r felmelegszik.<br \/>A testnek azonban mindig 36,5 fokos magh\u0151m\u00e9rs\u00e9kletre kell leh\u0171lnie.<br \/>Ez alatt a p\u00e1rolg\u00e1s alatt m\u00e1r sokkal t\u00f6bb energi\u00e1t (zs\u00edr \u00e9s kal\u00f3ria) fogyaszt, mint \u00e1ltal\u00e1ban.<\/p><p style=\"text-align: center;\">A f\u00f3lia cukorn\u00e1db\u00f3l k\u00e9sz\u00fcl<br \/><strong>(100% BIOL\u00d3GIAILAG LEBOML\u00d3)<br \/><\/strong>\u00edgy rendk\u00edv\u00fcl k\u00f6rnyezetbar\u00e1t.<\/p><p style=\"text-align: center;\">Ezenk\u00edv\u00fcl a test \u00e1ltal termelt hossz\u00fahull\u00e1m\u00fa infrav\u00f6r\u00f6s h\u0151 er\u0151sebben visszaver\u0151dik.<\/p>\n\t\t\t\t\t<\/div>\n\t\t\t\t\t\t<\/div>\n\t\t\t\t<\/div>\n\t\t\t\t\t<\/div>\n\t\t\t\t<\/div>\n\t\t<div class=\"wd-negative-gap elementor-element elementor-element-3856693 e-flex e-con-boxed e-con e-child\" data-id=\"3856693\" data-element_type=\"container\" data-e-type=\"container\">\n\t\t\t\t\t<div class=\"e-con-inner\">\n\t\t\t\t<div class=\"elementor-element elementor-element-b477090 wd-width-100 elementor-widget elementor-widget-wd_title\" data-id=\"b477090\" data-element_type=\"widget\" data-e-type=\"widget\" data-widget_type=\"wd_title.default\">\n\t\t\t\t<div class=\"elementor-widget-container\">\n\t\t\t\t\t\t\t<div class=\"title-wrapper wd-set-mb reset-last-child wd-title-color-default wd-title-style-default wd-title-size-default text-center\">\n\n\t\t\t\n\t\t\t<div class=\"liner-continer\">\n\t\t\t\t<h4 class=\"woodmart-title-container title wd-fontsize-l\">Az arany bor\u00edt\u00e1s megdupl\u00e1zza a hat\u00e1st<\/h4> \n\t\t\t\t\t\t\t<\/div>\n\n\t\t\t\t\t<\/div>\n\t\t\t\t\t\t<\/div>\n\t\t\t\t<\/div>\n\t\t\t\t<div class=\"elementor-element elementor-element-790cede elementor-widget elementor-widget-wd_image_or_svg\" data-id=\"790cede\" data-element_type=\"widget\" data-e-type=\"widget\" data-widget_type=\"wd_image_or_svg.default\">\n\t\t\t\t<div class=\"elementor-widget-container\">\n\t\t\t\t\t\n\t\t<div class=\"wd-image text-left\">\n\t\t\t\t\t\t\t\t<img loading=\"lazy\" decoding=\"async\" width=\"1536\" height=\"1024\" src=\"https:\/\/shapeline.at\/wp-content\/uploads\/2023\/09\/Golden-papaya-Wrap3homepage-1536x1024-1.jpg?wsr\" class=\"attachment-full size-full\" alt=\"\" srcset=\"https:\/\/shapeline.at\/wp-content\/uploads\/2023\/09\/Golden-papaya-Wrap3homepage-1536x1024-1.jpg 1536w, https:\/\/shapeline.at\/wp-content\/uploads\/2023\/09\/Golden-papaya-Wrap3homepage-1536x1024-1-400x267.jpg 400w, https:\/\/shapeline.at\/wp-content\/uploads\/2023\/09\/Golden-papaya-Wrap3homepage-1536x1024-1-1200x800.jpg 1200w, https:\/\/shapeline.at\/wp-content\/uploads\/2023\/09\/Golden-papaya-Wrap3homepage-1536x1024-1-768x512.jpg 768w, https:\/\/shapeline.at\/wp-content\/uploads\/2023\/09\/Golden-papaya-Wrap3homepage-1536x1024-1-860x573.jpg 860w, https:\/\/shapeline.at\/wp-content\/uploads\/2023\/09\/Golden-papaya-Wrap3homepage-1536x1024-1-430x287.jpg 430w, https:\/\/shapeline.at\/wp-content\/uploads\/2023\/09\/Golden-papaya-Wrap3homepage-1536x1024-1-700x467.jpg 700w, https:\/\/shapeline.at\/wp-content\/uploads\/2023\/09\/Golden-papaya-Wrap3homepage-1536x1024-1-150x100.jpg 150w\" sizes=\"auto, (max-width: 1536px) 100vw, 1536px\" \/>\t\t\t\t\t<\/div>\n\n\t\t\t\t\t\t<\/div>\n\t\t\t\t<\/div>\n\t\t\t\t<div class=\"elementor-element elementor-element-b27d8af elementor-widget elementor-widget-wd_text_block\" data-id=\"b27d8af\" data-element_type=\"widget\" data-e-type=\"widget\" data-widget_type=\"wd_text_block.default\">\n\t\t\t\t<div class=\"elementor-widget-container\">\n\t\t\t\t\t\t\t<div class=\"wd-text-block reset-last-child text-left\">\n\t\t\t\n\t\t\t<p style=\"text-align: center;\">A harmadik l\u00e9p\u00e9sben az \u00fcgyfelet egy olyan<br \/>Az \u0171rtechnol\u00f3gi\u00e1b\u00f3l sz\u00e1rmaz\u00f3 aranyh\u00e9jtekercs.<br \/>A m\u00e9hsejt-szer\u0171 arany bor\u00edt\u00e1s visszaveri a test saj\u00e1t infrav\u00f6r\u00f6s energi\u00e1j\u00e1t (f\u0171t\u00e9s).<\/p>\n\t\t\t\t\t<\/div>\n\t\t\t\t\t\t<\/div>\n\t\t\t\t<\/div>\n\t\t\t\t<div class=\"elementor-element elementor-element-8709909 elementor-widget elementor-widget-wd_text_block\" data-id=\"8709909\" data-element_type=\"widget\" data-e-type=\"widget\" data-widget_type=\"wd_text_block.default\">\n\t\t\t\t<div class=\"elementor-widget-container\">\n\t\t\t\t\t\t\t<div class=\"wd-text-block reset-last-child text-left\">\n\t\t\t\n\t\t\t<p style=\"text-align: center;\">Ez azt jelenti, hogy a k\u00f6t\u0151sz\u00f6vet leh\u0171l\u00e9se jelent\u0151sen akad\u00e1lyozott.<br \/>A h\u0151 visszaver\u0151d\u00e9se k\u00e9nyszer\u00edti erre a testet,<br \/>hogy k\u00e9tszer annyi ideig tartsa fenn a zs\u00edr\u00e9get\u0151 folyamatot,<br \/>hogy v\u00e9g\u00fcl visszanyerje a magh\u0151m\u00e9rs\u00e9kletet<br \/>36,5 fokig.<\/p><p style=\"text-align: center;\"><strong>Extr\u00e9m zs\u00edr\u00e9get\u00e9s!<\/strong><\/p>\n\t\t\t\t\t<\/div>\n\t\t\t\t\t\t<\/div>\n\t\t\t\t<\/div>\n\t\t\t\t\t<\/div>\n\t\t\t\t<\/div>\n\t\t\t\t\t<\/div>\n\t\t\t\t<\/div>\n\t\t<div class=\"wd-negative-gap elementor-element elementor-element-4eb0306 e-flex e-con-boxed e-con e-parent\" data-id=\"4eb0306\" data-element_type=\"container\" data-e-type=\"container\">\n\t\t\t\t\t<div class=\"e-con-inner\">\n\t\t\t\t<div class=\"elementor-element elementor-element-f78c982 elementor-widget elementor-widget-wd_marquee\" data-id=\"f78c982\" data-element_type=\"widget\" data-e-type=\"widget\" data-widget_type=\"wd_marquee.default\">\n\t\t\t\t<div class=\"elementor-widget-container\">\n\t\t\t\t\t\t\t<div class=\"wd-marquee\">\n\t\t\t<div class=\"wd-marquee-content\">\n\t\t\t\t\t\t\t<span class=\"wd-marquee-item\">\n\t\t\t\t<i class=\"wd-icon far fa-grin-hearts\"><\/i>\n\t\t\t\t\t\t\t\t\tTesztelj most!\t\t\t\t\n\t\t\t\t\t\t\t<\/span>\n\t\t\t\t\t\t<\/div>\n\t\t\t<div class=\"wd-marquee-content\">\n\t\t\t\t\t\t\t<span class=\"wd-marquee-item\">\n\t\t\t\t<i class=\"wd-icon far fa-grin-hearts\"><\/i>\n\t\t\t\t\t\t\t\t\tTesztelj most!\t\t\t\t\n\t\t\t\t\t\t\t<\/span>\n\t\t\t\t\t\t<\/div>\n\t\t<\/div>\n\t\t\t\t\t\t<\/div>\n\t\t\t\t<\/div>\n\t\t\t\t<div class=\"elementor-element elementor-element-42806e2 elementor-widget elementor-widget-wd_text_block\" data-id=\"42806e2\" data-element_type=\"widget\" data-e-type=\"widget\" data-widget_type=\"wd_text_block.default\">\n\t\t\t\t<div class=\"elementor-widget-container\">\n\t\t\t\t\t\t\t<div class=\"wd-text-block reset-last-child text-left\">\n\t\t\t\n\t\t\t<p style=\"text-align: center;\">Szervezzen id\u0151pontot egy tesztel\u00e9sre most azonnal az egyik <a id=\"studio-ihrer-wahl-bodyshapen-inline\" href=\"https:\/\/shapeline.at\/hu\/studiok\/\">Az \u00d6n \u00e1ltal v\u00e1lasztott st\u00fadi\u00f3<\/a><br \/>Ingyenes alakelemz\u00e9st kap!<br \/>Egy\u00e9nileg adunk \u00d6nnek tan\u00e1csot, \u00e9s k\u00e9r\u00e9sre sz\u00edvesen \u00f6ssze\u00e1ll\u00edtunk egy szem\u00e9lyre szabott testform\u00e1l\u00f3 programot.<\/p>\n\t\t\t\t\t<\/div>\n\t\t\t\t\t\t<\/div>\n\t\t\t\t<\/div>\n\t\t\t\t\t<\/div>\n\t\t\t\t<\/div>\n\t\t<div class=\"wd-negative-gap elementor-element elementor-element-80c08e9 e-flex e-con-boxed e-con e-parent\" data-id=\"80c08e9\" data-element_type=\"container\" data-e-type=\"container\">\n\t\t\t\t\t<div class=\"e-con-inner\">\n\t\t\t\t<div class=\"elementor-element elementor-element-4815f6a elementor-widget elementor-widget-wd_social_buttons\" data-id=\"4815f6a\" data-element_type=\"widget\" data-e-type=\"widget\" data-widget_type=\"wd_social_buttons.default\">\n\t\t\t\t<div class=\"elementor-widget-container\">\n\t\t\t\t\t\t\t\t<div\n\t\t\t\t\t\tclass=\"wd-social-icons wd-style-colored wd-size-default social-share wd-shape-circle color-scheme-dark text-center\">\n\t\t\t\t\n\t\t\t\t\n\t\t\t\t\t\t\t\t\t<a rel=\"noopener noreferrer nofollow\" href=\"https:\/\/www.facebook.com\/sharer\/sharer.php?u=https:\/\/shapeline.at\/hu\/program\/bodyforming\/arany-papaya-wrap\/\" target=\"_blank\" class=\"wd-social-icon social-facebook\" aria-label=\"Facebook social link\">\n\t\t\t\t\t\t<span class=\"wd-icon\"><\/span>\n\t\t\t\t\t\t\t\t\t\t\t<\/a>\n\t\t\t\t\n\t\t\t\t\n\t\t\t\t\n\t\t\t\t\t\t\t\t\t<a rel=\"noopener noreferrer nofollow\" href=\"mailto:?subject=Check%20this%20https:\/\/shapeline.at\/hu\/program\/bodyforming\/arany-papaya-wrap\/\" target=\"_blank\" class=\"wd-social-icon social-email\" aria-label=\"Email social link\">\n\t\t\t\t\t\t<span class=\"wd-icon\"><\/span>\n\t\t\t\t\t\t\t\t\t\t\t<\/a>\n\t\t\t\t\n\t\t\t\t\n\t\t\t\t\n\t\t\t\t\n\t\t\t\t\n\t\t\t\t\n\t\t\t\t\n\t\t\t\t\n\t\t\t\t\n\t\t\t\t\n\t\t\t\t\n\t\t\t\t\n\t\t\t\t\n\t\t\t\t\n\t\t\t\t\n\t\t\t\t\t\t\t\t\t<a rel=\"noopener noreferrer nofollow\" href=\"https:\/\/api.whatsapp.com\/send?text=https%3A%2F%2Fshapeline.at%2Fhu%2Fprogram%2Fbodyforming%2Farany-papaya-wrap%2F\" target=\"_blank\" class=\"wd-hide-md wd-social-icon social-whatsapp\" aria-label=\"WhatsApp social link\">\n\t\t\t\t\t\t<span class=\"wd-icon\"><\/span>\n\t\t\t\t\t\t\t\t\t\t\t<\/a>\n\n\t\t\t\t\t<a rel=\"noopener noreferrer nofollow\" href=\"whatsapp:\/\/send?text=http:\/\/https%3A%2F%2Fshapeline.at%2Fhu%2Fprogram%2Fbodyforming%2Farany-papaya-wrap%2F\" target=\"_blank\" class=\"wd-hide-lg wd-social-icon social-whatsapp\" aria-label=\"WhatsApp social link\">\n\t\t\t\t\t\t<span class=\"wd-icon\"><\/span>\n\t\t\t\t\t\t\t\t\t\t\t<\/a>\n\t\t\t\t\n\t\t\t\t\n\t\t\t\t\n\t\t\t\t\n\t\t\t\t\n\t\t\t\t\n\t\t\t\t\t\t\t\t\t<a rel=\"noopener noreferrer nofollow\" href=\"https:\/\/telegram.me\/share\/url?url=https:\/\/shapeline.at\/hu\/program\/bodyforming\/arany-papaya-wrap\/\" target=\"_blank\" class=\"wd-social-icon social-tg\" aria-label=\"Telegram social link\">\n\t\t\t\t\t\t<span class=\"wd-icon\"><\/span>\n\t\t\t\t\t\t\t\t\t\t\t<\/a>\n\t\t\t\t\n\t\t\t\t\n\t\t\t<\/div>\n\n\t\t\t\t\t\t<\/div>\n\t\t\t\t<\/div>\n\t\t\t\t\t<\/div>\n\t\t\t\t<\/div>\n\t\t\t\t<\/div>","protected":false},"excerpt":{"rendered":"<p>Extr\u00e9m zs\u00edr\u00e9get\u00e9s a test saj\u00e1t infrav\u00f6r\u00f6s energi\u00e1j\u00e1val A GOLDEN PAPAYA WRAP Shape-Line \u00faj sz\u00e9ps\u00e9gforradalmat hoz az USA-b\u00f3l Ausztri\u00e1ba! Fogyjon a<\/p>","protected":false},"author":1,"featured_media":0,"parent":241928,"menu_order":0,"comment_status":"closed","ping_status":"closed","template":"","meta":{"footnotes":""},"class_list":["post-242305","page","type-page","status-publish","hentry"],"_links":{"self":[{"href":"https:\/\/shapeline.at\/hu\/wp-json\/wp\/v2\/pages\/242305","targetHints":{"allow":["GET"]}}],"collection":[{"href":"https:\/\/shapeline.at\/hu\/wp-json\/wp\/v2\/pages"}],"about":[{"href":"https:\/\/shapeline.at\/hu\/wp-json\/wp\/v2\/types\/page"}],"author":[{"embeddable":true,"href":"https:\/\/shapeline.at\/hu\/wp-json\/wp\/v2\/users\/1"}],"replies":[{"embeddable":true,"href":"https:\/\/shapeline.at\/hu\/wp-json\/wp\/v2\/comments?post=242305"}],"version-history":[{"count":10,"href":"https:\/\/shapeline.at\/hu\/wp-json\/wp\/v2\/pages\/242305\/revisions"}],"predecessor-version":[{"id":242319,"href":"https:\/\/shapeline.at\/hu\/wp-json\/wp\/v2\/pages\/242305\/revisions\/242319"}],"up":[{"embeddable":true,"href":"https:\/\/shapeline.at\/hu\/wp-json\/wp\/v2\/pages\/241928"}],"wp:attachment":[{"href":"https:\/\/shapeline.at\/hu\/wp-json\/wp\/v2\/media?parent=242305"}],"curies":[{"name":"wp","href":"https:\/\/api.w.org\/{rel}","templated":true}]}}