{"id":242371,"date":"2023-09-24T07:14:06","date_gmt":"2023-09-24T07:14:06","guid":{"rendered":"https:\/\/shop.devepu.apollo.wpspace.me\/?page_id=242371"},"modified":"2023-09-24T07:37:23","modified_gmt":"2023-09-24T07:37:23","slug":"olvasztoszalagok","status":"publish","type":"page","link":"https:\/\/shapeline.at\/hu\/program\/bodyforming\/olvasztoszalagok\/","title":{"rendered":"Olvad\u00f3 \u00f6vek"},"content":{"rendered":"<div data-elementor-type=\"wp-page\" data-elementor-id=\"242371\" class=\"elementor elementor-242371\" data-elementor-post-type=\"page\">\n\t\t\t\t<div class=\"wd-negative-gap elementor-element elementor-element-0f9b587 e-flex e-con-boxed e-con e-parent\" data-id=\"0f9b587\" data-element_type=\"container\" data-e-type=\"container\">\n\t\t\t\t\t<div class=\"e-con-inner\">\n\t\t\t\t<div class=\"elementor-element elementor-element-6ebdbec wd-width-100 elementor-widget elementor-widget-wd_title\" data-id=\"6ebdbec\" data-element_type=\"widget\" data-e-type=\"widget\" data-widget_type=\"wd_title.default\">\n\t\t\t\t<div class=\"elementor-widget-container\">\n\t\t\t\t\t\t\t<div class=\"title-wrapper wd-set-mb reset-last-child wd-title-color-default wd-title-style-default wd-title-size-default text-center\">\n\n\t\t\t\t\t\t\t\t\t\t\t<div class=\"title-subtitle subtitle-color-default subtitle-style-default wd-fontsize-xs\">\n\t\t\t\t\tA forradalmi karcs\u00fas\u00edt\u00f3 kezel\u00e9s 1000 kal\u00f3ri\u00e1t \u00e9get el \u00f3r\u00e1nk\u00e9nt\t\t\t\t<\/div>\n\t\t\t\n\t\t\t<div class=\"liner-continer\">\n\t\t\t\t<h4 class=\"woodmart-title-container title wd-fontsize-l\">OLVAD\u00d3 \u00d6VEK<\/h4> \n\t\t\t\t\t\t\t<\/div>\n\n\t\t\t\t\t<\/div>\n\t\t\t\t\t\t<\/div>\n\t\t\t\t<\/div>\n\t\t\t\t<div class=\"elementor-element elementor-element-02b1e47 elementor-widget elementor-widget-wd_image_or_svg\" data-id=\"02b1e47\" data-element_type=\"widget\" data-e-type=\"widget\" data-widget_type=\"wd_image_or_svg.default\">\n\t\t\t\t<div class=\"elementor-widget-container\">\n\t\t\t\t\t\n\t\t<div class=\"wd-image text-left\">\n\t\t\t\t\t\t\t\t<img loading=\"lazy\" decoding=\"async\" width=\"1500\" height=\"1500\" src=\"https:\/\/shapeline.at\/wp-content\/uploads\/2023\/09\/shape-line-melting-belts-fettverbrennung-ankurbeln-abnehmen.jpg?wsr\" class=\"attachment-full size-full\" alt=\"\" srcset=\"https:\/\/shapeline.at\/wp-content\/uploads\/2023\/09\/shape-line-melting-belts-fettverbrennung-ankurbeln-abnehmen.jpg 1500w, https:\/\/shapeline.at\/wp-content\/uploads\/2023\/09\/shape-line-melting-belts-fettverbrennung-ankurbeln-abnehmen-300x300.jpg 300w, https:\/\/shapeline.at\/wp-content\/uploads\/2023\/09\/shape-line-melting-belts-fettverbrennung-ankurbeln-abnehmen-800x800.jpg 800w, https:\/\/shapeline.at\/wp-content\/uploads\/2023\/09\/shape-line-melting-belts-fettverbrennung-ankurbeln-abnehmen-150x150.jpg 150w, https:\/\/shapeline.at\/wp-content\/uploads\/2023\/09\/shape-line-melting-belts-fettverbrennung-ankurbeln-abnehmen-768x768.jpg 768w, https:\/\/shapeline.at\/wp-content\/uploads\/2023\/09\/shape-line-melting-belts-fettverbrennung-ankurbeln-abnehmen-860x860.jpg 860w, https:\/\/shapeline.at\/wp-content\/uploads\/2023\/09\/shape-line-melting-belts-fettverbrennung-ankurbeln-abnehmen-430x430.jpg 430w, https:\/\/shapeline.at\/wp-content\/uploads\/2023\/09\/shape-line-melting-belts-fettverbrennung-ankurbeln-abnehmen-700x700.jpg 700w\" sizes=\"auto, (max-width: 1500px) 100vw, 1500px\" \/>\t\t\t\t\t<\/div>\n\n\t\t\t\t\t\t<\/div>\n\t\t\t\t<\/div>\n\t\t\t\t<div class=\"elementor-element elementor-element-6fb8fd9 wd-width-100 elementor-widget elementor-widget-wd_title\" data-id=\"6fb8fd9\" data-element_type=\"widget\" data-e-type=\"widget\" data-widget_type=\"wd_title.default\">\n\t\t\t\t<div class=\"elementor-widget-container\">\n\t\t\t\t\t\t\t<div class=\"title-wrapper wd-set-mb reset-last-child wd-title-color-default wd-title-style-default wd-title-size-default text-center\">\n\n\t\t\t\t\t\t\t\t\t\t\t<div class=\"title-subtitle subtitle-color-default subtitle-style-default wd-fontsize-xs\">\n\t\t\t\t\tEgy teljesen \u00faj m\u00f3dszer a fekve t\u00f6rt\u00e9n\u0151 fogy\u00e1sra.\t\t\t\t<\/div>\n\t\t\t\n\t\t\t<div class=\"liner-continer\">\n\t\t\t\t<h4 class=\"woodmart-title-container title wd-fontsize-l\">V\u00e9gs\u0151 zs\u00edr\u00e9get\u00e9s edz\u00e9s n\u00e9lk\u00fcl<\/h4> \n\t\t\t\t\t\t\t<\/div>\n\n\t\t\t\t\t<\/div>\n\t\t\t\t\t\t<\/div>\n\t\t\t\t<\/div>\n\t\t<div class=\"wd-negative-gap elementor-element elementor-element-6165178 e-flex e-con-boxed e-con e-child\" data-id=\"6165178\" data-element_type=\"container\" data-e-type=\"container\">\n\t\t\t\t\t<div class=\"e-con-inner\">\n\t\t\t\t<div class=\"elementor-element elementor-element-8b52d1e elementor-widget elementor-widget-wd_image_or_svg\" data-id=\"8b52d1e\" data-element_type=\"widget\" data-e-type=\"widget\" data-widget_type=\"wd_image_or_svg.default\">\n\t\t\t\t<div class=\"elementor-widget-container\">\n\t\t\t\t\t\n\t\t<div class=\"wd-image text-left\">\n\t\t\t\t\t\t\t\t<img loading=\"lazy\" decoding=\"async\" width=\"400\" height=\"589\" src=\"https:\/\/shapeline.at\/wp-content\/uploads\/2023\/09\/Melting-Belts-BEITRAGSBILD-weiss-400x589.jpg?wsr\" class=\"attachment-400x size-400x\" alt=\"Olvad\u00f3 \u00f6vek\" srcset=\"https:\/\/shapeline.at\/wp-content\/uploads\/2023\/09\/Melting-Belts-BEITRAGSBILD-weiss-400x589.jpg 400w, https:\/\/shapeline.at\/wp-content\/uploads\/2023\/09\/Melting-Belts-BEITRAGSBILD-weiss-204x300.jpg 204w, https:\/\/shapeline.at\/wp-content\/uploads\/2023\/09\/Melting-Belts-BEITRAGSBILD-weiss-544x800.jpg 544w, https:\/\/shapeline.at\/wp-content\/uploads\/2023\/09\/Melting-Belts-BEITRAGSBILD-weiss-768x1130.jpg 768w, https:\/\/shapeline.at\/wp-content\/uploads\/2023\/09\/Melting-Belts-BEITRAGSBILD-weiss-860x1266.jpg 860w, https:\/\/shapeline.at\/wp-content\/uploads\/2023\/09\/Melting-Belts-BEITRAGSBILD-weiss-430x633.jpg 430w, https:\/\/shapeline.at\/wp-content\/uploads\/2023\/09\/Melting-Belts-BEITRAGSBILD-weiss-700x1030.jpg 700w, https:\/\/shapeline.at\/wp-content\/uploads\/2023\/09\/Melting-Belts-BEITRAGSBILD-weiss-150x221.jpg 150w, https:\/\/shapeline.at\/wp-content\/uploads\/2023\/09\/Melting-Belts-BEITRAGSBILD-weiss-500x736.jpg 500w, https:\/\/shapeline.at\/wp-content\/uploads\/2023\/09\/Melting-Belts-BEITRAGSBILD-weiss-475x699.jpg 475w, https:\/\/shapeline.at\/wp-content\/uploads\/2023\/09\/Melting-Belts-BEITRAGSBILD-weiss-450x662.jpg 450w, https:\/\/shapeline.at\/wp-content\/uploads\/2023\/09\/Melting-Belts-BEITRAGSBILD-weiss.jpg 865w\" sizes=\"auto, (max-width: 400px) 100vw, 400px\" \/>\t\t\t\t\t<\/div>\n\n\t\t\t\t\t\t<\/div>\n\t\t\t\t<\/div>\n\t\t\t\t<div class=\"elementor-element elementor-element-29f5189 elementor-widget elementor-widget-wd_text_block\" data-id=\"29f5189\" data-element_type=\"widget\" data-e-type=\"widget\" data-widget_type=\"wd_text_block.default\">\n\t\t\t\t<div class=\"elementor-widget-container\">\n\t\t\t\t\t\t\t<div class=\"wd-text-block reset-last-child text-left\">\n\t\t\t\n\t\t\t<p style=\"text-align: center;\">Az olvaszt\u00f3szalagok belsej\u00e9ben infrav\u00f6r\u00f6s f\u0171t\u0151modulok vannak.<br \/>sz\u00e9nsz\u00e1las k\u00e1belekkel, amelyek az elektromos energi\u00e1t h\u0151energi\u00e1v\u00e1 alak\u00edtj\u00e1k,<br \/>amely m\u00e9ly infrav\u00f6r\u00f6s hossz\u00fahull\u00e1m\u00fa sug\u00e1rz\u00e1st termel.<br \/>Ez a nagy fel\u00fclet\u0171 sug\u00e1rforr\u00e1s a test k\u00f6zel\u00e9ben helyezkedik el,<br \/>az optim\u00e1lis h\u0151energi\u00e1val a 4 \u00e9s 14 mikrom\u00e9ter k\u00f6z\u00f6tti hull\u00e1mtartom\u00e1nyban,<br \/>olyan anyagcsere-stimul\u00e1ci\u00f3t v\u00e1lt ki, amely nagym\u00e9rt\u00e9kben n\u00f6veli a kal\u00f3riafogyaszt\u00e1st.<\/p><p style=\"text-align: center;\"><strong><a href=\"https:\/\/shapeline.at\/hu\/termek-2\/lipo-aktivator\/\">Lip\u00e1z aktiv\u00e1l\u00f3 g\u00e9l<\/a><\/strong>a b\u0151rre alkalmazva, szint\u00e9n serkenti a<br \/>a zs\u00edrbont\u00f3 b\u00e9l enzimek termel\u00e9se.<\/p><p style=\"text-align: center;\"><strong>EREDM\u00c9NY<\/strong> ennek az innovat\u00edv technol\u00f3gi\u00e1nak a forradalmi kozmetikai \u00f6sszetev\u0151kkel val\u00f3 p\u00e1ros\u00edt\u00e1s\u00e1val<br \/>a v\u00e9gs\u0151 zs\u00edr\u00e9get\u00e9s k\u00edv\u00fclr\u0151l \u00e9s bel\u00fclr\u0151l.<\/p><p style=\"text-align: center;\">A Prof. Dr. Venarsky \u00e1ltal kutatott hat\u00e1smechanizmus szerint<br \/>a hossz\u00fahull\u00e1m\u00fa infrav\u00f6r\u00f6s alkalmaz\u00e1s az OLVAS\u00d3SZALAGOK seg\u00edts\u00e9g\u00e9vel<br \/>fokozott m\u00e9reganyag-kiv\u00e1laszt\u00e1shoz vezetnek az izzads\u00e1ggal<br \/>\u00e9s a jobb arcsz\u00edn\u00e9rt (<a href=\"https:\/\/shapeline.at\/hu\/program\/bodyforming\/anti-cellulit-turbo\/\">Cellulit<\/a>).<\/p>\n\t\t\t\t\t<\/div>\n\t\t\t\t\t\t<\/div>\n\t\t\t\t<\/div>\n\t\t\t\t\t<\/div>\n\t\t\t\t<\/div>\n\t\t\t\t<div class=\"elementor-element elementor-element-27df452 elementor-widget-divider--view-line elementor-widget elementor-widget-divider\" data-id=\"27df452\" data-element_type=\"widget\" data-e-type=\"widget\" data-widget_type=\"divider.default\">\n\t\t\t\t<div class=\"elementor-widget-container\">\n\t\t\t\t\t\t\t<div class=\"elementor-divider\">\n\t\t\t<span class=\"elementor-divider-separator\">\n\t\t\t\t\t\t<\/span>\n\t\t<\/div>\n\t\t\t\t\t\t<\/div>\n\t\t\t\t<\/div>\n\t\t\t\t\t<\/div>\n\t\t\t\t<\/div>\n\t\t<div class=\"wd-negative-gap elementor-element elementor-element-b3d4692 e-flex e-con-boxed e-con e-parent\" data-id=\"b3d4692\" data-element_type=\"container\" data-e-type=\"container\">\n\t\t\t\t\t<div class=\"e-con-inner\">\n\t\t<div class=\"wd-negative-gap elementor-element elementor-element-03335de e-flex e-con-boxed e-con e-child\" data-id=\"03335de\" data-element_type=\"container\" data-e-type=\"container\">\n\t\t\t\t\t<div class=\"e-con-inner\">\n\t\t<div class=\"wd-negative-gap elementor-element elementor-element-ae18c8d e-flex e-con-boxed e-con e-child\" data-id=\"ae18c8d\" data-element_type=\"container\" data-e-type=\"container\">\n\t\t\t\t\t<div class=\"e-con-inner\">\n\t\t\t\t<div class=\"elementor-element elementor-element-31a584b elementor-widget elementor-widget-wd_image_or_svg\" data-id=\"31a584b\" data-element_type=\"widget\" data-e-type=\"widget\" data-widget_type=\"wd_image_or_svg.default\">\n\t\t\t\t<div class=\"elementor-widget-container\">\n\t\t\t\t\t\n\t\t<div class=\"wd-image text-left\">\n\t\t\t\t\t\t\t\t<img loading=\"lazy\" decoding=\"async\" width=\"1095\" height=\"264\" src=\"https:\/\/shapeline.at\/wp-content\/uploads\/2023\/09\/Melting-belts-Fette-Beitragsbild-1.jpg?wsr\" class=\"attachment-full size-full\" alt=\"\" srcset=\"https:\/\/shapeline.at\/wp-content\/uploads\/2023\/09\/Melting-belts-Fette-Beitragsbild-1.jpg 1095w, https:\/\/shapeline.at\/wp-content\/uploads\/2023\/09\/Melting-belts-Fette-Beitragsbild-1-400x96.jpg 400w, https:\/\/shapeline.at\/wp-content\/uploads\/2023\/09\/Melting-belts-Fette-Beitragsbild-1-768x185.jpg 768w, https:\/\/shapeline.at\/wp-content\/uploads\/2023\/09\/Melting-belts-Fette-Beitragsbild-1-860x207.jpg 860w, https:\/\/shapeline.at\/wp-content\/uploads\/2023\/09\/Melting-belts-Fette-Beitragsbild-1-430x104.jpg 430w, https:\/\/shapeline.at\/wp-content\/uploads\/2023\/09\/Melting-belts-Fette-Beitragsbild-1-700x169.jpg 700w, https:\/\/shapeline.at\/wp-content\/uploads\/2023\/09\/Melting-belts-Fette-Beitragsbild-1-150x36.jpg 150w\" sizes=\"auto, (max-width: 1095px) 100vw, 1095px\" \/>\t\t\t\t\t<\/div>\n\n\t\t\t\t\t\t<\/div>\n\t\t\t\t<\/div>\n\t\t\t\t<div class=\"elementor-element elementor-element-c4fd216 wd-width-100 elementor-widget elementor-widget-wd_title\" data-id=\"c4fd216\" data-element_type=\"widget\" data-e-type=\"widget\" data-widget_type=\"wd_title.default\">\n\t\t\t\t<div class=\"elementor-widget-container\">\n\t\t\t\t\t\t\t<div class=\"title-wrapper wd-set-mb reset-last-child wd-title-color-default wd-title-style-default wd-title-size-default text-center\">\n\n\t\t\t\n\t\t\t<div class=\"liner-continer\">\n\t\t\t\t<h4 class=\"woodmart-title-container title wd-fontsize-l\">Tiszt\u00edtson \u00e9s m\u00e9regtelen\u00edtsen a MELTING BELTS (olvad\u00f3 \u00f6vek) seg\u00edts\u00e9g\u00e9vel<\/h4> \n\t\t\t\t\t\t\t<\/div>\n\n\t\t\t\t\t<\/div>\n\t\t\t\t\t\t<\/div>\n\t\t\t\t<\/div>\n\t\t\t\t<div class=\"elementor-element elementor-element-a34a21f elementor-widget elementor-widget-wd_text_block\" data-id=\"a34a21f\" data-element_type=\"widget\" data-e-type=\"widget\" data-widget_type=\"wd_text_block.default\">\n\t\t\t\t<div class=\"elementor-widget-container\">\n\t\t\t\t\t\t\t<div class=\"wd-text-block reset-last-child text-left\">\n\t\t\t\n\t\t\t<p style=\"text-align: center;\">Az emberi szervezetet folyamatosan olyan m\u00e9reganyagokkal terhelik, amelyekkel napjainkban m\u00e1r nem tudunk megbirk\u00f3zni.<br \/>elker\u00fclhet\u0151: a peszticideket, a n\u00f6veked\u00e9si hormonokat \u00e9s antibiotikumokat a h\u00fasban, a higanyt.<br \/>\u00e9s egy\u00e9b neh\u00e9zf\u00e9mek a fog\u00e1szati f\u00e9mekben stb.<br \/>Sz\u00e1mos kr\u00f3nikus betegs\u00e9g az \u00e9letkor n\u00f6veked\u00e9s\u00e9vel ok-okozati \u00f6sszef\u00fcgg\u00e9sben \u00e1ll a k\u00f6vetkez\u0151kkel<br \/>a szervezet kr\u00f3nikus t\u00falsavasod\u00e1s\u00e1val kapcsolatban, amelyet a k\u00f6vetkez\u0151k okoznak<br \/>t\u00fals\u00e1gosan savas \u00e9trend (h\u00fas, cukor, \u00e1llati zs\u00edrok) \u00e9s stressz.<br \/>Sok m\u00e9rgez\u0151 anyag, amelyet nem tudunk a szerveken kereszt\u00fcl kiv\u00e1lasztani, a zs\u00edrsz\u00f6vetben rak\u00f3dik le.<\/p><p style=\"text-align: center;\">A MELTING BELTS sug\u00e1rz\u00e1si energi\u00e1ja k\u00e9pes m\u00e9lyen behatolni a b\u0151r alatti zs\u00edrsz\u00f6vetbe,<br \/>a k\u00edv\u00e1nt h\u0151m\u00e9rs\u00e9kleti tartom\u00e1ny el\u00e9r\u00e9se \u00e9rdek\u00e9ben az \u00e1ramk\u00f6r t\u00falzott ig\u00e9nybev\u00e9tele n\u00e9lk\u00fcl.<br \/>A zs\u00edr fokozatosan elfoly\u00f3sodik, \u00e9s sokkal nagyobb koncentr\u00e1ci\u00f3j\u00fa zs\u00edr keletkezik.<br \/>a kiv\u00e1laszt\u00f3d\u00f3 m\u00e9rgez\u0151 anyagok elt\u00e1vol\u00edt\u00e1sa.<br \/>Ez\u00e9rt a legjobb megold\u00e1s az OLVAS\u00d3\u00d6VEK rendszeres haszn\u00e1lata,<br \/>m\u00e9regtelen\u00edti a szervezetet, \u00e9s a b\u0151r\u00f6n kereszt\u00fcl elt\u00e1vol\u00edtja a salakanyagokat, a felesleges savakat, a k\u00f6rnyezeti toxinokat \u00e9s a neh\u00e9zf\u00e9meket.<br \/>Ez nem csak az olyan m\u00e9rgez\u0151 anyagokra vonatkozik, amelyeket elker\u00fclhetetlen\u00fcl az \u00e9lelmiszerrel egy\u00fctt vesz\u00fcnk magunkhoz.<br \/>vagy a fogaink (amalg\u00e1m), de az alkohol vagy a nikotin miatt is.<\/p><p style=\"text-align: center;\">Az izzads\u00e1g f\u0151 \u00f6sszetev\u0151i az OLVAS\u00d3\u00d6VEK haszn\u00e1latakor a v\u00edzen k\u00edv\u00fcl a k\u00f6vetkez\u0151k<br \/>zs\u00edrt \u00e9s koleszterint, valamint jelent\u0151s mennyis\u00e9g\u0171 neh\u00e9zf\u00e9meket tartalmaz, amint azt egy elemz\u00e9s kimutatta.<\/p>\n\t\t\t\t\t<\/div>\n\t\t\t\t\t\t<\/div>\n\t\t\t\t<\/div>\n\t\t\t\t\t<\/div>\n\t\t\t\t<\/div>\n\t\t\t\t<div class=\"elementor-element elementor-element-f631035 wd-width-100 elementor-widget elementor-widget-wd_title\" data-id=\"f631035\" data-element_type=\"widget\" data-e-type=\"widget\" data-widget_type=\"wd_title.default\">\n\t\t\t\t<div class=\"elementor-widget-container\">\n\t\t\t\t\t\t\t<div class=\"title-wrapper wd-set-mb reset-last-child wd-title-color-default wd-title-style-default wd-title-size-default text-center\">\n\n\t\t\t\n\t\t\t<div class=\"liner-continer\">\n\t\t\t\t<h4 class=\"woodmart-title-container title wd-fontsize-l\">Tegye mag\u00e1t karcs\u00fav\u00e1!<\/h4> \n\t\t\t\t\t\t\t<\/div>\n\n\t\t\t\t\t<\/div>\n\t\t\t\t\t\t<\/div>\n\t\t\t\t<\/div>\n\t\t\t\t<div class=\"elementor-element elementor-element-a1472aa elementor-align-center elementor-icon-list--layout-traditional elementor-list-item-link-full_width elementor-widget elementor-widget-icon-list\" data-id=\"a1472aa\" data-element_type=\"widget\" data-e-type=\"widget\" data-widget_type=\"icon-list.default\">\n\t\t\t\t<div class=\"elementor-widget-container\">\n\t\t\t\t\t\t\t<ul class=\"elementor-icon-list-items\">\n\t\t\t\t\t\t\t<li class=\"elementor-icon-list-item\">\n\t\t\t\t\t\t\t\t\t\t\t<span class=\"elementor-icon-list-icon\">\n\t\t\t\t\t\t\t<i aria-hidden=\"true\" class=\"fas fa-check\"><\/i>\t\t\t\t\t\t<\/span>\n\t\t\t\t\t\t\t\t\t\t<span class=\"elementor-icon-list-text\">Fogy\u00e1s fogy\u00f3k\u00fara n\u00e9lk\u00fcl<\/span>\n\t\t\t\t\t\t\t\t\t<\/li>\n\t\t\t\t\t\t\t\t<li class=\"elementor-icon-list-item\">\n\t\t\t\t\t\t\t\t\t\t\t<span class=\"elementor-icon-list-icon\">\n\t\t\t\t\t\t\t<i aria-hidden=\"true\" class=\"fas fa-check\"><\/i>\t\t\t\t\t\t<\/span>\n\t\t\t\t\t\t\t\t\t\t<span class=\"elementor-icon-list-text\">Fogyjon fekve<\/span>\n\t\t\t\t\t\t\t\t\t<\/li>\n\t\t\t\t\t\t\t\t<li class=\"elementor-icon-list-item\">\n\t\t\t\t\t\t\t\t\t\t\t<span class=\"elementor-icon-list-icon\">\n\t\t\t\t\t\t\t<i aria-hidden=\"true\" class=\"fas fa-check\"><\/i>\t\t\t\t\t\t<\/span>\n\t\t\t\t\t\t\t\t\t\t<span class=\"elementor-icon-list-text\">\u00c1lland\u00f3 zs\u00edr\u00e9get\u00e9s<\/span>\n\t\t\t\t\t\t\t\t\t<\/li>\n\t\t\t\t\t\t<\/ul>\n\t\t\t\t\t\t<\/div>\n\t\t\t\t<\/div>\n\t\t\t\t\t<\/div>\n\t\t\t\t<\/div>\n\t\t\t\t\t<\/div>\n\t\t\t\t<\/div>\n\t\t<div class=\"wd-negative-gap elementor-element elementor-element-4eb0306 e-flex e-con-boxed e-con e-parent\" data-id=\"4eb0306\" data-element_type=\"container\" data-e-type=\"container\">\n\t\t\t\t\t<div class=\"e-con-inner\">\n\t\t\t\t<div class=\"elementor-element elementor-element-f78c982 elementor-widget elementor-widget-wd_marquee\" data-id=\"f78c982\" data-element_type=\"widget\" data-e-type=\"widget\" data-widget_type=\"wd_marquee.default\">\n\t\t\t\t<div class=\"elementor-widget-container\">\n\t\t\t\t\t\t\t<div class=\"wd-marquee\">\n\t\t\t<div class=\"wd-marquee-content\">\n\t\t\t\t\t\t\t<span class=\"wd-marquee-item\">\n\t\t\t\t<i class=\"wd-icon far fa-grin-hearts\"><\/i>\n\t\t\t\t\t\t\t\t\tTesztelj most!\t\t\t\t\n\t\t\t\t\t\t\t<\/span>\n\t\t\t\t\t\t<\/div>\n\t\t\t<div class=\"wd-marquee-content\">\n\t\t\t\t\t\t\t<span class=\"wd-marquee-item\">\n\t\t\t\t<i class=\"wd-icon far fa-grin-hearts\"><\/i>\n\t\t\t\t\t\t\t\t\tTesztelj most!\t\t\t\t\n\t\t\t\t\t\t\t<\/span>\n\t\t\t\t\t\t<\/div>\n\t\t<\/div>\n\t\t\t\t\t\t<\/div>\n\t\t\t\t<\/div>\n\t\t\t\t<div class=\"elementor-element elementor-element-42806e2 elementor-widget elementor-widget-wd_text_block\" data-id=\"42806e2\" data-element_type=\"widget\" data-e-type=\"widget\" data-widget_type=\"wd_text_block.default\">\n\t\t\t\t<div class=\"elementor-widget-container\">\n\t\t\t\t\t\t\t<div class=\"wd-text-block reset-last-child text-left\">\n\t\t\t\n\t\t\t<p style=\"text-align: center;\">Szervezzen id\u0151pontot egy tesztel\u00e9sre most azonnal az egyik <a id=\"studio-ihrer-wahl-bodyshapen-inline\" href=\"https:\/\/shapeline.at\/hu\/studiok\/\">Az \u00d6n \u00e1ltal v\u00e1lasztott st\u00fadi\u00f3<\/a><br \/>Ingyenes alakelemz\u00e9st kap!<br \/>Egy\u00e9nileg adunk \u00d6nnek tan\u00e1csot, \u00e9s k\u00e9r\u00e9sre sz\u00edvesen \u00f6ssze\u00e1ll\u00edtunk egy szem\u00e9lyre szabott testform\u00e1l\u00f3 programot.<\/p>\n\t\t\t\t\t<\/div>\n\t\t\t\t\t\t<\/div>\n\t\t\t\t<\/div>\n\t\t\t\t\t<\/div>\n\t\t\t\t<\/div>\n\t\t<div class=\"wd-negative-gap elementor-element elementor-element-80c08e9 e-flex e-con-boxed e-con e-parent\" data-id=\"80c08e9\" data-element_type=\"container\" data-e-type=\"container\">\n\t\t\t\t\t<div class=\"e-con-inner\">\n\t\t\t\t<div class=\"elementor-element elementor-element-4815f6a elementor-widget elementor-widget-wd_social_buttons\" data-id=\"4815f6a\" data-element_type=\"widget\" data-e-type=\"widget\" data-widget_type=\"wd_social_buttons.default\">\n\t\t\t\t<div class=\"elementor-widget-container\">\n\t\t\t\t\t\t\t\t<div\n\t\t\t\t\t\tclass=\"wd-social-icons wd-style-colored wd-size-default social-share wd-shape-circle color-scheme-dark text-center\">\n\t\t\t\t\n\t\t\t\t\n\t\t\t\t\t\t\t\t\t<a rel=\"noopener noreferrer nofollow\" href=\"https:\/\/www.facebook.com\/sharer\/sharer.php?u=https:\/\/shapeline.at\/hu\/program\/bodyforming\/olvasztoszalagok\/\" target=\"_blank\" class=\"wd-social-icon social-facebook\" aria-label=\"Facebook social link\">\n\t\t\t\t\t\t<span class=\"wd-icon\"><\/span>\n\t\t\t\t\t\t\t\t\t\t\t<\/a>\n\t\t\t\t\n\t\t\t\t\n\t\t\t\t\n\t\t\t\t\t\t\t\t\t<a rel=\"noopener noreferrer nofollow\" href=\"mailto:?subject=Check%20this%20https:\/\/shapeline.at\/hu\/program\/bodyforming\/olvasztoszalagok\/\" target=\"_blank\" class=\"wd-social-icon social-email\" aria-label=\"Email social link\">\n\t\t\t\t\t\t<span class=\"wd-icon\"><\/span>\n\t\t\t\t\t\t\t\t\t\t\t<\/a>\n\t\t\t\t\n\t\t\t\t\n\t\t\t\t\n\t\t\t\t\n\t\t\t\t\n\t\t\t\t\n\t\t\t\t\n\t\t\t\t\n\t\t\t\t\n\t\t\t\t\n\t\t\t\t\n\t\t\t\t\n\t\t\t\t\n\t\t\t\t\n\t\t\t\t\n\t\t\t\t\t\t\t\t\t<a rel=\"noopener noreferrer nofollow\" href=\"https:\/\/api.whatsapp.com\/send?text=https%3A%2F%2Fshapeline.at%2Fhu%2Fprogram%2Fbodyforming%2Folvasztoszalagok%2F\" target=\"_blank\" class=\"wd-hide-md wd-social-icon social-whatsapp\" aria-label=\"WhatsApp social link\">\n\t\t\t\t\t\t<span class=\"wd-icon\"><\/span>\n\t\t\t\t\t\t\t\t\t\t\t<\/a>\n\n\t\t\t\t\t<a rel=\"noopener noreferrer nofollow\" href=\"whatsapp:\/\/send?text=http:\/\/https%3A%2F%2Fshapeline.at%2Fhu%2Fprogram%2Fbodyforming%2Folvasztoszalagok%2F\" target=\"_blank\" class=\"wd-hide-lg wd-social-icon social-whatsapp\" aria-label=\"WhatsApp social link\">\n\t\t\t\t\t\t<span class=\"wd-icon\"><\/span>\n\t\t\t\t\t\t\t\t\t\t\t<\/a>\n\t\t\t\t\n\t\t\t\t\n\t\t\t\t\n\t\t\t\t\n\t\t\t\t\n\t\t\t\t\n\t\t\t\t\t\t\t\t\t<a rel=\"noopener noreferrer nofollow\" href=\"https:\/\/telegram.me\/share\/url?url=https:\/\/shapeline.at\/hu\/program\/bodyforming\/olvasztoszalagok\/\" target=\"_blank\" class=\"wd-social-icon social-tg\" aria-label=\"Telegram social link\">\n\t\t\t\t\t\t<span class=\"wd-icon\"><\/span>\n\t\t\t\t\t\t\t\t\t\t\t<\/a>\n\t\t\t\t\n\t\t\t\t\n\t\t\t<\/div>\n\n\t\t\t\t\t\t<\/div>\n\t\t\t\t<\/div>\n\t\t\t\t\t<\/div>\n\t\t\t\t<\/div>\n\t\t\t\t<\/div>","protected":false},"excerpt":{"rendered":"<p>A forradalmi karcs\u00fas\u00edt\u00f3 kezel\u00e9s 1000 kal\u00f3ri\u00e1t \u00e9get el \u00f3r\u00e1nk\u00e9nt MELEG\u00cdT\u0150 \u00d6VEK Teljesen \u00faj m\u00f3dszer a fekve t\u00f6rt\u00e9n\u0151 fogy\u00e1sra. V\u00e9gs\u0151 zs\u00edr\u00e9get\u00e9s edz\u00e9s n\u00e9lk\u00fcl A<\/p>","protected":false},"author":1,"featured_media":0,"parent":241928,"menu_order":0,"comment_status":"closed","ping_status":"closed","template":"","meta":{"footnotes":""},"class_list":["post-242371","page","type-page","status-publish","hentry"],"_links":{"self":[{"href":"https:\/\/shapeline.at\/hu\/wp-json\/wp\/v2\/pages\/242371","targetHints":{"allow":["GET"]}}],"collection":[{"href":"https:\/\/shapeline.at\/hu\/wp-json\/wp\/v2\/pages"}],"about":[{"href":"https:\/\/shapeline.at\/hu\/wp-json\/wp\/v2\/types\/page"}],"author":[{"embeddable":true,"href":"https:\/\/shapeline.at\/hu\/wp-json\/wp\/v2\/users\/1"}],"replies":[{"embeddable":true,"href":"https:\/\/shapeline.at\/hu\/wp-json\/wp\/v2\/comments?post=242371"}],"version-history":[{"count":7,"href":"https:\/\/shapeline.at\/hu\/wp-json\/wp\/v2\/pages\/242371\/revisions"}],"predecessor-version":[{"id":242382,"href":"https:\/\/shapeline.at\/hu\/wp-json\/wp\/v2\/pages\/242371\/revisions\/242382"}],"up":[{"embeddable":true,"href":"https:\/\/shapeline.at\/hu\/wp-json\/wp\/v2\/pages\/241928"}],"wp:attachment":[{"href":"https:\/\/shapeline.at\/hu\/wp-json\/wp\/v2\/media?parent=242371"}],"curies":[{"name":"wp","href":"https:\/\/api.w.org\/{rel}","templated":true}]}}