{"id":242398,"date":"2023-09-24T09:25:59","date_gmt":"2023-09-24T09:25:59","guid":{"rendered":"https:\/\/shop.devepu.apollo.wpspace.me\/?page_id=242398"},"modified":"2023-10-31T15:41:15","modified_gmt":"2023-10-31T15:41:15","slug":"hasmodellezes","status":"publish","type":"page","link":"https:\/\/shapeline.at\/hu\/program\/bodyforming\/hasmodellezes\/","title":{"rendered":"Hasi modellez\u00e9s"},"content":{"rendered":"<div data-elementor-type=\"wp-page\" data-elementor-id=\"242398\" class=\"elementor elementor-242398\" data-elementor-post-type=\"page\">\n\t\t\t\t<div class=\"wd-negative-gap elementor-element elementor-element-0f9b587 e-flex e-con-boxed e-con e-parent\" data-id=\"0f9b587\" data-element_type=\"container\" data-e-type=\"container\">\n\t\t\t\t\t<div class=\"e-con-inner\">\n\t\t\t\t<div class=\"elementor-element elementor-element-6ebdbec wd-width-100 elementor-widget elementor-widget-wd_title\" data-id=\"6ebdbec\" data-element_type=\"widget\" data-e-type=\"widget\" data-widget_type=\"wd_title.default\">\n\t\t\t\t<div class=\"elementor-widget-container\">\n\t\t\t\t\t\t\t<div class=\"title-wrapper wd-set-mb reset-last-child wd-title-color-default wd-title-style-default wd-title-size-default text-center\">\n\n\t\t\t\t\t\t\t\t\t\t\t<div class=\"title-subtitle subtitle-color-default subtitle-style-default wd-fontsize-xs\">\n\t\t\t\t\tAzonnali hat\u00e1s a puffadt gyomorra\t\t\t\t<\/div>\n\t\t\t\n\t\t\t<div class=\"liner-continer\">\n\t\t\t\t<h4 class=\"woodmart-title-container title wd-fontsize-l\">HASMODELLEZ\u00c9S<\/h4> \n\t\t\t\t\t\t\t<\/div>\n\n\t\t\t\t\t<\/div>\n\t\t\t\t\t\t<\/div>\n\t\t\t\t<\/div>\n\t\t\t\t<div class=\"elementor-element elementor-element-ce5bbe9 elementor-widget elementor-widget-wd_image_or_svg\" data-id=\"ce5bbe9\" data-element_type=\"widget\" data-e-type=\"widget\" data-widget_type=\"wd_image_or_svg.default\">\n\t\t\t\t<div class=\"elementor-widget-container\">\n\t\t\t\t\t\n\t\t<div class=\"wd-image text-left\">\n\t\t\t\t\t\t\t\t<img loading=\"lazy\" decoding=\"async\" width=\"1652\" height=\"1115\" src=\"https:\/\/shapeline.at\/wp-content\/uploads\/2023\/09\/Bauch-Modelage-frei.jpg?wsr\" class=\"attachment-full size-full\" alt=\"\" srcset=\"https:\/\/shapeline.at\/wp-content\/uploads\/2023\/09\/Bauch-Modelage-frei.jpg 1652w, https:\/\/shapeline.at\/wp-content\/uploads\/2023\/09\/Bauch-Modelage-frei-400x270.jpg 400w, https:\/\/shapeline.at\/wp-content\/uploads\/2023\/09\/Bauch-Modelage-frei-1185x800.jpg 1185w, https:\/\/shapeline.at\/wp-content\/uploads\/2023\/09\/Bauch-Modelage-frei-768x518.jpg 768w, https:\/\/shapeline.at\/wp-content\/uploads\/2023\/09\/Bauch-Modelage-frei-1536x1037.jpg 1536w, https:\/\/shapeline.at\/wp-content\/uploads\/2023\/09\/Bauch-Modelage-frei-860x580.jpg 860w, https:\/\/shapeline.at\/wp-content\/uploads\/2023\/09\/Bauch-Modelage-frei-430x290.jpg 430w, https:\/\/shapeline.at\/wp-content\/uploads\/2023\/09\/Bauch-Modelage-frei-700x472.jpg 700w, https:\/\/shapeline.at\/wp-content\/uploads\/2023\/09\/Bauch-Modelage-frei-150x101.jpg 150w\" sizes=\"auto, (max-width: 1652px) 100vw, 1652px\" \/>\t\t\t\t\t<\/div>\n\n\t\t\t\t\t\t<\/div>\n\t\t\t\t<\/div>\n\t\t\t\t<div class=\"elementor-element elementor-element-3e698c7 elementor-widget elementor-widget-wd_text_block\" data-id=\"3e698c7\" data-element_type=\"widget\" data-e-type=\"widget\" data-widget_type=\"wd_text_block.default\">\n\t\t\t\t<div class=\"elementor-widget-container\">\n\t\t\t\t\t\t\t<div class=\"wd-text-block reset-last-child text-left\">\n\t\t\t\n\t\t\t<p style=\"text-align: center;\">Az \u00e9vek sor\u00e1n a v\u00e9konyb\u00e9l is elvesz\u00edtheti j\u00f3 perisztaltik\u00e1j\u00e1t, \u00e9s kics\u00faszhat a rekeszizom al\u00f3l.<br \/>Ez puffadt gyomorhoz vezethet.<br \/>A hasi modellez\u00e9s nagyon alkalmas a v\u00e9konyb\u00e9l aktiv\u00e1l\u00e1s\u00e1ra.<\/p>\n\t\t\t\t\t<\/div>\n\t\t\t\t\t\t<\/div>\n\t\t\t\t<\/div>\n\t\t\t\t<div class=\"elementor-element elementor-element-ffd1026 elementor-align-center elementor-icon-list--layout-traditional elementor-list-item-link-full_width elementor-widget elementor-widget-icon-list\" data-id=\"ffd1026\" data-element_type=\"widget\" data-e-type=\"widget\" data-widget_type=\"icon-list.default\">\n\t\t\t\t<div class=\"elementor-widget-container\">\n\t\t\t\t\t\t\t<ul class=\"elementor-icon-list-items\">\n\t\t\t\t\t\t\t<li class=\"elementor-icon-list-item\">\n\t\t\t\t\t\t\t\t\t\t\t<span class=\"elementor-icon-list-icon\">\n\t\t\t\t\t\t\t<i aria-hidden=\"true\" class=\"fas fa-check\"><\/i>\t\t\t\t\t\t<\/span>\n\t\t\t\t\t\t\t\t\t\t<span class=\"elementor-icon-list-text\">Azonnali hasi cs\u00f6kkent\u00e9s<\/span>\n\t\t\t\t\t\t\t\t\t<\/li>\n\t\t\t\t\t\t\t\t<li class=\"elementor-icon-list-item\">\n\t\t\t\t\t\t\t\t\t\t\t<span class=\"elementor-icon-list-icon\">\n\t\t\t\t\t\t\t<i aria-hidden=\"true\" class=\"fas fa-check\"><\/i>\t\t\t\t\t\t<\/span>\n\t\t\t\t\t\t\t\t\t\t<span class=\"elementor-icon-list-text\">Fogyjon a gyomor a g\u00e1z \u00e9s a sz\u00e9klet has\u00e1nak cs\u00f6kkent\u00e9s\u00e9vel<\/span>\n\t\t\t\t\t\t\t\t\t<\/li>\n\t\t\t\t\t\t\t\t<li class=\"elementor-icon-list-item\">\n\t\t\t\t\t\t\t\t\t\t\t<span class=\"elementor-icon-list-icon\">\n\t\t\t\t\t\t\t<i aria-hidden=\"true\" class=\"fas fa-check\"><\/i>\t\t\t\t\t\t<\/span>\n\t\t\t\t\t\t\t\t\t\t<span class=\"elementor-icon-list-text\">S\u00falycs\u00f6kkent\u00e9s<\/span>\n\t\t\t\t\t\t\t\t\t<\/li>\n\t\t\t\t\t\t\t\t<li class=\"elementor-icon-list-item\">\n\t\t\t\t\t\t\t\t\t\t\t<span class=\"elementor-icon-list-icon\">\n\t\t\t\t\t\t\t<i aria-hidden=\"true\" class=\"fas fa-check\"><\/i>\t\t\t\t\t\t<\/span>\n\t\t\t\t\t\t\t\t\t\t<span class=\"elementor-icon-list-text\">Lapos has<\/span>\n\t\t\t\t\t\t\t\t\t<\/li>\n\t\t\t\t\t\t<\/ul>\n\t\t\t\t\t\t<\/div>\n\t\t\t\t<\/div>\n\t\t<div class=\"wd-negative-gap elementor-element elementor-element-6165178 e-flex e-con-boxed e-con e-child\" data-id=\"6165178\" data-element_type=\"container\" data-e-type=\"container\">\n\t\t\t\t\t<div class=\"e-con-inner\">\n\t\t\t\t<div class=\"elementor-element elementor-element-8b52d1e elementor-widget elementor-widget-wd_image_or_svg\" data-id=\"8b52d1e\" data-element_type=\"widget\" data-e-type=\"widget\" data-widget_type=\"wd_image_or_svg.default\">\n\t\t\t\t<div class=\"elementor-widget-container\">\n\t\t\t\t\t\n\t\t<div class=\"wd-image text-left\">\n\t\t\t\t\t\t\t\t<img loading=\"lazy\" decoding=\"async\" width=\"400\" height=\"599\" src=\"https:\/\/shapeline.at\/wp-content\/uploads\/2023\/09\/Kabine-Bauchmodelage-400x599.jpg?wsr\" class=\"attachment-400x size-400x\" alt=\"Kabin hasi modellez\u00e9s\" srcset=\"https:\/\/shapeline.at\/wp-content\/uploads\/2023\/09\/Kabine-Bauchmodelage-400x599.jpg 400w, https:\/\/shapeline.at\/wp-content\/uploads\/2023\/09\/Kabine-Bauchmodelage-200x300.jpg 200w, https:\/\/shapeline.at\/wp-content\/uploads\/2023\/09\/Kabine-Bauchmodelage-534x800.jpg 534w, https:\/\/shapeline.at\/wp-content\/uploads\/2023\/09\/Kabine-Bauchmodelage-768x1151.jpg 768w, https:\/\/shapeline.at\/wp-content\/uploads\/2023\/09\/Kabine-Bauchmodelage-1025x1536.jpg 1025w, https:\/\/shapeline.at\/wp-content\/uploads\/2023\/09\/Kabine-Bauchmodelage-860x1288.jpg 860w, https:\/\/shapeline.at\/wp-content\/uploads\/2023\/09\/Kabine-Bauchmodelage-430x644.jpg 430w, https:\/\/shapeline.at\/wp-content\/uploads\/2023\/09\/Kabine-Bauchmodelage-700x1049.jpg 700w, https:\/\/shapeline.at\/wp-content\/uploads\/2023\/09\/Kabine-Bauchmodelage-150x225.jpg 150w, https:\/\/shapeline.at\/wp-content\/uploads\/2023\/09\/Kabine-Bauchmodelage.jpg 1335w\" sizes=\"auto, (max-width: 400px) 100vw, 400px\" \/>\t\t\t\t\t<\/div>\n\n\t\t\t\t\t\t<\/div>\n\t\t\t\t<\/div>\n\t\t<div class=\"wd-negative-gap elementor-element elementor-element-078b385 e-flex e-con-boxed e-con e-child\" data-id=\"078b385\" data-element_type=\"container\" data-e-type=\"container\">\n\t\t\t\t\t<div class=\"e-con-inner\">\n\t\t\t\t<div class=\"elementor-element elementor-element-7f31c92 wd-width-100 elementor-widget elementor-widget-wd_title\" data-id=\"7f31c92\" data-element_type=\"widget\" data-e-type=\"widget\" data-widget_type=\"wd_title.default\">\n\t\t\t\t<div class=\"elementor-widget-container\">\n\t\t\t\t\t\t\t<div class=\"title-wrapper wd-set-mb reset-last-child wd-title-color-default wd-title-style-default wd-title-size-default text-center\">\n\n\t\t\t\n\t\t\t<div class=\"liner-continer\">\n\t\t\t\t<h4 class=\"woodmart-title-container title wd-fontsize-l\">Hat\u00e9kony \u00e9s megk\u00fcl\u00f6nb\u00f6ztet\u0151 kezel\u00e9s<\/h4> \n\t\t\t\t\t\t\t<\/div>\n\n\t\t\t\t\t<\/div>\n\t\t\t\t\t\t<\/div>\n\t\t\t\t<\/div>\n\t\t\t\t<div class=\"elementor-element elementor-element-29f5189 elementor-widget elementor-widget-wd_text_block\" data-id=\"29f5189\" data-element_type=\"widget\" data-e-type=\"widget\" data-widget_type=\"wd_text_block.default\">\n\t\t\t\t<div class=\"elementor-widget-container\">\n\t\t\t\t\t\t\t<div class=\"wd-text-block reset-last-child text-left\">\n\t\t\t\n\t\t\t<p style=\"text-align: center;\">A stimul\u00e1l\u00f3 nyom\u00e1shull\u00e1mok massz\u00edrozz\u00e1k a v\u00e9kony- \u00e9s vastagbelet \u00e9s cs\u00f6kkentik a<br \/>mind a puffadt has, mind a babapocak, mind a s\u00f6rhas \u00e9s a puffad\u00e1s,<br \/>\u00edgy a hask\u00f6rfogat \u00e9rezhet\u0151en kisebb lesz.<br \/>A hi\u00e1nyz\u00f3 centim\u00e9terek m\u00e1r az els\u0151 kezel\u00e9s ut\u00e1n l\u00e1that\u00f3ak \u00e9s m\u00e9rhet\u0151ek.<br \/>A bels\u0151 peritone\u00e1lis zs\u00edr egyre ink\u00e1bb aktiv\u00e1l\u00f3dik \u00e9s lebomlik.<\/p>\n\t\t\t\t\t<\/div>\n\t\t\t\t\t\t<\/div>\n\t\t\t\t<\/div>\n\t\t\t\t<div class=\"elementor-element elementor-element-c3f1929 wd-width-100 elementor-widget elementor-widget-wd_title\" data-id=\"c3f1929\" data-element_type=\"widget\" data-e-type=\"widget\" data-widget_type=\"wd_title.default\">\n\t\t\t\t<div class=\"elementor-widget-container\">\n\t\t\t\t\t\t\t<div class=\"title-wrapper wd-set-mb reset-last-child wd-title-color-default wd-title-style-default wd-title-size-default text-center\">\n\n\t\t\t\n\t\t\t<div class=\"liner-continer\">\n\t\t\t\t<h4 class=\"woodmart-title-container title wd-fontsize-l\">Hogyan m\u0171k\u00f6dik a kezel\u00e9s?<\/h4> \n\t\t\t\t\t\t\t<\/div>\n\n\t\t\t\t\t<\/div>\n\t\t\t\t\t\t<\/div>\n\t\t\t\t<\/div>\n\t\t\t\t<div class=\"elementor-element elementor-element-2be0680 elementor-widget elementor-widget-wd_text_block\" data-id=\"2be0680\" data-element_type=\"widget\" data-e-type=\"widget\" data-widget_type=\"wd_text_block.default\">\n\t\t\t\t<div class=\"elementor-widget-container\">\n\t\t\t\t\t\t\t<div class=\"wd-text-block reset-last-child text-left\">\n\t\t\t\n\t\t\t<p style=\"text-align: center;\">A meridi\u00e1n g\u00e9lkever\u00e9ket a cs\u00edp\u0151t\u0151l a mellkas al\u00e1 kell felvinni.<br \/>\u00e9s a tetej\u00e9re termoakt\u00edv f\u00f3li\u00e1val ell\u00e1tott t\u00f6m\u00f6r\u00edt\u0151csomagol\u00e1st helyeznek.<br \/>A perisztaltikus hasi mandzsetta ezen fel\u00fcl van r\u00f6gz\u00edtve.<\/p><p style=\"text-align: center;\"><strong>A hasi mandzsetta gyeng\u00e9d, ritmikus nyom\u00e1shull\u00e1mokat gener\u00e1l \u00e9s ir\u00e1ny\u00edtja<br \/>a puffad\u00e1sra, a g\u00e1zokra \u00e9s a sz\u00e9kletre gyakorolt azonnali hat\u00e1sok\u00e9rt.<br \/>A gyomor lapos lesz, \u00e9s a belek stimul\u00e1l\u00f3dnak.<\/strong><\/p><p style=\"text-align: center;\">Hagyja rajta 40 percig, majd t\u00e1vol\u00edtsa el a f\u00f3li\u00e1t, \u00e9s t\u00e1vol\u00edtsa el a g\u00e9lmaradv\u00e1nyokat.<br \/>\u00e9s k\u00e9nyeztesse a kezelt ter\u00fcleteket ill\u00f3olajjal.<br \/>A kezel\u00e9st t\u00e1mogat\u00f3 napi otthoni \u00e1pol\u00e1shoz a Shape-Line a k\u00f6vetkez\u0151ket aj\u00e1nlja <a href=\"https:\/\/shapeline.at\/hu\/termek-2\/vadvirag-aromaolaj\/\">Vadvir\u00e1golaj gy\u00f3gyn\u00f6v\u00e9nykivonattal<\/a>.<\/p>\n\t\t\t\t\t<\/div>\n\t\t\t\t\t\t<\/div>\n\t\t\t\t<\/div>\n\t\t\t\t<div class=\"elementor-element elementor-element-98bac44 wd-width-100 elementor-widget elementor-widget-wd_title\" data-id=\"98bac44\" data-element_type=\"widget\" data-e-type=\"widget\" data-widget_type=\"wd_title.default\">\n\t\t\t\t<div class=\"elementor-widget-container\">\n\t\t\t\t\t\t\t<div class=\"title-wrapper wd-set-mb reset-last-child wd-title-color-default wd-title-style-default wd-title-size-default text-center\">\n\n\t\t\t\n\t\t\t<div class=\"liner-continer\">\n\t\t\t\t<h4 class=\"woodmart-title-container title wd-fontsize-l\">Mikor l\u00e1that\u00f3 a siker?<\/h4> \n\t\t\t\t\t\t\t<\/div>\n\n\t\t\t\t\t\t\t<div class=\"title-after_title reset-last-child wd-fontsize-xs\">\n\t\t\t\t\tFenntarthat\u00f3 ker\u00fcletcs\u00f6kkent\u00e9s a hason<br \/>\nlegal\u00e1bb heti 2x - 5 h\u00e9ten kereszt\u00fcl<br \/>\nA v\u00e9konyb\u00e9l\/ vastagb\u00e9l stimul\u00e1l\u00e1sa em\u00e9szt\u00e9si probl\u00e9m\u00e1k eset\u00e9n<br \/>\n10 napos program 10 egym\u00e1st k\u00f6vet\u0151 napon\t\t\t\t<\/div>\n\t\t\t\t\t<\/div>\n\t\t\t\t\t\t<\/div>\n\t\t\t\t<\/div>\n\t\t\t\t\t<\/div>\n\t\t\t\t<\/div>\n\t\t\t\t\t<\/div>\n\t\t\t\t<\/div>\n\t\t\t\t<div class=\"elementor-element elementor-element-27df452 elementor-widget-divider--view-line elementor-widget elementor-widget-divider\" data-id=\"27df452\" data-element_type=\"widget\" data-e-type=\"widget\" data-widget_type=\"divider.default\">\n\t\t\t\t<div class=\"elementor-widget-container\">\n\t\t\t\t\t\t\t<div class=\"elementor-divider\">\n\t\t\t<span class=\"elementor-divider-separator\">\n\t\t\t\t\t\t<\/span>\n\t\t<\/div>\n\t\t\t\t\t\t<\/div>\n\t\t\t\t<\/div>\n\t\t\t\t<div class=\"elementor-element elementor-element-a3fc712 wd-width-100 elementor-widget elementor-widget-wd_title\" data-id=\"a3fc712\" data-element_type=\"widget\" data-e-type=\"widget\" data-widget_type=\"wd_title.default\">\n\t\t\t\t<div class=\"elementor-widget-container\">\n\t\t\t\t\t\t\t<div class=\"title-wrapper wd-set-mb reset-last-child wd-title-color-default wd-title-style-default wd-title-size-default text-center\">\n\n\t\t\t\n\t\t\t<div class=\"liner-continer\">\n\t\t\t\t<h4 class=\"woodmart-title-container title wd-fontsize-l\">Fogyjon a gyomor<\/h4> \n\t\t\t\t\t\t\t<\/div>\n\n\t\t\t\t\t\t\t<div class=\"title-after_title reset-last-child wd-fontsize-xs\">\n\t\t\t\t\t<p>Ez a kezel\u00e9s azonnal hat, \u00e9s Dr. F.X. term\u00e9szetgy\u00f3gy\u00e1sz tan\u00edt\u00e1sai szerint lett kifejlesztve. Mayr.<\/p><p>Ez term\u00e9szetes m\u00f3don visszaadja a b\u00e9lnek a hajt\u00f3erej\u00e9t.<\/p>\t\t\t\t<\/div>\n\t\t\t\t\t<\/div>\n\t\t\t\t\t\t<\/div>\n\t\t\t\t<\/div>\n\t\t\t\t\t<\/div>\n\t\t\t\t<\/div>\n\t\t<div class=\"elementor-element elementor-element-b3d4692 e-con-full e-flex e-con e-parent\" data-id=\"b3d4692\" data-element_type=\"container\" data-e-type=\"container\">\n\t\t<div class=\"wd-negative-gap elementor-element elementor-element-03335de e-flex e-con-boxed e-con e-child\" data-id=\"03335de\" data-element_type=\"container\" data-e-type=\"container\">\n\t\t\t\t\t<div class=\"e-con-inner\">\n\t\t<div class=\"wd-negative-gap elementor-element elementor-element-ae18c8d e-flex e-con-boxed e-con e-child\" data-id=\"ae18c8d\" data-element_type=\"container\" data-e-type=\"container\">\n\t\t\t\t\t<div class=\"e-con-inner\">\n\t\t\t\t<div class=\"elementor-element elementor-element-c4fd216 wd-width-100 elementor-widget elementor-widget-wd_title\" data-id=\"c4fd216\" data-element_type=\"widget\" data-e-type=\"widget\" data-widget_type=\"wd_title.default\">\n\t\t\t\t<div class=\"elementor-widget-container\">\n\t\t\t\t\t\t\t<div class=\"title-wrapper wd-set-mb reset-last-child wd-title-color-default wd-title-style-default wd-title-size-default text-center\">\n\n\t\t\t\n\t\t\t<div class=\"liner-continer\">\n\t\t\t\t<h4 class=\"woodmart-title-container title wd-fontsize-l\">Szak\u00e9rt\u0151i tipp az alak szak\u00e9rt\u0151inkt\u0151l<\/h4> \n\t\t\t\t\t\t\t<\/div>\n\n\t\t\t\t\t<\/div>\n\t\t\t\t\t\t<\/div>\n\t\t\t\t<\/div>\n\t\t\t\t<div class=\"elementor-element elementor-element-a34a21f elementor-widget elementor-widget-wd_text_block\" data-id=\"a34a21f\" data-element_type=\"widget\" data-e-type=\"widget\" data-widget_type=\"wd_text_block.default\">\n\t\t\t\t<div class=\"elementor-widget-container\">\n\t\t\t\t\t\t\t<div class=\"wd-text-block reset-last-child text-left\">\n\t\t\t\n\t\t\t<p style=\"text-align: center;\">Kombin\u00e1ljuk a hasi modellez\u00e9st a <a href=\"https:\/\/shapeline.at\/hu\/program\/bodyforming\/omega-hidegburkolat\/\">Omega hidegburkolat<\/a> - a KETT\u0150S hat\u00e1s el\u00e9r\u00e9se \u00e9rdek\u00e9ben!<\/p>\n\t\t\t\t\t<\/div>\n\t\t\t\t\t\t<\/div>\n\t\t\t\t<\/div>\n\t\t\t\t\t<\/div>\n\t\t\t\t<\/div>\n\t\t\t\t\t<\/div>\n\t\t\t\t<\/div>\n\t\t\t\t<\/div>\n\t\t<div class=\"wd-negative-gap elementor-element elementor-element-4eb0306 e-flex e-con-boxed e-con e-parent\" data-id=\"4eb0306\" data-element_type=\"container\" data-e-type=\"container\">\n\t\t\t\t\t<div class=\"e-con-inner\">\n\t\t\t\t<div class=\"elementor-element elementor-element-f78c982 elementor-widget elementor-widget-wd_marquee\" data-id=\"f78c982\" data-element_type=\"widget\" data-e-type=\"widget\" data-widget_type=\"wd_marquee.default\">\n\t\t\t\t<div class=\"elementor-widget-container\">\n\t\t\t\t\t\t\t<div class=\"wd-marquee\">\n\t\t\t<div class=\"wd-marquee-content\">\n\t\t\t\t\t\t\t<span class=\"wd-marquee-item\">\n\t\t\t\t<i class=\"wd-icon far fa-grin-hearts\"><\/i>\n\t\t\t\t\t\t\t\t\tTesztelj most!\t\t\t\t\n\t\t\t\t\t\t\t<\/span>\n\t\t\t\t\t\t<\/div>\n\t\t\t<div class=\"wd-marquee-content\">\n\t\t\t\t\t\t\t<span class=\"wd-marquee-item\">\n\t\t\t\t<i class=\"wd-icon far fa-grin-hearts\"><\/i>\n\t\t\t\t\t\t\t\t\tTesztelj most!\t\t\t\t\n\t\t\t\t\t\t\t<\/span>\n\t\t\t\t\t\t<\/div>\n\t\t<\/div>\n\t\t\t\t\t\t<\/div>\n\t\t\t\t<\/div>\n\t\t\t\t<div class=\"elementor-element elementor-element-42806e2 elementor-widget elementor-widget-wd_text_block\" data-id=\"42806e2\" data-element_type=\"widget\" data-e-type=\"widget\" data-widget_type=\"wd_text_block.default\">\n\t\t\t\t<div class=\"elementor-widget-container\">\n\t\t\t\t\t\t\t<div class=\"wd-text-block reset-last-child text-left\">\n\t\t\t\n\t\t\t<p style=\"text-align: center;\">Szervezzen id\u0151pontot egy tesztel\u00e9sre most azonnal az egyik <a id=\"studio-ihrer-wahl-bodyshapen-inline\" href=\"https:\/\/shapeline.at\/hu\/studiok\/\">Az \u00d6n \u00e1ltal v\u00e1lasztott st\u00fadi\u00f3<\/a><br \/>Ingyenes alakelemz\u00e9st kap!<br \/>Egy\u00e9nileg adunk \u00d6nnek tan\u00e1csot, \u00e9s k\u00e9r\u00e9sre sz\u00edvesen \u00f6ssze\u00e1ll\u00edtunk egy szem\u00e9lyre szabott testform\u00e1l\u00f3 programot.<\/p>\n\t\t\t\t\t<\/div>\n\t\t\t\t\t\t<\/div>\n\t\t\t\t<\/div>\n\t\t\t\t\t<\/div>\n\t\t\t\t<\/div>\n\t\t<div class=\"wd-negative-gap elementor-element elementor-element-80c08e9 e-flex e-con-boxed e-con e-parent\" data-id=\"80c08e9\" data-element_type=\"container\" data-e-type=\"container\">\n\t\t\t\t\t<div class=\"e-con-inner\">\n\t\t\t\t<div class=\"elementor-element elementor-element-4815f6a elementor-widget elementor-widget-wd_social_buttons\" data-id=\"4815f6a\" data-element_type=\"widget\" data-e-type=\"widget\" data-widget_type=\"wd_social_buttons.default\">\n\t\t\t\t<div class=\"elementor-widget-container\">\n\t\t\t\t\t\t\t\t<div\n\t\t\t\t\t\tclass=\"wd-social-icons wd-style-colored wd-size-default social-share wd-shape-circle color-scheme-dark text-center\">\n\t\t\t\t\n\t\t\t\t\n\t\t\t\t\t\t\t\t\t<a rel=\"noopener noreferrer nofollow\" href=\"https:\/\/www.facebook.com\/sharer\/sharer.php?u=https:\/\/shapeline.at\/hu\/program\/bodyforming\/hasmodellezes\/\" target=\"_blank\" class=\"wd-social-icon social-facebook\" aria-label=\"Facebook social link\">\n\t\t\t\t\t\t<span class=\"wd-icon\"><\/span>\n\t\t\t\t\t\t\t\t\t\t\t<\/a>\n\t\t\t\t\n\t\t\t\t\n\t\t\t\t\n\t\t\t\t\t\t\t\t\t<a rel=\"noopener noreferrer nofollow\" href=\"mailto:?subject=Check%20this%20https:\/\/shapeline.at\/hu\/program\/bodyforming\/hasmodellezes\/\" target=\"_blank\" class=\"wd-social-icon social-email\" aria-label=\"Email social link\">\n\t\t\t\t\t\t<span class=\"wd-icon\"><\/span>\n\t\t\t\t\t\t\t\t\t\t\t<\/a>\n\t\t\t\t\n\t\t\t\t\n\t\t\t\t\n\t\t\t\t\n\t\t\t\t\n\t\t\t\t\n\t\t\t\t\n\t\t\t\t\n\t\t\t\t\n\t\t\t\t\n\t\t\t\t\n\t\t\t\t\n\t\t\t\t\n\t\t\t\t\n\t\t\t\t\n\t\t\t\t\t\t\t\t\t<a rel=\"noopener noreferrer nofollow\" href=\"https:\/\/api.whatsapp.com\/send?text=https%3A%2F%2Fshapeline.at%2Fhu%2Fprogram%2Fbodyforming%2Fhasmodellezes%2F\" target=\"_blank\" class=\"wd-hide-md wd-social-icon social-whatsapp\" aria-label=\"WhatsApp social link\">\n\t\t\t\t\t\t<span class=\"wd-icon\"><\/span>\n\t\t\t\t\t\t\t\t\t\t\t<\/a>\n\n\t\t\t\t\t<a rel=\"noopener noreferrer nofollow\" href=\"whatsapp:\/\/send?text=http:\/\/https%3A%2F%2Fshapeline.at%2Fhu%2Fprogram%2Fbodyforming%2Fhasmodellezes%2F\" target=\"_blank\" class=\"wd-hide-lg wd-social-icon social-whatsapp\" aria-label=\"WhatsApp social link\">\n\t\t\t\t\t\t<span class=\"wd-icon\"><\/span>\n\t\t\t\t\t\t\t\t\t\t\t<\/a>\n\t\t\t\t\n\t\t\t\t\n\t\t\t\t\n\t\t\t\t\n\t\t\t\t\n\t\t\t\t\n\t\t\t\t\t\t\t\t\t<a rel=\"noopener noreferrer nofollow\" href=\"https:\/\/telegram.me\/share\/url?url=https:\/\/shapeline.at\/hu\/program\/bodyforming\/hasmodellezes\/\" target=\"_blank\" class=\"wd-social-icon social-tg\" aria-label=\"Telegram social link\">\n\t\t\t\t\t\t<span class=\"wd-icon\"><\/span>\n\t\t\t\t\t\t\t\t\t\t\t<\/a>\n\t\t\t\t\n\t\t\t\t\n\t\t\t<\/div>\n\n\t\t\t\t\t\t<\/div>\n\t\t\t\t<\/div>\n\t\t\t\t\t<\/div>\n\t\t\t\t<\/div>\n\t\t\t\t<\/div>","protected":false},"excerpt":{"rendered":"<p>Azonnali hat\u00e1s a puffadt gyomorra Pocak MODELL\u00c1L\u00c1S Az \u00e9vek sor\u00e1n a v\u00e9konyb\u00e9l is elvesz\u00edtheti j\u00f3 perisztaltik\u00e1j\u00e1t, \u00e9s a rekeszizom al\u00e1 cs\u00faszik.<\/p>","protected":false},"author":1,"featured_media":0,"parent":241928,"menu_order":0,"comment_status":"closed","ping_status":"closed","template":"","meta":{"footnotes":""},"class_list":["post-242398","page","type-page","status-publish","hentry"],"_links":{"self":[{"href":"https:\/\/shapeline.at\/hu\/wp-json\/wp\/v2\/pages\/242398","targetHints":{"allow":["GET"]}}],"collection":[{"href":"https:\/\/shapeline.at\/hu\/wp-json\/wp\/v2\/pages"}],"about":[{"href":"https:\/\/shapeline.at\/hu\/wp-json\/wp\/v2\/types\/page"}],"author":[{"embeddable":true,"href":"https:\/\/shapeline.at\/hu\/wp-json\/wp\/v2\/users\/1"}],"replies":[{"embeddable":true,"href":"https:\/\/shapeline.at\/hu\/wp-json\/wp\/v2\/comments?post=242398"}],"version-history":[{"count":7,"href":"https:\/\/shapeline.at\/hu\/wp-json\/wp\/v2\/pages\/242398\/revisions"}],"predecessor-version":[{"id":243114,"href":"https:\/\/shapeline.at\/hu\/wp-json\/wp\/v2\/pages\/242398\/revisions\/243114"}],"up":[{"embeddable":true,"href":"https:\/\/shapeline.at\/hu\/wp-json\/wp\/v2\/pages\/241928"}],"wp:attachment":[{"href":"https:\/\/shapeline.at\/hu\/wp-json\/wp\/v2\/media?parent=242398"}],"curies":[{"name":"wp","href":"https:\/\/api.w.org\/{rel}","templated":true}]}}