{"id":242438,"date":"2023-09-24T15:32:42","date_gmt":"2023-09-24T15:32:42","guid":{"rendered":"https:\/\/shop.devepu.apollo.wpspace.me\/?page_id=242438"},"modified":"2023-09-24T15:43:03","modified_gmt":"2023-09-24T15:43:03","slug":"karcsu-erosito","status":"publish","type":"page","link":"https:\/\/shapeline.at\/hu\/program\/bodyforming\/karcsu-erosito\/","title":{"rendered":"Slim-Booster"},"content":{"rendered":"<div data-elementor-type=\"wp-page\" data-elementor-id=\"242438\" class=\"elementor elementor-242438\" data-elementor-post-type=\"page\">\n\t\t\t\t<div class=\"wd-negative-gap elementor-element elementor-element-0f9b587 e-flex e-con-boxed e-con e-parent\" data-id=\"0f9b587\" data-element_type=\"container\" data-e-type=\"container\">\n\t\t\t\t\t<div class=\"e-con-inner\">\n\t\t\t\t<div class=\"elementor-element elementor-element-6ebdbec wd-width-100 elementor-widget elementor-widget-wd_title\" data-id=\"6ebdbec\" data-element_type=\"widget\" data-e-type=\"widget\" data-widget_type=\"wd_title.default\">\n\t\t\t\t<div class=\"elementor-widget-container\">\n\t\t\t\t\t\t\t<div class=\"title-wrapper wd-set-mb reset-last-child wd-title-color-default wd-title-style-default wd-title-size-default text-center\">\n\n\t\t\t\t\t\t\t\t\t\t\t<div class=\"title-subtitle subtitle-color-default subtitle-style-default wd-fontsize-xs\">\n\t\t\t\t\tPontos alakform\u00e1l\u00e1s\t\t\t\t<\/div>\n\t\t\t\n\t\t\t<div class=\"liner-continer\">\n\t\t\t\t<h4 class=\"woodmart-title-container title wd-fontsize-l\">SLIM-BOOSTER<\/h4> \n\t\t\t\t\t\t\t<\/div>\n\n\t\t\t\t\t<\/div>\n\t\t\t\t\t\t<\/div>\n\t\t\t\t<\/div>\n\t\t\t\t<div class=\"elementor-element elementor-element-ce5bbe9 elementor-widget elementor-widget-wd_image_or_svg\" data-id=\"ce5bbe9\" data-element_type=\"widget\" data-e-type=\"widget\" data-widget_type=\"wd_image_or_svg.default\">\n\t\t\t\t<div class=\"elementor-widget-container\">\n\t\t\t\t\t\n\t\t<div class=\"wd-image text-left\">\n\t\t\t\t\t\t\t\t<img loading=\"lazy\" decoding=\"async\" width=\"1200\" height=\"594\" src=\"https:\/\/shapeline.at\/wp-content\/uploads\/2023\/09\/Shape-Line-Slim-Booster.jpg?wsr\" class=\"attachment-full size-full\" alt=\"SLIM booster\" srcset=\"https:\/\/shapeline.at\/wp-content\/uploads\/2023\/09\/Shape-Line-Slim-Booster.jpg 1200w, https:\/\/shapeline.at\/wp-content\/uploads\/2023\/09\/Shape-Line-Slim-Booster-400x198.jpg 400w, https:\/\/shapeline.at\/wp-content\/uploads\/2023\/09\/Shape-Line-Slim-Booster-768x380.jpg 768w, https:\/\/shapeline.at\/wp-content\/uploads\/2023\/09\/Shape-Line-Slim-Booster-860x426.jpg 860w, https:\/\/shapeline.at\/wp-content\/uploads\/2023\/09\/Shape-Line-Slim-Booster-430x213.jpg 430w, https:\/\/shapeline.at\/wp-content\/uploads\/2023\/09\/Shape-Line-Slim-Booster-700x347.jpg 700w, https:\/\/shapeline.at\/wp-content\/uploads\/2023\/09\/Shape-Line-Slim-Booster-150x74.jpg 150w\" sizes=\"auto, (max-width: 1200px) 100vw, 1200px\" \/>\t\t\t\t\t<\/div>\n\n\t\t\t\t\t\t<\/div>\n\t\t\t\t<\/div>\n\t\t<div class=\"wd-negative-gap elementor-element elementor-element-6165178 e-flex e-con-boxed e-con e-child\" data-id=\"6165178\" data-element_type=\"container\" data-e-type=\"container\">\n\t\t\t\t\t<div class=\"e-con-inner\">\n\t\t<div class=\"wd-negative-gap elementor-element elementor-element-078b385 e-flex e-con-boxed e-con e-child\" data-id=\"078b385\" data-element_type=\"container\" data-e-type=\"container\">\n\t\t\t\t\t<div class=\"e-con-inner\">\n\t\t\t\t<div class=\"elementor-element elementor-element-7f31c92 wd-width-100 elementor-widget elementor-widget-wd_title\" data-id=\"7f31c92\" data-element_type=\"widget\" data-e-type=\"widget\" data-widget_type=\"wd_title.default\">\n\t\t\t\t<div class=\"elementor-widget-container\">\n\t\t\t\t\t\t\t<div class=\"title-wrapper wd-set-mb reset-last-child wd-title-color-default wd-title-style-default wd-title-size-default text-center\">\n\n\t\t\t\n\t\t\t<div class=\"liner-continer\">\n\t\t\t\t<h4 class=\"woodmart-title-container title wd-fontsize-l\">Hogyan m\u0171k\u00f6dik a SLIM booster?<\/h4> \n\t\t\t\t\t\t\t<\/div>\n\n\t\t\t\t\t<\/div>\n\t\t\t\t\t\t<\/div>\n\t\t\t\t<\/div>\n\t\t\t\t<div class=\"elementor-element elementor-element-29f5189 elementor-widget elementor-widget-wd_text_block\" data-id=\"29f5189\" data-element_type=\"widget\" data-e-type=\"widget\" data-widget_type=\"wd_text_block.default\">\n\t\t\t\t<div class=\"elementor-widget-container\">\n\t\t\t\t\t\t\t<div class=\"wd-text-block reset-last-child text-left\">\n\t\t\t\n\t\t\t<p style=\"text-align: center;\">A f\u00f3kusz\u00e1lt f\u00e9ny seg\u00edts\u00e9g\u00e9vel a felpuffadt zs\u00edrsejtek m\u00e9rete cs\u00f6kken,<br \/>Ez\u00e1ltal elvesz\u00edtik kerek, d\u00fas alakjukat.<br \/>A szomsz\u00e9dos szervek, mint p\u00e9ld\u00e1ul a b\u0151r, az erek \u00e9s a<br \/>a perif\u00e9ri\u00e1s idegek \u00e9rintetlenek maradnak.<br \/>Trigliceridek szabadulnak fel a sejtmembr\u00e1nb\u00f3l<br \/>\u00e9s a sz\u00f6vetekbe jutnak, ahol a term\u00e9szetes anyagcsere-funkci\u00f3k r\u00e9v\u00e9n metaboliz\u00e1l\u00f3dnak.<br \/>a szervezetben gyorsan elfogynak.<br \/>Nincsenek fiziol\u00f3giai mell\u00e9khat\u00e1sok,<br \/>A triglicerideket a szervezet energiaforr\u00e1sk\u00e9nt haszn\u00e1lja fel.<\/p>\n\t\t\t\t\t<\/div>\n\t\t\t\t\t\t<\/div>\n\t\t\t\t<\/div>\n\t\t\t\t\t<\/div>\n\t\t\t\t<\/div>\n\t\t<div class=\"wd-negative-gap elementor-element elementor-element-d4cbcc7 e-flex e-con-boxed e-con e-child\" data-id=\"d4cbcc7\" data-element_type=\"container\" data-e-type=\"container\">\n\t\t\t\t\t<div class=\"e-con-inner\">\n\t\t\t\t<div class=\"elementor-element elementor-element-8b52d1e elementor-widget elementor-widget-wd_image_or_svg\" data-id=\"8b52d1e\" data-element_type=\"widget\" data-e-type=\"widget\" data-widget_type=\"wd_image_or_svg.default\">\n\t\t\t\t<div class=\"elementor-widget-container\">\n\t\t\t\t\t\n\t\t<div class=\"wd-image text-left\">\n\t\t\t\t\t\t\t\t<img loading=\"lazy\" decoding=\"async\" width=\"490\" height=\"325\" src=\"https:\/\/shapeline.at\/wp-content\/uploads\/2023\/09\/Slim-Booster_Nano-Licht-490x325.jpg?wsr\" class=\"attachment-490x size-490x\" alt=\"SLIM BOOSTER nano light\" srcset=\"https:\/\/shapeline.at\/wp-content\/uploads\/2023\/09\/Slim-Booster_Nano-Licht-490x325.jpg 490w, https:\/\/shapeline.at\/wp-content\/uploads\/2023\/09\/Slim-Booster_Nano-Licht-400x265.jpg 400w, https:\/\/shapeline.at\/wp-content\/uploads\/2023\/09\/Slim-Booster_Nano-Licht-1208x800.jpg 1208w, https:\/\/shapeline.at\/wp-content\/uploads\/2023\/09\/Slim-Booster_Nano-Licht-768x509.jpg 768w, https:\/\/shapeline.at\/wp-content\/uploads\/2023\/09\/Slim-Booster_Nano-Licht-1536x1018.jpg 1536w, https:\/\/shapeline.at\/wp-content\/uploads\/2023\/09\/Slim-Booster_Nano-Licht-2048x1357.jpg 2048w, https:\/\/shapeline.at\/wp-content\/uploads\/2023\/09\/Slim-Booster_Nano-Licht-860x570.jpg 860w, https:\/\/shapeline.at\/wp-content\/uploads\/2023\/09\/Slim-Booster_Nano-Licht-430x285.jpg 430w, https:\/\/shapeline.at\/wp-content\/uploads\/2023\/09\/Slim-Booster_Nano-Licht-700x464.jpg 700w, https:\/\/shapeline.at\/wp-content\/uploads\/2023\/09\/Slim-Booster_Nano-Licht-150x99.jpg 150w, https:\/\/shapeline.at\/wp-content\/uploads\/2023\/09\/Slim-Booster_Nano-Licht-500x331.jpg 500w, https:\/\/shapeline.at\/wp-content\/uploads\/2023\/09\/Slim-Booster_Nano-Licht-475x315.jpg 475w, https:\/\/shapeline.at\/wp-content\/uploads\/2023\/09\/Slim-Booster_Nano-Licht-480x318.jpg 480w\" sizes=\"auto, (max-width: 490px) 100vw, 490px\" \/>\t\t\t\t\t<\/div>\n\n\t\t\t\t\t\t<\/div>\n\t\t\t\t<\/div>\n\t\t\t\t\t<\/div>\n\t\t\t\t<\/div>\n\t\t\t\t\t<\/div>\n\t\t\t\t<\/div>\n\t\t\t\t<div class=\"elementor-element elementor-element-98bac44 wd-width-100 elementor-widget elementor-widget-wd_title\" data-id=\"98bac44\" data-element_type=\"widget\" data-e-type=\"widget\" data-widget_type=\"wd_title.default\">\n\t\t\t\t<div class=\"elementor-widget-container\">\n\t\t\t\t\t\t\t<div class=\"title-wrapper wd-set-mb reset-last-child wd-title-color-default wd-title-style-default wd-title-size-default text-center\">\n\n\t\t\t\n\t\t\t<div class=\"liner-continer\">\n\t\t\t\t<h4 class=\"woodmart-title-container title wd-fontsize-l\">Az eredm\u00e9nyek:<\/h4> \n\t\t\t\t\t\t\t<\/div>\n\n\t\t\t\t\t<\/div>\n\t\t\t\t\t\t<\/div>\n\t\t\t\t<\/div>\n\t\t\t\t<div class=\"elementor-element elementor-element-72a2f7f elementor-align-center elementor-icon-list--layout-traditional elementor-list-item-link-full_width elementor-widget elementor-widget-icon-list\" data-id=\"72a2f7f\" data-element_type=\"widget\" data-e-type=\"widget\" data-widget_type=\"icon-list.default\">\n\t\t\t\t<div class=\"elementor-widget-container\">\n\t\t\t\t\t\t\t<ul class=\"elementor-icon-list-items\">\n\t\t\t\t\t\t\t<li class=\"elementor-icon-list-item\">\n\t\t\t\t\t\t\t\t\t\t\t<span class=\"elementor-icon-list-icon\">\n\t\t\t\t\t\t\t<i aria-hidden=\"true\" class=\"fas fa-check\"><\/i>\t\t\t\t\t\t<\/span>\n\t\t\t\t\t\t\t\t\t\t<span class=\"elementor-icon-list-text\">A zs\u00edrlerak\u00f3d\u00e1sok elt\u00e1vol\u00edt\u00e1sa<\/span>\n\t\t\t\t\t\t\t\t\t<\/li>\n\t\t\t\t\t\t\t\t<li class=\"elementor-icon-list-item\">\n\t\t\t\t\t\t\t\t\t\t\t<span class=\"elementor-icon-list-icon\">\n\t\t\t\t\t\t\t<i aria-hidden=\"true\" class=\"fas fa-check\"><\/i>\t\t\t\t\t\t<\/span>\n\t\t\t\t\t\t\t\t\t\t<span class=\"elementor-icon-list-text\">A k\u00f6t\u0151sz\u00f6vet fesz\u00fcl\u00e9se <\/span>\n\t\t\t\t\t\t\t\t\t<\/li>\n\t\t\t\t\t\t\t\t<li class=\"elementor-icon-list-item\">\n\t\t\t\t\t\t\t\t\t\t\t<span class=\"elementor-icon-list-icon\">\n\t\t\t\t\t\t\t<i aria-hidden=\"true\" class=\"fas fa-check\"><\/i>\t\t\t\t\t\t<\/span>\n\t\t\t\t\t\t\t\t\t\t<span class=\"elementor-icon-list-text\">Hib\u00e1tlan alak<\/span>\n\t\t\t\t\t\t\t\t\t<\/li>\n\t\t\t\t\t\t<\/ul>\n\t\t\t\t\t\t<\/div>\n\t\t\t\t<\/div>\n\t\t\t\t<div class=\"elementor-element elementor-element-27df452 elementor-widget-divider--view-line elementor-widget elementor-widget-divider\" data-id=\"27df452\" data-element_type=\"widget\" data-e-type=\"widget\" data-widget_type=\"divider.default\">\n\t\t\t\t<div class=\"elementor-widget-container\">\n\t\t\t\t\t\t\t<div class=\"elementor-divider\">\n\t\t\t<span class=\"elementor-divider-separator\">\n\t\t\t\t\t\t<\/span>\n\t\t<\/div>\n\t\t\t\t\t\t<\/div>\n\t\t\t\t<\/div>\n\t\t\t\t\t<\/div>\n\t\t\t\t<\/div>\n\t\t<div class=\"elementor-element elementor-element-b3d4692 e-con-full e-flex e-con e-parent\" data-id=\"b3d4692\" data-element_type=\"container\" data-e-type=\"container\">\n\t\t<div class=\"wd-negative-gap elementor-element elementor-element-03335de e-flex e-con-boxed e-con e-child\" data-id=\"03335de\" data-element_type=\"container\" data-e-type=\"container\">\n\t\t\t\t\t<div class=\"e-con-inner\">\n\t\t<div class=\"wd-negative-gap elementor-element elementor-element-ae18c8d e-flex e-con-boxed e-con e-child\" data-id=\"ae18c8d\" data-element_type=\"container\" data-e-type=\"container\">\n\t\t\t\t\t<div class=\"e-con-inner\">\n\t\t\t\t<div class=\"elementor-element elementor-element-c4fd216 wd-width-100 elementor-widget elementor-widget-wd_title\" data-id=\"c4fd216\" data-element_type=\"widget\" data-e-type=\"widget\" data-widget_type=\"wd_title.default\">\n\t\t\t\t<div class=\"elementor-widget-container\">\n\t\t\t\t\t\t\t<div class=\"title-wrapper wd-set-mb reset-last-child wd-title-color-default wd-title-style-default wd-title-size-default text-center\">\n\n\t\t\t\n\t\t\t<div class=\"liner-continer\">\n\t\t\t\t<h4 class=\"woodmart-title-container title wd-fontsize-l\">Szak\u00e9rt\u0151i tipp az alak szak\u00e9rt\u0151inkt\u0151l<\/h4> \n\t\t\t\t\t\t\t<\/div>\n\n\t\t\t\t\t<\/div>\n\t\t\t\t\t\t<\/div>\n\t\t\t\t<\/div>\n\t\t\t\t<div class=\"elementor-element elementor-element-a34a21f elementor-widget elementor-widget-wd_text_block\" data-id=\"a34a21f\" data-element_type=\"widget\" data-e-type=\"widget\" data-widget_type=\"wd_text_block.default\">\n\t\t\t\t<div class=\"elementor-widget-container\">\n\t\t\t\t\t\t\t<div class=\"wd-text-block reset-last-child text-left\">\n\t\t\t\n\t\t\t<p style=\"text-align: center;\">A SLIM booster kezel\u00e9s hat\u00e9konys\u00e1ga a k\u00f6vetkez\u0151 kezel\u00e9sekkel kombin\u00e1lva <a href=\"https:\/\/shapeline.at\/hu\/program\/bodyshaping\/\">BodyShaping<\/a> elk\u00e9peszt\u0151<br \/>\u00e9s ezt egy 2013-as tanulm\u00e1ny is meger\u0151s\u00edtette.<br \/>M\u00e9g a h\u0151induk\u00e1l\u00f3 testkezel\u00e9sek, mint p\u00e9ld\u00e1ul a <a href=\"https:\/\/shapeline.at\/hu\/program\/bodyforming\/alga-peptidx\/\">Alga PeptideX pakol\u00e1s<\/a>, <a href=\"https:\/\/shapeline.at\/hu\/program\/bodyforming\/chilis-wrap\/\">Chili wrap<\/a> vagy <a href=\"https:\/\/shapeline.at\/hu\/program\/bodyforming\/olvasztoszalagok\/\">Olvad\u00f3 \u00f6vek<\/a><br \/>a szervezetet t\u00f6bb kal\u00f3ria elfogyaszt\u00e1s\u00e1ra \u00f6szt\u00f6nzik.<br \/>\u00d6n is el lesz ragadtatva az eredm\u00e9nyt\u0151l!<\/p>\n\t\t\t\t\t<\/div>\n\t\t\t\t\t\t<\/div>\n\t\t\t\t<\/div>\n\t\t\t\t\t<\/div>\n\t\t\t\t<\/div>\n\t\t\t\t\t<\/div>\n\t\t\t\t<\/div>\n\t\t\t\t<\/div>\n\t\t<div class=\"wd-negative-gap elementor-element elementor-element-4eb0306 e-flex e-con-boxed e-con e-parent\" data-id=\"4eb0306\" data-element_type=\"container\" data-e-type=\"container\">\n\t\t\t\t\t<div class=\"e-con-inner\">\n\t\t\t\t<div class=\"elementor-element elementor-element-f78c982 elementor-widget elementor-widget-wd_marquee\" data-id=\"f78c982\" data-element_type=\"widget\" data-e-type=\"widget\" data-widget_type=\"wd_marquee.default\">\n\t\t\t\t<div class=\"elementor-widget-container\">\n\t\t\t\t\t\t\t<div class=\"wd-marquee\">\n\t\t\t<div class=\"wd-marquee-content\">\n\t\t\t\t\t\t\t<span class=\"wd-marquee-item\">\n\t\t\t\t<i class=\"wd-icon far fa-grin-hearts\"><\/i>\n\t\t\t\t\t\t\t\t\tTesztelj most!\t\t\t\t\n\t\t\t\t\t\t\t<\/span>\n\t\t\t\t\t\t<\/div>\n\t\t\t<div class=\"wd-marquee-content\">\n\t\t\t\t\t\t\t<span class=\"wd-marquee-item\">\n\t\t\t\t<i class=\"wd-icon far fa-grin-hearts\"><\/i>\n\t\t\t\t\t\t\t\t\tTesztelj most!\t\t\t\t\n\t\t\t\t\t\t\t<\/span>\n\t\t\t\t\t\t<\/div>\n\t\t<\/div>\n\t\t\t\t\t\t<\/div>\n\t\t\t\t<\/div>\n\t\t\t\t<div class=\"elementor-element elementor-element-42806e2 elementor-widget elementor-widget-wd_text_block\" data-id=\"42806e2\" data-element_type=\"widget\" data-e-type=\"widget\" data-widget_type=\"wd_text_block.default\">\n\t\t\t\t<div class=\"elementor-widget-container\">\n\t\t\t\t\t\t\t<div class=\"wd-text-block reset-last-child text-left\">\n\t\t\t\n\t\t\t<p style=\"text-align: center;\">Szervezzen id\u0151pontot egy tesztel\u00e9sre most azonnal az egyik <a id=\"studio-ihrer-wahl-bodyshapen-inline\" href=\"https:\/\/shapeline.at\/hu\/studiok\/\">Az \u00d6n \u00e1ltal v\u00e1lasztott st\u00fadi\u00f3<\/a><br \/>Ingyenes alakelemz\u00e9st kap!<br \/>Egy\u00e9nileg adunk \u00d6nnek tan\u00e1csot, \u00e9s k\u00e9r\u00e9sre sz\u00edvesen \u00f6ssze\u00e1ll\u00edtunk egy szem\u00e9lyre szabott testform\u00e1l\u00f3 programot.<\/p>\n\t\t\t\t\t<\/div>\n\t\t\t\t\t\t<\/div>\n\t\t\t\t<\/div>\n\t\t\t\t\t<\/div>\n\t\t\t\t<\/div>\n\t\t<div class=\"wd-negative-gap elementor-element elementor-element-80c08e9 e-flex e-con-boxed e-con e-parent\" data-id=\"80c08e9\" data-element_type=\"container\" data-e-type=\"container\">\n\t\t\t\t\t<div class=\"e-con-inner\">\n\t\t\t\t<div class=\"elementor-element elementor-element-4815f6a elementor-widget elementor-widget-wd_social_buttons\" data-id=\"4815f6a\" data-element_type=\"widget\" data-e-type=\"widget\" data-widget_type=\"wd_social_buttons.default\">\n\t\t\t\t<div class=\"elementor-widget-container\">\n\t\t\t\t\t\t\t\t<div\n\t\t\t\t\t\tclass=\"wd-social-icons wd-style-colored wd-size-default social-share wd-shape-circle color-scheme-dark text-center\">\n\t\t\t\t\n\t\t\t\t\n\t\t\t\t\t\t\t\t\t<a rel=\"noopener noreferrer nofollow\" href=\"https:\/\/www.facebook.com\/sharer\/sharer.php?u=https:\/\/shapeline.at\/hu\/program\/bodyforming\/karcsu-erosito\/\" target=\"_blank\" class=\"wd-social-icon social-facebook\" aria-label=\"Facebook social link\">\n\t\t\t\t\t\t<span class=\"wd-icon\"><\/span>\n\t\t\t\t\t\t\t\t\t\t\t<\/a>\n\t\t\t\t\n\t\t\t\t\n\t\t\t\t\n\t\t\t\t\t\t\t\t\t<a rel=\"noopener noreferrer nofollow\" href=\"mailto:?subject=Check%20this%20https:\/\/shapeline.at\/hu\/program\/bodyforming\/karcsu-erosito\/\" target=\"_blank\" class=\"wd-social-icon social-email\" aria-label=\"Email social link\">\n\t\t\t\t\t\t<span class=\"wd-icon\"><\/span>\n\t\t\t\t\t\t\t\t\t\t\t<\/a>\n\t\t\t\t\n\t\t\t\t\n\t\t\t\t\n\t\t\t\t\n\t\t\t\t\n\t\t\t\t\n\t\t\t\t\n\t\t\t\t\n\t\t\t\t\n\t\t\t\t\n\t\t\t\t\n\t\t\t\t\n\t\t\t\t\n\t\t\t\t\n\t\t\t\t\n\t\t\t\t\t\t\t\t\t<a rel=\"noopener noreferrer nofollow\" href=\"https:\/\/api.whatsapp.com\/send?text=https%3A%2F%2Fshapeline.at%2Fhu%2Fprogram%2Fbodyforming%2Fkarcsu-erosito%2F\" target=\"_blank\" class=\"wd-hide-md wd-social-icon social-whatsapp\" aria-label=\"WhatsApp social link\">\n\t\t\t\t\t\t<span class=\"wd-icon\"><\/span>\n\t\t\t\t\t\t\t\t\t\t\t<\/a>\n\n\t\t\t\t\t<a rel=\"noopener noreferrer nofollow\" href=\"whatsapp:\/\/send?text=http:\/\/https%3A%2F%2Fshapeline.at%2Fhu%2Fprogram%2Fbodyforming%2Fkarcsu-erosito%2F\" target=\"_blank\" class=\"wd-hide-lg wd-social-icon social-whatsapp\" aria-label=\"WhatsApp social link\">\n\t\t\t\t\t\t<span class=\"wd-icon\"><\/span>\n\t\t\t\t\t\t\t\t\t\t\t<\/a>\n\t\t\t\t\n\t\t\t\t\n\t\t\t\t\n\t\t\t\t\n\t\t\t\t\n\t\t\t\t\n\t\t\t\t\t\t\t\t\t<a rel=\"noopener noreferrer nofollow\" href=\"https:\/\/telegram.me\/share\/url?url=https:\/\/shapeline.at\/hu\/program\/bodyforming\/karcsu-erosito\/\" target=\"_blank\" class=\"wd-social-icon social-tg\" aria-label=\"Telegram social link\">\n\t\t\t\t\t\t<span class=\"wd-icon\"><\/span>\n\t\t\t\t\t\t\t\t\t\t\t<\/a>\n\t\t\t\t\n\t\t\t\t\n\t\t\t<\/div>\n\n\t\t\t\t\t\t<\/div>\n\t\t\t\t<\/div>\n\t\t\t\t\t<\/div>\n\t\t\t\t<\/div>\n\t\t\t\t<\/div>","protected":false},"excerpt":{"rendered":"<p>Prec\u00edz alakform\u00e1l\u00e1s SLIM-BOOSTER Hogyan m\u0171k\u00f6dik a SLIM-Booster? A f\u00f3kusz\u00e1lt f\u00e9ny seg\u00edts\u00e9g\u00e9vel a felpuffadt zs\u00edrsejtek m\u00e9rete cs\u00f6kken, \u00edgy kerek, d\u00fas alakot kap.<\/p>","protected":false},"author":1,"featured_media":0,"parent":241928,"menu_order":0,"comment_status":"closed","ping_status":"closed","template":"","meta":{"footnotes":""},"class_list":["post-242438","page","type-page","status-publish","hentry"],"_links":{"self":[{"href":"https:\/\/shapeline.at\/hu\/wp-json\/wp\/v2\/pages\/242438","targetHints":{"allow":["GET"]}}],"collection":[{"href":"https:\/\/shapeline.at\/hu\/wp-json\/wp\/v2\/pages"}],"about":[{"href":"https:\/\/shapeline.at\/hu\/wp-json\/wp\/v2\/types\/page"}],"author":[{"embeddable":true,"href":"https:\/\/shapeline.at\/hu\/wp-json\/wp\/v2\/users\/1"}],"replies":[{"embeddable":true,"href":"https:\/\/shapeline.at\/hu\/wp-json\/wp\/v2\/comments?post=242438"}],"version-history":[{"count":10,"href":"https:\/\/shapeline.at\/hu\/wp-json\/wp\/v2\/pages\/242438\/revisions"}],"predecessor-version":[{"id":242448,"href":"https:\/\/shapeline.at\/hu\/wp-json\/wp\/v2\/pages\/242438\/revisions\/242448"}],"up":[{"embeddable":true,"href":"https:\/\/shapeline.at\/hu\/wp-json\/wp\/v2\/pages\/241928"}],"wp:attachment":[{"href":"https:\/\/shapeline.at\/hu\/wp-json\/wp\/v2\/media?parent=242438"}],"curies":[{"name":"wp","href":"https:\/\/api.w.org\/{rel}","templated":true}]}}