{"id":242458,"date":"2023-09-24T18:03:19","date_gmt":"2023-09-24T18:03:19","guid":{"rendered":"https:\/\/shop.devepu.apollo.wpspace.me\/?page_id=242458"},"modified":"2023-09-24T18:09:42","modified_gmt":"2023-09-24T18:09:42","slug":"meregtelenito-pakolas","status":"publish","type":"page","link":"https:\/\/shapeline.at\/hu\/program\/bodyforming\/meregtelenito-pakolas\/","title":{"rendered":"M\u00e9regtelen\u00edt\u0151 pakol\u00e1s"},"content":{"rendered":"<div data-elementor-type=\"wp-page\" data-elementor-id=\"242458\" class=\"elementor elementor-242458\" data-elementor-post-type=\"page\">\n\t\t\t\t<div class=\"wd-negative-gap elementor-element elementor-element-0f9b587 e-flex e-con-boxed e-con e-parent\" data-id=\"0f9b587\" data-element_type=\"container\" data-e-type=\"container\">\n\t\t\t\t\t<div class=\"e-con-inner\">\n\t\t\t\t<div class=\"elementor-element elementor-element-6ebdbec wd-width-100 elementor-widget elementor-widget-wd_title\" data-id=\"6ebdbec\" data-element_type=\"widget\" data-e-type=\"widget\" data-widget_type=\"wd_title.default\">\n\t\t\t\t<div class=\"elementor-widget-container\">\n\t\t\t\t\t\t\t<div class=\"title-wrapper wd-set-mb reset-last-child wd-title-color-default wd-title-style-default wd-title-size-default text-center\">\n\n\t\t\t\t\t\t\t\t\t\t\t<div class=\"title-subtitle subtitle-color-default subtitle-style-default wd-fontsize-xs\">\n\t\t\t\t\tM\u00e9regtelen\u00edt, feszes\u00edt \u00e9s revitaliz\u00e1l\t\t\t\t<\/div>\n\t\t\t\n\t\t\t<div class=\"liner-continer\">\n\t\t\t\t<h4 class=\"woodmart-title-container title wd-fontsize-l\">DETOX-WICKEL<\/h4> \n\t\t\t\t\t\t\t<\/div>\n\n\t\t\t\t\t<\/div>\n\t\t\t\t\t\t<\/div>\n\t\t\t\t<\/div>\n\t\t\t\t<div class=\"elementor-element elementor-element-c4b12a9 elementor-widget elementor-widget-wd_image_or_svg\" data-id=\"c4b12a9\" data-element_type=\"widget\" data-e-type=\"widget\" data-widget_type=\"wd_image_or_svg.default\">\n\t\t\t\t<div class=\"elementor-widget-container\">\n\t\t\t\t\t\n\t\t<div class=\"wd-image text-left\">\n\t\t\t\t\t\t\t\t<img loading=\"lazy\" decoding=\"async\" width=\"2500\" height=\"1477\" src=\"https:\/\/shapeline.at\/wp-content\/uploads\/2023\/09\/website-header-detox-desktop.jpg?wsr\" class=\"attachment-full size-full\" alt=\"\" srcset=\"https:\/\/shapeline.at\/wp-content\/uploads\/2023\/09\/website-header-detox-desktop.jpg 2500w, https:\/\/shapeline.at\/wp-content\/uploads\/2023\/09\/website-header-detox-desktop-400x236.jpg 400w, https:\/\/shapeline.at\/wp-content\/uploads\/2023\/09\/website-header-detox-desktop-1300x768.jpg 1300w, https:\/\/shapeline.at\/wp-content\/uploads\/2023\/09\/website-header-detox-desktop-768x454.jpg 768w, https:\/\/shapeline.at\/wp-content\/uploads\/2023\/09\/website-header-detox-desktop-1536x907.jpg 1536w, https:\/\/shapeline.at\/wp-content\/uploads\/2023\/09\/website-header-detox-desktop-2048x1210.jpg 2048w, https:\/\/shapeline.at\/wp-content\/uploads\/2023\/09\/website-header-detox-desktop-860x508.jpg 860w, https:\/\/shapeline.at\/wp-content\/uploads\/2023\/09\/website-header-detox-desktop-430x254.jpg 430w, https:\/\/shapeline.at\/wp-content\/uploads\/2023\/09\/website-header-detox-desktop-700x414.jpg 700w, https:\/\/shapeline.at\/wp-content\/uploads\/2023\/09\/website-header-detox-desktop-150x89.jpg 150w\" sizes=\"auto, (max-width: 2500px) 100vw, 2500px\" \/>\t\t\t\t\t<\/div>\n\n\t\t\t\t\t\t<\/div>\n\t\t\t\t<\/div>\n\t\t<div class=\"wd-negative-gap elementor-element elementor-element-6165178 e-flex e-con-boxed e-con e-child\" data-id=\"6165178\" data-element_type=\"container\" data-e-type=\"container\">\n\t\t\t\t\t<div class=\"e-con-inner\">\n\t\t\t\t<div class=\"elementor-element elementor-element-8b52d1e elementor-widget elementor-widget-wd_image_or_svg\" data-id=\"8b52d1e\" data-element_type=\"widget\" data-e-type=\"widget\" data-widget_type=\"wd_image_or_svg.default\">\n\t\t\t\t<div class=\"elementor-widget-container\">\n\t\t\t\t\t\n\t\t<div class=\"wd-image text-left\">\n\t\t\t\t\t\t\t\t<img loading=\"lazy\" decoding=\"async\" width=\"400\" height=\"460\" src=\"https:\/\/shapeline.at\/wp-content\/uploads\/2023\/09\/Detox-Wickel-400x460.png?wsr\" class=\"attachment-400x size-400x\" alt=\"M\u00e9regtelen\u00edt\u0151 pakol\u00e1s\" srcset=\"https:\/\/shapeline.at\/wp-content\/uploads\/2023\/09\/Detox-Wickel-400x460.png 400w, https:\/\/shapeline.at\/wp-content\/uploads\/2023\/09\/Detox-Wickel-261x300.png 261w, https:\/\/shapeline.at\/wp-content\/uploads\/2023\/09\/Detox-Wickel-430x494.png 430w, https:\/\/shapeline.at\/wp-content\/uploads\/2023\/09\/Detox-Wickel-150x172.png 150w, https:\/\/shapeline.at\/wp-content\/uploads\/2023\/09\/Detox-Wickel.png 475w\" sizes=\"auto, (max-width: 400px) 100vw, 400px\" \/>\t\t\t\t\t<\/div>\n\n\t\t\t\t\t\t<\/div>\n\t\t\t\t<\/div>\n\t\t<div class=\"wd-negative-gap elementor-element elementor-element-078b385 e-flex e-con-boxed e-con e-child\" data-id=\"078b385\" data-element_type=\"container\" data-e-type=\"container\">\n\t\t\t\t\t<div class=\"e-con-inner\">\n\t\t\t\t<div class=\"elementor-element elementor-element-7f31c92 wd-width-100 elementor-widget elementor-widget-wd_title\" data-id=\"7f31c92\" data-element_type=\"widget\" data-e-type=\"widget\" data-widget_type=\"wd_title.default\">\n\t\t\t\t<div class=\"elementor-widget-container\">\n\t\t\t\t\t\t\t<div class=\"title-wrapper wd-set-mb reset-last-child wd-title-color-default wd-title-style-default wd-title-size-default text-center\">\n\n\t\t\t\n\t\t\t<div class=\"liner-continer\">\n\t\t\t\t<h4 class=\"woodmart-title-container title wd-fontsize-l\">Hat\u00e1sm\u00f3d<\/h4> \n\t\t\t\t\t\t\t<\/div>\n\n\t\t\t\t\t<\/div>\n\t\t\t\t\t\t<\/div>\n\t\t\t\t<\/div>\n\t\t\t\t<div class=\"elementor-element elementor-element-29f5189 elementor-widget elementor-widget-wd_text_block\" data-id=\"29f5189\" data-element_type=\"widget\" data-e-type=\"widget\" data-widget_type=\"wd_text_block.default\">\n\t\t\t\t<div class=\"elementor-widget-container\">\n\t\t\t\t\t\t\t<div class=\"wd-text-block reset-last-child text-left\">\n\t\t\t\n\t\t\t<p style=\"text-align: center;\">Az \u00e9vekig tart\u00f3 t\u00falsavasod\u00e1s \u00e9s salakosod\u00e1s k\u00f6vetkezt\u00e9ben<br \/>a k\u00f6t\u0151sz\u00f6vet s\u0171r\u0171v\u00e9 \u00e9s megkem\u00e9nyedik.<br \/>A m\u00e9regtelen\u00edt\u0151 pakol\u00e1s azonnali enyh\u00fcl\u00e9st biztos\u00edt.<br \/>Ezzel a rendk\u00edv\u00fcl hat\u00e9kony k\u00f6tszeres pakol\u00e1ssal a holt tenger eddig nem ismert erej\u00e9t haszn\u00e1ljuk fel test\u00fcnk sav-b\u00e1zis egyens\u00faly\u00e1nak kiegyens\u00falyoz\u00e1s\u00e1ra.<\/p><p style=\"text-align: center;\">A l\u00fagos s\u00f3kever\u00e9k a b\u0151rt a szervezet seg\u00e9dves\u00e9j\u00e9v\u00e9 alak\u00edtja.<br \/>A nehezen lebonthat\u00f3 savakat, s\u00f3kat, s\u0151t a szervezetet tart\u00f3san m\u00e9rgez\u0151 \u00e9s terhel\u0151 neh\u00e9zf\u00e9meket is feloldja \u00e9s elt\u00e1vol\u00edtja a k\u00f6t\u0151sz\u00f6vetb\u0151l ez a tengeri s\u00f3, magn\u00e9zium-klorid \u00e9s kalcium-karbon\u00e1t er\u0151sen l\u00fagos (pH-\u00e9rt\u00e9k 9) kever\u00e9ke.<\/p>\n\t\t\t\t\t<\/div>\n\t\t\t\t\t\t<\/div>\n\t\t\t\t<\/div>\n\t\t\t\t<div class=\"elementor-element elementor-element-ffd1026 elementor-align-center elementor-icon-list--layout-traditional elementor-list-item-link-full_width elementor-widget elementor-widget-icon-list\" data-id=\"ffd1026\" data-element_type=\"widget\" data-e-type=\"widget\" data-widget_type=\"icon-list.default\">\n\t\t\t\t<div class=\"elementor-widget-container\">\n\t\t\t\t\t\t\t<ul class=\"elementor-icon-list-items\">\n\t\t\t\t\t\t\t<li class=\"elementor-icon-list-item\">\n\t\t\t\t\t\t\t\t\t\t\t<span class=\"elementor-icon-list-icon\">\n\t\t\t\t\t\t\t<i aria-hidden=\"true\" class=\"fas fa-check\"><\/i>\t\t\t\t\t\t<\/span>\n\t\t\t\t\t\t\t\t\t\t<span class=\"elementor-icon-list-text\">A zs\u00edrlerak\u00f3d\u00e1sok elt\u0171nnek, a f\u00e1radt, r\u00e1ncos sz\u00f6vetek feszess\u00e9 \u00e9s sim\u00e1v\u00e1 v\u00e1lnak.<\/span>\n\t\t\t\t\t\t\t\t\t<\/li>\n\t\t\t\t\t\t\t\t<li class=\"elementor-icon-list-item\">\n\t\t\t\t\t\t\t\t\t\t\t<span class=\"elementor-icon-list-icon\">\n\t\t\t\t\t\t\t<i aria-hidden=\"true\" class=\"fas fa-check\"><\/i>\t\t\t\t\t\t<\/span>\n\t\t\t\t\t\t\t\t\t\t<span class=\"elementor-icon-list-text\">M\u00e9rhet\u0151 centim\u00e9teres vesztes\u00e9g a ki\u00fcr\u00edtett v\u00edzvisszatart\u00e1s miatt<\/span>\n\t\t\t\t\t\t\t\t\t<\/li>\n\t\t\t\t\t\t\t\t<li class=\"elementor-icon-list-item\">\n\t\t\t\t\t\t\t\t\t\t\t<span class=\"elementor-icon-list-icon\">\n\t\t\t\t\t\t\t<i aria-hidden=\"true\" class=\"fas fa-check\"><\/i>\t\t\t\t\t\t<\/span>\n\t\t\t\t\t\t\t\t\t\t<span class=\"elementor-icon-list-text\">A savas sz\u00f6veteket pH-semleges m\u00f3don m\u00e9regtelen\u00edtik.<\/span>\n\t\t\t\t\t\t\t\t\t<\/li>\n\t\t\t\t\t\t\t\t<li class=\"elementor-icon-list-item\">\n\t\t\t\t\t\t\t\t\t\t\t<span class=\"elementor-icon-list-icon\">\n\t\t\t\t\t\t\t<i aria-hidden=\"true\" class=\"fas fa-check\"><\/i>\t\t\t\t\t\t<\/span>\n\t\t\t\t\t\t\t\t\t\t<span class=\"elementor-icon-list-text\">A lerak\u00f3dott neh\u00e9zf\u00e9mek lebomlanak<\/span>\n\t\t\t\t\t\t\t\t\t<\/li>\n\t\t\t\t\t\t\t\t<li class=\"elementor-icon-list-item\">\n\t\t\t\t\t\t\t\t\t\t\t<span class=\"elementor-icon-list-icon\">\n\t\t\t\t\t\t\t<i aria-hidden=\"true\" class=\"fas fa-check\"><\/i>\t\t\t\t\t\t<\/span>\n\t\t\t\t\t\t\t\t\t\t<span class=\"elementor-icon-list-text\">Az allergia k\u00f6nnyebb\u00e9 v\u00e1lik<\/span>\n\t\t\t\t\t\t\t\t\t<\/li>\n\t\t\t\t\t\t\t\t<li class=\"elementor-icon-list-item\">\n\t\t\t\t\t\t\t\t\t\t\t<span class=\"elementor-icon-list-icon\">\n\t\t\t\t\t\t\t<i aria-hidden=\"true\" class=\"fas fa-check\"><\/i>\t\t\t\t\t\t<\/span>\n\t\t\t\t\t\t\t\t\t\t<span class=\"elementor-icon-list-text\">a r\u00e1ncos, sz\u00e1raz b\u0151r (alacsony pH-\u00e9rt\u00e9k) rugalmas \u00e9s friss lesz.<\/span>\n\t\t\t\t\t\t\t\t\t<\/li>\n\t\t\t\t\t\t<\/ul>\n\t\t\t\t\t\t<\/div>\n\t\t\t\t<\/div>\n\t\t\t\t\t<\/div>\n\t\t\t\t<\/div>\n\t\t\t\t\t<\/div>\n\t\t\t\t<\/div>\n\t\t\t\t<div class=\"elementor-element elementor-element-27df452 elementor-widget-divider--view-line elementor-widget elementor-widget-divider\" data-id=\"27df452\" data-element_type=\"widget\" data-e-type=\"widget\" data-widget_type=\"divider.default\">\n\t\t\t\t<div class=\"elementor-widget-container\">\n\t\t\t\t\t\t\t<div class=\"elementor-divider\">\n\t\t\t<span class=\"elementor-divider-separator\">\n\t\t\t\t\t\t<\/span>\n\t\t<\/div>\n\t\t\t\t\t\t<\/div>\n\t\t\t\t<\/div>\n\t\t\t\t\t<\/div>\n\t\t\t\t<\/div>\n\t\t<div class=\"elementor-element elementor-element-b3d4692 e-con-full e-flex e-con e-parent\" data-id=\"b3d4692\" data-element_type=\"container\" data-e-type=\"container\">\n\t\t<div class=\"wd-negative-gap elementor-element elementor-element-03335de e-flex e-con-boxed e-con e-child\" data-id=\"03335de\" data-element_type=\"container\" data-e-type=\"container\">\n\t\t\t\t\t<div class=\"e-con-inner\">\n\t\t<div class=\"wd-negative-gap elementor-element elementor-element-ae18c8d e-flex e-con-boxed e-con e-child\" data-id=\"ae18c8d\" data-element_type=\"container\" data-e-type=\"container\">\n\t\t\t\t\t<div class=\"e-con-inner\">\n\t\t\t\t<div class=\"elementor-element elementor-element-c4fd216 wd-width-100 elementor-widget elementor-widget-wd_title\" data-id=\"c4fd216\" data-element_type=\"widget\" data-e-type=\"widget\" data-widget_type=\"wd_title.default\">\n\t\t\t\t<div class=\"elementor-widget-container\">\n\t\t\t\t\t\t\t<div class=\"title-wrapper wd-set-mb reset-last-child wd-title-color-default wd-title-style-default wd-title-size-default text-center\">\n\n\t\t\t\n\t\t\t<div class=\"liner-continer\">\n\t\t\t\t<h4 class=\"woodmart-title-container title wd-fontsize-l\">Szak\u00e9rt\u0151i tipp az alak szak\u00e9rt\u0151inkt\u0151l<\/h4> \n\t\t\t\t\t\t\t<\/div>\n\n\t\t\t\t\t<\/div>\n\t\t\t\t\t\t<\/div>\n\t\t\t\t<\/div>\n\t\t\t\t<div class=\"elementor-element elementor-element-a34a21f elementor-widget elementor-widget-wd_text_block\" data-id=\"a34a21f\" data-element_type=\"widget\" data-e-type=\"widget\" data-widget_type=\"wd_text_block.default\">\n\t\t\t\t<div class=\"elementor-widget-container\">\n\t\t\t\t\t\t\t<div class=\"wd-text-block reset-last-child text-left\">\n\t\t\t\n\t\t\t<p style=\"text-align: center;\">A m\u00e9regtelen\u00edt\u0151 pakol\u00e1s ide\u00e1lis bevezet\u0151 kezel\u00e9s b\u00e1rmely test\u00e1talak\u00edt\u00f3 programhoz.<br \/>Ak\u00e1r karcs\u00fas\u00edt\u00e1s, ak\u00e1r feszes\u00edt\u00e9s, ak\u00e1r cellulit elleni vagy zs\u00edrcs\u00f6kkent\u00e9s, az els\u0151 dolog, amit tenni kell, az a k\u00f6t\u0151sz\u00f6vetben l\u00e9v\u0151 t\u00falsavasod\u00e1s semleges\u00edt\u00e9se.<br \/>Amint a sz\u00f6vetek ism\u00e9t rugalmasak \u00e9s vezet\u0151k\u00e9pesek, ut\u00f3kezel\u00e9sk\u00e9nt a zs\u00edrcs\u00f6kkent\u0151 enzimtekercseket aj\u00e1nljuk,<br \/><a href=\"https:\/\/shapeline.at\/hu\/program\/bodyforming\/alga-peptidx\/\">Peptid X CELLU TER\u00c1PIA<\/a> mint cellulit gyilkos vagy <a href=\"https:\/\/shapeline.at\/hu\/program\/bodyforming\/hasmodellezes\/\">Hasi modellez\u00e9s<\/a> a puffadt gyomor ellen.<\/p>\n\t\t\t\t\t<\/div>\n\t\t\t\t\t\t<\/div>\n\t\t\t\t<\/div>\n\t\t\t\t\t<\/div>\n\t\t\t\t<\/div>\n\t\t\t\t\t<\/div>\n\t\t\t\t<\/div>\n\t\t\t\t<\/div>\n\t\t<div class=\"wd-negative-gap elementor-element elementor-element-4eb0306 e-flex e-con-boxed e-con e-parent\" data-id=\"4eb0306\" data-element_type=\"container\" data-e-type=\"container\">\n\t\t\t\t\t<div class=\"e-con-inner\">\n\t\t\t\t<div class=\"elementor-element elementor-element-f78c982 elementor-widget elementor-widget-wd_marquee\" data-id=\"f78c982\" data-element_type=\"widget\" data-e-type=\"widget\" data-widget_type=\"wd_marquee.default\">\n\t\t\t\t<div class=\"elementor-widget-container\">\n\t\t\t\t\t\t\t<div class=\"wd-marquee\">\n\t\t\t<div class=\"wd-marquee-content\">\n\t\t\t\t\t\t\t<span class=\"wd-marquee-item\">\n\t\t\t\t<i class=\"wd-icon far fa-grin-hearts\"><\/i>\n\t\t\t\t\t\t\t\t\tTesztelj most!\t\t\t\t\n\t\t\t\t\t\t\t<\/span>\n\t\t\t\t\t\t<\/div>\n\t\t\t<div class=\"wd-marquee-content\">\n\t\t\t\t\t\t\t<span class=\"wd-marquee-item\">\n\t\t\t\t<i class=\"wd-icon far fa-grin-hearts\"><\/i>\n\t\t\t\t\t\t\t\t\tTesztelj most!\t\t\t\t\n\t\t\t\t\t\t\t<\/span>\n\t\t\t\t\t\t<\/div>\n\t\t<\/div>\n\t\t\t\t\t\t<\/div>\n\t\t\t\t<\/div>\n\t\t\t\t<div class=\"elementor-element elementor-element-42806e2 elementor-widget elementor-widget-wd_text_block\" data-id=\"42806e2\" data-element_type=\"widget\" data-e-type=\"widget\" data-widget_type=\"wd_text_block.default\">\n\t\t\t\t<div class=\"elementor-widget-container\">\n\t\t\t\t\t\t\t<div class=\"wd-text-block reset-last-child text-left\">\n\t\t\t\n\t\t\t<p style=\"text-align: center;\">Szervezzen id\u0151pontot egy tesztel\u00e9sre most azonnal az egyik <a id=\"studio-ihrer-wahl-bodyshapen-inline\" href=\"https:\/\/shapeline.at\/hu\/studiok\/\">Az \u00d6n \u00e1ltal v\u00e1lasztott st\u00fadi\u00f3<\/a><br \/>Ingyenes alakelemz\u00e9st kap!<br \/>Egy\u00e9nileg adunk \u00d6nnek tan\u00e1csot, \u00e9s k\u00e9r\u00e9sre sz\u00edvesen \u00f6ssze\u00e1ll\u00edtunk egy szem\u00e9lyre szabott testform\u00e1l\u00f3 programot.<\/p>\n\t\t\t\t\t<\/div>\n\t\t\t\t\t\t<\/div>\n\t\t\t\t<\/div>\n\t\t\t\t\t<\/div>\n\t\t\t\t<\/div>\n\t\t<div class=\"wd-negative-gap elementor-element elementor-element-80c08e9 e-flex e-con-boxed e-con e-parent\" data-id=\"80c08e9\" data-element_type=\"container\" data-e-type=\"container\">\n\t\t\t\t\t<div class=\"e-con-inner\">\n\t\t\t\t<div class=\"elementor-element elementor-element-4815f6a elementor-widget elementor-widget-wd_social_buttons\" data-id=\"4815f6a\" data-element_type=\"widget\" data-e-type=\"widget\" data-widget_type=\"wd_social_buttons.default\">\n\t\t\t\t<div class=\"elementor-widget-container\">\n\t\t\t\t\t\t\t\t<div\n\t\t\t\t\t\tclass=\"wd-social-icons wd-style-colored wd-size-default social-share wd-shape-circle color-scheme-dark text-center\">\n\t\t\t\t\n\t\t\t\t\n\t\t\t\t\t\t\t\t\t<a rel=\"noopener noreferrer nofollow\" href=\"https:\/\/www.facebook.com\/sharer\/sharer.php?u=https:\/\/shapeline.at\/hu\/program\/bodyforming\/meregtelenito-pakolas\/\" target=\"_blank\" class=\"wd-social-icon social-facebook\" aria-label=\"Facebook social link\">\n\t\t\t\t\t\t<span class=\"wd-icon\"><\/span>\n\t\t\t\t\t\t\t\t\t\t\t<\/a>\n\t\t\t\t\n\t\t\t\t\n\t\t\t\t\n\t\t\t\t\t\t\t\t\t<a rel=\"noopener noreferrer nofollow\" href=\"mailto:?subject=Check%20this%20https:\/\/shapeline.at\/hu\/program\/bodyforming\/meregtelenito-pakolas\/\" target=\"_blank\" class=\"wd-social-icon social-email\" aria-label=\"Email social link\">\n\t\t\t\t\t\t<span class=\"wd-icon\"><\/span>\n\t\t\t\t\t\t\t\t\t\t\t<\/a>\n\t\t\t\t\n\t\t\t\t\n\t\t\t\t\n\t\t\t\t\n\t\t\t\t\n\t\t\t\t\n\t\t\t\t\n\t\t\t\t\n\t\t\t\t\n\t\t\t\t\n\t\t\t\t\n\t\t\t\t\n\t\t\t\t\n\t\t\t\t\n\t\t\t\t\n\t\t\t\t\t\t\t\t\t<a rel=\"noopener noreferrer nofollow\" href=\"https:\/\/api.whatsapp.com\/send?text=https%3A%2F%2Fshapeline.at%2Fhu%2Fprogram%2Fbodyforming%2Fmeregtelenito-pakolas%2F\" target=\"_blank\" class=\"wd-hide-md wd-social-icon social-whatsapp\" aria-label=\"WhatsApp social link\">\n\t\t\t\t\t\t<span class=\"wd-icon\"><\/span>\n\t\t\t\t\t\t\t\t\t\t\t<\/a>\n\n\t\t\t\t\t<a rel=\"noopener noreferrer nofollow\" href=\"whatsapp:\/\/send?text=http:\/\/https%3A%2F%2Fshapeline.at%2Fhu%2Fprogram%2Fbodyforming%2Fmeregtelenito-pakolas%2F\" target=\"_blank\" class=\"wd-hide-lg wd-social-icon social-whatsapp\" aria-label=\"WhatsApp social link\">\n\t\t\t\t\t\t<span class=\"wd-icon\"><\/span>\n\t\t\t\t\t\t\t\t\t\t\t<\/a>\n\t\t\t\t\n\t\t\t\t\n\t\t\t\t\n\t\t\t\t\n\t\t\t\t\n\t\t\t\t\n\t\t\t\t\t\t\t\t\t<a rel=\"noopener noreferrer nofollow\" href=\"https:\/\/telegram.me\/share\/url?url=https:\/\/shapeline.at\/hu\/program\/bodyforming\/meregtelenito-pakolas\/\" target=\"_blank\" class=\"wd-social-icon social-tg\" aria-label=\"Telegram social link\">\n\t\t\t\t\t\t<span class=\"wd-icon\"><\/span>\n\t\t\t\t\t\t\t\t\t\t\t<\/a>\n\t\t\t\t\n\t\t\t\t\n\t\t\t<\/div>\n\n\t\t\t\t\t\t<\/div>\n\t\t\t\t<\/div>\n\t\t\t\t\t<\/div>\n\t\t\t\t<\/div>\n\t\t\t\t<\/div>","protected":false},"excerpt":{"rendered":"<p>Entgiftet, festigt &amp; belebt DETOX-WICKEL Wirkungsweise Jahrelange \u00dcbers\u00e4uerung und Verschlackung machendas Bindegewebe dellig und verh\u00e4rtet.Der Detox-Wickel verschafft sofort Abhilfe.Mit diesem<\/p>","protected":false},"author":1,"featured_media":0,"parent":241928,"menu_order":0,"comment_status":"closed","ping_status":"closed","template":"","meta":{"footnotes":""},"class_list":["post-242458","page","type-page","status-publish","hentry"],"_links":{"self":[{"href":"https:\/\/shapeline.at\/hu\/wp-json\/wp\/v2\/pages\/242458","targetHints":{"allow":["GET"]}}],"collection":[{"href":"https:\/\/shapeline.at\/hu\/wp-json\/wp\/v2\/pages"}],"about":[{"href":"https:\/\/shapeline.at\/hu\/wp-json\/wp\/v2\/types\/page"}],"author":[{"embeddable":true,"href":"https:\/\/shapeline.at\/hu\/wp-json\/wp\/v2\/users\/1"}],"replies":[{"embeddable":true,"href":"https:\/\/shapeline.at\/hu\/wp-json\/wp\/v2\/comments?post=242458"}],"version-history":[{"count":4,"href":"https:\/\/shapeline.at\/hu\/wp-json\/wp\/v2\/pages\/242458\/revisions"}],"predecessor-version":[{"id":242464,"href":"https:\/\/shapeline.at\/hu\/wp-json\/wp\/v2\/pages\/242458\/revisions\/242464"}],"up":[{"embeddable":true,"href":"https:\/\/shapeline.at\/hu\/wp-json\/wp\/v2\/pages\/241928"}],"wp:attachment":[{"href":"https:\/\/shapeline.at\/hu\/wp-json\/wp\/v2\/media?parent=242458"}],"curies":[{"name":"wp","href":"https:\/\/api.w.org\/{rel}","templated":true}]}}