{"id":242465,"date":"2023-09-24T18:14:48","date_gmt":"2023-09-24T18:14:48","guid":{"rendered":"https:\/\/shop.devepu.apollo.wpspace.me\/?page_id=242465"},"modified":"2023-09-24T18:28:23","modified_gmt":"2023-09-24T18:28:23","slug":"kollagen-lifting","status":"publish","type":"page","link":"https:\/\/shapeline.at\/hu\/program\/bodyforming\/kollagen-lifting\/","title":{"rendered":"Kollag\u00e9n emel\u00e9s"},"content":{"rendered":"<div data-elementor-type=\"wp-page\" data-elementor-id=\"242465\" class=\"elementor elementor-242465\" data-elementor-post-type=\"page\">\n\t\t\t\t<div class=\"wd-negative-gap elementor-element elementor-element-0f9b587 e-flex e-con-boxed e-con e-parent\" data-id=\"0f9b587\" data-element_type=\"container\" data-e-type=\"container\">\n\t\t\t\t\t<div class=\"e-con-inner\">\n\t\t\t\t<div class=\"elementor-element elementor-element-6ebdbec wd-width-100 elementor-widget elementor-widget-wd_title\" data-id=\"6ebdbec\" data-element_type=\"widget\" data-e-type=\"widget\" data-widget_type=\"wd_title.default\">\n\t\t\t\t<div class=\"elementor-widget-container\">\n\t\t\t\t\t\t\t<div class=\"title-wrapper wd-set-mb reset-last-child wd-title-color-default wd-title-style-default wd-title-size-default text-center\">\n\n\t\t\t\t\t\t\t\t\t\t\t<div class=\"title-subtitle subtitle-color-default subtitle-style-default wd-fontsize-xs\">\n\t\t\t\t\tFeszes\u00edti a felesleges b\u0151rg\u00f6rb\u00e9ket \u00e9s megemeli a hasat \u00e9s a combokat\t\t\t\t<\/div>\n\t\t\t\n\t\t\t<div class=\"liner-continer\">\n\t\t\t\t<h4 class=\"woodmart-title-container title wd-fontsize-l\">KOLLAG\u00c9N LIFTING<\/h4> \n\t\t\t\t\t\t\t<\/div>\n\n\t\t\t\t\t\t\t<div class=\"title-after_title reset-last-child wd-fontsize-xs\">\n\t\t\t\t\t<p>A kollag\u00e9n, a szervezetben legnagyobb mennyis\u00e9gben el\u0151fordul\u00f3 feh\u00e9rje, a legfontosabb t\u00e9nyez\u0151 a sima sz\u00f6vetek \u00e9s a feszes b\u0151r fenntart\u00e1s\u00e1ban.<br \/>Azonban 10 \u00e9venk\u00e9nt a kollag\u00e9ntartalom kb. 7 %-tal cs\u00f6kken, az izomt\u00f6meg cs\u00f6kken, \u00e9s a napi kal\u00f3riafogyaszt\u00e1s is.<br \/>Apr\u00e1nk\u00e9nt r\u00e1ncok, megereszkedett g\u00f6dr\u00f6csk\u00e9k \u00e9s zs\u00edrcsom\u00f3k alakulnak ki a hason, a fen\u00e9ken \u00e9s a combokon.<\/p>\t\t\t\t<\/div>\n\t\t\t\t\t<\/div>\n\t\t\t\t\t\t<\/div>\n\t\t\t\t<\/div>\n\t\t<div class=\"wd-negative-gap elementor-element elementor-element-6165178 e-flex e-con-boxed e-con e-child\" data-id=\"6165178\" data-element_type=\"container\" data-e-type=\"container\">\n\t\t\t\t\t<div class=\"e-con-inner\">\n\t\t<div class=\"wd-negative-gap elementor-element elementor-element-078b385 e-flex e-con-boxed e-con e-child\" data-id=\"078b385\" data-element_type=\"container\" data-e-type=\"container\">\n\t\t\t\t\t<div class=\"e-con-inner\">\n\t\t\t\t<div class=\"elementor-element elementor-element-661e215 elementor-widget elementor-widget-wd_image_or_svg\" data-id=\"661e215\" data-element_type=\"widget\" data-e-type=\"widget\" data-widget_type=\"wd_image_or_svg.default\">\n\t\t\t\t<div class=\"elementor-widget-container\">\n\t\t\t\t\t\n\t\t<div class=\"wd-image text-left\">\n\t\t\t\t\t\t\t\t<img loading=\"lazy\" decoding=\"async\" width=\"1536\" height=\"1115\" src=\"https:\/\/shapeline.at\/wp-content\/uploads\/2023\/09\/shapeline-lifting-studie-abnehmen-1536x1115-1.jpg?wsr\" class=\"attachment-full size-full\" alt=\"\" srcset=\"https:\/\/shapeline.at\/wp-content\/uploads\/2023\/09\/shapeline-lifting-studie-abnehmen-1536x1115-1.jpg 1536w, https:\/\/shapeline.at\/wp-content\/uploads\/2023\/09\/shapeline-lifting-studie-abnehmen-1536x1115-1-400x290.jpg 400w, https:\/\/shapeline.at\/wp-content\/uploads\/2023\/09\/shapeline-lifting-studie-abnehmen-1536x1115-1-1102x800.jpg 1102w, https:\/\/shapeline.at\/wp-content\/uploads\/2023\/09\/shapeline-lifting-studie-abnehmen-1536x1115-1-768x558.jpg 768w, https:\/\/shapeline.at\/wp-content\/uploads\/2023\/09\/shapeline-lifting-studie-abnehmen-1536x1115-1-860x624.jpg 860w, https:\/\/shapeline.at\/wp-content\/uploads\/2023\/09\/shapeline-lifting-studie-abnehmen-1536x1115-1-430x312.jpg 430w, https:\/\/shapeline.at\/wp-content\/uploads\/2023\/09\/shapeline-lifting-studie-abnehmen-1536x1115-1-700x508.jpg 700w, https:\/\/shapeline.at\/wp-content\/uploads\/2023\/09\/shapeline-lifting-studie-abnehmen-1536x1115-1-150x109.jpg 150w\" sizes=\"auto, (max-width: 1536px) 100vw, 1536px\" \/>\t\t\t\t\t<\/div>\n\n\t\t\t\t\t\t<\/div>\n\t\t\t\t<\/div>\n\t\t\t\t\t<\/div>\n\t\t\t\t<\/div>\n\t\t<div class=\"wd-negative-gap elementor-element elementor-element-5088c5d e-flex e-con-boxed e-con e-child\" data-id=\"5088c5d\" data-element_type=\"container\" data-e-type=\"container\">\n\t\t\t\t\t<div class=\"e-con-inner\">\n\t\t\t\t<div class=\"elementor-element elementor-element-d843dcb wd-width-100 elementor-widget elementor-widget-wd_title\" data-id=\"d843dcb\" data-element_type=\"widget\" data-e-type=\"widget\" data-widget_type=\"wd_title.default\">\n\t\t\t\t<div class=\"elementor-widget-container\">\n\t\t\t\t\t\t\t<div class=\"title-wrapper wd-set-mb reset-last-child wd-title-color-default wd-title-style-default wd-title-size-default text-center\">\n\n\t\t\t\n\t\t\t<div class=\"liner-continer\">\n\t\t\t\t<h4 class=\"woodmart-title-container title wd-fontsize-l\">A forradalmi kollag\u00e9n lifting kezel\u00e9s a ritka II-es t\u00edpus\u00fa kollag\u00e9nt tartalmazza.   <\/h4> \n\t\t\t\t\t\t\t<\/div>\n\n\t\t\t\t\t<\/div>\n\t\t\t\t\t\t<\/div>\n\t\t\t\t<\/div>\n\t\t\t\t<div class=\"elementor-element elementor-element-58e82da elementor-widget elementor-widget-wd_text_block\" data-id=\"58e82da\" data-element_type=\"widget\" data-e-type=\"widget\" data-widget_type=\"wd_text_block.default\">\n\t\t\t\t<div class=\"elementor-widget-container\">\n\t\t\t\t\t\t\t<div class=\"wd-text-block reset-last-child text-left\">\n\t\t\t\n\t\t\t<p style=\"text-align: center;\">A szervezet saj\u00e1t kollag\u00e9ntermel\u00e9s\u00e9t a sz\u00f6vetekbe m\u00e9lyen bejuttatott kompresszi\u00f3kkal serkentj\u00fck. Leny\u0171g\u00f6z\u0151 b\u0151rfeszes\u00edt\u00e9s \u00e9s sz\u00f6vetsim\u00edt\u00e1s - tart\u00f3s hat\u00e1ssal!<\/p>\n\t\t\t\t\t<\/div>\n\t\t\t\t\t\t<\/div>\n\t\t\t\t<\/div>\n\t\t\t\t<div class=\"elementor-element elementor-element-8b8167c wd-width-100 elementor-widget elementor-widget-wd_title\" data-id=\"8b8167c\" data-element_type=\"widget\" data-e-type=\"widget\" data-widget_type=\"wd_title.default\">\n\t\t\t\t<div class=\"elementor-widget-container\">\n\t\t\t\t\t\t\t<div class=\"title-wrapper wd-set-mb reset-last-child wd-title-color-default wd-title-style-default wd-title-size-default text-center\">\n\n\t\t\t\n\t\t\t<div class=\"liner-continer\">\n\t\t\t\t<h4 class=\"woodmart-title-container title wd-fontsize-l\">Felt\u00e1mad\u00e1s gl\u00fckozamidok<br \/>\na jerik\u00f3i r\u00f3zs\u00e1b\u00f3l<br \/>\na cell\u00e1k energi\u00e1j\u00e1nak n\u00f6vel\u00e9se 170%-re<\/h4> \n\t\t\t\t\t\t\t<\/div>\n\n\t\t\t\t\t<\/div>\n\t\t\t\t\t\t<\/div>\n\t\t\t\t<\/div>\n\t\t\t\t<div class=\"elementor-element elementor-element-b426049 elementor-widget elementor-widget-wd_text_block\" data-id=\"b426049\" data-element_type=\"widget\" data-e-type=\"widget\" data-widget_type=\"wd_text_block.default\">\n\t\t\t\t<div class=\"elementor-widget-container\">\n\t\t\t\t\t\t\t<div class=\"wd-text-block reset-last-child text-left\">\n\t\t\t\n\t\t\t<p style=\"text-align: center;\">Ez a term\u00e9szetb\u0151l sz\u00e1rmaz\u00f3 szerves hat\u00f3anyag revitaliz\u00e1lja a k\u00f6t\u0151sz\u00f6vetet, \u00e9s megszabad\u00edtja azt a salakanyagokt\u00f3l \u00e9s zs\u00edrokt\u00f3l.<\/p>\n\t\t\t\t\t<\/div>\n\t\t\t\t\t\t<\/div>\n\t\t\t\t<\/div>\n\t\t\t\t\t<\/div>\n\t\t\t\t<\/div>\n\t\t\t\t\t<\/div>\n\t\t\t\t<\/div>\n\t\t<div class=\"wd-negative-gap elementor-element elementor-element-a9d2a7e e-flex e-con-boxed e-con e-child\" data-id=\"a9d2a7e\" data-element_type=\"container\" data-e-type=\"container\">\n\t\t\t\t\t<div class=\"e-con-inner\">\n\t\t<div class=\"wd-negative-gap elementor-element elementor-element-6487c62 e-flex e-con-boxed e-con e-child\" data-id=\"6487c62\" data-element_type=\"container\" data-e-type=\"container\">\n\t\t\t\t\t<div class=\"e-con-inner\">\n\t\t\t\t<div class=\"elementor-element elementor-element-ea8a624 elementor-widget elementor-widget-wd_image_or_svg\" data-id=\"ea8a624\" data-element_type=\"widget\" data-e-type=\"widget\" data-widget_type=\"wd_image_or_svg.default\">\n\t\t\t\t<div class=\"elementor-widget-container\">\n\t\t\t\t\t\n\t\t<div class=\"wd-image text-left\">\n\t\t\t\t\t\t\t\t<img loading=\"lazy\" decoding=\"async\" width=\"600\" height=\"600\" src=\"https:\/\/shapeline.at\/wp-content\/uploads\/2023\/09\/Kollagen-Lifting-2.jpg?wsr\" class=\"attachment-full size-full\" alt=\"\" srcset=\"https:\/\/shapeline.at\/wp-content\/uploads\/2023\/09\/Kollagen-Lifting-2.jpg 600w, https:\/\/shapeline.at\/wp-content\/uploads\/2023\/09\/Kollagen-Lifting-2-300x300.jpg 300w, https:\/\/shapeline.at\/wp-content\/uploads\/2023\/09\/Kollagen-Lifting-2-150x150.jpg 150w, https:\/\/shapeline.at\/wp-content\/uploads\/2023\/09\/Kollagen-Lifting-2-430x430.jpg 430w\" sizes=\"auto, (max-width: 600px) 100vw, 600px\" \/>\t\t\t\t\t<\/div>\n\n\t\t\t\t\t\t<\/div>\n\t\t\t\t<\/div>\n\t\t\t\t\t<\/div>\n\t\t\t\t<\/div>\n\t\t<div class=\"wd-negative-gap elementor-element elementor-element-bc9d5a6 e-flex e-con-boxed e-con e-child\" data-id=\"bc9d5a6\" data-element_type=\"container\" data-e-type=\"container\">\n\t\t\t\t\t<div class=\"e-con-inner\">\n\t\t\t\t<div class=\"elementor-element elementor-element-b05427c wd-width-100 elementor-widget elementor-widget-wd_title\" data-id=\"b05427c\" data-element_type=\"widget\" data-e-type=\"widget\" data-widget_type=\"wd_title.default\">\n\t\t\t\t<div class=\"elementor-widget-container\">\n\t\t\t\t\t\t\t<div class=\"title-wrapper wd-set-mb reset-last-child wd-title-color-default wd-title-style-default wd-title-size-default text-center\">\n\n\t\t\t\n\t\t\t<div class=\"liner-continer\">\n\t\t\t\t<h4 class=\"woodmart-title-container title wd-fontsize-l\">Metabolikus turb\u00f3 a k\u00f6t\u0151sz\u00f6vet sz\u00e1m\u00e1ra<\/h4> \n\t\t\t\t\t\t\t<\/div>\n\n\t\t\t\t\t<\/div>\n\t\t\t\t\t\t<\/div>\n\t\t\t\t<\/div>\n\t\t\t\t<div class=\"elementor-element elementor-element-5e628aa elementor-widget elementor-widget-wd_text_block\" data-id=\"5e628aa\" data-element_type=\"widget\" data-e-type=\"widget\" data-widget_type=\"wd_text_block.default\">\n\t\t\t\t<div class=\"elementor-widget-container\">\n\t\t\t\t\t\t\t<div class=\"wd-text-block reset-last-child text-left\">\n\t\t\t\n\t\t\t<p style=\"text-align: center;\">A felt\u00e1maszt\u00f3 gl\u00fckozamidok \u00e9s a k\u00f6t\u00e9sekben l\u00e9v\u0151 ritka TYPE II t\u00edpus\u00fa kollag\u00e9n t\u00e1pl\u00e1lj\u00e1k \u00e9s regener\u00e1lj\u00e1k a mitokondriumokat. Ezek azok a sejtkamr\u00e1k, amelyek a t\u00e1pl\u00e1l\u00e9kb\u00f3l sz\u00e1rmaz\u00f3 zs\u00edrokat \u00e9s cukrokat sejtenergi\u00e1v\u00e1 alak\u00edtj\u00e1k. A sejtenergi\u00e1t, az emberi test minden olyan folyamat\u00e1nak \u00fczemanyag\u00e1t, amely karcs\u00fan \u00e9s eg\u00e9szs\u00e9gesen tartja azt, az 170% n\u00f6veli a kollag\u00e9n emel\u00e9s sor\u00e1n!<br \/>A k\u00f6t\u0151sz\u00f6veti anyagcsere-turb\u00f3 feszes\u00edti a bosszant\u00f3 zs\u00edrtekercseket \u00e9s megtiszt\u00edtja a salakos k\u00f6t\u0151sz\u00f6vetet.<\/p>\n\t\t\t\t\t<\/div>\n\t\t\t\t\t\t<\/div>\n\t\t\t\t<\/div>\n\t\t\t\t<div class=\"elementor-element elementor-element-110557f wd-width-100 elementor-widget elementor-widget-wd_title\" data-id=\"110557f\" data-element_type=\"widget\" data-e-type=\"widget\" data-widget_type=\"wd_title.default\">\n\t\t\t\t<div class=\"elementor-widget-container\">\n\t\t\t\t\t\t\t<div class=\"title-wrapper wd-set-mb reset-last-child wd-title-color-default wd-title-style-default wd-title-size-default text-center\">\n\n\t\t\t\n\t\t\t<div class=\"liner-continer\">\n\t\t\t\t<h4 class=\"woodmart-title-container title wd-fontsize-l\">A szervezet saj\u00e1t test\u00e9nek stimul\u00e1l\u00e1sa<br \/>\nKollag\u00e9n szint\u00e9zis<\/h4> \n\t\t\t\t\t\t\t<\/div>\n\n\t\t\t\t\t<\/div>\n\t\t\t\t\t\t<\/div>\n\t\t\t\t<\/div>\n\t\t\t\t<div class=\"elementor-element elementor-element-b8d117e elementor-widget elementor-widget-wd_text_block\" data-id=\"b8d117e\" data-element_type=\"widget\" data-e-type=\"widget\" data-widget_type=\"wd_text_block.default\">\n\t\t\t\t<div class=\"elementor-widget-container\">\n\t\t\t\t\t\t\t<div class=\"wd-text-block reset-last-child text-left\">\n\t\t\t\n\t\t\t<p style=\"text-align: center;\">A kollag\u00e9nlifting kezel\u00e9s az els\u0151, amely sikeresen fokozza a szervezet saj\u00e1t kollag\u00e9ntermel\u00e9s\u00e9t, mivel a hat\u00f3anyag-koncentr\u00e1tum behatol a fibroplastokba, \u00e9s ott val\u00f3ban sziszt\u00e9m\u00e1s hat\u00e1st fejthet ki. A vad yamgy\u00f6k\u00e9rb\u0151l sz\u00e1rmaz\u00f3 \"diosgenin\" a fiatal progeszteron hormon termel\u00e9s\u00e9t is serkenti.<\/p>\n\t\t\t\t\t<\/div>\n\t\t\t\t\t\t<\/div>\n\t\t\t\t<\/div>\n\t\t\t\t\t<\/div>\n\t\t\t\t<\/div>\n\t\t\t\t\t<\/div>\n\t\t\t\t<\/div>\n\t\t<div class=\"wd-negative-gap elementor-element elementor-element-0b869be e-flex e-con-boxed e-con e-child\" data-id=\"0b869be\" data-element_type=\"container\" data-e-type=\"container\">\n\t\t\t\t\t<div class=\"e-con-inner\">\n\t\t<div class=\"wd-negative-gap elementor-element elementor-element-20a5ef2 e-flex e-con-boxed e-con e-child\" data-id=\"20a5ef2\" data-element_type=\"container\" data-e-type=\"container\">\n\t\t\t\t\t<div class=\"e-con-inner\">\n\t\t\t\t<div class=\"elementor-element elementor-element-6bcdfa8 elementor-widget elementor-widget-wd_image_or_svg\" data-id=\"6bcdfa8\" data-element_type=\"widget\" data-e-type=\"widget\" data-widget_type=\"wd_image_or_svg.default\">\n\t\t\t\t<div class=\"elementor-widget-container\">\n\t\t\t\t\t\n\t\t<div class=\"wd-image text-left\">\n\t\t\t\t\t\t\t\t<img loading=\"lazy\" decoding=\"async\" width=\"1024\" height=\"683\" src=\"https:\/\/shapeline.at\/wp-content\/uploads\/2023\/09\/Kollagen-Lifting-3.jpg?wsr\" class=\"attachment-full size-full\" alt=\"\" srcset=\"https:\/\/shapeline.at\/wp-content\/uploads\/2023\/09\/Kollagen-Lifting-3.jpg 1024w, https:\/\/shapeline.at\/wp-content\/uploads\/2023\/09\/Kollagen-Lifting-3-400x267.jpg 400w, https:\/\/shapeline.at\/wp-content\/uploads\/2023\/09\/Kollagen-Lifting-3-768x512.jpg 768w, https:\/\/shapeline.at\/wp-content\/uploads\/2023\/09\/Kollagen-Lifting-3-860x574.jpg 860w, https:\/\/shapeline.at\/wp-content\/uploads\/2023\/09\/Kollagen-Lifting-3-430x287.jpg 430w, https:\/\/shapeline.at\/wp-content\/uploads\/2023\/09\/Kollagen-Lifting-3-700x467.jpg 700w, https:\/\/shapeline.at\/wp-content\/uploads\/2023\/09\/Kollagen-Lifting-3-150x100.jpg 150w\" sizes=\"auto, (max-width: 1024px) 100vw, 1024px\" \/>\t\t\t\t\t<\/div>\n\n\t\t\t\t\t\t<\/div>\n\t\t\t\t<\/div>\n\t\t\t\t\t<\/div>\n\t\t\t\t<\/div>\n\t\t<div class=\"wd-negative-gap elementor-element elementor-element-1b830ea e-flex e-con-boxed e-con e-child\" data-id=\"1b830ea\" data-element_type=\"container\" data-e-type=\"container\">\n\t\t\t\t\t<div class=\"e-con-inner\">\n\t\t\t\t<div class=\"elementor-element elementor-element-0c3f370 wd-width-100 elementor-widget elementor-widget-wd_title\" data-id=\"0c3f370\" data-element_type=\"widget\" data-e-type=\"widget\" data-widget_type=\"wd_title.default\">\n\t\t\t\t<div class=\"elementor-widget-container\">\n\t\t\t\t\t\t\t<div class=\"title-wrapper wd-set-mb reset-last-child wd-title-color-default wd-title-style-default wd-title-size-default text-center\">\n\n\t\t\t\n\t\t\t<div class=\"liner-continer\">\n\t\t\t\t<h4 class=\"woodmart-title-container title wd-fontsize-l\">Fekv\u00e9s k\u00f6zben feszes<\/h4> \n\t\t\t\t\t\t\t<\/div>\n\n\t\t\t\t\t<\/div>\n\t\t\t\t\t\t<\/div>\n\t\t\t\t<\/div>\n\t\t\t\t<div class=\"elementor-element elementor-element-e4f2ffd elementor-widget elementor-widget-wd_text_block\" data-id=\"e4f2ffd\" data-element_type=\"widget\" data-e-type=\"widget\" data-widget_type=\"wd_text_block.default\">\n\t\t\t\t<div class=\"elementor-widget-container\">\n\t\t\t\t\t\t\t<div class=\"wd-text-block reset-last-child text-left\">\n\t\t\t\n\t\t\t<p style=\"text-align: center;\">A kollag\u00e9n hat\u00f3anyag a b\u0151r bels\u0151 f\u0171z\u0151je.<br \/>K\u00fcls\u0151leg kozmetikumk\u00e9nt alkalmazva feszes\u00edt\u0151 filmk\u00e9nt hat.<br \/>A k\u00f6t\u00e9lszer\u0171 szerkezet t\u00e1mogatja a k\u00f6t\u0151sz\u00f6vetet \u00e9s feszess\u00e9get ad neki, \u00edgy a b\u0151r fiatalos, sima \u00e9s feszes marad.<br \/>A nagy szil\u00e1rds\u00e1g\u00fa kollag\u00e9nrostok \u00fajj\u00e1\u00e9p\u00fclnek, \u00e9s biztos\u00edtj\u00e1k a rugalmass\u00e1got \u00e9s a rugalmass\u00e1got.<br \/>A ritka II-es t\u00edpus\u00fa kollag\u00e9nnel \u00e1titatott pamutk\u00f6t\u00e9st szorosan a megereszkedett ter\u00fcletek k\u00f6r\u00e9 tekerik.<br \/>A molekul\u00e1k m\u00e9lyen behatolnak a b\u0151r legm\u00e9lyebb r\u00e9tegeibe \u00e9s azonnali feszes\u00edt\u0151 hat\u00e1st biztos\u00edtanak!<\/p>\n\t\t\t\t\t<\/div>\n\t\t\t\t\t\t<\/div>\n\t\t\t\t<\/div>\n\t\t\t\t\t<\/div>\n\t\t\t\t<\/div>\n\t\t\t\t\t<\/div>\n\t\t\t\t<\/div>\n\t\t\t\t<div class=\"elementor-element elementor-element-27df452 elementor-widget-divider--view-line elementor-widget elementor-widget-divider\" data-id=\"27df452\" data-element_type=\"widget\" data-e-type=\"widget\" data-widget_type=\"divider.default\">\n\t\t\t\t<div class=\"elementor-widget-container\">\n\t\t\t\t\t\t\t<div class=\"elementor-divider\">\n\t\t\t<span class=\"elementor-divider-separator\">\n\t\t\t\t\t\t<\/span>\n\t\t<\/div>\n\t\t\t\t\t\t<\/div>\n\t\t\t\t<\/div>\n\t\t\t\t\t<\/div>\n\t\t\t\t<\/div>\n\t\t<div class=\"elementor-element elementor-element-b3d4692 e-con-full e-flex e-con e-parent\" data-id=\"b3d4692\" data-element_type=\"container\" data-e-type=\"container\">\n\t\t<div class=\"wd-negative-gap elementor-element elementor-element-03335de e-flex e-con-boxed e-con e-child\" data-id=\"03335de\" data-element_type=\"container\" data-e-type=\"container\">\n\t\t\t\t\t<div class=\"e-con-inner\">\n\t\t<div class=\"wd-negative-gap elementor-element elementor-element-ae18c8d e-flex e-con-boxed e-con e-child\" data-id=\"ae18c8d\" data-element_type=\"container\" data-e-type=\"container\">\n\t\t\t\t\t<div class=\"e-con-inner\">\n\t\t\t\t<div class=\"elementor-element elementor-element-c4fd216 wd-width-100 elementor-widget elementor-widget-wd_title\" data-id=\"c4fd216\" data-element_type=\"widget\" data-e-type=\"widget\" data-widget_type=\"wd_title.default\">\n\t\t\t\t<div class=\"elementor-widget-container\">\n\t\t\t\t\t\t\t<div class=\"title-wrapper wd-set-mb reset-last-child wd-title-color-default wd-title-style-default wd-title-size-default text-center\">\n\n\t\t\t\n\t\t\t<div class=\"liner-continer\">\n\t\t\t\t<h4 class=\"woodmart-title-container title wd-fontsize-l\">Szak\u00e9rt\u0151i tipp az alak szak\u00e9rt\u0151inkt\u0151l<\/h4> \n\t\t\t\t\t\t\t<\/div>\n\n\t\t\t\t\t<\/div>\n\t\t\t\t\t\t<\/div>\n\t\t\t\t<\/div>\n\t\t\t\t<div class=\"elementor-element elementor-element-a34a21f elementor-widget elementor-widget-wd_text_block\" data-id=\"a34a21f\" data-element_type=\"widget\" data-e-type=\"widget\" data-widget_type=\"wd_text_block.default\">\n\t\t\t\t<div class=\"elementor-widget-container\">\n\t\t\t\t\t\t\t<div class=\"wd-text-block reset-last-child text-left\">\n\t\t\t\n\t\t\t<p style=\"text-align: center;\"><strong>A szervezet saj\u00e1t kollag\u00e9nszint\u00e9zis\u00e9t is serkenti:<\/strong><br \/><strong>10 NAPOS COLLAGE K\u00daR\u00c1S <a href=\"https:\/\/shapeline.at\/hu\/termek-2\/dieta-shake-termeszet\/\">Di\u00e9ta Nature Shake<\/a> \u00e9s <\/strong><a href=\"https:\/\/shapeline.at\/hu\/termek-2\/dietas-matricak\/\"><strong>Di\u00e9t\u00e1s matric\u00e1k<\/strong> <\/a><\/p>\n\t\t\t\t\t<\/div>\n\t\t\t\t\t\t<\/div>\n\t\t\t\t<\/div>\n\t\t\t\t\t<\/div>\n\t\t\t\t<\/div>\n\t\t\t\t\t<\/div>\n\t\t\t\t<\/div>\n\t\t\t\t<\/div>\n\t\t<div class=\"wd-negative-gap elementor-element elementor-element-4eb0306 e-flex e-con-boxed e-con e-parent\" data-id=\"4eb0306\" data-element_type=\"container\" data-e-type=\"container\">\n\t\t\t\t\t<div class=\"e-con-inner\">\n\t\t\t\t<div class=\"elementor-element elementor-element-f78c982 elementor-widget elementor-widget-wd_marquee\" data-id=\"f78c982\" data-element_type=\"widget\" data-e-type=\"widget\" data-widget_type=\"wd_marquee.default\">\n\t\t\t\t<div class=\"elementor-widget-container\">\n\t\t\t\t\t\t\t<div class=\"wd-marquee\">\n\t\t\t<div class=\"wd-marquee-content\">\n\t\t\t\t\t\t\t<span class=\"wd-marquee-item\">\n\t\t\t\t<i class=\"wd-icon far fa-grin-hearts\"><\/i>\n\t\t\t\t\t\t\t\t\tTesztelj most!\t\t\t\t\n\t\t\t\t\t\t\t<\/span>\n\t\t\t\t\t\t<\/div>\n\t\t\t<div class=\"wd-marquee-content\">\n\t\t\t\t\t\t\t<span class=\"wd-marquee-item\">\n\t\t\t\t<i class=\"wd-icon far fa-grin-hearts\"><\/i>\n\t\t\t\t\t\t\t\t\tTesztelj most!\t\t\t\t\n\t\t\t\t\t\t\t<\/span>\n\t\t\t\t\t\t<\/div>\n\t\t<\/div>\n\t\t\t\t\t\t<\/div>\n\t\t\t\t<\/div>\n\t\t\t\t<div class=\"elementor-element elementor-element-42806e2 elementor-widget elementor-widget-wd_text_block\" data-id=\"42806e2\" data-element_type=\"widget\" data-e-type=\"widget\" data-widget_type=\"wd_text_block.default\">\n\t\t\t\t<div class=\"elementor-widget-container\">\n\t\t\t\t\t\t\t<div class=\"wd-text-block reset-last-child text-left\">\n\t\t\t\n\t\t\t<p style=\"text-align: center;\">Szervezzen id\u0151pontot egy tesztel\u00e9sre most azonnal az egyik <a id=\"studio-ihrer-wahl-bodyshapen-inline\" href=\"https:\/\/shapeline.at\/hu\/studiok\/\">Az \u00d6n \u00e1ltal v\u00e1lasztott st\u00fadi\u00f3<\/a><br \/>Ingyenes alakelemz\u00e9st kap!<br \/>Egy\u00e9nileg adunk \u00d6nnek tan\u00e1csot, \u00e9s k\u00e9r\u00e9sre sz\u00edvesen \u00f6ssze\u00e1ll\u00edtunk egy szem\u00e9lyre szabott testform\u00e1l\u00f3 programot.<\/p>\n\t\t\t\t\t<\/div>\n\t\t\t\t\t\t<\/div>\n\t\t\t\t<\/div>\n\t\t\t\t\t<\/div>\n\t\t\t\t<\/div>\n\t\t<div class=\"wd-negative-gap elementor-element elementor-element-80c08e9 e-flex e-con-boxed e-con e-parent\" data-id=\"80c08e9\" data-element_type=\"container\" data-e-type=\"container\">\n\t\t\t\t\t<div class=\"e-con-inner\">\n\t\t\t\t<div class=\"elementor-element elementor-element-4815f6a elementor-widget elementor-widget-wd_social_buttons\" data-id=\"4815f6a\" data-element_type=\"widget\" data-e-type=\"widget\" data-widget_type=\"wd_social_buttons.default\">\n\t\t\t\t<div class=\"elementor-widget-container\">\n\t\t\t\t\t\t\t\t<div\n\t\t\t\t\t\tclass=\"wd-social-icons wd-style-colored wd-size-default social-share wd-shape-circle color-scheme-dark text-center\">\n\t\t\t\t\n\t\t\t\t\n\t\t\t\t\t\t\t\t\t<a rel=\"noopener noreferrer nofollow\" href=\"https:\/\/www.facebook.com\/sharer\/sharer.php?u=https:\/\/shapeline.at\/hu\/program\/bodyforming\/kollagen-lifting\/\" target=\"_blank\" class=\"wd-social-icon social-facebook\" aria-label=\"Facebook social link\">\n\t\t\t\t\t\t<span class=\"wd-icon\"><\/span>\n\t\t\t\t\t\t\t\t\t\t\t<\/a>\n\t\t\t\t\n\t\t\t\t\n\t\t\t\t\n\t\t\t\t\t\t\t\t\t<a rel=\"noopener noreferrer nofollow\" href=\"mailto:?subject=Check%20this%20https:\/\/shapeline.at\/hu\/program\/bodyforming\/kollagen-lifting\/\" target=\"_blank\" class=\"wd-social-icon social-email\" aria-label=\"Email social link\">\n\t\t\t\t\t\t<span class=\"wd-icon\"><\/span>\n\t\t\t\t\t\t\t\t\t\t\t<\/a>\n\t\t\t\t\n\t\t\t\t\n\t\t\t\t\n\t\t\t\t\n\t\t\t\t\n\t\t\t\t\n\t\t\t\t\n\t\t\t\t\n\t\t\t\t\n\t\t\t\t\n\t\t\t\t\n\t\t\t\t\n\t\t\t\t\n\t\t\t\t\n\t\t\t\t\n\t\t\t\t\t\t\t\t\t<a rel=\"noopener noreferrer nofollow\" href=\"https:\/\/api.whatsapp.com\/send?text=https%3A%2F%2Fshapeline.at%2Fhu%2Fprogram%2Fbodyforming%2Fkollagen-lifting%2F\" target=\"_blank\" class=\"wd-hide-md wd-social-icon social-whatsapp\" aria-label=\"WhatsApp social link\">\n\t\t\t\t\t\t<span class=\"wd-icon\"><\/span>\n\t\t\t\t\t\t\t\t\t\t\t<\/a>\n\n\t\t\t\t\t<a rel=\"noopener noreferrer nofollow\" href=\"whatsapp:\/\/send?text=http:\/\/https%3A%2F%2Fshapeline.at%2Fhu%2Fprogram%2Fbodyforming%2Fkollagen-lifting%2F\" target=\"_blank\" class=\"wd-hide-lg wd-social-icon social-whatsapp\" aria-label=\"WhatsApp social link\">\n\t\t\t\t\t\t<span class=\"wd-icon\"><\/span>\n\t\t\t\t\t\t\t\t\t\t\t<\/a>\n\t\t\t\t\n\t\t\t\t\n\t\t\t\t\n\t\t\t\t\n\t\t\t\t\n\t\t\t\t\n\t\t\t\t\t\t\t\t\t<a rel=\"noopener noreferrer nofollow\" href=\"https:\/\/telegram.me\/share\/url?url=https:\/\/shapeline.at\/hu\/program\/bodyforming\/kollagen-lifting\/\" target=\"_blank\" class=\"wd-social-icon social-tg\" aria-label=\"Telegram social link\">\n\t\t\t\t\t\t<span class=\"wd-icon\"><\/span>\n\t\t\t\t\t\t\t\t\t\t\t<\/a>\n\t\t\t\t\n\t\t\t\t\n\t\t\t<\/div>\n\n\t\t\t\t\t\t<\/div>\n\t\t\t\t<\/div>\n\t\t\t\t\t<\/div>\n\t\t\t\t<\/div>\n\t\t\t\t<\/div>","protected":false},"excerpt":{"rendered":"<p>Strafft \u00fcberfl\u00fcssige Hautr\u00f6llchen und liftet Bauch &amp; Oberschenkel KOLLAGEN-LIFTING Kollagen, das h\u00e4ufigste Protein im K\u00f6rper, ist der wichtigste Faktor zum<\/p>","protected":false},"author":1,"featured_media":0,"parent":241928,"menu_order":0,"comment_status":"closed","ping_status":"closed","template":"","meta":{"footnotes":""},"class_list":["post-242465","page","type-page","status-publish","hentry"],"_links":{"self":[{"href":"https:\/\/shapeline.at\/hu\/wp-json\/wp\/v2\/pages\/242465","targetHints":{"allow":["GET"]}}],"collection":[{"href":"https:\/\/shapeline.at\/hu\/wp-json\/wp\/v2\/pages"}],"about":[{"href":"https:\/\/shapeline.at\/hu\/wp-json\/wp\/v2\/types\/page"}],"author":[{"embeddable":true,"href":"https:\/\/shapeline.at\/hu\/wp-json\/wp\/v2\/users\/1"}],"replies":[{"embeddable":true,"href":"https:\/\/shapeline.at\/hu\/wp-json\/wp\/v2\/comments?post=242465"}],"version-history":[{"count":4,"href":"https:\/\/shapeline.at\/hu\/wp-json\/wp\/v2\/pages\/242465\/revisions"}],"predecessor-version":[{"id":242472,"href":"https:\/\/shapeline.at\/hu\/wp-json\/wp\/v2\/pages\/242465\/revisions\/242472"}],"up":[{"embeddable":true,"href":"https:\/\/shapeline.at\/hu\/wp-json\/wp\/v2\/pages\/241928"}],"wp:attachment":[{"href":"https:\/\/shapeline.at\/hu\/wp-json\/wp\/v2\/media?parent=242465"}],"curies":[{"name":"wp","href":"https:\/\/api.w.org\/{rel}","templated":true}]}}