{"id":259703,"date":"2024-05-03T19:06:59","date_gmt":"2024-05-03T18:06:59","guid":{"rendered":"https:\/\/shapeline.at\/?page_id=259703"},"modified":"2024-05-03T19:08:29","modified_gmt":"2024-05-03T18:08:29","slug":"probaoktatas","status":"publish","type":"page","link":"https:\/\/shapeline.at\/hu\/probaoktatas\/","title":{"rendered":"Trial k\u00e9pz\u00e9s"},"content":{"rendered":"<div data-elementor-type=\"wp-page\" data-elementor-id=\"259703\" class=\"elementor elementor-259703\" data-elementor-post-type=\"page\">\n\t\t\t\t<div class=\"wd-negative-gap elementor-element elementor-element-86bd553 e-flex e-con-boxed e-con e-parent\" data-id=\"86bd553\" data-element_type=\"container\" data-e-type=\"container\">\n\t\t\t\t\t<div class=\"e-con-inner\">\n\t\t\t\t<div class=\"elementor-element elementor-element-505d82a wd-width-100 elementor-widget elementor-widget-wd_title\" data-id=\"505d82a\" data-element_type=\"widget\" data-e-type=\"widget\" data-widget_type=\"wd_title.default\">\n\t\t\t\t<div class=\"elementor-widget-container\">\n\t\t\t\t\t\t\t<div class=\"title-wrapper wd-set-mb reset-last-child wd-title-color-default wd-title-style-default wd-title-size-default text-center\">\n\n\t\t\t\t\t\t\t\t\t\t\t<div class=\"title-subtitle subtitle-color-default subtitle-style-default wd-fontsize-xs\">\n\t\t\t\t\tJ\u00f6jj\u00f6n el egy \u00d6nh\u00f6z k\u00f6zeli Shape-Line st\u00fadi\u00f3ba, \u00e9s ismerjen meg minket.\t\t\t\t<\/div>\n\t\t\t\n\t\t\t<div class=\"liner-continer\">\n\t\t\t\t<h4 class=\"woodmart-title-container title wd-fontsize-l\">Foglalja le INGYENES pr\u00f3ba tr\u00e9ningj\u00e9t most<\/h4> \n\t\t\t\t\t\t\t<\/div>\n\n\t\t\t\t\t\t\t<div class=\"title-after_title reset-last-child wd-fontsize-xs\">\n\t\t\t\t\t<p>Az ingyenes pr\u00f3baedz\u00e9s sor\u00e1n ingyenes alakelemz\u00e9st kap.<br \/>K\u00f6telezetts\u00e9g n\u00e9lk\u00fcl \u00f6ssze\u00e1ll\u00edtunk egy, az \u00d6n testalkat\u00e1ra szabott egy\u00e9ni programot.<br \/>M\u00e1r nagyon v\u00e1rjuk \u00d6nt!<\/p>\t\t\t\t<\/div>\n\t\t\t\t\t<\/div>\n\t\t\t\t\t\t<\/div>\n\t\t\t\t<\/div>\n\t\t\t\t<div class=\"elementor-element elementor-element-c506827 elementor-widget elementor-widget-shortcode\" data-id=\"c506827\" data-element_type=\"widget\" data-e-type=\"widget\" data-widget_type=\"shortcode.default\">\n\t\t\t\t<div class=\"elementor-widget-container\">\n\t\t\t\t\t\t\t<div class=\"elementor-shortcode\">\n<div class=\"wpcf7 no-js\" id=\"wpcf7-f36214-o1\" lang=\"en-US\" dir=\"ltr\" data-wpcf7-id=\"36214\">\n<div class=\"screen-reader-response\"><p role=\"status\" aria-live=\"polite\" aria-atomic=\"true\"><\/p> <ul><\/ul><\/div>\n<form action=\"\/hu\/wp-json\/wp\/v2\/pages\/259703#wpcf7-f36214-o1\" method=\"post\" class=\"wpcf7-form init\" aria-label=\"Contact form\" novalidate=\"novalidate\" data-status=\"init\" data-trp-original-action=\"\/hu\/wp-json\/wp\/v2\/pages\/259703#wpcf7-f36214-o1\">\n<fieldset class=\"hidden-fields-container\"><input type=\"hidden\" name=\"_wpcf7\" value=\"36214\" \/><input type=\"hidden\" name=\"_wpcf7_version\" value=\"6.1.5\" \/><input type=\"hidden\" name=\"_wpcf7_locale\" value=\"en_US\" \/><input type=\"hidden\" name=\"_wpcf7_unit_tag\" value=\"wpcf7-f36214-o1\" \/><input type=\"hidden\" name=\"_wpcf7_container_post\" value=\"0\" \/><input type=\"hidden\" name=\"_wpcf7_posted_data_hash\" value=\"\" \/><input type=\"hidden\" name=\"_wpcf7_recaptcha_response\" value=\"\" \/>\n<\/fieldset>\n<div id=\"responsive-form\" class=\"clearfix\">\n\t<div class=\"column-full\">\n\t\t<p><span class=\"wpcf7-form-control-wrap\" data-name=\"studio-recipient\"><select class=\"wpcf7-form-control wpcf7-select wpcf7-validates-as-required\" aria-required=\"true\" aria-invalid=\"false\" name=\"studio-recipient\"><option value=\"\">V\u00e1lassza ki kedvenc st\u00fadi\u00f3j\u00e1t<\/option><option value=\"1030 Wien\">1030 B\u00e9cs<\/option><option value=\"1100 Wien\">1100 B\u00e9cs<\/option><option value=\"1130 Wien\">1130 B\u00e9cs<\/option><option value=\"1140 Wien\">1140 B\u00e9cs<\/option><option value=\"1180 Wien\">1180 B\u00e9cs<\/option><option value=\"1190 Wien\">1190 B\u00e9cs<\/option><option value=\"1220 Wien\">1220 B\u00e9cs<\/option><option value=\"1230 Wien\">1230 B\u00e9cs<\/option><option value=\"2100 Korneuburg\">2100 Korneuburg<\/option><option value=\"2301 Gro\u00df-Enzersdorf\">2301 Gro\u00df-Enzersdorf<\/option><option value=\"2320 Schwechat\">2320 Schwechat<\/option><option value=\"2340 M\u00f6dling\">2340 M\u00f6dling<\/option><option value=\"2500 Baden\">2500 Baden<\/option><option value=\"2700 Wr. Neustadt\">2700 Wr. Neustadt<\/option><option value=\"3100 St. P\u00f6lten\">3100 St. P\u00f6lten<\/option><option value=\"3710 Ziersdorf\">3710 Ziersdorf<\/option><option value=\"7000 Eisenstadt\">7000 Eisenstadt<\/option><\/select><\/span>\n\t\t<\/p>\n\t<\/div>\n\t<div class=\"column-half\">\n\t\t<p><span class=\"wpcf7-form-control-wrap\" data-name=\"Vorname\"><input size=\"40\" maxlength=\"400\" class=\"wpcf7-form-control wpcf7-text wpcf7-validates-as-required\" aria-required=\"true\" aria-invalid=\"false\" placeholder=\"Keresztn\u00e9v\" value=\"\" type=\"text\" name=\"Vorname\" \/><\/span>\n\t\t<\/p>\n\t<\/div>\n\t<div class=\"column-half\">\n\t\t<p><span class=\"wpcf7-form-control-wrap\" data-name=\"Nachname\"><input size=\"40\" maxlength=\"400\" class=\"wpcf7-form-control wpcf7-text wpcf7-validates-as-required\" aria-required=\"true\" aria-invalid=\"false\" placeholder=\"Vezet\u00e9kn\u00e9v\" value=\"\" type=\"text\" name=\"Nachname\" \/><\/span>\n\t\t<\/p>\n\t<\/div>\n\t<div class=\"column-half\">\n\t\t<p><span class=\"wpcf7-form-control-wrap\" data-name=\"number-904\"><input class=\"wpcf7-form-control wpcf7-number wpcf7-validates-as-required wpcf7-validates-as-number\" aria-required=\"true\" aria-invalid=\"false\" placeholder=\"Telefonsz\u00e1m\" value=\"\" type=\"number\" name=\"number-904\" \/><\/span>\n\t\t<\/p>\n\t<\/div>\n\t<div class=\"column-half\">\n\t\t<p><span class=\"wpcf7-form-control-wrap\" data-name=\"email-174\"><input size=\"40\" maxlength=\"400\" class=\"wpcf7-form-control wpcf7-email wpcf7-validates-as-required wpcf7-text wpcf7-validates-as-email\" aria-required=\"true\" aria-invalid=\"false\" placeholder=\"E-mail c\u00edm\" value=\"\" type=\"email\" name=\"email-174\" \/><\/span>\n\t\t<\/p>\n\t<\/div>\n\t<div class=\"column-full\">\n\t\t<p><span class=\"wpcf7-form-control-wrap\" data-name=\"wish-date\"><input class=\"wpcf7-form-control wpcf7-date wpcf7-validates-as-required wpcf7-validates-as-date\" aria-required=\"true\" aria-invalid=\"false\" value=\"\" type=\"date\" name=\"wish-date\" \/><\/span>\n\t\t<\/p>\n\t<\/div>\n\t<div class=\"column-full\">\n\t\t<p><span class=\"wpcf7-form-control-wrap\" data-name=\"your-message\"><textarea cols=\"40\" rows=\"3\" maxlength=\"2000\" class=\"wpcf7-form-control wpcf7-textarea\" aria-invalid=\"false\" name=\"your-message\">Kommentar<\/textarea><\/span>\n\t\t<\/p>\n\t<\/div>\n<\/div>\n<p><span class=\"wpcf7-form-control-wrap\" data-name=\"your-consent\"><span class=\"wpcf7-form-control wpcf7-acceptance\"><span class=\"wpcf7-list-item\"><label><input type=\"checkbox\" name=\"your-consent\" value=\"1\" aria-invalid=\"false\" \/><span class=\"wpcf7-list-item-label\">Megvan a <a href=\"https:\/\/shapeline.at\/hu\/adatvedelem\/\">Adatv\u00e9delmi szab\u00e1lyzat<\/a> Ezt tudom\u00e1sul vettem. Hozz\u00e1j\u00e1rulok, hogy adataimat a kapcsolatfelv\u00e9tel \u00e9s k\u00e9rd\u00e9sek c\u00e9lj\u00e1b\u00f3l tart\u00f3san t\u00e1rolj\u00e1k.<\/span><\/label><\/span><\/span><\/span>\n<\/p>\n<center>\n\t<p><input class=\"wpcf7-form-control wpcf7-submit has-spinner\" type=\"submit\" value=\"\u00c9rdekl\u0151dj\u00f6n most\" \/>\n\t<\/p>\n<\/center><div class=\"wpcf7-response-output\" aria-hidden=\"true\"><\/div>\n<input type=\"hidden\" name=\"trp-form-language\" value=\"hu\"\/><\/form>\n<\/div>\n<\/div>\n\t\t\t\t\t\t<\/div>\n\t\t\t\t<\/div>\n\t\t\t\t\t<\/div>\n\t\t\t\t<\/div>\n\t\t\t\t<\/div>","protected":false},"excerpt":{"rendered":"<p>J\u00f6jj\u00f6n el egy \u00d6nh\u00f6z k\u00f6zeli Shape-Line st\u00fadi\u00f3ba, \u00e9s ismerjen meg minket. Foglalja le INGYENES pr\u00f3baedz\u00e9s id\u0151pontj\u00e1t most az ingyenes<\/p>","protected":false},"author":1,"featured_media":0,"parent":0,"menu_order":0,"comment_status":"closed","ping_status":"closed","template":"","meta":{"footnotes":""},"class_list":["post-259703","page","type-page","status-publish","hentry"],"_links":{"self":[{"href":"https:\/\/shapeline.at\/hu\/wp-json\/wp\/v2\/pages\/259703","targetHints":{"allow":["GET"]}}],"collection":[{"href":"https:\/\/shapeline.at\/hu\/wp-json\/wp\/v2\/pages"}],"about":[{"href":"https:\/\/shapeline.at\/hu\/wp-json\/wp\/v2\/types\/page"}],"author":[{"embeddable":true,"href":"https:\/\/shapeline.at\/hu\/wp-json\/wp\/v2\/users\/1"}],"replies":[{"embeddable":true,"href":"https:\/\/shapeline.at\/hu\/wp-json\/wp\/v2\/comments?post=259703"}],"version-history":[{"count":4,"href":"https:\/\/shapeline.at\/hu\/wp-json\/wp\/v2\/pages\/259703\/revisions"}],"predecessor-version":[{"id":259707,"href":"https:\/\/shapeline.at\/hu\/wp-json\/wp\/v2\/pages\/259703\/revisions\/259707"}],"wp:attachment":[{"href":"https:\/\/shapeline.at\/hu\/wp-json\/wp\/v2\/media?parent=259703"}],"curies":[{"name":"wp","href":"https:\/\/api.w.org\/{rel}","templated":true}]}}