{"id":262473,"date":"2025-06-01T21:43:44","date_gmt":"2025-06-01T20:43:44","guid":{"rendered":"https:\/\/shapeline.at\/?page_id=262473"},"modified":"2025-06-01T21:51:56","modified_gmt":"2025-06-01T20:51:56","slug":"2025_06-08_topsummerform","status":"publish","type":"page","link":"https:\/\/shapeline.at\/hu\/havi-ajanlatok-2\/2025_06-08_topsummerform\/","title":{"rendered":"2025_06-08_Top_Summer_Form"},"content":{"rendered":"<div data-elementor-type=\"wp-page\" data-elementor-id=\"262473\" class=\"elementor elementor-262473\" data-elementor-post-type=\"page\">\n\t\t\t\t<div class=\"wd-negative-gap elementor-element elementor-element-30f2b65 e-flex e-con-boxed e-con e-parent\" data-id=\"30f2b65\" data-element_type=\"container\" data-e-type=\"container\">\n\t\t\t\t\t<div class=\"e-con-inner\">\n\t\t<div class=\"elementor-element elementor-element-7faca7b e-con-full e-flex e-con e-child\" data-id=\"7faca7b\" data-element_type=\"container\" data-e-type=\"container\">\n\t\t\t\t<div class=\"elementor-element elementor-element-237348f elementor-widget elementor-widget-heading\" data-id=\"237348f\" data-element_type=\"widget\" data-e-type=\"widget\" data-widget_type=\"heading.default\">\n\t\t\t\t<div class=\"elementor-widget-container\">\n\t\t\t\t\t<h1 class=\"elementor-heading-title elementor-size-default\">Top Summer Body - Monatsaktion 06-08\/2025<\/h1>\t\t\t\t<\/div>\n\t\t\t\t<\/div>\n\t\t\t\t<\/div>\n\t\t\t\t\t<\/div>\n\t\t\t\t<\/div>\n\t\t<div class=\"wd-negative-gap elementor-element elementor-element-fa9772e e-flex e-con-boxed e-con e-parent\" data-id=\"fa9772e\" data-element_type=\"container\" data-e-type=\"container\">\n\t\t\t\t\t<div class=\"e-con-inner\">\n\t\t\t\t<div class=\"elementor-element elementor-element-a277bbf elementor-widget elementor-widget-wd_text_block\" data-id=\"a277bbf\" data-element_type=\"widget\" data-e-type=\"widget\" data-widget_type=\"wd_text_block.default\">\n\t\t\t\t<div class=\"elementor-widget-container\">\n\t\t\t\t\t\t\t<div class=\"wd-text-block reset-last-child text-left\">\n\t\t\t\n\t\t\t\n\t\t\t\t\t<\/div>\n\t\t\t\t\t\t<\/div>\n\t\t\t\t<\/div>\n\t\t\t\t\t<\/div>\n\t\t\t\t<\/div>\n\t\t<div class=\"wd-negative-gap elementor-element elementor-element-339be45 elementor-hidden-mobile e-flex e-con-boxed e-con e-parent\" data-id=\"339be45\" data-element_type=\"container\" data-e-type=\"container\">\n\t\t\t\t\t<div class=\"e-con-inner\">\n\t\t\t\t<div class=\"elementor-element elementor-element-3db58b8 elementor-widget elementor-widget-image\" data-id=\"3db58b8\" data-element_type=\"widget\" data-e-type=\"widget\" data-widget_type=\"image.default\">\n\t\t\t\t<div class=\"elementor-widget-container\">\n\t\t\t\t\t\t\t\t\t\t\t\t\t\t\t<img loading=\"lazy\" decoding=\"async\" width=\"1300\" height=\"545\" src=\"https:\/\/shapeline.at\/wp-content\/themes\/woodmart\/images\/lazy.svg\" class=\"attachment-large size-large wp-image-262476 wd-lazy-fade\" alt=\"\" srcset=\"\" sizes=\"auto, (max-width: 1300px) 100vw, 1300px\" data-src=\"https:\/\/shapeline.at\/wp-content\/uploads\/2025\/06\/Angebots-Detailseite-tablet_desktop_1192x500-1300x545.jpg\" data-srcset=\"https:\/\/shapeline.at\/wp-content\/uploads\/2025\/06\/Angebots-Detailseite-tablet_desktop_1192x500-1300x545.jpg 1300w, https:\/\/shapeline.at\/wp-content\/uploads\/2025\/06\/Angebots-Detailseite-tablet_desktop_1192x500-400x168.jpg 400w, https:\/\/shapeline.at\/wp-content\/uploads\/2025\/06\/Angebots-Detailseite-tablet_desktop_1192x500-768x322.jpg 768w, https:\/\/shapeline.at\/wp-content\/uploads\/2025\/06\/Angebots-Detailseite-tablet_desktop_1192x500-1536x644.jpg 1536w, https:\/\/shapeline.at\/wp-content\/uploads\/2025\/06\/Angebots-Detailseite-tablet_desktop_1192x500-2048x859.jpg 2048w, https:\/\/shapeline.at\/wp-content\/uploads\/2025\/06\/Angebots-Detailseite-tablet_desktop_1192x500-18x8.jpg 18w, https:\/\/shapeline.at\/wp-content\/uploads\/2025\/06\/Angebots-Detailseite-tablet_desktop_1192x500-430x180.jpg 430w, https:\/\/shapeline.at\/wp-content\/uploads\/2025\/06\/Angebots-Detailseite-tablet_desktop_1192x500-700x294.jpg 700w, https:\/\/shapeline.at\/wp-content\/uploads\/2025\/06\/Angebots-Detailseite-tablet_desktop_1192x500-150x63.jpg 150w\" \/>\t\t\t\t\t\t\t\t\t\t\t\t\t\t\t<\/div>\n\t\t\t\t<\/div>\n\t\t\t\t\t<\/div>\n\t\t\t\t<\/div>\n\t\t<div class=\"wd-negative-gap elementor-element elementor-element-6d998f2 elementor-hidden-desktop elementor-hidden-tablet e-flex e-con-boxed e-con e-parent\" data-id=\"6d998f2\" data-element_type=\"container\" data-e-type=\"container\">\n\t\t\t\t\t<div class=\"e-con-inner\">\n\t\t\t\t<div class=\"elementor-element elementor-element-65c67e0 elementor-widget elementor-widget-image\" data-id=\"65c67e0\" data-element_type=\"widget\" data-e-type=\"widget\" data-widget_type=\"image.default\">\n\t\t\t\t<div class=\"elementor-widget-container\">\n\t\t\t\t\t\t\t\t\t\t\t\t\t\t\t<img loading=\"lazy\" decoding=\"async\" width=\"768\" height=\"1112\" src=\"https:\/\/shapeline.at\/wp-content\/themes\/woodmart\/images\/lazy.svg\" class=\"attachment-medium_large size-medium_large wp-image-262475 wd-lazy-fade\" alt=\"\" srcset=\"\" sizes=\"auto, (max-width: 768px) 100vw, 768px\" data-src=\"https:\/\/shapeline.at\/wp-content\/uploads\/2025\/06\/Angebots-Detailseite-mobile_345x500_Fr.Schmidt-768x1112.jpg\" data-srcset=\"https:\/\/shapeline.at\/wp-content\/uploads\/2025\/06\/Angebots-Detailseite-mobile_345x500_Fr.Schmidt-768x1112.jpg 768w, https:\/\/shapeline.at\/wp-content\/uploads\/2025\/06\/Angebots-Detailseite-mobile_345x500_Fr.Schmidt-207x300.jpg 207w, https:\/\/shapeline.at\/wp-content\/uploads\/2025\/06\/Angebots-Detailseite-mobile_345x500_Fr.Schmidt-552x800.jpg 552w, https:\/\/shapeline.at\/wp-content\/uploads\/2025\/06\/Angebots-Detailseite-mobile_345x500_Fr.Schmidt-1060x1536.jpg 1060w, https:\/\/shapeline.at\/wp-content\/uploads\/2025\/06\/Angebots-Detailseite-mobile_345x500_Fr.Schmidt-1414x2048.jpg 1414w, https:\/\/shapeline.at\/wp-content\/uploads\/2025\/06\/Angebots-Detailseite-mobile_345x500_Fr.Schmidt-8x12.jpg 8w, https:\/\/shapeline.at\/wp-content\/uploads\/2025\/06\/Angebots-Detailseite-mobile_345x500_Fr.Schmidt-430x623.jpg 430w, https:\/\/shapeline.at\/wp-content\/uploads\/2025\/06\/Angebots-Detailseite-mobile_345x500_Fr.Schmidt-700x1014.jpg 700w, https:\/\/shapeline.at\/wp-content\/uploads\/2025\/06\/Angebots-Detailseite-mobile_345x500_Fr.Schmidt-150x217.jpg 150w, https:\/\/shapeline.at\/wp-content\/uploads\/2025\/06\/Angebots-Detailseite-mobile_345x500_Fr.Schmidt.jpg 1438w\" \/>\t\t\t\t\t\t\t\t\t\t\t\t\t\t\t<\/div>\n\t\t\t\t<\/div>\n\t\t\t\t\t<\/div>\n\t\t\t\t<\/div>\n\t\t<div class=\"wd-negative-gap elementor-element elementor-element-3b8aa21 e-flex e-con-boxed e-con e-parent\" data-id=\"3b8aa21\" data-element_type=\"container\" data-e-type=\"container\">\n\t\t\t\t\t<div class=\"e-con-inner\">\n\t\t<div class=\"elementor-element elementor-element-f707339 e-con-full e-flex e-con e-child\" data-id=\"f707339\" data-element_type=\"container\" data-e-type=\"container\">\n\t\t\t\t<div class=\"elementor-element elementor-element-bee75f5 color-scheme-inherit text-left elementor-widget elementor-widget-text-editor\" data-id=\"bee75f5\" data-element_type=\"widget\" data-e-type=\"widget\" data-widget_type=\"text-editor.default\">\n\t\t\t\t<div class=\"elementor-widget-container\">\n\t\t\t\t\t\t\t\t\t<h2 class=\"x_p1\"><span class=\"x_s1\" data-olk-copy-source=\"MessageBody\">Az izom- \u00e9s csontrendszer edz\u00e9se fekve \u00e9s testform\u00e1l\u00e1ssal t\u00f6rt\u00e9n\u0151 relax\u00e1l\u00e1ssal<\/span><\/h2><p class=\"x_p1\"><span class=\"x_s2\">\u2705N\u00f6veli a mobilit\u00e1st, a f\u00e1jdalom harmonikusan elmozdul. A test \u00e1tform\u00e1l\u00f3dik \u00e9s a ker\u00fclet cs\u00f6kken.<\/span><\/p><h2 class=\"x_p1\"><span class=\"x_s1\" data-olk-copy-source=\"MessageBody\">Slim Booster<\/span><\/h2><p class=\"x_p1\"><span class=\"x_s2\">\u2705A zs\u00edrlerak\u00f3d\u00e1sok cs\u00f6kkent\u00e9se, a k\u00f6t\u0151sz\u00f6vet feszesebb\u00e9 t\u00e9tele, hib\u00e1tlan alakja<\/span><\/p><h3 class=\"x_p1\"><span class=\"x_s1\" data-olk-copy-source=\"MessageBody\">Omega wrap<\/span><\/h3><p class=\"x_p1\"><span class=\"x_s2\">\u2705Anregung zur Fettverbrennung<\/span><span class=\"x_s1\"><br \/><\/span><span class=\"x_s2\">\u2705Umfangreduktion<\/span><span class=\"x_s1\"><br \/><\/span><span class=\"x_s2\">\u2705Stoppt Fettp\u00f6lsterchen<\/span><span class=\"x_s1\"><br \/><\/span><span class=\"x_s2\">\u2705Entlastet aufgebl\u00e4hten Bauch und Magen<\/span><\/p><h3 class=\"x_p1\"><span class=\"x_s1\">Arany papaya Wrap\u00a0<\/span><\/h3><p class=\"x_p1\"><span class=\"x_s2\">\u2705Lose s\u00falyt a test saj\u00e1t infrav\u00f6r\u00f6s energi\u00e1j\u00e1val<br \/>\u2705Papaya jodidok cs\u00f6kkentik a b\u0151r alatti zs\u00edrlerak\u00f3d\u00e1sokat<br \/>\u2705Alfa-liponsav (ALA) - feszes\u00edti a b\u0151r megjelen\u00e9s\u00e9t<br \/>C-palmit\u00e1t \u00e9s E-vitamin: lebontja a felpuffadt zs\u00edrsejteket.<br \/>\u2705A k\u00fcl\u00f6nb\u00f6z\u0151 n\u00f6v\u00e9nyi enzimek m\u00e9ly sz\u00f6veti felmeleged\u00e9st okoznak<\/span><\/p><h3 class=\"x_p1\">Pocak modellez\u00e9s<\/h3><p class=\"x_p1\"><span class=\"x_s2\">\u2705A v\u00e9konyb\u00e9l aktiv\u00e1l\u00e1sa<br \/><\/span><span class=\"x_s2\">\u2705Immediate hasi cs\u00f6kkent\u00e9s<br \/><\/span><span class=\"x_s2\">\u2705Lose s\u00faly a has\u00e1n a g\u00e1z \u00e9s a sz\u00e9klet has\u00e1nak cs\u00f6kkent\u00e9s\u00e9vel<br \/><\/span><span class=\"x_s2\">\u2705S\u00falycs\u00f6kkent\u00e9s<br \/><\/span><span class=\"x_s2\">\u2705 Lapos gyomor<\/span><\/p><h3 class=\"x_p1\"><span class=\"x_s1\">Collagen Lifting Wrap<\/span><\/h3><p class=\"x_p1\"><span class=\"x_s1\">\u2705<\/span><span class=\"x_s1\">Nachhaltige Hautstraffung und Gewebegl\u00e4ttung<br \/><\/span><span class=\"x_s2\">\u2705<\/span><span class=\"x_s1\">Entgiftung und Entfettung des Gewebes <br \/>\u2705Regeneration der Mitochondrien<br \/><\/span><span class=\"x_s2\">\u2705<\/span><span class=\"x_s1\">Straffung von Problemzonen<\/span><\/p><h3 class=\"x_p1\"><span class=\"x_s3\">Beine Lymph-Modelage<\/span><\/h3><p class=\"x_p1\"><span class=\"x_s2\">\u2705Schwellungen l\u00f6sen sich<br \/><\/span><span class=\"x_s1\">\u2705<\/span><span class=\"x_s2\">A l\u00e1bk\u00f6rfogat cs\u00f6kken<br \/><\/span><span class=\"x_s1\">\u2705<\/span><span class=\"x_s2\">Cs\u00f6kken a cellulitisz a l\u00e1bakon<\/span><\/p><h3 class=\"x_p1\"><span class=\"x_s1\">Aminopower Wrap<\/span><\/h3><p class=\"x_p2\">El\u0151seg\u00edti a v\u00e9rkering\u00e9st<br \/><span class=\"x_s2\">T\u00e1mogatja az izom\u00e9p\u00edt\u00e9st<br \/><\/span><span class=\"x_s2\">Cs\u00f6kkenti a narancsb\u0151rt<br \/><\/span><span class=\"x_s2\">\u2705Aminosavakkal, hialuronsavval \u00e9s term\u00e9szetes olajokkal<\/span><\/p><h3 class=\"x_p1\"><span class=\"x_s1\">Cello Wraps<\/span><\/h3><p class=\"x_p1\"><span class=\"x_s2\">\u2705Die neue Anti-Cellulite Wickelbehandlung reduziert Fettgewebe, bildet Cellulite sichtbar zur\u00fcck und reduziert Krampfadern, Schwangerschaftsstreifen und Besenreiser<br \/>\u2705Es st\u00e4rkt dein Bindegewebe und unterst\u00fctzt die Zellerneuerung<\/span><\/p><h3 class=\"x_p1\">Algen Peptid Wrap<\/h3><p class=\"x_p1\"><span class=\"x_s2\">\u2705Entfernt l\u00e4stige Cellulite sehr effektiv<br \/>\u2705Verhindert die Ausweitung und Neuentstehung von Orangenhaut an H\u00fcften und Oberschenkeln<br \/>\u2705Gl\u00e4ttet und strafft<\/span><\/p><h3 class=\"x_p1\">Cellu massz\u00e1zs\u00a0<\/h3><p class=\"x_p1\"><span class=\"x_s2\">\u2705A zs\u00edrlerak\u00f3d\u00e1sok cs\u00f6kkent\u00e9se<br \/>A cellulitisz cs\u00f6kkent\u00e9se<br \/>\u2705 Zs\u00edr \u00e9s salak felold\u00e1sa<br \/>\u2705A combok \u00fajra feszess\u00e9 \u00e9s sim\u00e1v\u00e1 v\u00e1lnak<br \/>\u2705A z\u00e1szl\u00f3 lemer\u00fcl<\/span><\/p><p>\u00a0<\/p>\t\t\t\t\t\t\t\t<\/div>\n\t\t\t\t<\/div>\n\t\t\t\t<\/div>\n\t\t\t\t\t<\/div>\n\t\t\t\t<\/div>\n\t\t<div class=\"wd-negative-gap elementor-element elementor-element-0ca3dfd e-flex e-con-boxed e-con e-parent\" data-id=\"0ca3dfd\" data-element_type=\"container\" data-e-type=\"container\" data-settings=\"{&quot;background_background&quot;:&quot;classic&quot;}\">\n\t\t\t\t\t<div class=\"e-con-inner\">\n\t\t<div class=\"elementor-element elementor-element-d0bc5cb e-con-full e-flex e-con e-child\" data-id=\"d0bc5cb\" data-element_type=\"container\" data-e-type=\"container\">\n\t\t\t\t<div class=\"elementor-element elementor-element-7917a2b color-scheme-inherit text-left elementor-widget elementor-widget-text-editor\" data-id=\"7917a2b\" data-element_type=\"widget\" data-e-type=\"widget\" data-widget_type=\"text-editor.default\">\n\t\t\t\t<div class=\"elementor-widget-container\">\n\t\t\t\t\t\t\t\t\t<p class=\"p1\" style=\"margin: 0cm;\"><span class=\"s1\">Foglalja le K\u00d6RPER-HIGHLIGHT kamp\u00e1ny\u00e1t m\u00e9g ma<br \/>\u00e9s hagyja mag\u00e1t k\u00e9nyeztetni!<\/span><\/p>\t\t\t\t\t\t\t\t<\/div>\n\t\t\t\t<\/div>\n\t\t\t\t<div class=\"elementor-element elementor-element-86d57b7 elementor-widget elementor-widget-html\" data-id=\"86d57b7\" data-element_type=\"widget\" data-e-type=\"widget\" data-widget_type=\"html.default\">\n\t\t\t\t<div class=\"elementor-widget-container\">\n\t\t\t\t\t\n<div class=\"wpcf7 no-js\" id=\"wpcf7-f262472-o1\" lang=\"en-US\" dir=\"ltr\" data-wpcf7-id=\"262472\">\n<div class=\"screen-reader-response\"><p role=\"status\" aria-live=\"polite\" aria-atomic=\"true\"><\/p> <ul><\/ul><\/div>\n<form action=\"\/hu\/wp-json\/wp\/v2\/pages\/262473#wpcf7-f262472-o1\" method=\"post\" class=\"wpcf7-form init\" aria-label=\"Contact form\" novalidate=\"novalidate\" data-status=\"init\" data-trp-original-action=\"\/hu\/wp-json\/wp\/v2\/pages\/262473#wpcf7-f262472-o1\">\n<fieldset class=\"hidden-fields-container\"><input type=\"hidden\" name=\"_wpcf7\" value=\"262472\" \/><input type=\"hidden\" name=\"_wpcf7_version\" value=\"6.1.5\" \/><input type=\"hidden\" name=\"_wpcf7_locale\" value=\"en_US\" \/><input type=\"hidden\" name=\"_wpcf7_unit_tag\" value=\"wpcf7-f262472-o1\" \/><input type=\"hidden\" name=\"_wpcf7_container_post\" value=\"0\" \/><input type=\"hidden\" name=\"_wpcf7_posted_data_hash\" value=\"\" \/><input type=\"hidden\" name=\"_wpcf7_recaptcha_response\" value=\"\" \/>\n<\/fieldset>\n<div id=\"responsive-form\" class=\"clearfix\">\n\t<div class=\"column-full\">\n\t\t<p><span class=\"wpcf7-form-control-wrap\" data-name=\"studio-recipient\"><select class=\"wpcf7-form-control wpcf7-select wpcf7-validates-as-required\" aria-required=\"true\" aria-invalid=\"false\" name=\"studio-recipient\"><option value=\"\">V\u00e1lassza ki kedvenc st\u00fadi\u00f3j\u00e1t<\/option><option value=\"1030 Wien\">1030 B\u00e9cs<\/option><option value=\"1100 Wien\">1100 B\u00e9cs<\/option><option value=\"1130 Wien\">1130 B\u00e9cs<\/option><option value=\"1140 Wien\">1140 B\u00e9cs<\/option><option value=\"1180 Wien\">1180 B\u00e9cs<\/option><option value=\"1190 Wien\">1190 B\u00e9cs<\/option><option value=\"1220 Wien\">1220 B\u00e9cs<\/option><option value=\"1230 Wien\">1230 B\u00e9cs<\/option><option value=\"2100 Korneuburg\">2100 Korneuburg<\/option><option value=\"2301 Gro\u00df Enzersdorf\">2301 Gro\u00df Enzersdorf<\/option><option value=\"2320 Schwechat\">2320 Schwechat<\/option><option value=\"2340 M\u00f6dling\">2340 M\u00f6dling<\/option><option value=\"2500 Baden\">2500 Baden<\/option><option value=\"2700 Wr. Neustadt\">2700 Wr. Neustadt<\/option><option value=\"3100 St. P\u00f6lten\">3100 St. P\u00f6lten<\/option><option value=\"3710 Ziersdorf\">3710 Ziersdorf<\/option><option value=\"7000 Eisenstadt\">7000 Eisenstadt<\/option><\/select><\/span>\n\t\t<\/p>\n\t<\/div>\n\t<div class=\"column-half\">\n\t\t<p><span class=\"wpcf7-form-control-wrap\" data-name=\"Vorname\"><input size=\"40\" maxlength=\"400\" class=\"wpcf7-form-control wpcf7-text wpcf7-validates-as-required\" aria-required=\"true\" aria-invalid=\"false\" placeholder=\"Keresztn\u00e9v\" value=\"\" type=\"text\" name=\"Vorname\" \/><\/span>\n\t\t<\/p>\n\t<\/div>\n\t<div class=\"column-half\">\n\t\t<p><span class=\"wpcf7-form-control-wrap\" data-name=\"Nachname\"><input size=\"40\" maxlength=\"400\" class=\"wpcf7-form-control wpcf7-text wpcf7-validates-as-required\" aria-required=\"true\" aria-invalid=\"false\" placeholder=\"Vezet\u00e9kn\u00e9v\" value=\"\" type=\"text\" name=\"Nachname\" \/><\/span>\n\t\t<\/p>\n\t<\/div>\n\t<div class=\"column-half\">\n\t\t<p><span class=\"wpcf7-form-control-wrap\" data-name=\"Telefonnummer\"><input class=\"wpcf7-form-control wpcf7-number wpcf7-validates-as-required wpcf7-validates-as-number\" aria-required=\"true\" aria-invalid=\"false\" placeholder=\"Telefonsz\u00e1m\" value=\"\" type=\"number\" name=\"Telefonnummer\" \/><\/span>\n\t\t<\/p>\n\t<\/div>\n\t<div class=\"column-half\">\n\t\t<p><span class=\"wpcf7-form-control-wrap\" data-name=\"Email\"><input size=\"40\" maxlength=\"400\" class=\"wpcf7-form-control wpcf7-email wpcf7-validates-as-required wpcf7-text wpcf7-validates-as-email\" aria-required=\"true\" aria-invalid=\"false\" placeholder=\"E-mail c\u00edm\" value=\"\" type=\"email\" name=\"Email\" \/><\/span>\n\t\t<\/p>\n\t<\/div>\n<\/div>\n<p><span class=\"wpcf7-form-control-wrap\" data-name=\"your-consent\"><span class=\"wpcf7-form-control wpcf7-acceptance\"><span class=\"wpcf7-list-item\"><label><input type=\"checkbox\" name=\"your-consent\" value=\"1\" aria-invalid=\"false\" \/><span class=\"wpcf7-list-item-label\">Megvan a <a href=\"https:\/\/shapeline.at\/hu\/adatvedelmi-nyilatkozat\/\">Adatv\u00e9delmi szab\u00e1lyzat<\/a> Ezt tudom\u00e1sul vettem. Hozz\u00e1j\u00e1rulok, hogy adataimat a kapcsolatfelv\u00e9tel \u00e9s k\u00e9rd\u00e9sek c\u00e9lj\u00e1b\u00f3l tart\u00f3san t\u00e1rolj\u00e1k.<\/span><\/label><\/span><\/span><\/span>\n<\/p>\n<center>\n\t<p><input class=\"wpcf7-form-control wpcf7-submit has-spinner\" type=\"submit\" value=\"\u00c9rdekl\u0151dj\u00f6n most\" \/>\n\t<\/p>\n<\/center><div class=\"wpcf7-response-output\" aria-hidden=\"true\"><\/div>\n<input type=\"hidden\" name=\"trp-form-language\" value=\"hu\"\/><\/form>\n<\/div>\n\t\t\t\t<\/div>\n\t\t\t\t<\/div>\n\t\t\t\t<\/div>\n\t\t\t\t\t<\/div>\n\t\t\t\t<\/div>\n\t\t<div class=\"wd-negative-gap elementor-element elementor-element-a38966a e-flex e-con-boxed e-con e-parent\" data-id=\"a38966a\" data-element_type=\"container\" data-e-type=\"container\">\n\t\t\t\t\t<div class=\"e-con-inner\">\n\t\t<div class=\"wd-negative-gap elementor-element elementor-element-7269120 e-flex e-con-boxed e-con e-child\" data-id=\"7269120\" data-element_type=\"container\" data-e-type=\"container\">\n\t\t\t\t\t<div class=\"e-con-inner\">\n\t\t<div class=\"elementor-element elementor-element-5e6389f e-con-full e-flex e-con e-child\" data-id=\"5e6389f\" data-element_type=\"container\" data-e-type=\"container\">\n\t\t\t\t<div class=\"elementor-element elementor-element-f29df38 elementor-view-default elementor-widget elementor-widget-icon\" data-id=\"f29df38\" data-element_type=\"widget\" data-e-type=\"widget\" data-widget_type=\"icon.default\">\n\t\t\t\t<div class=\"elementor-widget-container\">\n\t\t\t\t\t\t\t<div class=\"elementor-icon-wrapper\">\n\t\t\t<div class=\"elementor-icon\">\n\t\t\t<i aria-hidden=\"true\" class=\"fas fa-bacon\"><\/i>\t\t\t<\/div>\n\t\t<\/div>\n\t\t\t\t\t\t<\/div>\n\t\t\t\t<\/div>\n\t\t\t\t<div class=\"elementor-element elementor-element-95f8170 color-scheme-inherit text-left elementor-widget elementor-widget-text-editor\" data-id=\"95f8170\" data-element_type=\"widget\" data-e-type=\"widget\" data-widget_type=\"text-editor.default\">\n\t\t\t\t<div class=\"elementor-widget-container\">\n\t\t\t\t\t\t\t\t\t<h2><span style=\"font-size: 18pt; color: #216f78;\"><strong>K\u00dcZD A NARANCSB\u0150R ELLEN<\/strong><\/span><\/h2><p>K\u00f6zvetlen\u00fcl a cellulitra ir\u00e1nyul \u00e9s<br \/>Stimul\u00e1ci\u00f3s hull\u00e1mok a sima b\u0151r\u00e9rt.<\/p>\t\t\t\t\t\t\t\t<\/div>\n\t\t\t\t<\/div>\n\t\t\t\t<\/div>\n\t\t<div class=\"elementor-element elementor-element-6c584be e-con-full e-flex e-con e-child\" data-id=\"6c584be\" data-element_type=\"container\" data-e-type=\"container\">\n\t\t\t\t<div class=\"elementor-element elementor-element-2b01d53 elementor-view-default elementor-widget elementor-widget-icon\" data-id=\"2b01d53\" data-element_type=\"widget\" data-e-type=\"widget\" data-widget_type=\"icon.default\">\n\t\t\t\t<div class=\"elementor-widget-container\">\n\t\t\t\t\t\t\t<div class=\"elementor-icon-wrapper\">\n\t\t\t<div class=\"elementor-icon\">\n\t\t\t<i aria-hidden=\"true\" class=\"far fa-grin-hearts\"><\/i>\t\t\t<\/div>\n\t\t<\/div>\n\t\t\t\t\t\t<\/div>\n\t\t\t\t<\/div>\n\t\t\t\t<div class=\"elementor-element elementor-element-c8851d5 color-scheme-inherit text-left elementor-widget elementor-widget-text-editor\" data-id=\"c8851d5\" data-element_type=\"widget\" data-e-type=\"widget\" data-widget_type=\"text-editor.default\">\n\t\t\t\t<div class=\"elementor-widget-container\">\n\t\t\t\t\t\t\t\t\t<h2><span style=\"font-size: 18pt; color: #216f78;\"><strong>GYORS EREDM\u00c9NYEK<\/strong><\/span><\/h2><p>Kevesebb s\u00faly \u00e9s tiszta b\u0151r - l\u00e1that\u00f3 \u00e9s \u00e9szrevehet\u0151 eredm\u00e9nyek m\u00e1r r\u00f6vid id\u0151 ut\u00e1n!<\/p>\t\t\t\t\t\t\t\t<\/div>\n\t\t\t\t<\/div>\n\t\t\t\t<\/div>\n\t\t<div class=\"elementor-element elementor-element-eff56fe e-con-full e-flex e-con e-child\" data-id=\"eff56fe\" data-element_type=\"container\" data-e-type=\"container\">\n\t\t\t\t<div class=\"elementor-element elementor-element-5a84fd5 elementor-view-default elementor-widget elementor-widget-icon\" data-id=\"5a84fd5\" data-element_type=\"widget\" data-e-type=\"widget\" data-widget_type=\"icon.default\">\n\t\t\t\t<div class=\"elementor-widget-container\">\n\t\t\t\t\t\t\t<div class=\"elementor-icon-wrapper\">\n\t\t\t<div class=\"elementor-icon\">\n\t\t\t<i aria-hidden=\"true\" class=\"far fa-calendar-check\"><\/i>\t\t\t<\/div>\n\t\t<\/div>\n\t\t\t\t\t\t<\/div>\n\t\t\t\t<\/div>\n\t\t\t\t<div class=\"elementor-element elementor-element-81a347e color-scheme-inherit text-left elementor-widget elementor-widget-text-editor\" data-id=\"81a347e\" data-element_type=\"widget\" data-e-type=\"widget\" data-widget_type=\"text-editor.default\">\n\t\t\t\t<div class=\"elementor-widget-container\">\n\t\t\t\t\t\t\t\t\t<h2><span style=\"font-size: 18pt; color: #216f78;\"><strong>MEGB\u00cdZHAT\u00d3<\/strong><\/span><\/h2><p>M\u00e1r n\u00e9h\u00e1ny h\u00e9t ut\u00e1n \u00e9rezni \u00e9s l\u00e1tni fogja a pozit\u00edv v\u00e1ltoz\u00e1st a test\u00e9ben.<\/p>\t\t\t\t\t\t\t\t<\/div>\n\t\t\t\t<\/div>\n\t\t\t\t<\/div>\n\t\t\t\t\t<\/div>\n\t\t\t\t<\/div>\n\t\t\t\t\t<\/div>\n\t\t\t\t<\/div>\n\t\t\t\t<\/div>","protected":false},"excerpt":{"rendered":"<p>Top Summer Body &#8211; Monatsaktion 06-08\/2025 Mit Body Shapen den Bewegungsapparat im Liegen trainieren und dabei entspannen \u2705Verbesserte Beweglichkeit, Schmerzen<\/p>","protected":false},"author":1,"featured_media":0,"parent":243543,"menu_order":0,"comment_status":"closed","ping_status":"closed","template":"","meta":{"footnotes":""},"class_list":["post-262473","page","type-page","status-publish","hentry"],"_links":{"self":[{"href":"https:\/\/shapeline.at\/hu\/wp-json\/wp\/v2\/pages\/262473","targetHints":{"allow":["GET"]}}],"collection":[{"href":"https:\/\/shapeline.at\/hu\/wp-json\/wp\/v2\/pages"}],"about":[{"href":"https:\/\/shapeline.at\/hu\/wp-json\/wp\/v2\/types\/page"}],"author":[{"embeddable":true,"href":"https:\/\/shapeline.at\/hu\/wp-json\/wp\/v2\/users\/1"}],"replies":[{"embeddable":true,"href":"https:\/\/shapeline.at\/hu\/wp-json\/wp\/v2\/comments?post=262473"}],"version-history":[{"count":4,"href":"https:\/\/shapeline.at\/hu\/wp-json\/wp\/v2\/pages\/262473\/revisions"}],"predecessor-version":[{"id":262485,"href":"https:\/\/shapeline.at\/hu\/wp-json\/wp\/v2\/pages\/262473\/revisions\/262485"}],"up":[{"embeddable":true,"href":"https:\/\/shapeline.at\/hu\/wp-json\/wp\/v2\/pages\/243543"}],"wp:attachment":[{"href":"https:\/\/shapeline.at\/hu\/wp-json\/wp\/v2\/media?parent=262473"}],"curies":[{"name":"wp","href":"https:\/\/api.w.org\/{rel}","templated":true}]}}