{"id":262757,"date":"2026-01-08T15:28:38","date_gmt":"2026-01-08T14:28:38","guid":{"rendered":"https:\/\/shapeline.at\/?page_id=262757"},"modified":"2026-01-08T15:36:36","modified_gmt":"2026-01-08T14:36:36","slug":"2026_01_winter_detox_ritual","status":"publish","type":"page","link":"https:\/\/shapeline.at\/hu\/havi-ajanlatok-2\/2026_01_winter_detox_ritual\/","title":{"rendered":"2026_01_Winter_Detox_Ritual"},"content":{"rendered":"<div data-elementor-type=\"wp-page\" data-elementor-id=\"262757\" class=\"elementor elementor-262757\" data-elementor-post-type=\"page\">\n\t\t\t\t<div class=\"wd-negative-gap elementor-element elementor-element-30f2b65 e-flex e-con-boxed e-con e-parent\" data-id=\"30f2b65\" data-element_type=\"container\" data-e-type=\"container\">\n\t\t\t\t\t<div class=\"e-con-inner\">\n\t\t<div class=\"elementor-element elementor-element-7faca7b e-con-full e-flex e-con e-child\" data-id=\"7faca7b\" data-element_type=\"container\" data-e-type=\"container\">\n\t\t\t\t<div class=\"elementor-element elementor-element-237348f elementor-widget elementor-widget-heading\" data-id=\"237348f\" data-element_type=\"widget\" data-e-type=\"widget\" data-widget_type=\"heading.default\">\n\t\t\t\t<div class=\"elementor-widget-container\">\n\t\t\t\t\t<h1 class=\"elementor-heading-title elementor-size-default\">Winter Detox Ritual - Monatsaktion 01\/2026<\/h1>\t\t\t\t<\/div>\n\t\t\t\t<\/div>\n\t\t\t\t<\/div>\n\t\t\t\t\t<\/div>\n\t\t\t\t<\/div>\n\t\t<div class=\"wd-negative-gap elementor-element elementor-element-fa9772e e-flex e-con-boxed e-con e-parent\" data-id=\"fa9772e\" data-element_type=\"container\" data-e-type=\"container\">\n\t\t\t\t\t<div class=\"e-con-inner\">\n\t\t\t\t<div class=\"elementor-element elementor-element-a277bbf elementor-widget elementor-widget-wd_text_block\" data-id=\"a277bbf\" data-element_type=\"widget\" data-e-type=\"widget\" data-widget_type=\"wd_text_block.default\">\n\t\t\t\t<div class=\"elementor-widget-container\">\n\t\t\t\t\t\t\t<div class=\"wd-text-block reset-last-child text-left\">\n\t\t\t\n\t\t\t\n\t\t\t\t\t<\/div>\n\t\t\t\t\t\t<\/div>\n\t\t\t\t<\/div>\n\t\t\t\t\t<\/div>\n\t\t\t\t<\/div>\n\t\t<div class=\"wd-negative-gap elementor-element elementor-element-339be45 elementor-hidden-mobile e-flex e-con-boxed e-con e-parent\" data-id=\"339be45\" data-element_type=\"container\" data-e-type=\"container\">\n\t\t\t\t\t<div class=\"e-con-inner\">\n\t\t\t\t<div class=\"elementor-element elementor-element-3db58b8 elementor-widget elementor-widget-image\" data-id=\"3db58b8\" data-element_type=\"widget\" data-e-type=\"widget\" data-widget_type=\"image.default\">\n\t\t\t\t<div class=\"elementor-widget-container\">\n\t\t\t\t\t\t\t\t\t\t\t\t\t\t\t<img loading=\"lazy\" decoding=\"async\" width=\"541\" height=\"702\" src=\"https:\/\/shapeline.at\/wp-content\/themes\/woodmart\/images\/lazy.svg\" class=\"attachment-large size-large wp-image-262749 wd-lazy-fade\" alt=\"Monatsaktion Winter Detox Ritual\" srcset=\"\" sizes=\"auto, (max-width: 541px) 100vw, 541px\" data-src=\"https:\/\/shapeline.at\/wp-content\/uploads\/2026\/01\/Screenshot-2026-01-08-135543.png\" data-srcset=\"https:\/\/shapeline.at\/wp-content\/uploads\/2026\/01\/Screenshot-2026-01-08-135543.png 541w, https:\/\/shapeline.at\/wp-content\/uploads\/2026\/01\/Screenshot-2026-01-08-135543-231x300.png 231w, https:\/\/shapeline.at\/wp-content\/uploads\/2026\/01\/Screenshot-2026-01-08-135543-9x12.png 9w, https:\/\/shapeline.at\/wp-content\/uploads\/2026\/01\/Screenshot-2026-01-08-135543-430x558.png 430w, https:\/\/shapeline.at\/wp-content\/uploads\/2026\/01\/Screenshot-2026-01-08-135543-150x195.png 150w\" \/>\t\t\t\t\t\t\t\t\t\t\t\t\t\t\t<\/div>\n\t\t\t\t<\/div>\n\t\t\t\t\t<\/div>\n\t\t\t\t<\/div>\n\t\t<div class=\"wd-negative-gap elementor-element elementor-element-6d998f2 elementor-hidden-desktop elementor-hidden-tablet e-flex e-con-boxed e-con e-parent\" data-id=\"6d998f2\" data-element_type=\"container\" data-e-type=\"container\">\n\t\t\t\t\t<div class=\"e-con-inner\">\n\t\t\t\t<div class=\"elementor-element elementor-element-65c67e0 elementor-widget elementor-widget-image\" data-id=\"65c67e0\" data-element_type=\"widget\" data-e-type=\"widget\" data-widget_type=\"image.default\">\n\t\t\t\t<div class=\"elementor-widget-container\">\n\t\t\t\t\t\t\t\t\t\t\t\t\t\t\t<img loading=\"lazy\" decoding=\"async\" width=\"541\" height=\"702\" src=\"https:\/\/shapeline.at\/wp-content\/themes\/woodmart\/images\/lazy.svg\" class=\"attachment-medium_large size-medium_large wp-image-262749 wd-lazy-fade\" alt=\"Monatsaktion Winter Detox Ritual\" srcset=\"\" sizes=\"auto, (max-width: 541px) 100vw, 541px\" data-src=\"https:\/\/shapeline.at\/wp-content\/uploads\/2026\/01\/Screenshot-2026-01-08-135543.png\" data-srcset=\"https:\/\/shapeline.at\/wp-content\/uploads\/2026\/01\/Screenshot-2026-01-08-135543.png 541w, https:\/\/shapeline.at\/wp-content\/uploads\/2026\/01\/Screenshot-2026-01-08-135543-231x300.png 231w, https:\/\/shapeline.at\/wp-content\/uploads\/2026\/01\/Screenshot-2026-01-08-135543-9x12.png 9w, https:\/\/shapeline.at\/wp-content\/uploads\/2026\/01\/Screenshot-2026-01-08-135543-430x558.png 430w, https:\/\/shapeline.at\/wp-content\/uploads\/2026\/01\/Screenshot-2026-01-08-135543-150x195.png 150w\" \/>\t\t\t\t\t\t\t\t\t\t\t\t\t\t\t<\/div>\n\t\t\t\t<\/div>\n\t\t\t\t\t<\/div>\n\t\t\t\t<\/div>\n\t\t<div class=\"wd-negative-gap elementor-element elementor-element-3b8aa21 e-flex e-con-boxed e-con e-parent\" data-id=\"3b8aa21\" data-element_type=\"container\" data-e-type=\"container\">\n\t\t\t\t\t<div class=\"e-con-inner\">\n\t\t<div class=\"elementor-element elementor-element-f707339 e-con-full e-flex e-con e-child\" data-id=\"f707339\" data-element_type=\"container\" data-e-type=\"container\">\n\t\t\t\t<div class=\"elementor-element elementor-element-bee75f5 color-scheme-inherit text-left elementor-widget elementor-widget-text-editor\" data-id=\"bee75f5\" data-element_type=\"widget\" data-e-type=\"widget\" data-widget_type=\"text-editor.default\">\n\t\t\t\t<div class=\"elementor-widget-container\">\n\t\t\t\t\t\t\t\t\t<h2 class=\"x_p1\"><span class=\"x_s1\" data-olk-copy-source=\"MessageBody\">Winter &#8211; die beste Jahreszeit f\u00fcr ein Detox Ritual<\/span><\/h2>\n<p><strong>Wer im Winter detoxed, startet nicht nur leichter, sondern st\u00e4rker in die n\u00e4chste Saison.<\/strong><\/p>\n<p>Der Winter ist die ehrlichste Jahreszeit f\u00fcr deinen K\u00f6rper. Weniger Bewegung, schwereres Essen und wenig Licht belasten Stoffwechsel und Immunsystem sp\u00fcrbar. Genau hier setzt ein Detox Ritual an: Es entlastet, reguliert und bringt dich zur\u00fcck in Balance. Das Ergebnis ist kein kurzfristiger Effekt, sondern echte Regeneration \u2013 mehr Energie, ein klarerer Kopf und ein K\u00f6rper, der wieder effizient arbeitet.<\/p>\n<p>\u00a0<\/p>\t\t\t\t\t\t\t\t<\/div>\n\t\t\t\t<\/div>\n\t\t\t\t<\/div>\n\t\t\t\t\t<\/div>\n\t\t\t\t<\/div>\n\t\t<div class=\"wd-negative-gap elementor-element elementor-element-0ca3dfd e-flex e-con-boxed e-con e-parent\" data-id=\"0ca3dfd\" data-element_type=\"container\" data-e-type=\"container\" data-settings=\"{&quot;background_background&quot;:&quot;classic&quot;}\">\n\t\t\t\t\t<div class=\"e-con-inner\">\n\t\t<div class=\"elementor-element elementor-element-d0bc5cb e-con-full e-flex e-con e-child\" data-id=\"d0bc5cb\" data-element_type=\"container\" data-e-type=\"container\">\n\t\t\t\t<div class=\"elementor-element elementor-element-7917a2b color-scheme-inherit text-left elementor-widget elementor-widget-text-editor\" data-id=\"7917a2b\" data-element_type=\"widget\" data-e-type=\"widget\" data-widget_type=\"text-editor.default\">\n\t\t\t\t<div class=\"elementor-widget-container\">\n\t\t\t\t\t\t\t\t\t<p class=\"p1\" style=\"margin: 0cm;\"><span class=\"s1\">Foglalja le K\u00d6RPER-HIGHLIGHT kamp\u00e1ny\u00e1t m\u00e9g ma<br \/>\u00e9s hagyja mag\u00e1t k\u00e9nyeztetni!<\/span><\/p>\t\t\t\t\t\t\t\t<\/div>\n\t\t\t\t<\/div>\n\t\t\t\t<div class=\"elementor-element elementor-element-86d57b7 elementor-widget elementor-widget-html\" data-id=\"86d57b7\" data-element_type=\"widget\" data-e-type=\"widget\" data-widget_type=\"html.default\">\n\t\t\t\t<div class=\"elementor-widget-container\">\n\t\t\t\t\t\n<div class=\"wpcf7 no-js\" id=\"wpcf7-f262763-o1\" lang=\"en-US\" dir=\"ltr\" data-wpcf7-id=\"262763\">\n<div class=\"screen-reader-response\"><p role=\"status\" aria-live=\"polite\" aria-atomic=\"true\"><\/p> <ul><\/ul><\/div>\n<form action=\"\/hu\/wp-json\/wp\/v2\/pages\/262757#wpcf7-f262763-o1\" method=\"post\" class=\"wpcf7-form init\" aria-label=\"Contact form\" novalidate=\"novalidate\" data-status=\"init\" data-trp-original-action=\"\/hu\/wp-json\/wp\/v2\/pages\/262757#wpcf7-f262763-o1\">\n<fieldset class=\"hidden-fields-container\"><input type=\"hidden\" name=\"_wpcf7\" value=\"262763\" \/><input type=\"hidden\" name=\"_wpcf7_version\" value=\"6.1.5\" \/><input type=\"hidden\" name=\"_wpcf7_locale\" value=\"en_US\" \/><input type=\"hidden\" name=\"_wpcf7_unit_tag\" value=\"wpcf7-f262763-o1\" \/><input type=\"hidden\" name=\"_wpcf7_container_post\" value=\"0\" \/><input type=\"hidden\" name=\"_wpcf7_posted_data_hash\" value=\"\" \/><input type=\"hidden\" name=\"_wpcf7_recaptcha_response\" value=\"\" \/>\n<\/fieldset>\n<div id=\"responsive-form\" class=\"clearfix\">\n\t<div class=\"column-full\">\n\t\t<p><span class=\"wpcf7-form-control-wrap\" data-name=\"studio-recipient\"><select class=\"wpcf7-form-control wpcf7-select wpcf7-validates-as-required\" aria-required=\"true\" aria-invalid=\"false\" name=\"studio-recipient\"><option value=\"\">V\u00e1lassza ki kedvenc st\u00fadi\u00f3j\u00e1t<\/option><option value=\"1030 Wien\">1030 B\u00e9cs<\/option><option value=\"1100 Wien\">1100 B\u00e9cs<\/option><option value=\"1130 Wien\">1130 B\u00e9cs<\/option><option value=\"1220 Wien\">1220 B\u00e9cs<\/option><option value=\"1230 Wien\">1230 B\u00e9cs<\/option><option value=\"2100 Korneuburg\">2100 Korneuburg<\/option><option value=\"2301 Gro\u00df Enzersdorf\">2301 Gro\u00df Enzersdorf<\/option><option value=\"2320 Schwechat\">2320 Schwechat<\/option><option value=\"2340 M\u00f6dling\">2340 M\u00f6dling<\/option><option value=\"2500 Baden\">2500 Baden<\/option><option value=\"2700 Wr. Neustadt\">2700 Wr. Neustadt<\/option><option value=\"3100 St. P\u00f6lten\">3100 St. P\u00f6lten<\/option><option value=\"3710 Ziersdorf\">3710 Ziersdorf<\/option><\/select><\/span>\n\t\t<\/p>\n\t<\/div>\n\t<div class=\"column-half\">\n\t\t<p><span class=\"wpcf7-form-control-wrap\" data-name=\"Vorname\"><input size=\"40\" maxlength=\"400\" class=\"wpcf7-form-control wpcf7-text wpcf7-validates-as-required\" aria-required=\"true\" aria-invalid=\"false\" placeholder=\"Keresztn\u00e9v\" value=\"\" type=\"text\" name=\"Vorname\" \/><\/span>\n\t\t<\/p>\n\t<\/div>\n\t<div class=\"column-half\">\n\t\t<p><span class=\"wpcf7-form-control-wrap\" data-name=\"Nachname\"><input size=\"40\" maxlength=\"400\" class=\"wpcf7-form-control wpcf7-text wpcf7-validates-as-required\" aria-required=\"true\" aria-invalid=\"false\" placeholder=\"Vezet\u00e9kn\u00e9v\" value=\"\" type=\"text\" name=\"Nachname\" \/><\/span>\n\t\t<\/p>\n\t<\/div>\n\t<div class=\"column-half\">\n\t\t<p><span class=\"wpcf7-form-control-wrap\" data-name=\"Telefonnummer\"><input class=\"wpcf7-form-control wpcf7-number wpcf7-validates-as-required wpcf7-validates-as-number\" aria-required=\"true\" aria-invalid=\"false\" placeholder=\"Telefonsz\u00e1m\" value=\"\" type=\"number\" name=\"Telefonnummer\" \/><\/span>\n\t\t<\/p>\n\t<\/div>\n\t<div class=\"column-half\">\n\t\t<p><span class=\"wpcf7-form-control-wrap\" data-name=\"Email\"><input size=\"40\" maxlength=\"400\" class=\"wpcf7-form-control wpcf7-email wpcf7-validates-as-required wpcf7-text wpcf7-validates-as-email\" aria-required=\"true\" aria-invalid=\"false\" placeholder=\"E-mail c\u00edm\" value=\"\" type=\"email\" name=\"Email\" \/><\/span>\n\t\t<\/p>\n\t<\/div>\n<\/div>\n<p><span class=\"wpcf7-form-control-wrap\" data-name=\"your-consent\"><span class=\"wpcf7-form-control wpcf7-acceptance\"><span class=\"wpcf7-list-item\"><label><input type=\"checkbox\" name=\"your-consent\" value=\"1\" aria-invalid=\"false\" \/><span class=\"wpcf7-list-item-label\">Megvan a <a href=\"https:\/\/shapeline.at\/hu\/adatvedelmi-nyilatkozat\/\">Adatv\u00e9delmi szab\u00e1lyzat<\/a> Ezt tudom\u00e1sul vettem. Hozz\u00e1j\u00e1rulok, hogy adataimat a kapcsolatfelv\u00e9tel \u00e9s k\u00e9rd\u00e9sek c\u00e9lj\u00e1b\u00f3l tart\u00f3san t\u00e1rolj\u00e1k.<\/span><\/label><\/span><\/span><\/span>\n<\/p>\n<center>\n\t<p><input class=\"wpcf7-form-control wpcf7-submit has-spinner\" type=\"submit\" value=\"\u00c9rdekl\u0151dj\u00f6n most\" \/>\n\t<\/p>\n<\/center><div class=\"wpcf7-response-output\" aria-hidden=\"true\"><\/div>\n<input type=\"hidden\" name=\"trp-form-language\" value=\"hu\"\/><\/form>\n<\/div>\n\t\t\t\t<\/div>\n\t\t\t\t<\/div>\n\t\t\t\t<\/div>\n\t\t\t\t\t<\/div>\n\t\t\t\t<\/div>\n\t\t<div class=\"wd-negative-gap elementor-element elementor-element-a38966a e-flex e-con-boxed e-con e-parent\" data-id=\"a38966a\" data-element_type=\"container\" data-e-type=\"container\">\n\t\t\t\t\t<div class=\"e-con-inner\">\n\t\t<div class=\"wd-negative-gap elementor-element elementor-element-7269120 e-flex e-con-boxed e-con e-child\" data-id=\"7269120\" data-element_type=\"container\" data-e-type=\"container\">\n\t\t\t\t\t<div class=\"e-con-inner\">\n\t\t<div class=\"elementor-element elementor-element-5e6389f e-con-full e-flex e-con e-child\" data-id=\"5e6389f\" data-element_type=\"container\" data-e-type=\"container\">\n\t\t\t\t<div class=\"elementor-element elementor-element-f29df38 elementor-view-default elementor-widget elementor-widget-icon\" data-id=\"f29df38\" data-element_type=\"widget\" data-e-type=\"widget\" data-widget_type=\"icon.default\">\n\t\t\t\t<div class=\"elementor-widget-container\">\n\t\t\t\t\t\t\t<div class=\"elementor-icon-wrapper\">\n\t\t\t<div class=\"elementor-icon\">\n\t\t\t<i aria-hidden=\"true\" class=\"fas fa-bacon\"><\/i>\t\t\t<\/div>\n\t\t<\/div>\n\t\t\t\t\t\t<\/div>\n\t\t\t\t<\/div>\n\t\t\t\t<div class=\"elementor-element elementor-element-95f8170 color-scheme-inherit text-left elementor-widget elementor-widget-text-editor\" data-id=\"95f8170\" data-element_type=\"widget\" data-e-type=\"widget\" data-widget_type=\"text-editor.default\">\n\t\t\t\t<div class=\"elementor-widget-container\">\n\t\t\t\t\t\t\t\t\t<h2><span style=\"font-size: 18pt; color: #216f78;\"><strong>K\u00dcZD A NARANCSB\u0150R ELLEN<\/strong><\/span><\/h2><p>K\u00f6zvetlen\u00fcl a cellulitra ir\u00e1nyul \u00e9s<br \/>Stimul\u00e1ci\u00f3s hull\u00e1mok a sima b\u0151r\u00e9rt.<\/p>\t\t\t\t\t\t\t\t<\/div>\n\t\t\t\t<\/div>\n\t\t\t\t<\/div>\n\t\t<div class=\"elementor-element elementor-element-6c584be e-con-full e-flex e-con e-child\" data-id=\"6c584be\" data-element_type=\"container\" data-e-type=\"container\">\n\t\t\t\t<div class=\"elementor-element elementor-element-2b01d53 elementor-view-default elementor-widget elementor-widget-icon\" data-id=\"2b01d53\" data-element_type=\"widget\" data-e-type=\"widget\" data-widget_type=\"icon.default\">\n\t\t\t\t<div class=\"elementor-widget-container\">\n\t\t\t\t\t\t\t<div class=\"elementor-icon-wrapper\">\n\t\t\t<div class=\"elementor-icon\">\n\t\t\t<i aria-hidden=\"true\" class=\"far fa-grin-hearts\"><\/i>\t\t\t<\/div>\n\t\t<\/div>\n\t\t\t\t\t\t<\/div>\n\t\t\t\t<\/div>\n\t\t\t\t<div class=\"elementor-element elementor-element-c8851d5 color-scheme-inherit text-left elementor-widget elementor-widget-text-editor\" data-id=\"c8851d5\" data-element_type=\"widget\" data-e-type=\"widget\" data-widget_type=\"text-editor.default\">\n\t\t\t\t<div class=\"elementor-widget-container\">\n\t\t\t\t\t\t\t\t\t<h2><span style=\"font-size: 18pt; color: #216f78;\"><strong>GYORS EREDM\u00c9NYEK<\/strong><\/span><\/h2><p>Kevesebb s\u00faly \u00e9s tiszta b\u0151r - l\u00e1that\u00f3 \u00e9s \u00e9szrevehet\u0151 eredm\u00e9nyek m\u00e1r r\u00f6vid id\u0151 ut\u00e1n!<\/p>\t\t\t\t\t\t\t\t<\/div>\n\t\t\t\t<\/div>\n\t\t\t\t<\/div>\n\t\t<div class=\"elementor-element elementor-element-eff56fe e-con-full e-flex e-con e-child\" data-id=\"eff56fe\" data-element_type=\"container\" data-e-type=\"container\">\n\t\t\t\t<div class=\"elementor-element elementor-element-5a84fd5 elementor-view-default elementor-widget elementor-widget-icon\" data-id=\"5a84fd5\" data-element_type=\"widget\" data-e-type=\"widget\" data-widget_type=\"icon.default\">\n\t\t\t\t<div class=\"elementor-widget-container\">\n\t\t\t\t\t\t\t<div class=\"elementor-icon-wrapper\">\n\t\t\t<div class=\"elementor-icon\">\n\t\t\t<i aria-hidden=\"true\" class=\"far fa-calendar-check\"><\/i>\t\t\t<\/div>\n\t\t<\/div>\n\t\t\t\t\t\t<\/div>\n\t\t\t\t<\/div>\n\t\t\t\t<div class=\"elementor-element elementor-element-81a347e color-scheme-inherit text-left elementor-widget elementor-widget-text-editor\" data-id=\"81a347e\" data-element_type=\"widget\" data-e-type=\"widget\" data-widget_type=\"text-editor.default\">\n\t\t\t\t<div class=\"elementor-widget-container\">\n\t\t\t\t\t\t\t\t\t<h2><span style=\"font-size: 18pt; color: #216f78;\"><strong>MEGB\u00cdZHAT\u00d3<\/strong><\/span><\/h2><p>M\u00e1r n\u00e9h\u00e1ny h\u00e9t ut\u00e1n \u00e9rezni \u00e9s l\u00e1tni fogja a pozit\u00edv v\u00e1ltoz\u00e1st a test\u00e9ben.<\/p>\t\t\t\t\t\t\t\t<\/div>\n\t\t\t\t<\/div>\n\t\t\t\t<\/div>\n\t\t\t\t\t<\/div>\n\t\t\t\t<\/div>\n\t\t\t\t\t<\/div>\n\t\t\t\t<\/div>\n\t\t\t\t<\/div>","protected":false},"excerpt":{"rendered":"<p>Winter Detox Ritual &#8211; Monatsaktion 01\/2026 Winter &#8211; die beste Jahreszeit f\u00fcr ein Detox Ritual Wer im Winter detoxed, startet<\/p>","protected":false},"author":1,"featured_media":0,"parent":243543,"menu_order":0,"comment_status":"closed","ping_status":"closed","template":"","meta":{"footnotes":""},"class_list":["post-262757","page","type-page","status-publish","hentry"],"_links":{"self":[{"href":"https:\/\/shapeline.at\/hu\/wp-json\/wp\/v2\/pages\/262757","targetHints":{"allow":["GET"]}}],"collection":[{"href":"https:\/\/shapeline.at\/hu\/wp-json\/wp\/v2\/pages"}],"about":[{"href":"https:\/\/shapeline.at\/hu\/wp-json\/wp\/v2\/types\/page"}],"author":[{"embeddable":true,"href":"https:\/\/shapeline.at\/hu\/wp-json\/wp\/v2\/users\/1"}],"replies":[{"embeddable":true,"href":"https:\/\/shapeline.at\/hu\/wp-json\/wp\/v2\/comments?post=262757"}],"version-history":[{"count":4,"href":"https:\/\/shapeline.at\/hu\/wp-json\/wp\/v2\/pages\/262757\/revisions"}],"predecessor-version":[{"id":262766,"href":"https:\/\/shapeline.at\/hu\/wp-json\/wp\/v2\/pages\/262757\/revisions\/262766"}],"up":[{"embeddable":true,"href":"https:\/\/shapeline.at\/hu\/wp-json\/wp\/v2\/pages\/243543"}],"wp:attachment":[{"href":"https:\/\/shapeline.at\/hu\/wp-json\/wp\/v2\/media?parent=262757"}],"curies":[{"name":"wp","href":"https:\/\/api.w.org\/{rel}","templated":true}]}}