{"id":60,"date":"2021-08-26T12:26:53","date_gmt":"2021-08-26T12:26:53","guid":{"rendered":"http:\/\/dummy.xtemos.com\/woodmart2\/elementor\/?page_id=60"},"modified":"2023-08-11T11:53:28","modified_gmt":"2023-08-11T11:53:28","slug":"kivansaglista","status":"publish","type":"page","link":"https:\/\/shapeline.at\/hu\/kivansaglista\/","title":{"rendered":"K\u00edv\u00e1ns\u00e1glista"},"content":{"rendered":"<div class=\"\" >\n\t\t\t\t\t\t<div class=\"wd-wishlist-content\">\n\t\t\t\t\t\t\t\t\t\n\t\t<div class=\"wd-empty-block wd-empty-wishlist\">\n\n\t\t<h2 class=\"wd-empty-block-title\">\n\t\t\tThis wishlist is empty.\t\t<\/h2>\n\n\t\t\t\t\t<p class=\"wd-empty-block-text\">\n\t\t\t\tM\u00e9g nincs egyetlen term\u00e9k sem a k\u00edv\u00e1ns\u00e1glist\u00e1j\u00e1n.<br>Sz\u00e1mos \u00e9rdekes term\u00e9ket tal\u00e1lhat a <a href=\"\/hu\/shop\/\">\"Bolt\" oldal<\/a>.\t\t\t<\/p>\n\t\t\n\t\t\n\t\t\t\t\t<a class=\"button btn btn-accent wd-empty-block-btn\" href=\"https:\/\/shapeline.at\/hu\/shop\/\">\n\t\t\t\tReturn to shop\t\t\t<\/a>\n\t\t\n\t\t\t\t\t<\/div>\n\t\t\t\t\t\t\t\t\t\t\t<\/div>\n\t\t\t\t<\/div>","protected":false},"excerpt":{"rendered":"","protected":false},"author":1,"featured_media":0,"parent":0,"menu_order":0,"comment_status":"closed","ping_status":"closed","template":"","meta":{"footnotes":""},"class_list":["post-60","page","type-page","status-publish","hentry"],"_links":{"self":[{"href":"https:\/\/shapeline.at\/hu\/wp-json\/wp\/v2\/pages\/60","targetHints":{"allow":["GET"]}}],"collection":[{"href":"https:\/\/shapeline.at\/hu\/wp-json\/wp\/v2\/pages"}],"about":[{"href":"https:\/\/shapeline.at\/hu\/wp-json\/wp\/v2\/types\/page"}],"author":[{"embeddable":true,"href":"https:\/\/shapeline.at\/hu\/wp-json\/wp\/v2\/users\/1"}],"replies":[{"embeddable":true,"href":"https:\/\/shapeline.at\/hu\/wp-json\/wp\/v2\/comments?post=60"}],"version-history":[{"count":2,"href":"https:\/\/shapeline.at\/hu\/wp-json\/wp\/v2\/pages\/60\/revisions"}],"predecessor-version":[{"id":241095,"href":"https:\/\/shapeline.at\/hu\/wp-json\/wp\/v2\/pages\/60\/revisions\/241095"}],"wp:attachment":[{"href":"https:\/\/shapeline.at\/hu\/wp-json\/wp\/v2\/media?parent=60"}],"curies":[{"name":"wp","href":"https:\/\/api.w.org\/{rel}","templated":true}]}}