{"id":16295,"date":"2023-07-27T06:48:07","date_gmt":"2023-07-27T06:48:07","guid":{"rendered":"https:\/\/shop.devepu.apollo.wpspace.me\/?post_type=product&#038;p=16295"},"modified":"2026-02-22T20:29:06","modified_gmt":"2026-02-22T19:29:06","slug":"a-nyirfa-nyirokgel-felszabaditja-a-nyirokrendszert","status":"publish","type":"product","link":"https:\/\/shapeline.at\/hu\/termek\/a-nyirfa-nyirokgel-felszabaditja-a-nyirokrendszert\/","title":{"rendered":"Ny\u00edrfa nyirokg\u00e9l 150ml"},"content":{"rendered":"<p>A <strong>Ny\u00edrfa nyirokg\u00e9l<\/strong> serkenti a nyirok\u00e1raml\u00e1st, ez\u00e9rt nagyon sikeresen alkalmazz\u00e1k a l\u00e1bakban l\u00e9v\u0151 v\u00edzvisszatart\u00e1s kezel\u00e9s\u00e9re. Nagyon hat\u00e9kony a visszerek ellen, \u00e9s a \"neh\u00e9z l\u00e1bakat\" \u00fajra k\u00f6nny\u0171v\u00e9 \u00e9s rugalmass\u00e1 teszi. A g\u00e9l<\/p>\n<ul>\n<li>Serkenti a lelassult nyirok\u00e1raml\u00e1st<\/li>\n<li>seg\u00edt cs\u00f6kkenteni a v\u00edzvisszatart\u00e1st<\/li>\n<\/ul>\n<h3><strong>\u00d6sszetev\u0151k<\/strong><\/h3>\n<p>A nyirokstimul\u00e1l\u00f3 <strong>Ez\u00fcst ny\u00edrfa<\/strong> Ez a g\u00e9l \u00e9rt\u00e9kes anyagokat tartalmaz a m\u00e9regtelen\u00edt\u0151 <strong>Barna alga<\/strong>\u00e9rer\u0151s\u00edt\u0151 <strong>Sz\u0151l\u0151 levelek<\/strong> \u00e9s <strong>Ol\u00edva k\u0151<\/strong>- \u00e9s <strong>Aloe kivonatok<\/strong> az erek regener\u00e1l\u00e1s\u00e1ra.<\/p>\n<h3><strong>Alkalmaz\u00e1s<\/strong><\/h3>\n<p>Naponta egy vastag r\u00e9teget vigyen fel a v\u00e1dli \u00e9s a combok bels\u0151 r\u00e9sz\u00e9n, eg\u00e9szen az \u00e1gy\u00e9kban l\u00e9v\u0151 nyirokcsom\u00f3kig, k\u00f6rk\u00f6r\u00f6s mozdulatokkal az \u00e9rintett ter\u00fcleteken. Finoman dolgozza be a g\u00e9lt a b\u0151rbe.<\/p>\n<h3><strong>\u00c1bra szak\u00e9rt\u0151i tipp<\/strong><\/h3>\n<h5><strong>Rendk\u00edv\u00fcl hat\u00e9kony csin\u00e1ld magad kever\u00e9kek<\/strong><\/h5>\n<p>Keverje \u00f6ssze az olajat a tenyer\u00e9ben 1:1 ar\u00e1nyban a ny\u00edrfany\u00e1l g\u00e9llel, hogy l\u00e1gy \u00e9s kr\u00e9mes massz\u00e1t kapjon. A kismolekul\u00e1j\u00fa aromaolajok \"k\u00fasz\u00f3 tulajdons\u00e1gainak\" k\u00f6sz\u00f6nhet\u0151en a kr\u00e9mek hat\u00f3anyagai behatolnak a sz\u00f6vetek legm\u00e9lyebb r\u00e9tegeibe, \u00e9s \u00edgy sokszorosan feler\u0151s\u00edtik a hat\u00e1st.<\/p>\n<h5><strong>Turbo Mix k\u00f6nny\u0171 l\u00e1bakhoz<\/strong><\/h5>\n<p>Keverj\u00fcnk \u00f6ssze egy cseresznye nagys\u00e1g\u00fa mennyis\u00e9get a ny\u00edrfany\u00e1l g\u00e9lb\u0151l a <strong>Vadvir\u00e1golaj<\/strong>. Ezt a hat\u00e9kony kever\u00e9ket mindk\u00e9t k\u00e9zzel sim\u00edt\u00f3 mozdulatokkal - a bok\u00e1n\u00e1l kezdve - a l\u00e1bak ment\u00e9n alkalmazzuk, \u00e9s enyhe nyom\u00e1ssal massz\u00edrozzuk be.<\/p>","protected":false},"excerpt":{"rendered":"<p>A <strong>Ny\u00edrfa nyirokg\u00e9l<\/strong> serkenti a nyirok\u00e1raml\u00e1st, ez\u00e9rt nagyon sikeresen alkalmazz\u00e1k a l\u00e1bakban l\u00e9v\u0151 v\u00edzvisszatart\u00e1s kezel\u00e9s\u00e9re. Nagyon hat\u00e9kony a visszerek ellen, \u00e9s a \"neh\u00e9z l\u00e1bakat\" \u00fajra k\u00f6nny\u0171v\u00e9 \u00e9s rugalmass\u00e1 teszi. A g\u00e9l<\/p>\n<ul>\n<li>Serkenti a lelassult nyirok\u00e1raml\u00e1st<\/li>\n<li>seg\u00edt cs\u00f6kkenteni a v\u00edzvisszatart\u00e1st<\/li>\n<\/ul>","protected":false},"featured_media":16935,"template":"","meta":[],"product_brand":[],"product_cat":[73],"product_tag":[79],"class_list":{"0":"post-16295","1":"product","2":"type-product","3":"status-publish","4":"has-post-thumbnail","6":"product_cat-pflegeprodukte","7":"product_tag-gel","9":"first","10":"instock","11":"taxable","12":"shipping-taxable","13":"purchasable","14":"product-type-simple"},"supplier_id":null,"supplier_sku":"","barcode":null,"atum_controlled":true,"out_stock_date":null,"out_stock_threshold":null,"inheritable":false,"inbound_stock":0,"stock_on_hold":0,"sold_today":0,"sales_last_days":0,"reserved_stock":0,"customer_returns":0,"warehouse_damage":0,"lost_in_post":0,"other_logs":0,"out_stock_days":0,"lost_sales":0,"has_location":false,"update_date":"2026-04-26T00:03:42","atum_locations":[],"atum_stock_status":"instock","restock_status":false,"low_stock_amount":"","sales_update_date":"2026-04-26T00:03:42","calc_backorders":null,"_links":{"self":[{"href":"https:\/\/shapeline.at\/hu\/wp-json\/wp\/v2\/product\/16295","targetHints":{"allow":["GET"]}}],"collection":[{"href":"https:\/\/shapeline.at\/hu\/wp-json\/wp\/v2\/product"}],"about":[{"href":"https:\/\/shapeline.at\/hu\/wp-json\/wp\/v2\/types\/product"}],"version-history":[{"count":10,"href":"https:\/\/shapeline.at\/hu\/wp-json\/wp\/v2\/product\/16295\/revisions"}],"predecessor-version":[{"id":246629,"href":"https:\/\/shapeline.at\/hu\/wp-json\/wp\/v2\/product\/16295\/revisions\/246629"}],"wp:featuredmedia":[{"embeddable":true,"href":"https:\/\/shapeline.at\/hu\/wp-json\/wp\/v2\/media\/16935"}],"wp:attachment":[{"href":"https:\/\/shapeline.at\/hu\/wp-json\/wp\/v2\/media?parent=16295"}],"wp:term":[{"taxonomy":"product_brand","embeddable":true,"href":"https:\/\/shapeline.at\/hu\/wp-json\/wp\/v2\/product_brand?post=16295"},{"taxonomy":"product_cat","embeddable":true,"href":"https:\/\/shapeline.at\/hu\/wp-json\/wp\/v2\/product_cat?post=16295"},{"taxonomy":"product_tag","embeddable":true,"href":"https:\/\/shapeline.at\/hu\/wp-json\/wp\/v2\/product_tag?post=16295"}],"curies":[{"name":"wp","href":"https:\/\/api.w.org\/{rel}","templated":true}]}}