{"id":16297,"date":"2023-07-27T06:48:08","date_gmt":"2023-07-27T06:48:08","guid":{"rendered":"https:\/\/shop.devepu.apollo.wpspace.me\/?post_type=product&#038;p=16297"},"modified":"2026-04-11T18:15:33","modified_gmt":"2026-04-11T17:15:33","slug":"termoaktiv-csomagolofolia-csomagolasokhoz","status":"publish","type":"product","link":"https:\/\/shapeline.at\/hu\/termek\/termoaktiv-csomagolofolia-csomagolasokhoz\/","title":{"rendered":"Termoakt\u00edv csomagol\u00f3f\u00f3lia csomagol\u00e1sokhoz"},"content":{"rendered":"<h3><strong>Forr\u00f3 \u00e9s hideg<\/strong><\/h3>\n<p>A mi <strong>Termoakt\u00edv csomagol\u00f3f\u00f3lia csomagol\u00e1sokhoz<\/strong> egy olyan f\u00f3lia, amelyet hideg \u00e9s meleg f\u00f3liapakol\u00e1shoz egyar\u00e1nt haszn\u00e1lhat. A speci\u00e1lis testtekercsel\u0151 f\u00f3lia kifejezetten otthoni tekercsel\u00e9shez k\u00e9sz\u00fclt. Anyaga<\/p>\n<ul>\n<li>B\u0151rbar\u00e1t \u00e9s antiallerg\u00e9n<\/li>\n<li>Kifejezetten testtekercsel\u00e9shez kifejlesztve<\/li>\n<li>Termoakt\u00edv, azaz k\u00fcl\u00f6n\u00f6sen alkalmas kompresszi\u00f3s tekercsel\u00e9sre<\/li>\n<\/ul>\n<h3><strong>Alkalmaz\u00e1s<\/strong><\/h3>\n<p>Csomagolja be mag\u00e1t karcs\u00faan a kiv\u00e1l\u00f3 min\u0151s\u00e9g\u0171 testtekercsel\u0151 f\u00f3li\u00e1nkkal. Vigye fel a meleg\u00edt\u0151 enzimkoncentr\u00e1tumot vagy a h\u0171s\u00edt\u0151 omega g\u00e9lt a kezelend\u0151 probl\u00e9m\u00e1s ter\u00fcletekre. Tekerje r\u00e1 a b\u0151rbar\u00e1t speci\u00e1lis f\u00f3li\u00e1t. Kezdje a combokkal. K\u00e9rj\u00fck, vegye figyelembe, hogy a kompresszi\u00f3s f\u00f3li\u00e1t mindig a sz\u00edv fel\u00e9 kell alkalmazni. Rendszeres haszn\u00e1lat eset\u00e9n a testtekercsel\u0151 f\u00f3lia seg\u00edt karcs\u00fabb \u00e9s t\u00f3nusosabb testet var\u00e1zsolni a kezel\u00e9si term\u00e9kek m\u00e9ly, meleg behatol\u00e1s\u00e1nak k\u00f6sz\u00f6nhet\u0151en.<\/p>\n<h3><strong>Ez \u00e9rdekes lehet<\/strong><\/h3>\n<p>A term\u00e9k egy 120 m\u00e9ter hossz\u00fas\u00e1g\u00fa f\u00f3li\u00e1b\u00f3l \u00e1ll. Ide\u00e1lis sz\u00e9less\u00e9ge 20 cm. A f\u00f3lia k\u00f6r\u00fclbel\u00fcl n\u00e9gy-nyolc kezel\u00e9sre elegend\u0151, a testm\u00e9rett\u0151l \u00e9s a testk\u00f6rfogatt\u00f3l f\u00fcgg\u0151en.<\/p>","protected":false},"excerpt":{"rendered":"<h3><strong>Forr\u00f3 \u00e9s hideg<\/strong><\/h3>\n<p>A mi <strong>Termoakt\u00edv csomagol\u00f3f\u00f3lia csomagol\u00e1sokhoz<\/strong> egy olyan f\u00f3lia, amelyet hideg \u00e9s meleg f\u00f3liapakol\u00e1shoz egyar\u00e1nt haszn\u00e1lhat. A speci\u00e1lis testtekercsel\u0151 f\u00f3lia kifejezetten otthoni tekercsel\u00e9shez k\u00e9sz\u00fclt. Anyaga<\/p>\n<ul>\n<li>B\u0151rbar\u00e1t \u00e9s antiallerg\u00e9n<\/li>\n<li>Kifejezetten testtekercsel\u00e9shez kifejlesztve<\/li>\n<li>Termoakt\u00edv, azaz k\u00fcl\u00f6n\u00f6sen alkalmas kompresszi\u00f3s tekercsel\u00e9sre<\/li>\n<\/ul>","protected":false},"featured_media":16898,"template":"","meta":[],"product_brand":[],"product_cat":[85],"product_tag":[],"class_list":{"0":"post-16297","1":"product","2":"type-product","3":"status-publish","4":"has-post-thumbnail","6":"product_cat-koerperwickel","8":"first","9":"instock","10":"taxable","11":"shipping-taxable","12":"purchasable","13":"product-type-simple"},"supplier_id":null,"supplier_sku":"","barcode":null,"atum_controlled":true,"out_stock_date":null,"out_stock_threshold":null,"inheritable":false,"inbound_stock":0,"stock_on_hold":0,"sold_today":0,"sales_last_days":0,"reserved_stock":0,"customer_returns":0,"warehouse_damage":0,"lost_in_post":0,"other_logs":0,"out_stock_days":0,"lost_sales":0,"has_location":false,"update_date":"2026-04-27T00:03:45","atum_locations":[],"atum_stock_status":"instock","restock_status":false,"low_stock_amount":"","sales_update_date":"2026-04-27T00:03:45","calc_backorders":null,"_links":{"self":[{"href":"https:\/\/shapeline.at\/hu\/wp-json\/wp\/v2\/product\/16297","targetHints":{"allow":["GET"]}}],"collection":[{"href":"https:\/\/shapeline.at\/hu\/wp-json\/wp\/v2\/product"}],"about":[{"href":"https:\/\/shapeline.at\/hu\/wp-json\/wp\/v2\/types\/product"}],"version-history":[{"count":8,"href":"https:\/\/shapeline.at\/hu\/wp-json\/wp\/v2\/product\/16297\/revisions"}],"predecessor-version":[{"id":246645,"href":"https:\/\/shapeline.at\/hu\/wp-json\/wp\/v2\/product\/16297\/revisions\/246645"}],"wp:featuredmedia":[{"embeddable":true,"href":"https:\/\/shapeline.at\/hu\/wp-json\/wp\/v2\/media\/16898"}],"wp:attachment":[{"href":"https:\/\/shapeline.at\/hu\/wp-json\/wp\/v2\/media?parent=16297"}],"wp:term":[{"taxonomy":"product_brand","embeddable":true,"href":"https:\/\/shapeline.at\/hu\/wp-json\/wp\/v2\/product_brand?post=16297"},{"taxonomy":"product_cat","embeddable":true,"href":"https:\/\/shapeline.at\/hu\/wp-json\/wp\/v2\/product_cat?post=16297"},{"taxonomy":"product_tag","embeddable":true,"href":"https:\/\/shapeline.at\/hu\/wp-json\/wp\/v2\/product_tag?post=16297"}],"curies":[{"name":"wp","href":"https:\/\/api.w.org\/{rel}","templated":true}]}}