{"id":16301,"date":"2023-07-27T06:48:08","date_gmt":"2023-07-27T06:48:08","guid":{"rendered":"https:\/\/shop.devepu.apollo.wpspace.me\/?post_type=product&#038;p=16301"},"modified":"2026-02-27T09:51:47","modified_gmt":"2026-02-27T08:51:47","slug":"alga-csomag-2","status":"publish","type":"product","link":"https:\/\/shapeline.at\/hu\/termek\/alga-csomag-2\/","title":{"rendered":"Alga csomag 150ml"},"content":{"rendered":"<h3>Tiszta t\u00e1pl\u00e1l\u00e9k a b\u0151rnek<\/h3>\n<p><span style=\"color: #333333;\">K\u00e9nyeztesse sz\u00e1raz b\u0151r\u00e9t \u00e9s probl\u00e9m\u00e1s ter\u00fcleteit a rendk\u00edv\u00fcl hat\u00e9kony algapakol\u00e1s rendszeres heti alkalmaz\u00e1s\u00e1val. Vigye fel a paszt\u00e1t b\u0151s\u00e9gesen, \u00e9s hagyja, hogy a hat\u00f3anyagok felsz\u00edv\u00f3djanak. A hat\u00e9kony felsz\u00edv\u00f3d\u00e1s \u00e9rdek\u00e9ben fedje le termof\u00f3li\u00e1val <\/span>a <span style=\"color: #333333;\">El\u0151k\u00e9sz\u00edt\u00e9s valamivel t\u00f6bb mint f\u00e9l \u00f3ra. A hat\u00f3anyagok m\u00e1r 40 perc eltelt\u00e9vel teljesen felsz\u00edv\u00f3dnak.<\/span><\/p>\n<p><span style=\"color: #333333;\">B\u0151re fontos t\u00e1panyagokat kap, \u00e9s ezzel egyidej\u0171leg megtisztulnak az energi\u00e1ban megfogyatkozott, megereszkedett testr\u00e9szek. A nem k\u00edv\u00e1nt anyagcsereterm\u00e9kek, m\u00e9reganyagok \u00e9s egy\u00e9b nemk\u00edv\u00e1natos anyagok elt\u00e1vol\u00edt\u00e1sa a kezelt testt\u00e1jakr\u00f3l az ezt k\u00f6vet\u0151 fiziol\u00f3gi\u00e1s sejtmeg\u00fajul\u00e1ssal \u00f6sszhangban l\u00e1that\u00f3an sim\u00e1bb \u00e9s fiatalosabb b\u0151rt eredm\u00e9nyez. Ezt k\u00fcl\u00f6n\u00f6sen a dekolt\u00e1zs, a has, a fen\u00e9k, a felkarok \u00e9s a combok probl\u00e9m\u00e1s ter\u00fcletein l\u00e1thatja \u00e9s \u00e9rezheti. <\/span><\/p>\n<p><span style=\"color: #333333;\">A benne tal\u00e1lhat\u00f3 algakivonatok a fogy\u00e1sban is seg\u00edtenek, \u00e9s r\u00e9g\u00f3ta sikerrel alkalmazz\u00e1k a narancsb\u0151r ellen. <\/span>M\u00e9regtelen\u00edt\u0151 tulajdons\u00e1gaival az algacsomag ide\u00e1lis szerepet j\u00e1tszik az el\u0151kezel\u00e9sben a <strong>Alga wrap otthoni csomagok <\/strong>a  c\u00edmre.<strong>.\u00a0<\/strong><\/p>","protected":false},"excerpt":{"rendered":"<h3>Tiszta t\u00e1pl\u00e1l\u00e9k a b\u0151rnek<\/h3>\n<p>K\u00e9nyeztesse sz\u00e1raz b\u0151r\u00e9t \u00e9s probl\u00e9m\u00e1s ter\u00fcleteit a rendk\u00edv\u00fcl hat\u00e9kony algapakol\u00e1s rendszeres heti alkalmaz\u00e1s\u00e1val. Vigye fel a paszt\u00e1t b\u0151s\u00e9gesen, \u00e9s hagyja, hogy a hat\u00f3anyagok felsz\u00edv\u00f3djanak. H\u0151f\u00f3li\u00e1val letakarva a kezel\u00e9s hat\u00e9kony felsz\u00edv\u00f3d\u00e1sa alig t\u00f6bb mint f\u00e9l \u00f3r\u00e1t vesz ig\u00e9nybe. A hat\u00f3anyagok m\u00e1r 40 perc eltelt\u00e9vel teljesen felsz\u00edv\u00f3dnak.<\/p>","protected":false},"featured_media":16900,"template":"","meta":[],"product_brand":[],"product_cat":[85],"product_tag":[91,92,93,94],"class_list":{"0":"post-16301","1":"product","2":"type-product","3":"status-publish","4":"has-post-thumbnail","6":"product_cat-koerperwickel","7":"product_tag-algencreme","8":"product_tag-algenpackung","9":"product_tag-algenwickel","10":"product_tag-wickelalgen","12":"first","13":"instock","14":"taxable","15":"shipping-taxable","16":"purchasable","17":"product-type-simple"},"_links":{"self":[{"href":"https:\/\/shapeline.at\/hu\/wp-json\/wp\/v2\/product\/16301","targetHints":{"allow":["GET"]}}],"collection":[{"href":"https:\/\/shapeline.at\/hu\/wp-json\/wp\/v2\/product"}],"about":[{"href":"https:\/\/shapeline.at\/hu\/wp-json\/wp\/v2\/types\/product"}],"version-history":[{"count":18,"href":"https:\/\/shapeline.at\/hu\/wp-json\/wp\/v2\/product\/16301\/revisions"}],"predecessor-version":[{"id":246640,"href":"https:\/\/shapeline.at\/hu\/wp-json\/wp\/v2\/product\/16301\/revisions\/246640"}],"wp:featuredmedia":[{"embeddable":true,"href":"https:\/\/shapeline.at\/hu\/wp-json\/wp\/v2\/media\/16900"}],"wp:attachment":[{"href":"https:\/\/shapeline.at\/hu\/wp-json\/wp\/v2\/media?parent=16301"}],"wp:term":[{"taxonomy":"product_brand","embeddable":true,"href":"https:\/\/shapeline.at\/hu\/wp-json\/wp\/v2\/product_brand?post=16301"},{"taxonomy":"product_cat","embeddable":true,"href":"https:\/\/shapeline.at\/hu\/wp-json\/wp\/v2\/product_cat?post=16301"},{"taxonomy":"product_tag","embeddable":true,"href":"https:\/\/shapeline.at\/hu\/wp-json\/wp\/v2\/product_tag?post=16301"}],"curies":[{"name":"wp","href":"https:\/\/api.w.org\/{rel}","templated":true}]}}