{"id":16303,"date":"2023-07-27T06:48:08","date_gmt":"2023-07-27T06:48:08","guid":{"rendered":"https:\/\/shop.devepu.apollo.wpspace.me\/?post_type=product&#038;p=16303"},"modified":"2026-04-16T17:57:40","modified_gmt":"2026-04-16T16:57:40","slug":"forro-gel","status":"publish","type":"product","link":"https:\/\/shapeline.at\/hu\/termek\/forro-gel\/","title":{"rendered":"Hot Wrap Enzym-Gel 150ml"},"content":{"rendered":"<p>A koncentr\u00e1lt enzimek a <strong>Hot Wrap Enzym-Gel<\/strong> biomolekul\u00e1kkal gazdagodnak. T\u00e1mogatj\u00e1k a zs\u00edrsejtek cs\u00f6kkent\u00e9s\u00e9t \u00e9s cs\u00f6kkentik a b\u0151r alatti sz\u00f6vetekben (fen\u00e9k, has, cs\u00edp\u0151, comb) tal\u00e1lhat\u00f3 zs\u00edr mennyis\u00e9g\u00e9t. M\u00e9g karcs\u00fa, \"norm\u00e1l\" testalkat eset\u00e9n is az enzimg\u00e9lben tal\u00e1lhat\u00f3 n\u00f6v\u00e9nyi enzimek \u00e9s biomolekul\u00e1k tart\u00f3san cs\u00f6kkentik a has, a cs\u00edp\u0151, a felkarok \u00e9s a combok ker\u00fclet\u00e9t.<\/p>\n<h3><strong>Alkalmaz\u00e1s<\/strong><\/h3>\n<p>Naponta egyszer vigye fel a g\u00e9lt a probl\u00e9m\u00e1s ter\u00fcletekre, \u00e9s hagyja hatni. Az optim\u00e1lis eredm\u00e9ny el\u00e9r\u00e9se \u00e9rdek\u00e9ben legal\u00e1bb h\u00e1rom h\u00e9ten kereszt\u00fcl csak k\u00e9tnaponta alkalmazza a kezel\u00e9st.<\/p>\n<p><strong>El\u0151kezel\u00e9s:<\/strong><\/p>\n<p>Az enzimg\u00e9lt t\u00e9rdt\u0151l a mellkas al\u00e1 vigy\u00fck fel. Ez egy meleg\u00edt\u0151 k\u00e9sz\u00edtm\u00e9ny. K\u00e9rj\u00fck, ut\u00e1na mosson kezet.<\/p>\n<h5><strong>F\u0151 kezel\u00e9s:<\/strong><\/h5>\n<p>K\u00f6r\u00fclbel\u00fcl 3-5 perc eltelt\u00e9vel a bekr\u00e9mezett ter\u00fcleteket szoros termoakt\u00edv f\u00f3li\u00e1val bor\u00edtjuk be. A jobb t\u00e9rd alatt kezdve eg\u00e9szen a mellkasig, majd a bal t\u00e9rdn\u00e9l kezdve ism\u00e9t a fen\u00e9k \u00e9s a has f\u00f6l\u00f6tt. \u00dcgyeljen arra, hogy a fen\u00e9k alatt ne maradjon szabadon b\u0151r.<\/p>\n<h5><strong>Expoz\u00edci\u00f3s id\u0151:<\/strong><\/h5>\n<p>Hagyja rajta a testtekercsel\u0151 g\u00e9lt 40 percig, majd fek\u00fcdj\u00f6n le, \u00e9s pr\u00f3b\u00e1ljon meg ellazulni. Min\u00e9l akad\u00e1lytalanabbak a test meridi\u00e1njai, ann\u00e1l hat\u00e9konyabban sz\u00edv\u00f3dnak fel az \u00f6sszetev\u0151k.<\/p>\n<h5><strong>Ut\u00f3kezel\u00e9s:<\/strong><\/h5>\n<p>Vegye le a f\u00f3li\u00e1t, \u00e9s massz\u00edrozza be a g\u00e9lmarad\u00e9kot. V\u00e9g\u00fcl a <strong>Hegyi gy\u00f3gyn\u00f6v\u00e9ny aromaolaj <\/strong>az eg\u00e9sz testen. Ez t\u00f6bb \u00f3r\u00e1n \u00e1t \"lez\u00e1rja\" a sz\u00f6veteket az ut\u00f3hat\u00e1s \u00e9s a tart\u00f3s, fokozott zs\u00edr\u00e9get\u00e9s \u00e9rdek\u00e9ben. K\u00e9rj\u00fck, ne zuhanyozzon vagy \u00fasszon k\u00f6zvetlen\u00fcl a kezel\u00e9s ut\u00e1n.<\/p>\n<h3><strong>Hat\u00e1sfokoz\u00f3<\/strong><\/h3>\n<p>Haszn\u00e1lja az enzimkoncentr\u00e1tumot a <strong>Body Wrap enzimes otthoni csomag<\/strong><\/p>","protected":false},"excerpt":{"rendered":"<p>A koncentr\u00e1lt enzimek a <strong>Hot Wrap Enzym-Gel<\/strong> biomolekul\u00e1kkal gazdagodnak. T\u00e1mogatj\u00e1k a zs\u00edrsejtek cs\u00f6kkent\u00e9s\u00e9t \u00e9s cs\u00f6kkentik a b\u0151r alatti sz\u00f6vetekben (fen\u00e9k, has, cs\u00edp\u0151, comb) tal\u00e1lhat\u00f3 zs\u00edr mennyis\u00e9g\u00e9t. M\u00e9g karcs\u00fa, \"norm\u00e1l\" testalkat eset\u00e9n is az enzimg\u00e9lben tal\u00e1lhat\u00f3 n\u00f6v\u00e9nyi enzimek \u00e9s biomolekul\u00e1k tart\u00f3san cs\u00f6kkentik a has, a cs\u00edp\u0151, a felkarok \u00e9s a combok ker\u00fclet\u00e9t.<\/p>","protected":false},"featured_media":16905,"template":"","meta":[],"product_brand":[],"product_cat":[85],"product_tag":[],"class_list":{"0":"post-16303","1":"product","2":"type-product","3":"status-publish","4":"has-post-thumbnail","6":"product_cat-koerperwickel","8":"first","9":"instock","10":"taxable","11":"shipping-taxable","12":"purchasable","13":"product-type-simple"},"supplier_id":null,"supplier_sku":"","barcode":null,"atum_controlled":true,"out_stock_date":null,"out_stock_threshold":null,"inheritable":false,"inbound_stock":0,"stock_on_hold":0,"sold_today":0,"sales_last_days":1,"reserved_stock":0,"customer_returns":0,"warehouse_damage":0,"lost_in_post":0,"other_logs":0,"out_stock_days":0,"lost_sales":0,"has_location":false,"update_date":"2026-04-26T00:03:41","atum_locations":[],"atum_stock_status":"instock","restock_status":false,"low_stock_amount":"","sales_update_date":"2026-04-26T00:03:41","calc_backorders":null,"_links":{"self":[{"href":"https:\/\/shapeline.at\/hu\/wp-json\/wp\/v2\/product\/16303","targetHints":{"allow":["GET"]}}],"collection":[{"href":"https:\/\/shapeline.at\/hu\/wp-json\/wp\/v2\/product"}],"about":[{"href":"https:\/\/shapeline.at\/hu\/wp-json\/wp\/v2\/types\/product"}],"version-history":[{"count":11,"href":"https:\/\/shapeline.at\/hu\/wp-json\/wp\/v2\/product\/16303\/revisions"}],"predecessor-version":[{"id":262451,"href":"https:\/\/shapeline.at\/hu\/wp-json\/wp\/v2\/product\/16303\/revisions\/262451"}],"wp:featuredmedia":[{"embeddable":true,"href":"https:\/\/shapeline.at\/hu\/wp-json\/wp\/v2\/media\/16905"}],"wp:attachment":[{"href":"https:\/\/shapeline.at\/hu\/wp-json\/wp\/v2\/media?parent=16303"}],"wp:term":[{"taxonomy":"product_brand","embeddable":true,"href":"https:\/\/shapeline.at\/hu\/wp-json\/wp\/v2\/product_brand?post=16303"},{"taxonomy":"product_cat","embeddable":true,"href":"https:\/\/shapeline.at\/hu\/wp-json\/wp\/v2\/product_cat?post=16303"},{"taxonomy":"product_tag","embeddable":true,"href":"https:\/\/shapeline.at\/hu\/wp-json\/wp\/v2\/product_tag?post=16303"}],"curies":[{"name":"wp","href":"https:\/\/api.w.org\/{rel}","templated":true}]}}