{"id":16314,"date":"2023-07-27T06:48:08","date_gmt":"2023-07-27T06:48:08","guid":{"rendered":"https:\/\/shop.devepu.apollo.wpspace.me\/?post_type=product&#038;p=16314"},"modified":"2026-04-14T11:49:33","modified_gmt":"2026-04-14T10:49:33","slug":"diaet-shake-nature-3er","status":"publish","type":"product","link":"https:\/\/shapeline.at\/hu\/termek\/diaet-shake-nature-3er\/","title":{"rendered":"Di\u00e9t\u00e1s Shake term\u00e9szet 3-pack"},"content":{"rendered":"<h3><strong>Fogy\u00e1s \"Easy Going\" - a v\u00e1ltozatos di\u00e9t\u00e1s shake-ekkel<\/strong><\/h3>\n<p>H\u00e1rom ev\u0151kan\u00e1l di\u00e9t\u00e1s turmix v\u00edzzel, gy\u00fcm\u00f6lccsel vagy levessel \u00f6sszekeverve \u00edzletes \u00e9s eg\u00e9szs\u00e9ges, teljes \u00e9rt\u00e9k\u0171 \u00e9telt k\u00e9sz\u00edthet. Di\u00e9t\u00e1s turmixaink mindent megadnak, amire sz\u00fcks\u00e9ge van. A shake-ek \u00e9rt\u00e9kes \u00f6sszetev\u0151ket \u00e9s minden fontos t\u00e1panyagot biztos\u00edtanak, amire sz\u00fcks\u00e9ge van az anyagcsere \u00e9s a j\u00f3 k\u00f6z\u00e9rzet optimaliz\u00e1l\u00e1s\u00e1hoz. A fogy\u00e1s \u00e9s a zs\u00edrcs\u00f6kkent\u00e9s m\u00e9g soha nem volt ilyen egyszer\u0171 \u00e9s \u00e9lvezetes.<\/p>\n<ul>\n<li>Gyors fogy\u00e1s<\/li>\n<li>tart\u00f3s j\u00f3llakotts\u00e1g \u00e9rz\u00e9s<\/li>\n<li>Hat\u00e9kony zs\u00edr\u00e9get\u00e9s<\/li>\n<li>L\u00e9tfontoss\u00e1g\u00fa t\u00e1pegys\u00e9g<\/li>\n<\/ul>\n<h5><strong>Finom shake-ek \u00e0 la carte<\/strong><\/h5>\n<p>\u00d6sszegy\u0171jt\u00f6tt\u00fcnk neked t\u00edz egyed\u00fcl\u00e1ll\u00f3an \u00edzletes shake-receptet, amelyekkel meg\u00e9des\u00edtheted a fogy\u00f3k\u00far\u00e1dat, \u00e9s megfelel\u0151 \u00edzt adhatsz neki:<\/p>\n<ol>\n<li><strong>K\u00e1v\u00e9 csokol\u00e1d\u00e9 shake<\/strong><\/li>\n<li><strong>R\u00e9pa shake<\/strong><\/li>\n<li><strong>Ment\u00e1s ital<\/strong><\/li>\n<li><strong>Forr\u00f3 szerelmi shake<\/strong><\/li>\n<li><strong>Curry Booster<\/strong><\/li>\n<li><strong>Avok\u00e1d\u00f3 shake<\/strong><\/li>\n<li><strong>Z\u00f6ld energia<\/strong><\/li>\n<li><strong>K\u00f3kuszos shake<\/strong><\/li>\n<li><strong>Alma cukkini eb\u00e9d<\/strong><\/li>\n<li><strong>Gy\u00fcm\u00f6lcs fagylalt shake<\/strong><\/li>\n<\/ol>\n<h3><strong>\u00d6sszetev\u0151k<\/strong><\/h3>\n<p>A recept megfelel az EU szigor\u00fa, 14a. \u00a7 szerinti di\u00e9t\u00e1s rendelet\u00e9nek. Ez\u00e9rt korl\u00e1toz\u00e1s n\u00e9lk\u00fcl felhaszn\u00e1lhat\u00f3 \u00e9s fogyaszthat\u00f3. Nem jelentkeznek hi\u00e1nyt\u00fcnetek, mivel <strong>Zs\u00edrok<\/strong>, <strong>Sz\u00e9nhidr\u00e1tok<\/strong>, <strong>Feh\u00e9rje<\/strong> \u00e9s minden fontos <strong>Vitaminok<\/strong> \u00e9s <strong>\u00c1sv\u00e1nyok<\/strong> egy t\u00f6k\u00e9letes kompoz\u00edci\u00f3ban vannak benne. A k\u00fcl\u00f6n\u00f6sen bonyolult recept a magas <strong>Feh\u00e9rjetartalom<\/strong> hosszan tart\u00f3 tel\u00edtetts\u00e9g\u00e9rzetet biztos\u00edt. A shake eg\u00e9szs\u00e9ges<strong> Omega-3 <\/strong>\u00e9s <strong>Omega-6 zs\u00edrsavak<\/strong>.<\/p>\n<p>Sok m\u00e1s turmixszal ellent\u00e9tben a mi di\u00e9t\u00e1s turmixunk a k\u00f6vetkez\u0151ket tartalmazza <em>nincs<\/em> n\u00e1dcukorral, de kaphat\u00f3 a szinte kal\u00f3riamentes <strong>T\u00f6bbsz\u00f6r\u00f6s cukor malt\u00f3z<\/strong> az ide\u00e1lis kever\u00e9si ar\u00e1nyban \u00e9des\u00edtett.<\/p>\n<h3><strong>Alkalmaz\u00e1s<\/strong><\/h3>\n<p>H\u00e1rom halmozott ev\u0151kan\u00e1l Diet Shake nature por k\u00e9sz\u00edthet\u0151 v\u00edzzel, sov\u00e1ny, sz\u00f3ja-, zab- vagy rizstejjel, valamint t\u00far\u00f3val, kefirrel vagy \u00edr\u00f3val, \u00e9s t\u00f6k\u00e9letesen felold\u00f3dik a folyad\u00e9kban. <strong>Egy shake egy teljes \u00e9tkez\u00e9st helyettes\u00edt 220 kal\u00f3ri\u00e1val.<\/strong><\/p>\n<h3><strong>\u00c1bra szak\u00e9rt\u0151i tipp<\/strong><\/h3>\n<p>\u00c9rje el \u00e1lmai alakj\u00e1t l\u00fagos levessel - s\u00f3v\u00e1rg\u00e1s n\u00e9lk\u00fcl!<\/p>\n<h5><strong>S\u00f3s shake<\/strong><\/h5>\n<p>Ha a turmixot ink\u00e1bb s\u00f3san szereted, egyszer\u0171en adj hozz\u00e1 egy te\u00e1skan\u00e1lnyi <strong>L\u00fagos leves <\/strong>r\u00e1ad\u00e1sul. Kezdje azonnal a <strong>15 napos Kilo Killer program<\/strong>. Ezzel a programmal a fogy\u00e1s ak\u00e1r <strong>5 kil\u00f3 mind\u00f6ssze 15 nap alatt<\/strong> el\u00e9rhet\u0151. \u00c9rdekl\u0151dj\u00f6n a figuraszak\u00e9rt\u0151n\u00e9l.<\/p>","protected":false},"excerpt":{"rendered":"<p>Sok m\u00e1s turmixszal ellent\u00e9tben a mi di\u00e9t\u00e1s turmixunk a k\u00f6vetkez\u0151ket tartalmazza <em>nincs<\/em> n\u00e1dcukorral, de kaphat\u00f3 a szinte kal\u00f3riamentes <strong>T\u00f6bbsz\u00f6r\u00f6s cukor malt\u00f3z<\/strong> az ide\u00e1lis kever\u00e9si ar\u00e1nyban \u00e9des\u00edtett.<\/p>","protected":false},"featured_media":16921,"template":"","meta":[],"product_brand":[],"product_cat":[103,102],"product_tag":[],"class_list":{"0":"post-16314","1":"product","2":"type-product","3":"status-publish","4":"has-post-thumbnail","6":"product_cat-aktuelle-angebote","7":"product_cat-nahrungsergaenzung","9":"first","10":"instock","11":"taxable","12":"shipping-taxable","13":"purchasable","14":"product-type-simple"},"_links":{"self":[{"href":"https:\/\/shapeline.at\/hu\/wp-json\/wp\/v2\/product\/16314","targetHints":{"allow":["GET"]}}],"collection":[{"href":"https:\/\/shapeline.at\/hu\/wp-json\/wp\/v2\/product"}],"about":[{"href":"https:\/\/shapeline.at\/hu\/wp-json\/wp\/v2\/types\/product"}],"version-history":[{"count":10,"href":"https:\/\/shapeline.at\/hu\/wp-json\/wp\/v2\/product\/16314\/revisions"}],"predecessor-version":[{"id":246435,"href":"https:\/\/shapeline.at\/hu\/wp-json\/wp\/v2\/product\/16314\/revisions\/246435"}],"wp:featuredmedia":[{"embeddable":true,"href":"https:\/\/shapeline.at\/hu\/wp-json\/wp\/v2\/media\/16921"}],"wp:attachment":[{"href":"https:\/\/shapeline.at\/hu\/wp-json\/wp\/v2\/media?parent=16314"}],"wp:term":[{"taxonomy":"product_brand","embeddable":true,"href":"https:\/\/shapeline.at\/hu\/wp-json\/wp\/v2\/product_brand?post=16314"},{"taxonomy":"product_cat","embeddable":true,"href":"https:\/\/shapeline.at\/hu\/wp-json\/wp\/v2\/product_cat?post=16314"},{"taxonomy":"product_tag","embeddable":true,"href":"https:\/\/shapeline.at\/hu\/wp-json\/wp\/v2\/product_tag?post=16314"}],"curies":[{"name":"wp","href":"https:\/\/api.w.org\/{rel}","templated":true}]}}