{"id":16319,"date":"2023-07-27T06:48:09","date_gmt":"2023-07-27T06:48:09","guid":{"rendered":"https:\/\/shop.devepu.apollo.wpspace.me\/?post_type=product&#038;p=16319"},"modified":"2026-04-30T05:46:15","modified_gmt":"2026-04-30T04:46:15","slug":"test-peeling-kollagen","status":"publish","type":"product","link":"https:\/\/shapeline.at\/hu\/termek\/test-peeling-kollagen\/","title":{"rendered":"Test Peeling Collagen 150ml"},"content":{"rendered":"<h3>Aj\u00e1nd\u00e9k a b\u0151r\u00e9nek<\/h3>\n<p>Az emberi b\u0151rsejtek 28 naponk\u00e9nt folyamatosan meg\u00fajulnak. Kollag\u00e9nes testrad\u00edrunk ennek a hat\u00e1snak tesz eleget, mivel seg\u00edt az elhalt h\u00e1msejtek elt\u00e1vol\u00edt\u00e1s\u00e1ban is. A testrad\u00edr finom, gyeng\u00e9d h\u00e1mlaszt\u00f3 anyaggal sim\u00edtja a b\u0151r fels\u0151 r\u00e9teg\u00e9t.<\/p>\n<p>Az exkluz\u00edv testrad\u00edr magas kollag\u00e9ntartalm\u00e1nak k\u00f6sz\u00f6nhet\u0151en feszes, selymesen sima b\u0151rt eredm\u00e9nyez. A kollag\u00e9nek a revitaliz\u00e1l\u00f3 mikrogy\u00f6ngy\u00f6kkel kombin\u00e1lva finom\u00edtj\u00e1k \u00e9s kisim\u00edtj\u00e1k a b\u0151r text\u00far\u00e1j\u00e1t, puh\u00e1v\u00e1 \u00e9s rugalmass\u00e1 teszik azt. Az alkalmaz\u00e1s sor\u00e1n v\u00e9gzett massz\u00edroz\u00f3 mozdulatok serkentik a b\u0151r mikrokering\u00e9s\u00e9t, a finom illat pedig a j\u00f3 k\u00f6z\u00e9rzet pillanatait biztos\u00edtja.<\/p>\n<h3><strong>Alkalmaz\u00e1s<\/strong><\/h3>\n<p>Egyszer\u0171en nedves\u00edtse meg a kez\u00e9t, majd gyeng\u00e9d k\u00f6rk\u00f6r\u00f6s mozdulatokkal massz\u00edrozza a b\u0151rbe a gazdag, t\u00e1pl\u00e1l\u00f3 testrad\u00edrt. Ezut\u00e1n alaposan \u00f6bl\u00edtse le a testet.<\/p>\n<h3><strong>\u00c1bra szak\u00e9rt\u0151i tipp<\/strong><\/h3>\n<h5><strong>Tipp 1<\/strong><\/h5>\n<p><strong>Minden egyes pakol\u00e1s \u00e9s kezel\u00e9s el\u0151tt<\/strong> Javasoljuk, hogy a kezel\u00e9s ut\u00e1n haszn\u00e1ljon testpeelinget, mivel ez sim\u00e1bb\u00e1 teszi a b\u0151rt, \u00e9s el\u0151k\u00e9sz\u00edti azt a k\u00f6vetkez\u0151 kezel\u00e9sre.<\/p>\n<h5><strong>Tipp 2<\/strong><\/h5>\n<p>B\u0151r\u00e9t a lehet\u0151 legkev\u00e9sb\u00e9 hagyja \u00e9rintkezni a napf\u00e9nnyel, \u00e9s mindig alkalmazzon f\u00e9nyv\u00e9d\u0151 faktort. Gondoskodjon arr\u00f3l, hogy \u00e9rt\u00e9kes b\u0151re mindig elegend\u0151 leveg\u0151t kapjon, \u00e9s f\u0151k\u00e9nt term\u00e9szetes sz\u00e1lakat viseljen. Napoz\u00e1s ut\u00e1n haszn\u00e1lja a <strong>After Sun Mix<\/strong>mivel hidrat\u00e1l \u00e9s ellens\u00falyozza a b\u0151r \u00f6reged\u00e9s\u00e9t.<\/p>\n<p><strong>A b\u0151r\u00f6d nagy k\u00f6sz\u00f6netet mond!<\/strong><\/p>","protected":false},"excerpt":{"rendered":"<h3>Aj\u00e1nd\u00e9k a b\u0151r\u00e9nek<\/h3>\n<p>Az emberi b\u0151rsejtek 28 naponk\u00e9nt folyamatosan meg\u00fajulnak. Kollag\u00e9nes testrad\u00edrunk ennek a hat\u00e1snak tesz eleget, mivel seg\u00edt az elhalt h\u00e1msejtek elt\u00e1vol\u00edt\u00e1s\u00e1ban is. A testrad\u00edr finom, gyeng\u00e9d h\u00e1mlaszt\u00f3 anyaggal sim\u00edtja a b\u0151r fels\u0151 r\u00e9teg\u00e9t.<\/p>","protected":false},"featured_media":16890,"template":"","meta":[],"product_brand":[],"product_cat":[73],"product_tag":[],"class_list":{"0":"post-16319","1":"product","2":"type-product","3":"status-publish","4":"has-post-thumbnail","6":"product_cat-pflegeprodukte","8":"first","9":"outofstock","10":"taxable","11":"shipping-taxable","12":"purchasable","13":"product-type-simple"},"_links":{"self":[{"href":"https:\/\/shapeline.at\/hu\/wp-json\/wp\/v2\/product\/16319","targetHints":{"allow":["GET"]}}],"collection":[{"href":"https:\/\/shapeline.at\/hu\/wp-json\/wp\/v2\/product"}],"about":[{"href":"https:\/\/shapeline.at\/hu\/wp-json\/wp\/v2\/types\/product"}],"version-history":[{"count":11,"href":"https:\/\/shapeline.at\/hu\/wp-json\/wp\/v2\/product\/16319\/revisions"}],"predecessor-version":[{"id":246644,"href":"https:\/\/shapeline.at\/hu\/wp-json\/wp\/v2\/product\/16319\/revisions\/246644"}],"wp:featuredmedia":[{"embeddable":true,"href":"https:\/\/shapeline.at\/hu\/wp-json\/wp\/v2\/media\/16890"}],"wp:attachment":[{"href":"https:\/\/shapeline.at\/hu\/wp-json\/wp\/v2\/media?parent=16319"}],"wp:term":[{"taxonomy":"product_brand","embeddable":true,"href":"https:\/\/shapeline.at\/hu\/wp-json\/wp\/v2\/product_brand?post=16319"},{"taxonomy":"product_cat","embeddable":true,"href":"https:\/\/shapeline.at\/hu\/wp-json\/wp\/v2\/product_cat?post=16319"},{"taxonomy":"product_tag","embeddable":true,"href":"https:\/\/shapeline.at\/hu\/wp-json\/wp\/v2\/product_tag?post=16319"}],"curies":[{"name":"wp","href":"https:\/\/api.w.org\/{rel}","templated":true}]}}