{"id":16357,"date":"2023-07-27T06:48:13","date_gmt":"2023-07-27T06:48:13","guid":{"rendered":"https:\/\/shop.devepu.apollo.wpspace.me\/?post_type=product&#038;p=16357"},"modified":"2025-10-26T20:52:05","modified_gmt":"2025-10-26T19:52:05","slug":"lugos-dieta-duo","status":"publish","type":"product","link":"https:\/\/shapeline.at\/hu\/termek\/lugos-dieta-duo\/","title":{"rendered":"L\u00fagos \u00e9trend du\u00f3"},"content":{"rendered":"<h3>Az \u00fatiterv az ide\u00e1lis s\u00falyhoz: l\u00fagos leves \u00e9s di\u00e9t\u00e1s shake<\/h3>\n<p>Mind\u00f6ssze 3 ev\u0151kan\u00e1l.\u00a0<strong>Nature Shake <\/strong>az alacsony zs\u00edrtartalm\u00fa <strong>L\u00fagos leves<\/strong> t\u00e1pl\u00e1l\u00f3, laktat\u00f3 \u00e9s \u00edzletes teljes \u00e9rt\u00e9k\u0171 \u00e9tkez\u00e9ss\u00e9 - szinte kal\u00f3ria n\u00e9lk\u00fcl! Felejtsd el a sz\u00e9nhidr\u00e1tban gazdag \u00f6sszetev\u0151ket, mint a t\u00e9szta, a burgonya vagy a rizs, ahogyan nincs sz\u00fcks\u00e9ged feh\u00e9rj\u00e9ben gazdag \u00f6sszetev\u0151kre sem, mint a csirke vagy a hal. Leves\u00fcnk cs\u00facsra j\u00e1ratja az anyagcser\u00e9det. A leves \u00e9s a shake egy\u00fctt verhetetlen csapat, \u00e9s igazi fogy\u00f3k\u00far\u00e1s csod\u00e1kat m\u0171vel.<\/p>\n<h3>Alkalmaz\u00e1s<\/h3>\n<p>M\u00e1r a r\u00f3maiak is tudt\u00e1k, hogy a v\u00e1ltozatoss\u00e1g \u00f6r\u00f6met okoz: meleg\u00edts\u00fcnk vizet egy serpeny\u0151ben. Ezut\u00e1n keverjen bele egy halmozott ev\u0151kan\u00e1lnyit habver\u0151vel vagy botmixerrel. <strong>L\u00fagos leves<\/strong> \u00e9s h\u00e1rom halmozott ev\u0151kan\u00e1l <strong>Nature Shake<\/strong> a forr\u00f3 v\u00edzbe. K\u00e9sz\u00edtse el a tov\u00e1bbi hozz\u00e1val\u00f3kat \u00edzl\u00e9se szerint. D\u00edsz\u00edtse a levest p\u00e9ld\u00e1ul k\u00fcl\u00f6nb\u00f6z\u0151 z\u00f6lds\u00e9gekkel, gomb\u00e1val, h\u00fas- vagy halszeletekkel, \u00e9s ezeket az \u00f6sszetev\u0151ket r\u00f6vid ideig f\u0151zze. \u00cdgy a l\u00fagos leves hetekig v\u00e1ltozatos \u00e9s \u00edzletes marad. Vagy sz\u00f3rjon a tetej\u00e9re egy ev\u0151kan\u00e1l finomra v\u00e1gott friss vagy fagyasztott f\u0171szern\u00f6v\u00e9nyt. - Ett\u0151l azt\u00e1n j\u00f3llakhat. Ha nem eszed meg az adagodat, egyszer\u0171en tartsd meg a marad\u00e9kot, \u00e9s meleg\u00edtsd fel a k\u00f6vetkez\u0151 alkalommal, amikor meg\u00e9hezel.<\/p>\n<p><strong>Ne felejtsd el: 15.30 ut\u00e1n nincs t\u00f6bb sz\u00e9nhidr\u00e1t.<\/strong><\/p>","protected":false},"excerpt":{"rendered":"<h3>Az \u00fatiterv az ide\u00e1lis s\u00falyhoz: l\u00fagos leves \u00e9s di\u00e9t\u00e1s shake<\/h3>\n<p>Mind\u00f6ssze 3 ev\u0151kan\u00e1l.\u00a0<strong>Nature Shake <\/strong>az alacsony zs\u00edrtartalm\u00fa <strong>L\u00fagos leves<\/strong> t\u00e1pl\u00e1l\u00f3, laktat\u00f3 \u00e9s \u00edzletes teljes \u00e9rt\u00e9k\u0171 \u00e9tkez\u00e9ss\u00e9 - szinte kal\u00f3ria n\u00e9lk\u00fcl! Felejtsd el a sz\u00e9nhidr\u00e1tban gazdag \u00f6sszetev\u0151ket, mint a t\u00e9szta, a burgonya vagy a rizs, ahogyan nincs sz\u00fcks\u00e9ged feh\u00e9rj\u00e9ben gazdag \u00f6sszetev\u0151kre sem, mint a csirke vagy a hal. Leves\u00fcnk cs\u00facsra j\u00e1ratja az anyagcser\u00e9det. A leves \u00e9s a shake egy\u00fctt verhetetlen csapat, \u00e9s igazi fogy\u00f3k\u00far\u00e1s csod\u00e1kat m\u0171vel.<\/p>","protected":false},"featured_media":16861,"template":"","meta":[],"product_brand":[],"product_cat":[103,102],"product_tag":[],"class_list":{"0":"post-16357","1":"product","2":"type-product","3":"status-publish","4":"has-post-thumbnail","6":"product_cat-aktuelle-angebote","7":"product_cat-nahrungsergaenzung","9":"first","10":"instock","11":"taxable","12":"shipping-taxable","13":"purchasable","14":"product-type-simple"},"_links":{"self":[{"href":"https:\/\/shapeline.at\/hu\/wp-json\/wp\/v2\/product\/16357","targetHints":{"allow":["GET"]}}],"collection":[{"href":"https:\/\/shapeline.at\/hu\/wp-json\/wp\/v2\/product"}],"about":[{"href":"https:\/\/shapeline.at\/hu\/wp-json\/wp\/v2\/types\/product"}],"version-history":[{"count":11,"href":"https:\/\/shapeline.at\/hu\/wp-json\/wp\/v2\/product\/16357\/revisions"}],"predecessor-version":[{"id":246722,"href":"https:\/\/shapeline.at\/hu\/wp-json\/wp\/v2\/product\/16357\/revisions\/246722"}],"wp:featuredmedia":[{"embeddable":true,"href":"https:\/\/shapeline.at\/hu\/wp-json\/wp\/v2\/media\/16861"}],"wp:attachment":[{"href":"https:\/\/shapeline.at\/hu\/wp-json\/wp\/v2\/media?parent=16357"}],"wp:term":[{"taxonomy":"product_brand","embeddable":true,"href":"https:\/\/shapeline.at\/hu\/wp-json\/wp\/v2\/product_brand?post=16357"},{"taxonomy":"product_cat","embeddable":true,"href":"https:\/\/shapeline.at\/hu\/wp-json\/wp\/v2\/product_cat?post=16357"},{"taxonomy":"product_tag","embeddable":true,"href":"https:\/\/shapeline.at\/hu\/wp-json\/wp\/v2\/product_tag?post=16357"}],"curies":[{"name":"wp","href":"https:\/\/api.w.org\/{rel}","templated":true}]}}