{"id":16358,"date":"2023-07-27T06:48:13","date_gmt":"2023-07-27T06:48:13","guid":{"rendered":"https:\/\/shop.devepu.apollo.wpspace.me\/?post_type=product&#038;p=16358"},"modified":"2026-04-30T05:46:13","modified_gmt":"2026-04-30T04:46:13","slug":"lipo-aktivator","status":"publish","type":"product","link":"https:\/\/shapeline.at\/hu\/termek\/lipo-aktivator\/","title":{"rendered":"Lipo-Activator g\u00e9l 150ml"},"content":{"rendered":"<p>A <strong>Lipo aktiv\u00e1tor<\/strong> n\u00f6v\u00e9nyi kivonatokon alapul\u00f3, rendk\u00edv\u00fcl hat\u00e9kony karcs\u00fas\u00edt\u00f3 komplex. A hat\u00e9kony hat\u00f3anyagok er\u0151teljes \u00e9s c\u00e9lzott t\u00e1mogat\u00e1st ny\u00fajtanak a zs\u00edrbont\u00e1shoz, ami jelent\u0151sen gyorsabb s\u00falycs\u00f6kken\u00e9st eredm\u00e9nyez:<\/p>\n<ul>\n<li><strong>Fogyjon gyorsan<\/strong><\/li>\n<li><strong>A zs\u00edrbont\u00e1s t\u00e1mogat\u00e1sa<\/strong><\/li>\n<li><strong>Er\u0151teljes n\u00f6v\u00e9nyi kivonat<\/strong><\/li>\n<\/ul>\n<h3><strong>\u00d6sszetev\u0151k<\/strong><\/h3>\n<ul>\n<li><strong>Szarvasnyelv\u0171 p\u00e1fr\u00e1ny,<\/strong> Scolopendrium vulgaris, b\u0151rfeszes\u00edt\u0151 hat\u00e1s\u00fa tanninokat \u00e9s kolinokat tartalmaz, amelyek fokozz\u00e1k a m\u00e1j- \u00e9s agym\u0171k\u00f6d\u00e9st, valamint serkentik az anyagcser\u00e9t.<\/li>\n<li><strong>Fekete bodza<\/strong>A Sambucus nigra, amelyet \u00e9vsz\u00e1zadok \u00f3ta gy\u00f3gyn\u00f6v\u00e9nyk\u00e9nt haszn\u00e1lnak, izzaszt\u00f3 hat\u00e1ssal van a szervezetre. A bodz\u00e1ban tal\u00e1lhat\u00f3 flavonoidok olyan polifenolok, amelyek megakad\u00e1lyozz\u00e1k a k\u00f6t\u0151sz\u00f6vetben l\u00e9v\u0151 hialuronsav leboml\u00e1s\u00e1t, \u00e9s gyullad\u00e1scs\u00f6kkent\u0151 hat\u00e1s\u00faak. A f\u0151leg a levelekben \u00e9s a vir\u00e1gokban tal\u00e1lhat\u00f3 tanninok cs\u00f6kkentik a hialuronsav leboml\u00e1s\u00e1t \u00e9s minimaliz\u00e1lj\u00e1k a v\u00edzvesztes\u00e9get.<\/li>\n<li>A<strong> eur\u00f3pai gesztenye<\/strong>A Castanea Sativa biztos\u00edtja a pektint, amely fokozza a Lipo Activatorban tal\u00e1lhat\u00f3 anyagok hat\u00e1s\u00e1t. Seg\u00edt a b\u0151rnek megk\u00f6tni a nedvess\u00e9get.<\/li>\n<\/ul>\n<h3><strong>Alkalmaz\u00e1s<\/strong><\/h3>\n<p>A kr\u00e9met naponta egyszer vagy k\u00e9tszer massz\u00edrozza be az \u00e9rintett ter\u00fcletekre, \u00e9s legal\u00e1bb h\u00e1rom h\u00e9tig alkalmazza.<\/p>\n<h3><strong>\u00c1bra szak\u00e9rt\u0151i tipp<\/strong><\/h3>\n<h5><strong>Rendk\u00edv\u00fcl hat\u00e9kony csin\u00e1ld magad kever\u00e9kek<\/strong><\/h5>\n<p>D\u00f6rzs\u00f6lje az olajokat a tenyer\u00e9be 1:1 ar\u00e1nyban a Lipo Activatorral, hogy l\u00e1gy \u00e9s kr\u00e9mes massz\u00e1t kapjon. A kismolekul\u00e1j\u00fa aromaolajok \"k\u00fasz\u00f3 tulajdons\u00e1g\u00e1nak\" k\u00f6sz\u00f6nhet\u0151en a kr\u00e9mek hat\u00f3anyagai behatolnak a sz\u00f6vetek legm\u00e9lyebb r\u00e9tegeibe, \u00e9s \u00edgy sokszoros\u00e1ra fokozz\u00e1k a hat\u00e1st.<\/p>\n<h5><strong>Lipo Duo \u00e9s azonnali emel\u0151 hat\u00e1sa<\/strong><\/h5>\n<p>A k\u00f6lcs\u00f6nhat\u00e1s a <strong>Lipo aktiv\u00e1tor<\/strong> \u00e9s <strong>Narancs avok\u00e1d\u00f3 olaj<\/strong> a szarvasnyelv gy\u00f3gyn\u00f6v\u00e9nyb\u0151l sz\u00e1rmaz\u00f3 tanninoknak \u00e9s kolinoknak k\u00f6sz\u00f6nhet\u0151en azonnal \u00e9rezhet\u0151 feszes\u00edt\u0151 hat\u00e1st biztos\u00edt. A fekete bodz\u00e1b\u00f3l sz\u00e1rmaz\u00f3 polifenolok revitaliz\u00e1lj\u00e1k a megereszkedett, f\u00e1radt ter\u00fcleteket, m\u00edg a narancsos avok\u00e1d\u00f3olaj m\u00e9lyen a b\u0151rbe juttatja a hat\u00f3anyagokat, \u00e9s selymes megjelen\u00e9st k\u00f6lcs\u00f6n\u00f6z a b\u0151rnek.<\/p>\n<h5><strong>A Repair Duo kisim\u00edtja a hegeket \u00e9s a stri\u00e1kat<\/strong><\/h5>\n<p>A mix a <strong>Lipo aktiv\u00e1tor<\/strong> \u00e9s <strong>B\u00fazacs\u00edraolaj barackkal<\/strong> a hegek \u00e9s stri\u00e1k l\u00e1that\u00f3 cs\u00f6kken\u00e9s\u00e9hez vezet. Az olajban l\u00e9v\u0151 t\u00e1pl\u00e1l\u00f3 hat\u00f3anyagok er\u0151s\u00edtik a b\u0151r ellen\u00e1ll\u00f3 k\u00e9pess\u00e9g\u00e9t. A b\u00fazacs\u00edr\u00e1b\u00f3l sz\u00e1rmaz\u00f3 j\u00f3d feh\u00e9r\u00edti a b\u0151rhib\u00e1kat, a Lipo Activator gesztenye kivonata pedig meg\u00e1ll\u00edtja a b\u0151rpuszt\u00edt\u00f3 bakt\u00e9riumokat.<\/p>","protected":false},"excerpt":{"rendered":"<p>A <strong>Lipo aktiv\u00e1tor<\/strong> n\u00f6v\u00e9nyi kivonatokon alapul\u00f3, rendk\u00edv\u00fcl hat\u00e9kony karcs\u00fas\u00edt\u00f3 komplex. A hat\u00e9kony hat\u00f3anyagok er\u0151teljes \u00e9s c\u00e9lzott t\u00e1mogat\u00e1st ny\u00fajtanak a zs\u00edrbont\u00e1shoz, ami jelent\u0151sen gyorsabb s\u00falycs\u00f6kken\u00e9st eredm\u00e9nyez:<\/p>\n<ul>\n<li><strong>Fogyjon gyorsan<\/strong><\/li>\n<li><strong>A zs\u00edrbont\u00e1s t\u00e1mogat\u00e1sa<\/strong><\/li>\n<li><strong>Er\u0151teljes n\u00f6v\u00e9nyi kivonat<\/strong><\/li>\n<\/ul>","protected":false},"featured_media":16859,"template":"","meta":[],"product_brand":[],"product_cat":[73],"product_tag":[],"class_list":{"0":"post-16358","1":"product","2":"type-product","3":"status-publish","4":"has-post-thumbnail","6":"product_cat-pflegeprodukte","8":"first","9":"outofstock","10":"taxable","11":"shipping-taxable","12":"purchasable","13":"product-type-simple"},"_links":{"self":[{"href":"https:\/\/shapeline.at\/hu\/wp-json\/wp\/v2\/product\/16358","targetHints":{"allow":["GET"]}}],"collection":[{"href":"https:\/\/shapeline.at\/hu\/wp-json\/wp\/v2\/product"}],"about":[{"href":"https:\/\/shapeline.at\/hu\/wp-json\/wp\/v2\/types\/product"}],"version-history":[{"count":9,"href":"https:\/\/shapeline.at\/hu\/wp-json\/wp\/v2\/product\/16358\/revisions"}],"predecessor-version":[{"id":259250,"href":"https:\/\/shapeline.at\/hu\/wp-json\/wp\/v2\/product\/16358\/revisions\/259250"}],"wp:featuredmedia":[{"embeddable":true,"href":"https:\/\/shapeline.at\/hu\/wp-json\/wp\/v2\/media\/16859"}],"wp:attachment":[{"href":"https:\/\/shapeline.at\/hu\/wp-json\/wp\/v2\/media?parent=16358"}],"wp:term":[{"taxonomy":"product_brand","embeddable":true,"href":"https:\/\/shapeline.at\/hu\/wp-json\/wp\/v2\/product_brand?post=16358"},{"taxonomy":"product_cat","embeddable":true,"href":"https:\/\/shapeline.at\/hu\/wp-json\/wp\/v2\/product_cat?post=16358"},{"taxonomy":"product_tag","embeddable":true,"href":"https:\/\/shapeline.at\/hu\/wp-json\/wp\/v2\/product_tag?post=16358"}],"curies":[{"name":"wp","href":"https:\/\/api.w.org\/{rel}","templated":true}]}}