{"id":16456,"date":"2023-07-27T06:48:27","date_gmt":"2023-07-27T06:48:27","guid":{"rendered":"https:\/\/shop.devepu.apollo.wpspace.me\/?post_type=product&#038;p=16456"},"modified":"2026-04-30T05:46:11","modified_gmt":"2026-04-30T04:46:11","slug":"dekoltazs-emelo-duo","status":"publish","type":"product","link":"https:\/\/shapeline.at\/hu\/termek\/dekoltazs-emelo-duo\/","title":{"rendered":"Dekolt\u00e1zs emel\u0151 du\u00f3"},"content":{"rendered":"<h3><strong>Azonnali hat\u00e1llyal: D\u00e9collet\u00e9 Lifting Duo <\/strong><\/h3>\n<p><strong>Buste-jav\u00edt\u00e1s <\/strong><\/p>\n<p>az izz\u00f3 effektussal<\/p>\n<h5><strong>Kollag\u00e9n peeling<\/strong><\/h5>\n<p>A finoman habz\u00f3 kollag\u00e9n kivonatokkal megszabad\u00edtja b\u0151r\u00e9t a matt h\u00e1ml\u00e1st\u00f3l. A nanoenzimeknek k\u00f6sz\u00f6nhet\u0151en a peeling\u00fcnk k\u00fcl\u00f6n\u00f6sen k\u00edm\u00e9letes. K\u00e9nyeztesse finom dekolt\u00e1zsb\u0151r\u00e9t ezzel a napi k\u00e9nyeztet\u0151 kezel\u00e9ssel. M\u00e1r n\u00e9h\u00e1ny nap ut\u00e1n l\u00e1tni \u00e9s \u00e9rezni fogja a b\u0151rfiatalod\u00e1st.<\/p>\n<h3><strong>Minden nap egy \"k\u00e9nyeztet\u0151 nap\" - az \u00d6n \u00e9s a megjelen\u00e9se \u00e9rdek\u00e9ben.<\/strong><\/h3>\n<p>A sima nyak \u00e9s a feszes dekolt\u00e1zs gy\u00f6ny\u00f6r\u0171 \u00e9s id\u0151tlen. Mivel a test ezen a ter\u00fcleten a v\u00e9kony b\u0151rnek alig vannak faggy\u00famirigyei, hajlamosabb a r\u00e1ncok \u00e9s a sejtek \u00f6reged\u00e9s\u00e9re. A t\u00fal kev\u00e9s hidrat\u00e1l\u00f3 kr\u00e9m, a napf\u00e9ny \u00e9s a t\u00fal kev\u00e9s folyad\u00e9k n\u00e9ha id\u0151sebb\u00e9 teheti ezeket a fontos b\u0151rfel\u00fcleteket, mint amilyenek val\u00f3j\u00e1ban. Alak\u00edtsa teh\u00e1t dekolt\u00e1zs\u00e1t els\u0151 oszt\u00e1ly\u00fa szemet gy\u00f6ny\u00f6rk\u00f6dtet\u0151v\u00e9! K\u00e9nyeztesse mag\u00e1t, nyak\u00e1t \u00e9s dekolt\u00e1zs\u00e1t - nap mint nap!<\/p>\n<h3><strong>\u00d6sszetev\u0151k<\/strong><\/h3>\n<h5><strong>Buste jav\u00edt\u00e1s<\/strong><\/h5>\n<p>tartalmazza a m\u00e9lyen hat\u00f3 \u00f6sszetev\u0151ket <strong>F\u00fcge tej<\/strong>, <strong>Arnica<\/strong>, <strong>Mim\u00f3za<\/strong> \u00e9s <strong>ill\u00f3olajok<\/strong>.<\/p>\n<h5><strong>Kollag\u00e9n peeling<\/strong><\/h5>\n<p>most<strong> \u00daJ <\/strong>a<strong> Nano hat\u00e1s<\/strong>A cellul\u00f3zsav, a kollag\u00e9nszint\u00e9zis \u00fajszer\u0171 nanokataliz\u00e1tora felgyors\u00edtja a b\u0151rfiatalod\u00e1st.<\/p>\n<h3><strong>Alkalmaz\u00e1s<\/strong><\/h3>\n<h5><strong>Buste jav\u00edt\u00e1s<\/strong><\/h5>\n<p>Naponta reggel \u00e9s este vigye fel a nyakra \u00e9s a dekolt\u00e1zsra, \u00e9s finoman massz\u00edrozza be.<\/p>\n<h5><strong>Kollag\u00e9n peeling<\/strong><\/h5>\n<p>Hetente egyszer habos\u00edtson egy kis mennyis\u00e9get nedves kez\u00e9be, \u00e9s gyeng\u00e9den massz\u00edrozza be a b\u0151rbe. Hagyja rajta 3-7 percig, majd b\u0151 v\u00edzzel \u00f6bl\u00edtse le.<\/p>\n<p>&nbsp;<\/p>","protected":false},"excerpt":{"rendered":"<h3><strong>Azonnali hat\u00e1llyal: D\u00e9collet\u00e9 Lifting Duo <\/strong><\/h3>\n<p><strong>Buste-jav\u00edt\u00e1s <\/strong><\/p>\n<p>az izz\u00f3 effektussal<\/p>\n<h5><strong>Kollag\u00e9n peeling<\/strong><\/h5>\n<p>A finoman habz\u00f3 kollag\u00e9n kivonatokkal megszabad\u00edtja b\u0151r\u00e9t a matt h\u00e1ml\u00e1st\u00f3l. A nanoenzimeknek k\u00f6sz\u00f6nhet\u0151en a peeling\u00fcnk k\u00fcl\u00f6n\u00f6sen k\u00edm\u00e9letes. K\u00e9nyeztesse finom dekolt\u00e1zsb\u0151r\u00e9t ezzel a napi k\u00e9nyeztet\u0151 kezel\u00e9ssel. M\u00e1r n\u00e9h\u00e1ny nap ut\u00e1n l\u00e1tni \u00e9s \u00e9rezni fogja a b\u0151rfiatalod\u00e1st.<\/p>","protected":false},"featured_media":16714,"template":"","meta":[],"product_brand":[],"product_cat":[272],"product_tag":[],"class_list":{"0":"post-16456","1":"product","2":"type-product","3":"status-publish","4":"has-post-thumbnail","6":"product_cat-gesichtdekollete","8":"first","9":"onbackorder","10":"taxable","11":"shipping-taxable","12":"purchasable","13":"product-type-simple"},"_links":{"self":[{"href":"https:\/\/shapeline.at\/hu\/wp-json\/wp\/v2\/product\/16456","targetHints":{"allow":["GET"]}}],"collection":[{"href":"https:\/\/shapeline.at\/hu\/wp-json\/wp\/v2\/product"}],"about":[{"href":"https:\/\/shapeline.at\/hu\/wp-json\/wp\/v2\/types\/product"}],"version-history":[{"count":10,"href":"https:\/\/shapeline.at\/hu\/wp-json\/wp\/v2\/product\/16456\/revisions"}],"predecessor-version":[{"id":246715,"href":"https:\/\/shapeline.at\/hu\/wp-json\/wp\/v2\/product\/16456\/revisions\/246715"}],"wp:featuredmedia":[{"embeddable":true,"href":"https:\/\/shapeline.at\/hu\/wp-json\/wp\/v2\/media\/16714"}],"wp:attachment":[{"href":"https:\/\/shapeline.at\/hu\/wp-json\/wp\/v2\/media?parent=16456"}],"wp:term":[{"taxonomy":"product_brand","embeddable":true,"href":"https:\/\/shapeline.at\/hu\/wp-json\/wp\/v2\/product_brand?post=16456"},{"taxonomy":"product_cat","embeddable":true,"href":"https:\/\/shapeline.at\/hu\/wp-json\/wp\/v2\/product_cat?post=16456"},{"taxonomy":"product_tag","embeddable":true,"href":"https:\/\/shapeline.at\/hu\/wp-json\/wp\/v2\/product_tag?post=16456"}],"curies":[{"name":"wp","href":"https:\/\/api.w.org\/{rel}","templated":true}]}}