{"id":16462,"date":"2023-07-27T06:48:27","date_gmt":"2023-07-27T06:48:27","guid":{"rendered":"https:\/\/shop.devepu.apollo.wpspace.me\/?post_type=product&#038;p=16462"},"modified":"2026-02-23T19:59:21","modified_gmt":"2026-02-23T18:59:21","slug":"intestinalis-kura-intenziv","status":"publish","type":"product","link":"https:\/\/shapeline.at\/hu\/termek\/intestinalis-kura-intenziv\/","title":{"rendered":"Intestin\u00e1lis k\u00fara intenz\u00edv"},"content":{"rendered":"<h3><strong>A lapos has a b\u00e9lben kezd\u0151dik<\/strong><\/h3>\n<p>A 30 napos intenz\u00edv b\u00e9lgy\u00f3gy\u00e1szati kezel\u00e9s\u00fcnk gyerekj\u00e1t\u00e9k. Egy \u00e9jszaka alatt a savakat \u00e9s a m\u00e9reganyagokat elt\u00e1vol\u00edtjuk a <strong>Basic Mix<\/strong> gyeng\u00e9den lecsapolva, napk\u00f6zben a belei <strong>Rebarbara gy\u00f3gyn\u00f6v\u00e9ny kapszula <\/strong>megtiszt\u00edtva.<\/p>\n<h5><strong>Ez az, amivel hozz\u00e1j\u00e1rulhatsz:<\/strong><\/h5>\n<p>Ker\u00fclje, amennyire csak lehets\u00e9ges, a puffadt gyomor \u00e9s a lomha b\u00e9lm\u0171k\u00f6d\u00e9s sz\u00e1mos ok\u00e1t:<\/p>\n<ul>\n<li>Acidosis<\/li>\n<li>bizonyos k\u00e1posztaf\u00e9l\u00e9k<\/li>\n<li>Stressz<\/li>\n<li>kapkod\u00f3 r\u00e1g\u00e1s<\/li>\n<li>Zavart b\u00e9lrendszeri \ufb02ora<\/li>\n<\/ul>\n<h5><strong>A zsigereid \u00e9s te - egy interakci\u00f3<\/strong><\/h5>\n<p>\u00dagy d\u00f6nt\u00f6tt, hogy b\u00e9ltiszt\u00edt\u00e1sba kezd. Gratul\u00e1lok, mert ez a legjobb dolog, amit tehetsz magad\u00e9rt. K\u00e9t-n\u00e9gy h\u00e9ten \u00e1t napk\u00f6zben rebarbara gy\u00f3gyn\u00f6v\u00e9nykapszul\u00e1kat, este pedig Basic Mix\u00fcnkkel t\u00e1mogatjuk \u00d6nt. A megtiszt\u00edtott b\u00e9l a k\u00fara ut\u00e1n visszat\u00e9r a norm\u00e1lis m\u0171k\u00f6d\u00e9shez, \u00e9s a bosszant\u00f3 puffad\u00e1s is megsz\u0171nik. B\u00e9lrendszere a t\u00e1panyagok jobb felsz\u00edv\u00f3d\u00e1s\u00e1val fogja megk\u00f6sz\u00f6nni, ami a k\u00f6vetkez\u0151kh\u00f6z vezet <strong>t\u00f6bb energia<\/strong> \u00e9s egy <strong>megn\u00f6vekedett kal\u00f3riafogyaszt\u00e1s<\/strong> vezet.<\/p>\n<h3>Alkalmaz\u00e1s<\/h3>\n<h5><strong>A saj\u00e1t szem\u00e9lyes b\u00e9lk\u00far\u00e1ja<\/strong><\/h5>\n<h5>1. l\u00e9p\u00e9s: Rebarbara Forte kapszula - a hat\u00e9kony b\u00e9ltiszt\u00edt\u00e1shoz \u00e9s az intenz\u00edv tiszt\u00edt\u00e1shoz.<\/h5>\n<p>A term\u00e9szetes b\u00e9ltiszt\u00edt\u00f3 kapszul\u00e1k a rebarbara kivonatokon k\u00edv\u00fcl olyan fitoter\u00e1pi\u00e1s stimul\u00e1nsokat tartalmaznak, mint a k\u00f6vetkez\u0151k <strong>Psyllium magok<\/strong>. Ezek sok rostot tartalmaznak \u00e9s el\u0151seg\u00edtik a b\u00e9lmozg\u00e1st. Fert\u0151tlen\u00edt\u0151, azaz gyullad\u00e1scs\u00f6kkent\u0151. <strong>Must\u00e1rlevelek<\/strong>, <strong>Homokt\u00f6vis k\u00e9reg<\/strong> \u00e9s <strong>Ginger<\/strong> a perisztaltika serkent\u00e9s\u00e9re szolg\u00e1lnak. Teljesen \u00fajdons\u00e1g a kipr\u00f3b\u00e1lt \u00e9s bev\u00e1lt formul\u00e1ban a k\u00f6vetkez\u0151k hozz\u00e1ad\u00e1sa <strong>Butternut k\u00e9reg<\/strong>. Ez seg\u00edt a kr\u00f3nikus sz\u00e9kreked\u00e9s \u00e9s az epeh\u00f3lyagprobl\u00e9m\u00e1k eset\u00e9n is.<\/p>\n<p><strong>Az els\u0151 napon vegyen be egy kapszul\u00e1t reggel \u00e9s egyet este \u00e9tkez\u00e9s ut\u00e1n (1. nap: 1-0-1),<\/strong><\/p>\n<p><strong>a m\u00e1sodik napon k\u00e9t kapszula reggel \u00e9s este, mindig \u00e9tkez\u00e9s ut\u00e1n (2. nap: 2-0-2).<\/strong><\/p>\n<p>Ha a b\u00e9l nem kezd el \u00fcr\u00fclni enn\u00e9l az adagn\u00e1l, <strong>n\u00f6velje a  c\u00edmet.<\/strong> az adagot, am\u00edg a b\u00e9l \u00e9rezhet\u0151en ki nem \u00fcr\u00fcl. Bizonyos k\u00f6r\u00fclm\u00e9nyek k\u00f6z\u00f6tt ez ak\u00e1r 6 tabletta reggeli \u00e9s 6 tabletta esti adagj\u00e1t is eredm\u00e9nyezheti. Val\u00f3sz\u00edn\u0171leg nagyobb adagra lesz sz\u00fcks\u00e9g, k\u00fcl\u00f6n\u00f6sen akkor, ha a b\u00e9lcsatorn\u00e1k nagyon elapadtak, vagy ha rendszeresen szed hashajt\u00f3kat. Tartsa be az \u00d6n sz\u00e1m\u00e1ra optim\u00e1lis adagot legal\u00e1bb k\u00e9t h\u00e9tig. Ezut\u00e1n cs\u00f6kkentse a bevitelt egy reggeli \u00e9s egy esti kapszul\u00e1ra, \u00e9s tov\u00e1bbi k\u00e9t h\u00e9tig tartsa mag\u00e1t ehhez az adaghoz.<\/p>\n<h5><strong>2. l\u00e9p\u00e9s: Alapkever\u00e9k <\/strong>a felesleges zs\u00edrok \u00e9s savak lebont\u00e1s\u00e1ra<\/h5>\n<p>Az \u00e9jszakai, term\u00e9szetes savas lebont\u00e1st a l\u00fagos \u00e1sv\u00e1nyi anyagok t\u00e1mogatj\u00e1k. <strong>Magn\u00e9zium, k\u00e1lium, n\u00e1trium \u00e9s kalcium<\/strong> jelent\u0151sen meger\u0151s\u00f6d\u00f6tt. A csal\u00e1n t\u00e1mogatja a belek tisztul\u00e1s\u00e1t, a zsurl\u00f3 pedig a m\u00e9regtelen\u00edt\u00e9st. A szervezet fokozatosan megszabadul a savakt\u00f3l, ugyanakkor minden t\u00e1panyaggal ell\u00e1tja. Keverjen el k\u00e9t ev\u0151kan\u00e1l Basic Mix l\u00fagos\u00edt\u00f3 port 250 ml v\u00edzben, \u00e9s <strong>minden este<\/strong> k\u00f6r\u00fclbel\u00fcl egy \u00f3r\u00e1val az utols\u00f3 \u00e9tkez\u00e9s ut\u00e1n. Fokozatosan \u00e9rezni \u00e9s \u00e9rz\u00e9kelni fogja az akt\u00edv \u00e9s eg\u00e9szs\u00e9ges b\u00e9lrendszer\u00e9b\u0151l \u00e1rad\u00f3 melegs\u00e9get \u00e9s er\u0151t. A puffadt hasa visszah\u00faz\u00f3dik.<\/p>","protected":false},"excerpt":{"rendered":"<h3><strong>A lapos has a b\u00e9lben kezd\u0151dik<\/strong><\/h3>\n<p>A 30 napos intenz\u00edv b\u00e9lgy\u00f3gy\u00e1szati kezel\u00e9s\u00fcnk gyerekj\u00e1t\u00e9k. Egy \u00e9jszaka alatt a savakat \u00e9s a m\u00e9reganyagokat elt\u00e1vol\u00edtjuk a <strong>Basic Mix<\/strong> gyeng\u00e9den lecsapolva, napk\u00f6zben a belei <strong>Rebarbara gy\u00f3gyn\u00f6v\u00e9ny kapszula <\/strong>megtiszt\u00edtva.<\/p>\n<h5><strong>Ez az, amivel hozz\u00e1j\u00e1rulhatsz:<\/strong><\/h5>\n<p>Ker\u00fclje, amennyire csak lehets\u00e9ges, a puffadt gyomor \u00e9s a lomha b\u00e9lm\u0171k\u00f6d\u00e9s sz\u00e1mos ok\u00e1t:<\/p>\n<ul>\n<li>Acidosis<\/li>\n<li>bizonyos k\u00e1posztaf\u00e9l\u00e9k<\/li>\n<li>Stressz<\/li>\n<li>kapkod\u00f3 r\u00e1g\u00e1s<\/li>\n<li>Zavart b\u00e9lrendszeri \ufb02ora<\/li>\n<\/ul>","protected":false},"featured_media":16693,"template":"","meta":[],"product_brand":[],"product_cat":[102],"product_tag":[],"class_list":{"0":"post-16462","1":"product","2":"type-product","3":"status-publish","4":"has-post-thumbnail","6":"product_cat-nahrungsergaenzung","8":"first","9":"instock","10":"taxable","11":"shipping-taxable","12":"purchasable","13":"product-type-simple"},"_links":{"self":[{"href":"https:\/\/shapeline.at\/hu\/wp-json\/wp\/v2\/product\/16462","targetHints":{"allow":["GET"]}}],"collection":[{"href":"https:\/\/shapeline.at\/hu\/wp-json\/wp\/v2\/product"}],"about":[{"href":"https:\/\/shapeline.at\/hu\/wp-json\/wp\/v2\/types\/product"}],"version-history":[{"count":9,"href":"https:\/\/shapeline.at\/hu\/wp-json\/wp\/v2\/product\/16462\/revisions"}],"predecessor-version":[{"id":246719,"href":"https:\/\/shapeline.at\/hu\/wp-json\/wp\/v2\/product\/16462\/revisions\/246719"}],"wp:featuredmedia":[{"embeddable":true,"href":"https:\/\/shapeline.at\/hu\/wp-json\/wp\/v2\/media\/16693"}],"wp:attachment":[{"href":"https:\/\/shapeline.at\/hu\/wp-json\/wp\/v2\/media?parent=16462"}],"wp:term":[{"taxonomy":"product_brand","embeddable":true,"href":"https:\/\/shapeline.at\/hu\/wp-json\/wp\/v2\/product_brand?post=16462"},{"taxonomy":"product_cat","embeddable":true,"href":"https:\/\/shapeline.at\/hu\/wp-json\/wp\/v2\/product_cat?post=16462"},{"taxonomy":"product_tag","embeddable":true,"href":"https:\/\/shapeline.at\/hu\/wp-json\/wp\/v2\/product_tag?post=16462"}],"curies":[{"name":"wp","href":"https:\/\/api.w.org\/{rel}","templated":true}]}}