{"id":16468,"date":"2023-07-27T06:48:28","date_gmt":"2023-07-27T06:48:28","guid":{"rendered":"https:\/\/shop.devepu.apollo.wpspace.me\/?post_type=product&#038;p=16468"},"modified":"2025-12-01T20:40:25","modified_gmt":"2025-12-01T19:40:25","slug":"basic-mix-dupla-csomag","status":"publish","type":"product","link":"https:\/\/shapeline.at\/hu\/termek\/basic-mix-dupla-csomag\/","title":{"rendered":"Basic Mix dupla csomag"},"content":{"rendered":"<h3><strong>A 4 hetes m\u00e9regtelen\u00edt\u0151 k\u00fara dupla csomagban<\/strong><\/h3>\n<p>A savasod\u00e1s, vagy t\u00falsavasod\u00e1s meglehet\u0151sen kellemetlen t\u00e9ma modern t\u00e1rsadalmunkban. A savasod\u00e1s \u00e9szrev\u00e9tlen\u00fcl alakul ki a rossz t\u00e1pl\u00e1lkoz\u00e1s, a t\u00fal kev\u00e9s mozg\u00e1s \u00e9s a t\u00fal sok stressz miatt. <strong>Basic Mix<\/strong> sok l\u00fagos \u00e1sv\u00e1nyi anyagot tartalmaz, valamint <strong>Csal\u00e1n karbamid kivonat<\/strong> a tiszt\u00edt\u00e1shoz \u00e9s <strong>Zsizsik <\/strong>m\u00e9regtelen\u00edt\u00e9shez. A k\u00fara ad:<\/p>\n<ul>\n<li>\u00e9rezhet\u0151 j\u00f3l\u00e9t<\/li>\n<li>kiegyens\u00falyozott sav-b\u00e1zis egyens\u00faly<\/li>\n<li>a csontok er\u0151s\u00edt\u00e9se<\/li>\n<li>Az immunrendszer t\u00e1mogat\u00e1sa<\/li>\n<\/ul>\n<h3><strong>&#8222;Detoxen&#8220; leicht gemacht<\/strong><\/h3>\n<p>\u00c9rje el \u00e1lmai alakj\u00e1t l\u00fagos levesekkel, s\u00f3v\u00e1rg\u00e1s n\u00e9lk\u00fcl. T\u00e1mogassa szervezet\u00e9t megfelel\u0151 t\u00e1pl\u00e1lkoz\u00e1si int\u00e9zked\u00e9sekkel, p\u00e9ld\u00e1ul a feh\u00e9r liszt \u00e9s a cukor ker\u00fcl\u00e9s\u00e9vel. \u00cdzes\u00edtse \u00e9teleit lehet\u0151leg <strong>L\u00fagos leves<\/strong>. N\u00e9h\u00e1ny h\u00e9t eltelt\u00e9vel \u00e9szre fogja venni, hogy a teste milyen j\u00f3l \u00e9rzi mag\u00e1t a sav-b\u00e1zis egyens\u00falyban.<\/p>\n<h3><strong>\u00d6sszetev\u0151k<\/strong><\/h3>\n<ul>\n<li><strong>B\u00e1zikus citr\u00e1tok <\/strong>az \u00e1sv\u00e1nyi anyagokb\u00f3l, p\u00e9ld\u00e1ul k\u00e1liumb\u00f3l, magn\u00e9ziumb\u00f3l \u00e9s kalciumb\u00f3l sz\u00e1rmaz\u00f3 felesleges savakat bontja le.<\/li>\n<li><strong>Cink <\/strong>\u00e9s<strong> B-vitamin<\/strong> n\u00f6veli a kalcium \u00e9s a magn\u00e9zium t\u00e1rol\u00f3k\u00e9pess\u00e9g\u00e9t. A Basic Mix ez\u00e9rt az eg\u00e9szs\u00e9ges csontozatot is t\u00e1mogatja.<\/li>\n<li><strong>C-vitamin <\/strong>\u00e9s<strong> Szel\u00e9n<\/strong> v\u00e9di a sejteket a korai \u00f6reged\u00e9st\u0151l,<\/li>\n<li><strong>B-vitamin komplexek<\/strong> fontos t\u00e1rsfaktorok az eg\u00e9sz anyagcser\u00e9ben,<\/li>\n<li><strong>Cink<\/strong> jelent\u0151sen r\u00e9szt vesz a k\u00f6t\u0151sz\u00f6vet kialakul\u00e1s\u00e1ban.<\/li>\n<\/ul>\n<h3><strong>Alkalmaz\u00e1s<\/strong><\/h3>\n<p>Keverjen el egy ev\u0151kan\u00e1l Basic Mix alapport 250 ml v\u00edzben, \u00e9s igya meg este, k\u00f6r\u00fclbel\u00fcl egy \u00f3r\u00e1val az utols\u00f3 \u00e9tkez\u00e9s ut\u00e1n. Egy \u00e9jszaka alatt a k\u00f6t\u0151sz\u00f6vet megszabadul a savakt\u00f3l, \u00e9s egy\u00fattal ell\u00e1tja minden olyan t\u00e1panyaggal, amelyre a sav-b\u00e1zis egyens\u00faly helyre\u00e1ll\u00edt\u00e1s\u00e1hoz sz\u00fcks\u00e9ge van.<\/p>\n<h3><strong>Mi k\u00fcl\u00f6nb\u00f6zteti meg a BASIC MIX-et m\u00e1s l\u00fagos\u00edt\u00f3 porokt\u00f3l?\u00a0<\/strong><\/h3>\n<ul>\n<li><strong>Csal\u00e1n kivonatok <\/strong>t\u00e1mogatja a vesem\u0171k\u00f6d\u00e9st \u00e9s el\u0151seg\u00edti a m\u00e9regtelen\u00edt\u00e9st<\/li>\n<li><strong>Zsizsik <\/strong>szilik\u00e1tjaival \u00e9s flavonoidjaival t\u00e1mogatja a szervezet m\u00e9regtelen\u00edt\u00e9s\u00e9t.<\/li>\n<li><strong>Szil\u00edcium-dioxid<\/strong> er\u0151s\u00edti a b\u0151rt, a hajat \u00e9s a k\u00f6t\u0151sz\u00f6vetet<\/li>\n<\/ul>","protected":false},"excerpt":{"rendered":"<h3><strong>A 4 hetes m\u00e9regtelen\u00edt\u0151 k\u00fara dupla csomagban<\/strong><\/h3>\n<p>A savasod\u00e1s, vagy t\u00falsavasod\u00e1s meglehet\u0151sen kellemetlen t\u00e9ma modern t\u00e1rsadalmunkban. A savasod\u00e1s \u00e9szrev\u00e9tlen\u00fcl alakul ki a rossz t\u00e1pl\u00e1lkoz\u00e1s, a t\u00fal kev\u00e9s mozg\u00e1s \u00e9s a t\u00fal sok stressz miatt. <strong>Basic Mix<\/strong> sok l\u00fagos \u00e1sv\u00e1nyi anyagot tartalmaz, valamint <strong>Csal\u00e1n karbamid kivonat<\/strong> a tiszt\u00edt\u00e1shoz \u00e9s <strong>Zsizsik <\/strong>m\u00e9regtelen\u00edt\u00e9shez. A k\u00fara ad:<\/p>\n<ul>\n<li>\u00e9rezhet\u0151 j\u00f3l\u00e9t<\/li>\n<li>kiegyens\u00falyozott sav-b\u00e1zis egyens\u00faly<\/li>\n<li>a csontok er\u0151s\u00edt\u00e9se<\/li>\n<li>Az immunrendszer t\u00e1mogat\u00e1sa<\/li>\n<\/ul>","protected":false},"featured_media":16852,"template":"","meta":[],"product_brand":[],"product_cat":[102],"product_tag":[145,146,147,148,149],"class_list":{"0":"post-16468","1":"product","2":"type-product","3":"status-publish","4":"has-post-thumbnail","6":"product_cat-nahrungsergaenzung","7":"product_tag-basendrink","8":"product_tag-basicmix","9":"product_tag-detoxkur","10":"product_tag-entschlackung","11":"product_tag-uebersaeuerung","13":"first","14":"instock","15":"taxable","16":"shipping-taxable","17":"purchasable","18":"product-type-simple"},"_links":{"self":[{"href":"https:\/\/shapeline.at\/hu\/wp-json\/wp\/v2\/product\/16468","targetHints":{"allow":["GET"]}}],"collection":[{"href":"https:\/\/shapeline.at\/hu\/wp-json\/wp\/v2\/product"}],"about":[{"href":"https:\/\/shapeline.at\/hu\/wp-json\/wp\/v2\/types\/product"}],"version-history":[{"count":13,"href":"https:\/\/shapeline.at\/hu\/wp-json\/wp\/v2\/product\/16468\/revisions"}],"predecessor-version":[{"id":246714,"href":"https:\/\/shapeline.at\/hu\/wp-json\/wp\/v2\/product\/16468\/revisions\/246714"}],"wp:featuredmedia":[{"embeddable":true,"href":"https:\/\/shapeline.at\/hu\/wp-json\/wp\/v2\/media\/16852"}],"wp:attachment":[{"href":"https:\/\/shapeline.at\/hu\/wp-json\/wp\/v2\/media?parent=16468"}],"wp:term":[{"taxonomy":"product_brand","embeddable":true,"href":"https:\/\/shapeline.at\/hu\/wp-json\/wp\/v2\/product_brand?post=16468"},{"taxonomy":"product_cat","embeddable":true,"href":"https:\/\/shapeline.at\/hu\/wp-json\/wp\/v2\/product_cat?post=16468"},{"taxonomy":"product_tag","embeddable":true,"href":"https:\/\/shapeline.at\/hu\/wp-json\/wp\/v2\/product_tag?post=16468"}],"curies":[{"name":"wp","href":"https:\/\/api.w.org\/{rel}","templated":true}]}}