{"id":16470,"date":"2023-07-27T06:48:28","date_gmt":"2023-07-27T06:48:28","guid":{"rendered":"https:\/\/shop.devepu.apollo.wpspace.me\/?post_type=product&#038;p=16470"},"modified":"2025-01-03T18:32:28","modified_gmt":"2025-01-03T17:32:28","slug":"javitasi-duo","status":"publish","type":"product","link":"https:\/\/shapeline.at\/hu\/termek\/javitasi-duo\/","title":{"rendered":"Jav\u00edt\u00e1si du\u00f3"},"content":{"rendered":"<p>A vadvir\u00e1g- \u00e9s gy\u00f3gyn\u00f6v\u00e9nyolajok kett\u0151s hat\u00e1sa a Buste Repair kr\u00e9mmel t\u00e1pl\u00e1lja a nyak \u00e9s a dekolt\u00e1zs sz\u00e1raz \u00e9s ig\u00e9nybevett b\u0151rfel\u00fcleteit. A r\u00e1ncokat \u00e1tlagosan 22% cs\u00f6kkenti. Az \u00e9rett b\u0151r \u00fajra feszess\u00e9 \u00e9s tiszt\u00e1v\u00e1 v\u00e1lik a fiatal\u00edt\u00f3 hat\u00f3anyagoknak k\u00f6sz\u00f6nhet\u0151en, mint a f\u00fcgetej, zs\u00e1lya, mim\u00f3za, \u00e1rnika \u00e9s s\u00e1rgar\u00e9paolaj.<\/p>\n<p><strong>Vadvir\u00e1golaj gy\u00f3gyn\u00f6v\u00e9nykivonattal <\/strong>a sima arcb\u0151r\u00e9rt feszes\u00edt\u0151 vir\u00e1golajokat tartalmaznak. A nyirokkering\u00e9st serkent\u0151 gy\u00f3gyn\u00f6v\u00e9nyek revitaliz\u00e1lj\u00e1k \u00e9s \u00e9l\u00e9nk\u00edtik a f\u00e1radt b\u0151rt, tart\u00f3san hozz\u00e1j\u00e1rulva a b\u0151r sz\u00e9p\u00edt\u00e9s\u00e9hez.<\/p>\n<p><strong>A Buste Repair kr\u00e9m<\/strong> a t\u00f6k\u00e9letes dekolt\u00e1zs\u00e9rt \u00e9s a feszes karok\u00e9rt lime, arnika \u00e9s mim\u00f3za ill\u00f3olajokat tartalmaz. Ezek az \u00f6sszetev\u0151k cs\u00f6kkentik a r\u00e1ncokat, serkentik a v\u00e9rkering\u00e9st \u00e9s a sejtek rugalmass\u00e1g\u00e1t, valamint fiatal\u00edtj\u00e1k a felkarok b\u0151r\u00e9t. A dekolt\u00e1zs \u00e9s a felkarok ragyog\u00f3nak t\u0171nnek, feszesnek \u00e9s rugalmasnak \u00e9rz\u0151dnek.<\/p>\n<h3><strong>Alkalmaz\u00e1s<\/strong><\/h3>\n<p>Naponta egyszer vagy k\u00e9tszer alkalmazza a k\u00f6vetkez\u0151 \u00e1pol\u00f3 kezel\u00e9st: Keverjen \u00f6ssze a kez\u00e9ben egy cseresznye nagys\u00e1g\u00fa adag Buste Repair Cream-et a vadvir\u00e1golajjal 1:1 ar\u00e1nyban, \u00e9s reggel \u00e9s este massz\u00edrozza ezt a hat\u00e9kony kever\u00e9ket a b\u0151r\u00e9be.<strong>\u00a0<\/strong><\/p>","protected":false},"excerpt":{"rendered":"<p>A vadvir\u00e1g- \u00e9s gy\u00f3gyn\u00f6v\u00e9nyolajok kett\u0151s hat\u00e1sa a Buste Repair kr\u00e9mmel t\u00e1pl\u00e1lja a nyak \u00e9s a dekolt\u00e1zs sz\u00e1raz \u00e9s ig\u00e9nybevett b\u0151rfel\u00fcleteit. A r\u00e1ncokat \u00e1tlagosan 22% cs\u00f6kkenti. Az \u00e9rett b\u0151r \u00fajra feszess\u00e9 \u00e9s tiszt\u00e1v\u00e1 v\u00e1lik a fiatal\u00edt\u00f3 hat\u00f3anyagoknak k\u00f6sz\u00f6nhet\u0151en, mint a f\u00fcgetej, zs\u00e1lya, mim\u00f3za, \u00e1rnika \u00e9s s\u00e1rgar\u00e9paolaj.<\/p>","protected":false},"featured_media":16683,"template":"","meta":[],"product_brand":[],"product_cat":[270,73],"product_tag":[150,96,151,152,153],"class_list":{"0":"post-16470","1":"product","2":"type-product","3":"status-publish","4":"has-post-thumbnail","6":"product_cat-aetherischebodyoele","7":"product_cat-pflegeprodukte","8":"product_tag-buste-repair","9":"product_tag-creme","10":"product_tag-repair-duo","11":"product_tag-shape-line","12":"product_tag-wildblueten-oel","14":"first","15":"instock","16":"taxable","17":"shipping-taxable","18":"purchasable","19":"product-type-woosb"},"supplier_id":null,"supplier_sku":"","barcode":null,"atum_controlled":true,"out_stock_date":null,"out_stock_threshold":null,"inheritable":false,"inbound_stock":0,"stock_on_hold":0,"sold_today":0,"sales_last_days":0,"reserved_stock":0,"customer_returns":0,"warehouse_damage":0,"lost_in_post":0,"other_logs":0,"out_stock_days":0,"lost_sales":0,"has_location":false,"update_date":"2026-04-27T00:03:45","atum_locations":[],"atum_stock_status":"instock","restock_status":false,"low_stock_amount":"","sales_update_date":"2026-04-27T00:03:45","calc_backorders":0,"_links":{"self":[{"href":"https:\/\/shapeline.at\/hu\/wp-json\/wp\/v2\/product\/16470","targetHints":{"allow":["GET"]}}],"collection":[{"href":"https:\/\/shapeline.at\/hu\/wp-json\/wp\/v2\/product"}],"about":[{"href":"https:\/\/shapeline.at\/hu\/wp-json\/wp\/v2\/types\/product"}],"version-history":[{"count":7,"href":"https:\/\/shapeline.at\/hu\/wp-json\/wp\/v2\/product\/16470\/revisions"}],"predecessor-version":[{"id":246712,"href":"https:\/\/shapeline.at\/hu\/wp-json\/wp\/v2\/product\/16470\/revisions\/246712"}],"wp:featuredmedia":[{"embeddable":true,"href":"https:\/\/shapeline.at\/hu\/wp-json\/wp\/v2\/media\/16683"}],"wp:attachment":[{"href":"https:\/\/shapeline.at\/hu\/wp-json\/wp\/v2\/media?parent=16470"}],"wp:term":[{"taxonomy":"product_brand","embeddable":true,"href":"https:\/\/shapeline.at\/hu\/wp-json\/wp\/v2\/product_brand?post=16470"},{"taxonomy":"product_cat","embeddable":true,"href":"https:\/\/shapeline.at\/hu\/wp-json\/wp\/v2\/product_cat?post=16470"},{"taxonomy":"product_tag","embeddable":true,"href":"https:\/\/shapeline.at\/hu\/wp-json\/wp\/v2\/product_tag?post=16470"}],"curies":[{"name":"wp","href":"https:\/\/api.w.org\/{rel}","templated":true}]}}