{"id":16473,"date":"2023-07-27T06:48:28","date_gmt":"2023-07-27T06:48:28","guid":{"rendered":"https:\/\/shop.devepu.apollo.wpspace.me\/?post_type=product&#038;p=16473"},"modified":"2025-10-17T16:23:51","modified_gmt":"2025-10-17T15:23:51","slug":"koever-szuenet-nadrag","status":"publish","type":"product","link":"https:\/\/shapeline.at\/hu\/termek\/koever-szuenet-nadrag\/","title":{"rendered":"Fat Break nadr\u00e1g"},"content":{"rendered":"<h3><strong>Nadr\u00e1gok, amelyek mindig illeszkednek<\/strong><\/h3>\n<p><strong>Fatbreak nadr\u00e1g<\/strong> minden alakhoz illeszkedik, mivel a kiv\u00e1l\u00f3 min\u0151s\u00e9g\u0171 anyag t\u00f6k\u00e9letesen alkalmazkodik minden testalkathoz. A nadr\u00e1g h\u00e1tul magasabbra van szabva, mint el\u00f6l, az alakform\u00e1l\u00f3 szab\u00e1s a popsit is megemeli \u00e9s ropog\u00f3sabb\u00e1 teszi. A Fatbreak Pants k\u00fcl\u00f6nlegess\u00e9ge, hogy a speci\u00e1lis hull\u00e1mos\u00edt\u00e1s \u00e9s a v\u00e1logatott szerves hat\u00f3anyagokkal t\u00f6rt\u00e9n\u0151 egyidej\u0171 meleg\u00edt\u00e9s k\u00f6zvetlen hat\u00e1st gyakorol a k\u00f6t\u0151sz\u00f6vetre. Ez serkenti a nyirok\u00e1raml\u00e1st \u00e9s a v\u00e9rkering\u00e9st. A salakanyagok jobban t\u00e1voznak, a b\u0151r feszesebb\u00e9 \u00e9s sim\u00e1bb\u00e1 v\u00e1lik.<\/p>\n<h3><strong>Alkalmaz\u00e1s<\/strong><\/h3>\n<p>H\u0151v\u00e9g <strong>Fat Breaker g\u00e9l<\/strong> a kompresszi\u00f3 alatt cs\u00f6kkenti a felpuffadt zs\u00edrsejteket \u00e9s a combk\u00f6rfogatot. Az extra magas der\u00e9kp\u00e1nt a hasat \u00e9s a cs\u00edp\u0151t is ellap\u00edtja \u00e9s form\u00e1lja.<\/p>\n<p>Vigye fel a g\u00e9lt, \u00e9s h\u00fazza a Fatbreak nadr\u00e1got k\u00f6zvetlen\u00fcl a kezelt ter\u00fcletre. A Fatbreak nadr\u00e1got viselve most egy \u00f3r\u00e1n \u00e1t m\u00e9rs\u00e9kelten mozogjon - sok mindent tehet, pl. h\u00e1zimunk\u00e1t, talajgyakorlatokat, s\u0151t, ak\u00e1r j\u00f3g\u00e1zhat is. Ha a b\u0151re hamarosan sz\u00e1raznak \u00e9rzi mag\u00e1t, a teste jelzi, hogy nagy sz\u00fcks\u00e9ge van a b\u0151r t\u00e1pl\u00e1l\u00e1s\u00e1ra. Ebben az esetben a probl\u00e9m\u00e1s ter\u00fcletekre \u00fajra fel kell kenni a Fat Breaker g\u00e9lt.<\/p>","protected":false},"excerpt":{"rendered":"<p>Fatbreak-Nadr\u00e1g - a kompresszi\u00f3t kombin\u00e1lja a meleg\u00edt\u0151, n\u00f6v\u00e9nyi alap\u00fa BIO hat\u00f3anyagokkal. A felf\u00fav\u00f3dott zs\u00edrsejtek cs\u00f6kkennek. A hasi \u00e9s cs\u00edp\u0151zs\u00edr elt\u0171nik<\/p>","protected":false},"featured_media":16846,"template":"","meta":[],"product_brand":[],"product_cat":[85],"product_tag":[140,141,154,155,133,142,110],"class_list":{"0":"post-16473","1":"product","2":"type-product","3":"status-publish","4":"has-post-thumbnail","6":"product_cat-koerperwickel","7":"product_tag-abnehmen","8":"product_tag-body-wraps","9":"product_tag-bodyforming","10":"product_tag-fatbreak-pants","11":"product_tag-fettabbau","12":"product_tag-heimwickel","13":"product_tag-straffung","15":"first","16":"instock","17":"taxable","18":"shipping-taxable","19":"purchasable","20":"product-type-variable","21":"has-default-attributes"},"supplier_id":null,"supplier_sku":"","barcode":null,"atum_controlled":true,"out_stock_date":null,"out_stock_threshold":null,"inheritable":true,"inbound_stock":0,"stock_on_hold":0,"sold_today":0,"sales_last_days":0,"reserved_stock":0,"customer_returns":0,"warehouse_damage":0,"lost_in_post":0,"other_logs":0,"out_stock_days":0,"lost_sales":0,"has_location":false,"update_date":"2026-04-28T00:04:45","atum_locations":[],"atum_stock_status":"instock","restock_status":false,"low_stock_amount":"","sales_update_date":"2026-04-28T00:04:45","calc_backorders":null,"_links":{"self":[{"href":"https:\/\/shapeline.at\/hu\/wp-json\/wp\/v2\/product\/16473","targetHints":{"allow":["GET"]}}],"collection":[{"href":"https:\/\/shapeline.at\/hu\/wp-json\/wp\/v2\/product"}],"about":[{"href":"https:\/\/shapeline.at\/hu\/wp-json\/wp\/v2\/types\/product"}],"version-history":[{"count":9,"href":"https:\/\/shapeline.at\/hu\/wp-json\/wp\/v2\/product\/16473\/revisions"}],"predecessor-version":[{"id":241694,"href":"https:\/\/shapeline.at\/hu\/wp-json\/wp\/v2\/product\/16473\/revisions\/241694"}],"wp:featuredmedia":[{"embeddable":true,"href":"https:\/\/shapeline.at\/hu\/wp-json\/wp\/v2\/media\/16846"}],"wp:attachment":[{"href":"https:\/\/shapeline.at\/hu\/wp-json\/wp\/v2\/media?parent=16473"}],"wp:term":[{"taxonomy":"product_brand","embeddable":true,"href":"https:\/\/shapeline.at\/hu\/wp-json\/wp\/v2\/product_brand?post=16473"},{"taxonomy":"product_cat","embeddable":true,"href":"https:\/\/shapeline.at\/hu\/wp-json\/wp\/v2\/product_cat?post=16473"},{"taxonomy":"product_tag","embeddable":true,"href":"https:\/\/shapeline.at\/hu\/wp-json\/wp\/v2\/product_tag?post=16473"}],"curies":[{"name":"wp","href":"https:\/\/api.w.org\/{rel}","templated":true}]}}