{"id":16539,"date":"2023-07-27T06:48:39","date_gmt":"2023-07-27T06:48:39","guid":{"rendered":"https:\/\/shop.devepu.apollo.wpspace.me\/?post_type=product&#038;p=16539"},"modified":"2025-07-20T08:58:45","modified_gmt":"2025-07-20T07:58:45","slug":"anti-cellu-duo","status":"publish","type":"product","link":"https:\/\/shapeline.at\/hu\/termek\/anti-cellu-duo\/","title":{"rendered":"Anti Cellu Duo"},"content":{"rendered":"<h3>Ne adjon es\u00e9lyt a narancsb\u0151rnek<\/h3>\n<p>A <strong>Cellu-Repair-Gel<\/strong> est\u00e9nk\u00e9nt az \u00e9rintett ter\u00fcletekre kenj\u00fck \u00e9s massz\u00edrozzuk be. Az \u00e9jszaka folyam\u00e1n az alkalmaz\u00e1s fokozza a v\u00e9rkering\u00e9st az \u00e9rintett ter\u00fcleteken, a b\u0151r \u00e9s a sz\u00f6vetek enyh\u00e9n felmelegednek, \u00e9s az anyagcsere aktiv\u00e1l\u00f3dik.<\/p>\n<h3>\u00d6sszetev\u0151k<\/h3>\n<p>A g\u00e9l kiv\u00e1l\u00f3 min\u0151s\u00e9g\u0171 kivonatokat tartalmaz a <strong>K\u00f6r\u00f6mvir\u00e1g<\/strong>a <strong>Barna alga<\/strong>a <strong>Fekete di\u00f3<\/strong> \u00e9s a <strong>Kakukkf\u0171<\/strong>.<\/p>\n<h3>Alkalmaz\u00e1s<\/h3>\n<p>A tenyer\u00fcnkben keverj\u00fck \u00f6ssze a <strong>Cellu-Repair g\u00e9l<\/strong> 1:1 ar\u00e1nyban az aktiv\u00e1l\u00f3 anyaggal egy\u00fctt <strong>Narancs avok\u00e1d\u00f3 olaj<\/strong>am\u00edg l\u00e1gy, kr\u00e9mes kever\u00e9ket nem kapunk. A kis molekul\u00e1j\u00fa aromaolaj seg\u00edt a hat\u00f3anyagokat m\u00e9g m\u00e9lyebbre juttatni a sz\u00f6vetekbe.<\/p>\n<p>Legal\u00e1bb h\u00e1rom-n\u00e9gy h\u00e9ten kereszt\u00fcl minden este massz\u00edrozza be ezt a rendk\u00edv\u00fcl hat\u00e9kony kever\u00e9ket az \u00e9rintett ter\u00fcletekre. Ha sz\u00fcks\u00e9ges, ism\u00e9telje meg ezt az alkalmaz\u00e1st m\u00e1sodszor is.<\/p>","protected":false},"excerpt":{"rendered":"<h3>Ne adjon es\u00e9lyt a narancsb\u0151rnek<\/h3>\n<p>A <strong>Cellu-Repair-Gel<\/strong> est\u00e9nk\u00e9nt az \u00e9rintett ter\u00fcletekre kenj\u00fck \u00e9s massz\u00edrozzuk be. Az \u00e9jszaka folyam\u00e1n az alkalmaz\u00e1s fokozza a v\u00e9rkering\u00e9st az \u00e9rintett ter\u00fcleteken, a b\u0151r \u00e9s a sz\u00f6vetek enyh\u00e9n felmelegednek, \u00e9s az anyagcsere aktiv\u00e1l\u00f3dik.<\/p>\n<h3>\u00d6sszetev\u0151k<\/h3>\n<p>A g\u00e9l kiv\u00e1l\u00f3 min\u0151s\u00e9g\u0171 kivonatokat tartalmaz a <strong>K\u00f6r\u00f6mvir\u00e1g<\/strong>a <strong>Barna alga<\/strong>a <strong>Fekete di\u00f3<\/strong> \u00e9s a <strong>Kakukkf\u0171<\/strong>.<\/p>","protected":false},"featured_media":16663,"template":"","meta":[],"product_brand":[],"product_cat":[81,270],"product_tag":[167,168,169,170,171],"class_list":{"0":"post-16539","1":"product","2":"type-product","3":"status-publish","4":"has-post-thumbnail","6":"product_cat-anti-cellulite","7":"product_cat-aetherischebodyoele","8":"product_tag-anticellulite","9":"product_tag-cellulite","10":"product_tag-kampf-der-orangehaut","11":"product_tag-mildert-cellulite","12":"product_tag-orangenhaut","14":"first","15":"instock","16":"taxable","17":"shipping-taxable","18":"purchasable","19":"product-type-woosb"},"supplier_id":null,"supplier_sku":"","barcode":null,"atum_controlled":true,"out_stock_date":null,"out_stock_threshold":null,"inheritable":false,"inbound_stock":0,"stock_on_hold":0,"sold_today":0,"sales_last_days":0,"reserved_stock":0,"customer_returns":0,"warehouse_damage":0,"lost_in_post":0,"other_logs":0,"out_stock_days":0,"lost_sales":0,"has_location":false,"update_date":"2026-04-22T02:20:26","atum_locations":[],"atum_stock_status":"instock","restock_status":false,"low_stock_amount":"","sales_update_date":"2026-04-22T02:20:26","calc_backorders":0,"_links":{"self":[{"href":"https:\/\/shapeline.at\/hu\/wp-json\/wp\/v2\/product\/16539","targetHints":{"allow":["GET"]}}],"collection":[{"href":"https:\/\/shapeline.at\/hu\/wp-json\/wp\/v2\/product"}],"about":[{"href":"https:\/\/shapeline.at\/hu\/wp-json\/wp\/v2\/types\/product"}],"version-history":[{"count":12,"href":"https:\/\/shapeline.at\/hu\/wp-json\/wp\/v2\/product\/16539\/revisions"}],"predecessor-version":[{"id":246706,"href":"https:\/\/shapeline.at\/hu\/wp-json\/wp\/v2\/product\/16539\/revisions\/246706"}],"wp:featuredmedia":[{"embeddable":true,"href":"https:\/\/shapeline.at\/hu\/wp-json\/wp\/v2\/media\/16663"}],"wp:attachment":[{"href":"https:\/\/shapeline.at\/hu\/wp-json\/wp\/v2\/media?parent=16539"}],"wp:term":[{"taxonomy":"product_brand","embeddable":true,"href":"https:\/\/shapeline.at\/hu\/wp-json\/wp\/v2\/product_brand?post=16539"},{"taxonomy":"product_cat","embeddable":true,"href":"https:\/\/shapeline.at\/hu\/wp-json\/wp\/v2\/product_cat?post=16539"},{"taxonomy":"product_tag","embeddable":true,"href":"https:\/\/shapeline.at\/hu\/wp-json\/wp\/v2\/product_tag?post=16539"}],"curies":[{"name":"wp","href":"https:\/\/api.w.org\/{rel}","templated":true}]}}