{"id":16540,"date":"2023-07-27T06:48:39","date_gmt":"2023-07-27T06:48:39","guid":{"rendered":"https:\/\/shop.devepu.apollo.wpspace.me\/?post_type=product&#038;p=16540"},"modified":"2026-04-30T05:46:09","modified_gmt":"2026-04-30T04:46:09","slug":"meregtelenito-csomag","status":"publish","type":"product","link":"https:\/\/shapeline.at\/hu\/termek\/meregtelenito-csomag\/","title":{"rendered":"Detox csomag"},"content":{"rendered":"<h3><strong>Az elsavasod\u00e1s megbeteg\u00edt<\/strong><\/h3>\n<p>Az elsavasod\u00e1s modern t\u00e1rsadalmunkban probl\u00e9m\u00e1t jelent. Az elsavasod\u00e1s \u00e9szrev\u00e9tlen\u00fcl alakul ki a helytelen t\u00e1pl\u00e1lkoz\u00e1s, a t\u00fal kev\u00e9s mozg\u00e1s \u00e9s a t\u00fal sok stressz miatt. 95% t\u00e1rsadalmunkban \u00e9l\u0151 emberek \"t\u00falsavasodnak\", \u00e9s ezt - el\u0151bb-ut\u00f3bb - \u00e9szre is veszik. Jellemz\u0151 t\u00fcnetek: \u00e1lland\u00f3 f\u00e1radts\u00e1g, \u00edz\u00fcleti f\u00e1jdalmak, nyugtalan alv\u00e1s, fejf\u00e1j\u00e1s stb. <strong>Ismer\u0151sen hangzik ez neked<\/strong>?<\/p>\n<h3>Alkalmaz\u00e1s<\/h3>\n<h5><strong>Az \u00d6n 2 hetes m\u00e9regtelen\u00edt\u0151 programja<\/strong><\/h5>\n<p>Napk\u00f6zben fogyasszon h\u00e1rom-n\u00e9gy cs\u00e9sze finom k\u00e1v\u00e9t. <strong>L\u00fagos leves<\/strong>. Ez nem csak az \u00e9hs\u00e9g\u00e9rzetet veszi el, hanem a beleket \u00e9s a m\u00e1jat is t\u00e1mogatja a m\u00e9regtelen\u00edt\u00e9si feladatok ell\u00e1t\u00e1s\u00e1ban. Emellett er\u0151s\u00edti az immunrendszeredet \u00e9s fokozza az anyagcser\u00e9det.<\/p>\n<p>Miel\u0151tt lefekszel, iszol egy poh\u00e1rral. <strong>Basic Mix<\/strong> \u00e9s ragasszon egy <strong>M\u00e9regtelen\u00edt\u0151 tapaszok TCM gy\u00f3gyn\u00f6v\u00e9nyekkel<\/strong> a k\u00f6ld\u00f6ke alatt. A hat\u00e1s azonnali! A savak \u00e9s a m\u00e9rgez\u0151 anyagok, p\u00e9ld\u00e1ul a neh\u00e9zf\u00e9mek, egy \u00e9jszaka alatt felszabadulnak a sz\u00f6vetekb\u0151l, \u00e9s m\u00e1snap reggel ki\u00fcr\u00fclnek.<\/p>\n<h5><strong>L\u00fagos leves - a l\u00fagos \u00e9trend kett\u0151s hat\u00e1ssal<\/strong><\/h5>\n<p>T\u00e1mogassa a szervezet\u00e9t, \u00e9s k\u00e9nyeztesse n\u00e9h\u00e1ny l\u00fagos leveses nappal. Ker\u00fclje a feh\u00e9r lisztet \u00e9s a cukrot. \u00cdzes\u00edtse \u00e9teleit lehet\u0151leg <strong>L\u00fagos leves<\/strong>egy igazi f\u0171szerez\u00e9si bennfentes tipp. Nem csak az \u00edze j\u00f3, de m\u00e1r n\u00e9h\u00e1ny h\u00e9t ut\u00e1n \u00e9szre fogod venni, hogy a szervezeted sokkal jobban \u00e9rzi mag\u00e1t a j\u00f3 sav-b\u00e1zis egyens\u00faly miatt.<\/p>\n<h5><strong>Basic Mix - a savlek\u00f6t\u0151 <\/strong><\/h5>\n<p><strong>Basic Mix<\/strong> elegend\u0151 l\u00fagos \u00e1sv\u00e1nyi anyaggal l\u00e1tja el a szervezetet, mint pl. <strong>Magn\u00e9zium, k\u00e1lium, n\u00e1trium \u00e9s kalcium<\/strong>. Ez lehet\u0151v\u00e9 teszi a felesleges savak lebont\u00e1s\u00e1t. <strong>Csal\u00e1n kivonatok<\/strong> el\u0151seg\u00edtik a vesem\u0171k\u00f6d\u00e9st \u00e9s t\u00e1mogatj\u00e1k a m\u00e9regtelen\u00edt\u00e9st, mik\u00f6zben <strong>Zsizsik<\/strong> szilik\u00e1tjaival \u00e9s flavonoidjaival t\u00e1mogatja a szervezet m\u00e9regtelen\u00edt\u00e9s\u00e9t.<\/p>\n<h5><strong>Diet Stickers - Hagyom\u00e1nyos K\u00ednai Orvostudom\u00e1ny \u00e9s a b\u0151r, mint egy kataliz\u00e1tor<\/strong><\/h5>\n<p>Egy rendk\u00edv\u00fcl hat\u00e9kony m\u00f3dszer, amely a b\u0151r\u00f6n kereszt\u00fcl juttatja be a hat\u00f3anyagokat, a mi<strong> Karcs\u00fas\u00edt\u00f3 ragaszt\u00f3. <\/strong>A TCM gy\u00f3gyn\u00f6v\u00e9nyekkel \u00e1titatott tapaszok elk\u00e9peszt\u0151en hat\u00e9kony m\u00f3dja a szervezet m\u00e9regtelen\u00edt\u00e9s\u00e9nek a b\u0151r\u00f6n \u00e9s az endokrin rendszeren kereszt\u00fcl. Ez a m\u00f3dszer t\u00e1mogatja a fogy\u00e1st \u00e9s seg\u00edt az anyagcsere (\u00fajra)egyens\u00falyba hoz\u00e1s\u00e1ban.<\/p>\n<h3><strong>\u00c1bra szak\u00e9rt\u0151i tipp<\/strong><\/h3>\n<p>A l\u00fagos k\u00e1posztaleves di\u00e9ta n\u00f6veli a fogy\u00e1st!<\/p>","protected":false},"excerpt":{"rendered":"<h3><strong>Az elsavasod\u00e1s megbeteg\u00edt<\/strong><\/h3>\n<p>Az elsavasod\u00e1s modern t\u00e1rsadalmunkban probl\u00e9m\u00e1t jelent. Az elsavasod\u00e1s \u00e9szrev\u00e9tlen\u00fcl alakul ki a helytelen t\u00e1pl\u00e1lkoz\u00e1s, a t\u00fal kev\u00e9s mozg\u00e1s \u00e9s a t\u00fal sok stressz miatt. 95% t\u00e1rsadalmunkban \u00e9l\u0151 emberek \"t\u00falsavasodnak\", \u00e9s ezt - el\u0151bb-ut\u00f3bb - \u00e9szre is veszik. Jellemz\u0151 t\u00fcnetek: \u00e1lland\u00f3 f\u00e1radts\u00e1g, \u00edz\u00fcleti f\u00e1jdalmak, nyugtalan alv\u00e1s, fejf\u00e1j\u00e1s stb. <strong>Ismer\u0151sen hangzik ez neked<\/strong>?<\/p>","protected":false},"featured_media":16666,"template":"","meta":[],"product_brand":[],"product_cat":[102],"product_tag":[],"class_list":{"0":"post-16540","1":"product","2":"type-product","3":"status-publish","4":"has-post-thumbnail","6":"product_cat-nahrungsergaenzung","8":"first","9":"onbackorder","10":"taxable","11":"shipping-taxable","12":"purchasable","13":"product-type-simple"},"_links":{"self":[{"href":"https:\/\/shapeline.at\/hu\/wp-json\/wp\/v2\/product\/16540","targetHints":{"allow":["GET"]}}],"collection":[{"href":"https:\/\/shapeline.at\/hu\/wp-json\/wp\/v2\/product"}],"about":[{"href":"https:\/\/shapeline.at\/hu\/wp-json\/wp\/v2\/types\/product"}],"version-history":[{"count":15,"href":"https:\/\/shapeline.at\/hu\/wp-json\/wp\/v2\/product\/16540\/revisions"}],"predecessor-version":[{"id":246705,"href":"https:\/\/shapeline.at\/hu\/wp-json\/wp\/v2\/product\/16540\/revisions\/246705"}],"wp:featuredmedia":[{"embeddable":true,"href":"https:\/\/shapeline.at\/hu\/wp-json\/wp\/v2\/media\/16666"}],"wp:attachment":[{"href":"https:\/\/shapeline.at\/hu\/wp-json\/wp\/v2\/media?parent=16540"}],"wp:term":[{"taxonomy":"product_brand","embeddable":true,"href":"https:\/\/shapeline.at\/hu\/wp-json\/wp\/v2\/product_brand?post=16540"},{"taxonomy":"product_cat","embeddable":true,"href":"https:\/\/shapeline.at\/hu\/wp-json\/wp\/v2\/product_cat?post=16540"},{"taxonomy":"product_tag","embeddable":true,"href":"https:\/\/shapeline.at\/hu\/wp-json\/wp\/v2\/product_tag?post=16540"}],"curies":[{"name":"wp","href":"https:\/\/api.w.org\/{rel}","templated":true}]}}