{"id":242188,"date":"2023-09-21T13:59:45","date_gmt":"2023-09-21T13:59:45","guid":{"rendered":"https:\/\/shop.devepu.apollo.wpspace.me\/product\/cello-gel-cool-slimming-1000ml\/"},"modified":"2024-01-13T07:54:22","modified_gmt":"2024-01-13T06:54:22","slug":"cello-gel-cool-slimming-1000ml","status":"publish","type":"product","link":"https:\/\/shapeline.at\/hu\/termek\/cello-gel-cool-slimming-1000ml\/","title":{"rendered":"Cello Gel cool slimming &#8211; 1000ml"},"content":{"rendered":"<p>Vadonat\u00faj a Shape-Line-n\u00e1l: a <strong>Cello Gel h\u0171v\u00f6s karcs\u00fas\u00edt\u00f3<\/strong>\u00a0kifejezetten a h\u0151re \u00e9rz\u00e9keny f\u00e9rfiak \u00e9s n\u0151k sz\u00e1m\u00e1ra k\u00e9sz\u00fclt. A p\u00f3kh\u00e1l\u00f3v\u00e9n\u00e1k \u00e9s enyh\u00e9n l\u00e1that\u00f3 v\u00e9n\u00e1k eset\u00e9ben is er\u0151sen aj\u00e1nlott. A g\u00e9l<\/p>\n<ul>\n<li>El\u0151seg\u00edti a v\u00e9rkering\u00e9st<\/li>\n<\/ul>\n<ul>\n<li>Aktiv\u00e1lja a zs\u00edr\u00e9get\u00e9st<\/li>\n<li>h\u0171s\u00edti a b\u0151rt \u00e9s kellemes frissess\u00e9get k\u00f6lcs\u00f6n\u00f6z neki<\/li>\n<\/ul>\n<h3><strong>\u00d6sszetev\u0151k<\/strong><\/h3>\n<p>Ausgesuchte Pflanzenwirkstoffe und nat\u00fcrliche \u00d6le sind die Grundlage unseres Cool Gels. Wichtige Inhaltsstoffe des Gels sind <strong>Koffein<\/strong>, <strong>Alge Laminaria Ochroleuca<\/strong>, Extrakte aus: <strong>Guarana<\/strong>, <strong>Birke<\/strong>, <strong>Zsizsik<\/strong>, <strong>Pitypang<\/strong>, <strong>Seetang<\/strong> \u00e9s <strong>Menthol<\/strong>. Diese Inhaltsstoffe entsprechen dem aktuellen Stand der Produktion, die angenehmen Parfumstoffe sind allesamt nat\u00fcrlichen Ursprungs. Die Produktion unserer Creme folgt regelm\u00e4\u00dfigen neuen wissenschaftlichen Erkenntnissen, die laufend in unsere Rezepturen einflie\u00dfen.<\/p>\n<h3><strong>Alkalmaz\u00e1s<\/strong><\/h3>\n<p>Trage das <strong>Cello Gel h\u0171v\u00f6s karcs\u00fas\u00edt\u00f3<\/strong> gleichm\u00e4\u00dfig von unten nach oben auf, anschlie\u00dfend mit der Body Wrapping Folie straff einwickeln. Beim Wickeln versuche, die Figur passend zu formen und zu straffen.<\/p>\n<p>Die Einwirkzeit betr\u00e4gt 30 bis 45 Minuten.<\/p>\n<h3><strong>\u00c1bra szak\u00e9rt\u0151i tipp<\/strong><\/h3>\n<p>Nach dem Entfernen der Folie trage die <strong>Cello kr\u00e9m Aloe Vera<\/strong> gleichm\u00e4\u00dfig auf. Diese ist zur Nachbehandlung und Abschlusspflege vorgesehen. Mit ihren ausgesuchten Pflanzenstoffen beruhigt und pflegt die Creme deine Haut und spendet ihr ausreichend Feuchtigkeit.<\/p>","protected":false},"excerpt":{"rendered":"<p>Ganz neu bei Shape-Line: Das Cello Gel cool slimming\u00a0ist besonders f\u00fcr hitzeempfindliche Damen und Herren kreiert worden. Auch bei Besenreisern<\/p>","protected":false},"featured_media":242202,"template":"","meta":[],"product_brand":[],"product_cat":[103,298,299],"product_tag":[],"class_list":{"0":"post-242188","1":"product","2":"type-product","3":"status-publish","4":"has-post-thumbnail","6":"product_cat-aktuelle-angebote","7":"product_cat-b2b_fgs","8":"product_cat-kabinenprodukte","10":"first","11":"instock","12":"taxable","13":"shipping-taxable","14":"product-type-simple"},"_links":{"self":[{"href":"https:\/\/shapeline.at\/hu\/wp-json\/wp\/v2\/product\/242188","targetHints":{"allow":["GET"]}}],"collection":[{"href":"https:\/\/shapeline.at\/hu\/wp-json\/wp\/v2\/product"}],"about":[{"href":"https:\/\/shapeline.at\/hu\/wp-json\/wp\/v2\/types\/product"}],"version-history":[{"count":3,"href":"https:\/\/shapeline.at\/hu\/wp-json\/wp\/v2\/product\/242188\/revisions"}],"predecessor-version":[{"id":242592,"href":"https:\/\/shapeline.at\/hu\/wp-json\/wp\/v2\/product\/242188\/revisions\/242592"}],"wp:featuredmedia":[{"embeddable":true,"href":"https:\/\/shapeline.at\/hu\/wp-json\/wp\/v2\/media\/242202"}],"wp:attachment":[{"href":"https:\/\/shapeline.at\/hu\/wp-json\/wp\/v2\/media?parent=242188"}],"wp:term":[{"taxonomy":"product_brand","embeddable":true,"href":"https:\/\/shapeline.at\/hu\/wp-json\/wp\/v2\/product_brand?post=242188"},{"taxonomy":"product_cat","embeddable":true,"href":"https:\/\/shapeline.at\/hu\/wp-json\/wp\/v2\/product_cat?post=242188"},{"taxonomy":"product_tag","embeddable":true,"href":"https:\/\/shapeline.at\/hu\/wp-json\/wp\/v2\/product_tag?post=242188"}],"curies":[{"name":"wp","href":"https:\/\/api.w.org\/{rel}","templated":true}]}}